{"id":25562,"date":"2019-12-20T09:44:32","date_gmt":"2019-12-20T09:44:32","guid":{"rendered":"https:\/\/shop.army-case.com\/senza-categoria\/a-case-hybrid-the-kane-zaino\/"},"modified":"2026-04-10T17:08:34","modified_gmt":"2026-04-10T17:08:34","slug":"a-case-hybrid-the-kane-zaino","status":"publish","type":"product","link":"https:\/\/shop.army-case.com\/it\/valigetta-per-miniature\/a-case-hybrid-the-kane-zaino\/","title":{"rendered":"A-Case Hybrid The Kane (Zaino)"},"content":{"rendered":"<p>Probabilmente la pi\u00f9 grande custodia magnetica per miniature che abbiate mai visto. \u00c8 LETTERALMENTE ENORME! Realizzata con materiali leggeri di alta qualit\u00e0, con ripiani in acciaio che consentono di fissarvi delle basi magnetiche. Perfetta per tutti i tipi di miniature. A seconda del gioco, pu\u00f2 contenere eserciti fino a qualche migliaio di punti.    <\/p>\n<p>Incluso nel set Kane A-Case Hybrid:<\/p>\n<ul>\n<li>Telaio leggero e resistente in alluminio verniciato a polvere nero<\/li>\n<li>3 ripiani in acciaio verniciato a polvere nero<\/li>\n<li>6 x perni di bloccaggio<\/li>\n<li>Borsa in poliestere di alta qualit\u00e0 nel colore scelto con chiusura in velcro per le toppe<\/li>\n<li>Cinghie di trasporto (zaino)<\/li>\n<li>Tasche accessorie<\/li>\n<li>50 potenti magneti al neodimio (5&#215;2 mm)<\/li>\n<\/ul>\n<p>Dimensioni esterne:<\/p>\n<ul>\n<li>altezza: 56 cm \/ 21&#8243;<\/li>\n<li>larghezza: 39,5 cm \/ 15&#8243;<\/li>\n<li>profondit\u00e0: 24 cm \/ 9,44&#8243;<\/li>\n<\/ul>\n<p>Dimensioni esterne dell&#8217;involucro:<\/p>\n<ul>\n<li>altezza: 55 cm<\/li>\n<li>larghezza: 39 cm<\/li>\n<li>profondit\u00e0: 21,5 cm<\/li>\n<\/ul>\n<p>Dimensioni interne dell&#8217;involucro:<\/p>\n<ul>\n<li>altezza: 54,5 cm (dal ripiano inferiore alla parte superiore dell&#8217;involucro)<\/li>\n<li>larghezza: 35 cm<\/li>\n<li>profondit\u00e0: 21,5 cm<\/li>\n<\/ul>\n<p>Dimensioni del vassoio:<\/p>\n<ul>\n<li>larghezza: 36,8 cm<\/li>\n<li>profondit\u00e0: 20,9 cm<\/li>\n<\/ul>\n<p>Si prega di notare che questi vassoi sono compatibili solo con il modello A-CASE Hybrid Kane e non sono adatti ad altri modelli A-Case.<\/p>\n<p>Le dimensioni sopra indicate sono indicative.<\/p>\n<p>Peso: 4,4 kg<\/p>\n<p>&nbsp;<\/p>\n<p>&nbsp;<\/p>\n<h6>TUTTE LE IMMAGINI MOSTRE SONO A SOLO SCOPO ILLUSTRATIVO. IL PRODOTTO EFFETTIVO POTREBBE VARIARE A CAUSA DI MIGLIORAMENTI APPORTATI AL PRODOTTO STESSO. <\/h6>\n<p>&nbsp;<\/p>\n<p>&nbsp;<\/p>\n<p>&nbsp;<\/p>\n","protected":false},"excerpt":{"rendered":"<p>Probabilmente la pi\u00f9 grande custodia magnetica per miniature che abbiate mai visto. \u00c8 LETTERALMENTE ENORME! Realizzata con materiali leggeri di alta qualit\u00e0, con ripiani in acciaio che consentono di fissarvi delle basi magnetiche. Perfetta per tutti i tipi di miniature. A seconda del gioco, pu\u00f2 contenere eserciti fino a qualche migliaio di punti.    <\/p>\n<p><span style=\"color: #00bf56;\">Spedizione GRATUITA inclusa &#8211; In tutto il mondo!<\/span><\/p>\n<p><strong><a href=\"https:\/\/www.youtube.com\/watch?v=5uj6a4dgGA8\" rel=\"noreferrer noopener\">GUIDA ALL&#8217;ASSEMBLAGGIO<\/a><\/strong><\/p>\n<p><a href=\"https:\/\/www.facebook.com\/777101562375026\/videos\/1221465458061956\" rel=\"noreferrer noopener\"><strong>Come fissare i perni ai vassoi<\/strong><\/a><\/p>\n<p>&nbsp;<\/p>\n","protected":false},"featured_media":25598,"template":"","meta":[],"product_brand":[],"product_cat":[301],"product_tag":[],"class_list":{"0":"post-25562","1":"product","2":"type-product","3":"status-publish","4":"has-post-thumbnail","6":"product_cat-valigetta-per-miniature","7":"product_shipping_class-spedizione-gratuita","9":"first","10":"instock","11":"purchasable","12":"product-type-variable"},"bundled_by":[],"bundle_stock_status":"instock","bundle_stock_quantity":null,"bundle_virtual":false,"bundle_layout":"","bundle_add_to_cart_form_location":"","bundle_editable_in_cart":false,"bundle_sold_individually_context":"","bundle_item_grouping":"","bundle_min_size":"","bundle_max_size":"","bundle_price":[],"bundled_items":[],"bundle_sell_ids":[],"exclude_global_add_ons":false,"addons":[{"name":"Opzioni aggiuntive","type":"checkbox","position":0,"required":false,"title_format":"label","default":"","description_enable":true,"description":"Kane \u00e8 dotato di tre ripiani e viene fornito smontato di default. Se hai bisogno di pi\u00f9 ripiani interni, controlla le opzioni qui sotto. \n<b><span style=\"color:#F31C4D\">Seriamente, consigliamo vivamente di prendere vassoi aggiuntivi per sfruttare appieno la potenza di Kane!<\/span><\/b>","placeholder_enable":false,"placeholder":null,"display":"select","restrictions_type":"any_text","adjust_price":false,"price":"","price_type":"flat_fee","restrictions":false,"min":"0","max":"0","options":[{"label":"+3 ripiani aggiuntivi","price":"11.36","price_type":"percentage_based","image":0,"visibility":true}],"id":1754080386},{"name":"Magneti!","type":"checkbox","position":1,"required":false,"title_format":"label","default":"","description_enable":true,"description":"Se hai bisogno di magneti interni, controlla le opzioni qui sotto. Dimensioni: 5 x 2 mm. ","placeholder_enable":false,"placeholder":null,"display":"select","restrictions_type":"any_text","adjust_price":false,"price":"","price_type":"flat_fee","restrictions":false,"min":"0","max":"0","options":[{"label":"50 magneti al neodimio","price":"4.4","price_type":"percentage_based","image":0,"visibility":true},{"label":"100 magneti al neodimio","price":"7.3","price_type":"percentage_based","image":0,"visibility":true},{"label":"150 magneti al neodimio","price":"10","price_type":"percentage_based","image":0,"visibility":true},{"label":"200 magneti al neodimio","price":"12","price_type":"percentage_based","image":0,"visibility":true},{"label":"250 magneti al neodimio","price":"16.4","price_type":"percentage_based","image":0,"visibility":true}],"id":1754080387}],"yoast_head":"<!-- This site is optimized with the Yoast SEO plugin v27.3 - https:\/\/yoast.com\/product\/yoast-seo-wordpress\/ -->\n<title>A-Case Hybrid The Kane (Zaino) &#8211; Un caso letteralmente ENORME | A-Case<\/title>\n<meta name=\"description\" content=\"Hai mai visto una valigetta in miniatura che pu\u00f2 contenere migliaia di miniature? No? Allora dai un&#039;occhiata a The Kane. \u00c8 enorme, leggera: ti serve se il tuo esercito \u00e8 imponente!\" \/>\n<meta name=\"robots\" content=\"index, follow, max-snippet:-1, max-image-preview:large, max-video-preview:-1\" \/>\n<link rel=\"canonical\" href=\"https:\/\/shop.army-case.com\/it\/valigetta-per-miniature\/a-case-hybrid-the-kane-zaino\/\" \/>\n<meta property=\"og:locale\" content=\"it_IT\" \/>\n<meta property=\"og:type\" content=\"article\" \/>\n<meta property=\"og:title\" content=\"A-Case Hybrid The Kane (Zaino) &#8211; Un caso letteralmente ENORME | A-Case\" \/>\n<meta property=\"og:description\" content=\"Hai mai visto una valigetta in miniatura che pu\u00f2 contenere migliaia di miniature? No? Allora dai un&#039;occhiata a The Kane. \u00c8 enorme, leggera: ti serve se il tuo esercito \u00e8 imponente!\" \/>\n<meta property=\"og:url\" content=\"https:\/\/shop.army-case.com\/it\/valigetta-per-miniature\/a-case-hybrid-the-kane-zaino\/\" \/>\n<meta property=\"og:site_name\" content=\"A-Case\" \/>\n<meta property=\"article:publisher\" content=\"https:\/\/www.facebook.com\/armycase\/\" \/>\n<meta property=\"article:modified_time\" content=\"2026-04-10T17:08:34+00:00\" \/>\n<meta property=\"og:image\" content=\"https:\/\/shop.army-case.com\/wp-content\/uploads\/2024\/04\/magnetic-miniature-case-a-case-hybrid-the-kane-backpack.jpeg\" \/>\n\t<meta property=\"og:image:width\" content=\"1200\" \/>\n\t<meta property=\"og:image:height\" content=\"801\" \/>\n\t<meta property=\"og:image:type\" content=\"image\/jpeg\" \/>\n<meta name=\"twitter:card\" content=\"summary_large_image\" \/>\n<meta name=\"twitter:label1\" content=\"Tempo di lettura stimato\" \/>\n\t<meta name=\"twitter:data1\" content=\"1 minuto\" \/>\n<script type=\"application\/ld+json\" class=\"yoast-schema-graph\">{\"@context\":\"https:\\\/\\\/schema.org\",\"@graph\":[{\"@type\":\"WebPage\",\"@id\":\"https:\\\/\\\/shop.army-case.com\\\/it\\\/valigetta-per-miniature\\\/a-case-hybrid-the-kane-zaino\\\/\",\"url\":\"https:\\\/\\\/shop.army-case.com\\\/it\\\/valigetta-per-miniature\\\/a-case-hybrid-the-kane-zaino\\\/\",\"name\":\"A-Case Hybrid The Kane (Zaino) &#8211; Un caso letteralmente ENORME | A-Case\",\"isPartOf\":{\"@id\":\"https:\\\/\\\/shop.army-case.com\\\/it\\\/#website\"},\"primaryImageOfPage\":{\"@id\":\"https:\\\/\\\/shop.army-case.com\\\/it\\\/valigetta-per-miniature\\\/a-case-hybrid-the-kane-zaino\\\/#primaryimage\"},\"image\":{\"@id\":\"https:\\\/\\\/shop.army-case.com\\\/it\\\/valigetta-per-miniature\\\/a-case-hybrid-the-kane-zaino\\\/#primaryimage\"},\"thumbnailUrl\":\"https:\\\/\\\/shop.army-case.com\\\/wp-content\\\/uploads\\\/2024\\\/04\\\/magnetic-miniature-case-a-case-hybrid-the-kane-backpack.jpeg\",\"datePublished\":\"2019-12-20T09:44:32+00:00\",\"dateModified\":\"2026-04-10T17:08:34+00:00\",\"description\":\"Hai mai visto una valigetta in miniatura che pu\u00f2 contenere migliaia di miniature? No? Allora dai un'occhiata a The Kane. \u00c8 enorme, leggera: ti serve se il tuo esercito \u00e8 imponente!\",\"breadcrumb\":{\"@id\":\"https:\\\/\\\/shop.army-case.com\\\/it\\\/valigetta-per-miniature\\\/a-case-hybrid-the-kane-zaino\\\/#breadcrumb\"},\"inLanguage\":\"it-IT\",\"potentialAction\":[{\"@type\":\"ReadAction\",\"target\":[\"https:\\\/\\\/shop.army-case.com\\\/it\\\/valigetta-per-miniature\\\/a-case-hybrid-the-kane-zaino\\\/\"]}]},{\"@type\":\"ImageObject\",\"inLanguage\":\"it-IT\",\"@id\":\"https:\\\/\\\/shop.army-case.com\\\/it\\\/valigetta-per-miniature\\\/a-case-hybrid-the-kane-zaino\\\/#primaryimage\",\"url\":\"https:\\\/\\\/shop.army-case.com\\\/wp-content\\\/uploads\\\/2024\\\/04\\\/magnetic-miniature-case-a-case-hybrid-the-kane-backpack.jpeg\",\"contentUrl\":\"https:\\\/\\\/shop.army-case.com\\\/wp-content\\\/uploads\\\/2024\\\/04\\\/magnetic-miniature-case-a-case-hybrid-the-kane-backpack.jpeg\",\"width\":1200,\"height\":801,\"caption\":\"magnetic miniature case a case hybrid the kane backpack\"},{\"@type\":\"BreadcrumbList\",\"@id\":\"https:\\\/\\\/shop.army-case.com\\\/it\\\/valigetta-per-miniature\\\/a-case-hybrid-the-kane-zaino\\\/#breadcrumb\",\"itemListElement\":[{\"@type\":\"ListItem\",\"position\":1,\"name\":\"Home\",\"item\":\"https:\\\/\\\/shop.army-case.com\\\/it\\\/negozio-army-case\\\/\"},{\"@type\":\"ListItem\",\"position\":2,\"name\":\"Negozio\",\"item\":\"https:\\\/\\\/shop.army-case.com\\\/it\\\/negozio\\\/\"},{\"@type\":\"ListItem\",\"position\":3,\"name\":\"A-Case Hybrid The Kane (Zaino)\"}]},{\"@type\":\"WebSite\",\"@id\":\"https:\\\/\\\/shop.army-case.com\\\/it\\\/#website\",\"url\":\"https:\\\/\\\/shop.army-case.com\\\/it\\\/\",\"name\":\"A-Case\",\"description\":\"\",\"potentialAction\":[{\"@type\":\"SearchAction\",\"target\":{\"@type\":\"EntryPoint\",\"urlTemplate\":\"https:\\\/\\\/shop.army-case.com\\\/it\\\/?s={search_term_string}\"},\"query-input\":{\"@type\":\"PropertyValueSpecification\",\"valueRequired\":true,\"valueName\":\"search_term_string\"}}],\"inLanguage\":\"it-IT\"}]}<\/script>\n<!-- \/ Yoast SEO plugin. -->","yoast_head_json":{"title":"A-Case Hybrid The Kane (Zaino) &#8211; Un caso letteralmente ENORME | A-Case","description":"Hai mai visto una valigetta in miniatura che pu\u00f2 contenere migliaia di miniature? No? Allora dai un'occhiata a The Kane. \u00c8 enorme, leggera: ti serve se il tuo esercito \u00e8 imponente!","robots":{"index":"index","follow":"follow","max-snippet":"max-snippet:-1","max-image-preview":"max-image-preview:large","max-video-preview":"max-video-preview:-1"},"canonical":"https:\/\/shop.army-case.com\/it\/valigetta-per-miniature\/a-case-hybrid-the-kane-zaino\/","og_locale":"it_IT","og_type":"article","og_title":"A-Case Hybrid The Kane (Zaino) &#8211; Un caso letteralmente ENORME | A-Case","og_description":"Hai mai visto una valigetta in miniatura che pu\u00f2 contenere migliaia di miniature? No? Allora dai un'occhiata a The Kane. \u00c8 enorme, leggera: ti serve se il tuo esercito \u00e8 imponente!","og_url":"https:\/\/shop.army-case.com\/it\/valigetta-per-miniature\/a-case-hybrid-the-kane-zaino\/","og_site_name":"A-Case","article_publisher":"https:\/\/www.facebook.com\/armycase\/","article_modified_time":"2026-04-10T17:08:34+00:00","og_image":[{"width":1200,"height":801,"url":"https:\/\/shop.army-case.com\/wp-content\/uploads\/2024\/04\/magnetic-miniature-case-a-case-hybrid-the-kane-backpack.jpeg","type":"image\/jpeg"}],"twitter_card":"summary_large_image","twitter_misc":{"Tempo di lettura stimato":"1 minuto"},"schema":{"@context":"https:\/\/schema.org","@graph":[{"@type":"WebPage","@id":"https:\/\/shop.army-case.com\/it\/valigetta-per-miniature\/a-case-hybrid-the-kane-zaino\/","url":"https:\/\/shop.army-case.com\/it\/valigetta-per-miniature\/a-case-hybrid-the-kane-zaino\/","name":"A-Case Hybrid The Kane (Zaino) &#8211; Un caso letteralmente ENORME | A-Case","isPartOf":{"@id":"https:\/\/shop.army-case.com\/it\/#website"},"primaryImageOfPage":{"@id":"https:\/\/shop.army-case.com\/it\/valigetta-per-miniature\/a-case-hybrid-the-kane-zaino\/#primaryimage"},"image":{"@id":"https:\/\/shop.army-case.com\/it\/valigetta-per-miniature\/a-case-hybrid-the-kane-zaino\/#primaryimage"},"thumbnailUrl":"https:\/\/shop.army-case.com\/wp-content\/uploads\/2024\/04\/magnetic-miniature-case-a-case-hybrid-the-kane-backpack.jpeg","datePublished":"2019-12-20T09:44:32+00:00","dateModified":"2026-04-10T17:08:34+00:00","description":"Hai mai visto una valigetta in miniatura che pu\u00f2 contenere migliaia di miniature? No? Allora dai un'occhiata a The Kane. \u00c8 enorme, leggera: ti serve se il tuo esercito \u00e8 imponente!","breadcrumb":{"@id":"https:\/\/shop.army-case.com\/it\/valigetta-per-miniature\/a-case-hybrid-the-kane-zaino\/#breadcrumb"},"inLanguage":"it-IT","potentialAction":[{"@type":"ReadAction","target":["https:\/\/shop.army-case.com\/it\/valigetta-per-miniature\/a-case-hybrid-the-kane-zaino\/"]}]},{"@type":"ImageObject","inLanguage":"it-IT","@id":"https:\/\/shop.army-case.com\/it\/valigetta-per-miniature\/a-case-hybrid-the-kane-zaino\/#primaryimage","url":"https:\/\/shop.army-case.com\/wp-content\/uploads\/2024\/04\/magnetic-miniature-case-a-case-hybrid-the-kane-backpack.jpeg","contentUrl":"https:\/\/shop.army-case.com\/wp-content\/uploads\/2024\/04\/magnetic-miniature-case-a-case-hybrid-the-kane-backpack.jpeg","width":1200,"height":801,"caption":"magnetic miniature case a case hybrid the kane backpack"},{"@type":"BreadcrumbList","@id":"https:\/\/shop.army-case.com\/it\/valigetta-per-miniature\/a-case-hybrid-the-kane-zaino\/#breadcrumb","itemListElement":[{"@type":"ListItem","position":1,"name":"Home","item":"https:\/\/shop.army-case.com\/it\/negozio-army-case\/"},{"@type":"ListItem","position":2,"name":"Negozio","item":"https:\/\/shop.army-case.com\/it\/negozio\/"},{"@type":"ListItem","position":3,"name":"A-Case Hybrid The Kane (Zaino)"}]},{"@type":"WebSite","@id":"https:\/\/shop.army-case.com\/it\/#website","url":"https:\/\/shop.army-case.com\/it\/","name":"A-Case","description":"","potentialAction":[{"@type":"SearchAction","target":{"@type":"EntryPoint","urlTemplate":"https:\/\/shop.army-case.com\/it\/?s={search_term_string}"},"query-input":{"@type":"PropertyValueSpecification","valueRequired":true,"valueName":"search_term_string"}}],"inLanguage":"it-IT"}]}},"_links":{"self":[{"href":"https:\/\/shop.army-case.com\/it\/wp-json\/wp\/v2\/product\/25562","targetHints":{"allow":["GET"]}}],"collection":[{"href":"https:\/\/shop.army-case.com\/it\/wp-json\/wp\/v2\/product"}],"about":[{"href":"https:\/\/shop.army-case.com\/it\/wp-json\/wp\/v2\/types\/product"}],"version-history":[{"count":0,"href":"https:\/\/shop.army-case.com\/it\/wp-json\/wp\/v2\/product\/25562\/revisions"}],"wp:featuredmedia":[{"embeddable":true,"href":"https:\/\/shop.army-case.com\/it\/wp-json\/wp\/v2\/media\/25598"}],"wp:attachment":[{"href":"https:\/\/shop.army-case.com\/it\/wp-json\/wp\/v2\/media?parent=25562"}],"wp:term":[{"taxonomy":"product_brand","embeddable":true,"href":"https:\/\/shop.army-case.com\/it\/wp-json\/wp\/v2\/product_brand?post=25562"},{"taxonomy":"product_cat","embeddable":true,"href":"https:\/\/shop.army-case.com\/it\/wp-json\/wp\/v2\/product_cat?post=25562"},{"taxonomy":"product_tag","embeddable":true,"href":"https:\/\/shop.army-case.com\/it\/wp-json\/wp\/v2\/product_tag?post=25562"}],"curies":[{"name":"wp","href":"https:\/\/api.w.org\/{rel}","templated":true}]}}