{"id":25418,"date":"2023-01-08T21:51:21","date_gmt":"2023-01-08T21:51:21","guid":{"rendered":"https:\/\/shop.army-case.com\/senza-categoria\/a-case-carrier-zaino\/"},"modified":"2026-01-28T08:42:28","modified_gmt":"2026-01-28T08:42:28","slug":"a-case-carrier-zaino","status":"publish","type":"product","link":"https:\/\/shop.army-case.com\/it\/valigetta-per-miniature\/a-case-carrier-zaino\/","title":{"rendered":"A-Case Carrier [Zaino]"},"content":{"rendered":"<p>A-Case Carrier &#8211; Il tuo nuovo zaino personale ideale per il tuo hobby. Realizzato con materiali leggeri di alta qualit\u00e0. Il telaio in alluminio con vassoi in acciaio ti consentir\u00e0 di riporre e trasportare le tue miniature in modo sicuro e comodo. Perfetto per tutti i tipi di miniature. A seconda del gioco, pu\u00f2 contenere eserciti fino a qualche migliaio di punti.    <\/p>\n<p>Incluso nel set Carrier:<\/p>\n<ul>\n<li>Telaio leggero e resistente in alluminio verniciato a polvere nero<\/li>\n<li>3 ripiani in acciaio verniciato a polvere nero<\/li>\n<li>6 perni di bloccaggio<\/li>\n<li>Zaino imbottito in poliestere di alta qualit\u00e0 nel colore scelto con chiusura in velcro per le toppe<\/li>\n<li>3 tasche portaoggetti<\/li>\n<li>50 potenti magneti al neodimio (5&#215;2 mm)<\/li>\n<\/ul>\n<p>Dimensioni esterne:<\/p>\n<ul>\n<li>altezza: 44 cm \/ ~17 \u00b2\u00b9\/\u2086\u2084 pollici<\/li>\n<li>larghezza: 27 cm \/ ~10 \u2075\/\u2088 pollici (senza tasche)<\/li>\n<li>profondit\u00e0: 17 cm \/ ~ 6 \u00b9\u00b9\/\u2081\u2086 pollici (senza tasca)<\/li>\n<\/ul>\n<p>Dimensioni esterne dell&#8217;involucro:<\/p>\n<ul>\n<li>altezza: 42 cm \/ ~ 16 \u00b9\u2077\/\u2083\u2082 pollici<\/li>\n<li>larghezza: 23,9 cm \/ ~ 9 \u00b9\u00b3\/\u2083\u2082 pollici<\/li>\n<li>profondit\u00e0: 15 cm \/ 5 \u00b2\u2079\/\u2083\u2082 pollici<\/li>\n<\/ul>\n<p>Dimensioni interne dell&#8217;involucro:<\/p>\n<ul>\n<li>altezza: (dal ripiano inferiore alla parte superiore dell&#8217;involucro) 35,3 cm \/ ~ 13 \u2075\u2077\/\u2086\u2084 pollici<\/li>\n<li>larghezza: 19,2 cm \/ ~ 7 \u2079\/\u2081\u2086 pollici<\/li>\n<li>profondit\u00e0: 14,6 cm \/ ~ 5 \u00b3\/\u2084 pollici<\/li>\n<\/ul>\n<p>Dimensioni del vassoio:<\/p>\n<ul>\n<li>larghezza: 21,2 cm \/ ~ 8 \u00b9\u00b9\/\u2083\u2082 pollici<\/li>\n<li>profondit\u00e0: 14,8 cm \/ ~5 \u2075\u00b3\/\u2086\u2084 pollici<\/li>\n<\/ul>\n<p>Si prega di notare che i vassoi inclusi sono compatibili solo con il supporto ibrido A-CASE e non con altri modelli.<\/p>\n<p>Le dimensioni sopra indicate sono indicative.<\/p>\n<p>Peso: 2,45 kg (3 vassoi inclusi)<\/p>\n<p>&nbsp;<\/p>\n<p>&nbsp;<\/p>\n<h6>TUTTE LE IMMAGINI MOSTRE SONO A SOLO SCOPO ILLUSTRATIVO. IL PRODOTTO EFFETTIVO POTREBBE VARIARE A CAUSA DI MIGLIORAMENTI APPORTATI AL PRODOTTO STESSO. <\/h6>\n<p>&nbsp;<\/p>\n","protected":false},"excerpt":{"rendered":"<p>PORTARE LE TUE MINIATURE AGLI EVENTI POTREBBE ESSERE COMPLICATO. QUESTO \u00c8 PARTICOLARMENTE VERO PER I VIAGGI IN AEREO. L&#8217;A-CASE CARRIER \u00c8 LA NOSTRA SOLUZIONE: UNO ZAINO DELLE DIMENSIONI DI UN BAGAGLIO A MANO, PERFETTO PER VIAGGI LUNGHI E BREVI. CHE PARTECIPIATE A UN EVENTO INTERNAZIONALE O LOCALE, QUESTO ZAINO \u00c8 QUELLO CHE FA PER VOI! \u00c8 COMPATTO, LEGGERO, BEN PROGETTATO E REALIZZATO CON MATERIALI DI ALTA QUALIT\u00c0.    <\/p>\n","protected":false},"featured_media":25443,"template":"","meta":[],"product_brand":[],"product_cat":[301],"product_tag":[],"class_list":{"0":"post-25418","1":"product","2":"type-product","3":"status-publish","4":"has-post-thumbnail","6":"product_cat-valigetta-per-miniature","7":"product_shipping_class-spedizione-gratuita","9":"first","10":"instock","11":"shipping-taxable","12":"purchasable","13":"product-type-variable"},"bundled_by":[],"bundle_stock_status":"instock","bundle_stock_quantity":null,"bundle_virtual":false,"bundle_layout":"","bundle_add_to_cart_form_location":"","bundle_editable_in_cart":false,"bundle_sold_individually_context":"","bundle_item_grouping":"","bundle_min_size":"","bundle_max_size":"","bundle_price":[],"bundled_items":[],"bundle_sell_ids":[],"exclude_global_add_ons":false,"addons":[{"name":"Opzioni aggiuntive","type":"checkbox","position":0,"required":false,"title_format":"heading","default":"","description_enable":true,"description":"Il trasportino \u00e8 dotato di tre ripiani e viene fornito smontato di default. Se avete bisogno di pi\u00f9 ripiani all'interno o desiderate che lo montiamo per voi, consultate le opzioni riportate di seguito. ","placeholder_enable":false,"placeholder":null,"display":"select","restrictions_type":"any_text","adjust_price":false,"price":"","price_type":"flat_fee","restrictions":false,"min":"0","max":"0","options":[{"label":"+3 ripiani aggiuntivi","price":"8.4","price_type":"percentage_based","image":0,"visibility":true}],"id":1754080289},{"name":"Magneti!","type":"checkbox","position":1,"required":false,"title_format":"heading","default":"","description_enable":true,"description":"Se hai bisogno di magneti interni, controlla le opzioni qui sotto. Dimensioni: 5 x 2 mm. ","placeholder_enable":false,"placeholder":null,"display":"select","restrictions_type":"any_text","adjust_price":false,"price":"","price_type":"flat_fee","restrictions":false,"min":"0","max":"0","options":[{"label":"50 magneti al neodimio","price":"5.09","price_type":"percentage_based","image":0,"visibility":true},{"label":"100 magneti al neodimio","price":"8.48","price_type":"percentage_based","image":0,"visibility":true},{"label":"150 magneti al neodimio","price":"11.45","price_type":"percentage_based","image":0,"visibility":true},{"label":"200 magneti al neodimio","price":"13.57","price_type":"percentage_based","image":0,"visibility":true},{"label":"250 magneti al neodimio","price":"19.08","price_type":"percentage_based","image":0,"visibility":true}],"id":1754080290}],"yoast_head":"<!-- This site is optimized with the Yoast SEO plugin v27.3 - https:\/\/yoast.com\/product\/yoast-seo-wordpress\/ -->\n<title>A-Case Carrier [Zaino] &#8211; A-Case<\/title>\n<meta name=\"robots\" content=\"index, follow, max-snippet:-1, max-image-preview:large, max-video-preview:-1\" \/>\n<link rel=\"canonical\" href=\"https:\/\/shop.army-case.com\/it\/valigetta-per-miniature\/a-case-carrier-zaino\/\" \/>\n<meta property=\"og:locale\" content=\"it_IT\" \/>\n<meta property=\"og:type\" content=\"article\" \/>\n<meta property=\"og:title\" content=\"A-Case Carrier [Zaino] &#8211; A-Case\" \/>\n<meta property=\"og:description\" content=\"PORTARE LE TUE MINIATURE AGLI EVENTI POTREBBE ESSERE COMPLICATO. QUESTO \u00c8 PARTICOLARMENTE VERO PER I VIAGGI IN AEREO. L&#039;A-CASE CARRIER \u00c8 LA NOSTRA SOLUZIONE: UNO ZAINO DELLE DIMENSIONI DI UN BAGAGLIO A MANO, PERFETTO PER VIAGGI LUNGHI E BREVI. CHE PARTECIPIATE A UN EVENTO INTERNAZIONALE O LOCALE, QUESTO ZAINO \u00c8 QUELLO CHE FA PER VOI! \u00c8 COMPATTO, LEGGERO, BEN PROGETTATO E REALIZZATO CON MATERIALI DI ALTA QUALIT\u00c0.\" \/>\n<meta property=\"og:url\" content=\"https:\/\/shop.army-case.com\/it\/valigetta-per-miniature\/a-case-carrier-zaino\/\" \/>\n<meta property=\"og:site_name\" content=\"A-Case\" \/>\n<meta property=\"article:publisher\" content=\"https:\/\/www.facebook.com\/armycase\/\" \/>\n<meta property=\"article:modified_time\" content=\"2026-01-28T08:42:28+00:00\" \/>\n<meta property=\"og:image\" content=\"https:\/\/shop.army-case.com\/wp-content\/uploads\/2022\/11\/miniature-carrying-case-a-case-carrier-backpack-black-9.jpg\" \/>\n\t<meta property=\"og:image:width\" content=\"2560\" \/>\n\t<meta property=\"og:image:height\" content=\"1707\" \/>\n\t<meta property=\"og:image:type\" content=\"image\/jpeg\" \/>\n<meta name=\"twitter:card\" content=\"summary_large_image\" \/>\n<meta name=\"twitter:label1\" content=\"Tempo di lettura stimato\" \/>\n\t<meta name=\"twitter:data1\" content=\"1 minuto\" \/>\n<script type=\"application\/ld+json\" class=\"yoast-schema-graph\">{\"@context\":\"https:\\\/\\\/schema.org\",\"@graph\":[{\"@type\":\"WebPage\",\"@id\":\"https:\\\/\\\/shop.army-case.com\\\/it\\\/valigetta-per-miniature\\\/a-case-carrier-zaino\\\/\",\"url\":\"https:\\\/\\\/shop.army-case.com\\\/it\\\/valigetta-per-miniature\\\/a-case-carrier-zaino\\\/\",\"name\":\"A-Case Carrier [Zaino] &#8211; A-Case\",\"isPartOf\":{\"@id\":\"https:\\\/\\\/shop.army-case.com\\\/it\\\/#website\"},\"primaryImageOfPage\":{\"@id\":\"https:\\\/\\\/shop.army-case.com\\\/it\\\/valigetta-per-miniature\\\/a-case-carrier-zaino\\\/#primaryimage\"},\"image\":{\"@id\":\"https:\\\/\\\/shop.army-case.com\\\/it\\\/valigetta-per-miniature\\\/a-case-carrier-zaino\\\/#primaryimage\"},\"thumbnailUrl\":\"https:\\\/\\\/shop.army-case.com\\\/wp-content\\\/uploads\\\/2022\\\/11\\\/miniature-carrying-case-a-case-carrier-backpack-black-9.jpg\",\"datePublished\":\"2023-01-08T21:51:21+00:00\",\"dateModified\":\"2026-01-28T08:42:28+00:00\",\"breadcrumb\":{\"@id\":\"https:\\\/\\\/shop.army-case.com\\\/it\\\/valigetta-per-miniature\\\/a-case-carrier-zaino\\\/#breadcrumb\"},\"inLanguage\":\"it-IT\",\"potentialAction\":[{\"@type\":\"ReadAction\",\"target\":[\"https:\\\/\\\/shop.army-case.com\\\/it\\\/valigetta-per-miniature\\\/a-case-carrier-zaino\\\/\"]}]},{\"@type\":\"ImageObject\",\"inLanguage\":\"it-IT\",\"@id\":\"https:\\\/\\\/shop.army-case.com\\\/it\\\/valigetta-per-miniature\\\/a-case-carrier-zaino\\\/#primaryimage\",\"url\":\"https:\\\/\\\/shop.army-case.com\\\/wp-content\\\/uploads\\\/2022\\\/11\\\/miniature-carrying-case-a-case-carrier-backpack-black-9.jpg\",\"contentUrl\":\"https:\\\/\\\/shop.army-case.com\\\/wp-content\\\/uploads\\\/2022\\\/11\\\/miniature-carrying-case-a-case-carrier-backpack-black-9.jpg\",\"width\":2560,\"height\":1707,\"caption\":\"miniature carrying case a case carrier backpack\"},{\"@type\":\"BreadcrumbList\",\"@id\":\"https:\\\/\\\/shop.army-case.com\\\/it\\\/valigetta-per-miniature\\\/a-case-carrier-zaino\\\/#breadcrumb\",\"itemListElement\":[{\"@type\":\"ListItem\",\"position\":1,\"name\":\"Home\",\"item\":\"https:\\\/\\\/shop.army-case.com\\\/it\\\/negozio-army-case\\\/\"},{\"@type\":\"ListItem\",\"position\":2,\"name\":\"Negozio\",\"item\":\"https:\\\/\\\/shop.army-case.com\\\/it\\\/negozio\\\/\"},{\"@type\":\"ListItem\",\"position\":3,\"name\":\"A-Case Carrier [Zaino]\"}]},{\"@type\":\"WebSite\",\"@id\":\"https:\\\/\\\/shop.army-case.com\\\/it\\\/#website\",\"url\":\"https:\\\/\\\/shop.army-case.com\\\/it\\\/\",\"name\":\"A-Case\",\"description\":\"\",\"potentialAction\":[{\"@type\":\"SearchAction\",\"target\":{\"@type\":\"EntryPoint\",\"urlTemplate\":\"https:\\\/\\\/shop.army-case.com\\\/it\\\/?s={search_term_string}\"},\"query-input\":{\"@type\":\"PropertyValueSpecification\",\"valueRequired\":true,\"valueName\":\"search_term_string\"}}],\"inLanguage\":\"it-IT\"}]}<\/script>\n<!-- \/ Yoast SEO plugin. -->","yoast_head_json":{"title":"A-Case Carrier [Zaino] &#8211; A-Case","robots":{"index":"index","follow":"follow","max-snippet":"max-snippet:-1","max-image-preview":"max-image-preview:large","max-video-preview":"max-video-preview:-1"},"canonical":"https:\/\/shop.army-case.com\/it\/valigetta-per-miniature\/a-case-carrier-zaino\/","og_locale":"it_IT","og_type":"article","og_title":"A-Case Carrier [Zaino] &#8211; A-Case","og_description":"PORTARE LE TUE MINIATURE AGLI EVENTI POTREBBE ESSERE COMPLICATO. QUESTO \u00c8 PARTICOLARMENTE VERO PER I VIAGGI IN AEREO. L'A-CASE CARRIER \u00c8 LA NOSTRA SOLUZIONE: UNO ZAINO DELLE DIMENSIONI DI UN BAGAGLIO A MANO, PERFETTO PER VIAGGI LUNGHI E BREVI. CHE PARTECIPIATE A UN EVENTO INTERNAZIONALE O LOCALE, QUESTO ZAINO \u00c8 QUELLO CHE FA PER VOI! \u00c8 COMPATTO, LEGGERO, BEN PROGETTATO E REALIZZATO CON MATERIALI DI ALTA QUALIT\u00c0.","og_url":"https:\/\/shop.army-case.com\/it\/valigetta-per-miniature\/a-case-carrier-zaino\/","og_site_name":"A-Case","article_publisher":"https:\/\/www.facebook.com\/armycase\/","article_modified_time":"2026-01-28T08:42:28+00:00","og_image":[{"width":2560,"height":1707,"url":"https:\/\/shop.army-case.com\/wp-content\/uploads\/2022\/11\/miniature-carrying-case-a-case-carrier-backpack-black-9.jpg","type":"image\/jpeg"}],"twitter_card":"summary_large_image","twitter_misc":{"Tempo di lettura stimato":"1 minuto"},"schema":{"@context":"https:\/\/schema.org","@graph":[{"@type":"WebPage","@id":"https:\/\/shop.army-case.com\/it\/valigetta-per-miniature\/a-case-carrier-zaino\/","url":"https:\/\/shop.army-case.com\/it\/valigetta-per-miniature\/a-case-carrier-zaino\/","name":"A-Case Carrier [Zaino] &#8211; A-Case","isPartOf":{"@id":"https:\/\/shop.army-case.com\/it\/#website"},"primaryImageOfPage":{"@id":"https:\/\/shop.army-case.com\/it\/valigetta-per-miniature\/a-case-carrier-zaino\/#primaryimage"},"image":{"@id":"https:\/\/shop.army-case.com\/it\/valigetta-per-miniature\/a-case-carrier-zaino\/#primaryimage"},"thumbnailUrl":"https:\/\/shop.army-case.com\/wp-content\/uploads\/2022\/11\/miniature-carrying-case-a-case-carrier-backpack-black-9.jpg","datePublished":"2023-01-08T21:51:21+00:00","dateModified":"2026-01-28T08:42:28+00:00","breadcrumb":{"@id":"https:\/\/shop.army-case.com\/it\/valigetta-per-miniature\/a-case-carrier-zaino\/#breadcrumb"},"inLanguage":"it-IT","potentialAction":[{"@type":"ReadAction","target":["https:\/\/shop.army-case.com\/it\/valigetta-per-miniature\/a-case-carrier-zaino\/"]}]},{"@type":"ImageObject","inLanguage":"it-IT","@id":"https:\/\/shop.army-case.com\/it\/valigetta-per-miniature\/a-case-carrier-zaino\/#primaryimage","url":"https:\/\/shop.army-case.com\/wp-content\/uploads\/2022\/11\/miniature-carrying-case-a-case-carrier-backpack-black-9.jpg","contentUrl":"https:\/\/shop.army-case.com\/wp-content\/uploads\/2022\/11\/miniature-carrying-case-a-case-carrier-backpack-black-9.jpg","width":2560,"height":1707,"caption":"miniature carrying case a case carrier backpack"},{"@type":"BreadcrumbList","@id":"https:\/\/shop.army-case.com\/it\/valigetta-per-miniature\/a-case-carrier-zaino\/#breadcrumb","itemListElement":[{"@type":"ListItem","position":1,"name":"Home","item":"https:\/\/shop.army-case.com\/it\/negozio-army-case\/"},{"@type":"ListItem","position":2,"name":"Negozio","item":"https:\/\/shop.army-case.com\/it\/negozio\/"},{"@type":"ListItem","position":3,"name":"A-Case Carrier [Zaino]"}]},{"@type":"WebSite","@id":"https:\/\/shop.army-case.com\/it\/#website","url":"https:\/\/shop.army-case.com\/it\/","name":"A-Case","description":"","potentialAction":[{"@type":"SearchAction","target":{"@type":"EntryPoint","urlTemplate":"https:\/\/shop.army-case.com\/it\/?s={search_term_string}"},"query-input":{"@type":"PropertyValueSpecification","valueRequired":true,"valueName":"search_term_string"}}],"inLanguage":"it-IT"}]}},"_links":{"self":[{"href":"https:\/\/shop.army-case.com\/it\/wp-json\/wp\/v2\/product\/25418","targetHints":{"allow":["GET"]}}],"collection":[{"href":"https:\/\/shop.army-case.com\/it\/wp-json\/wp\/v2\/product"}],"about":[{"href":"https:\/\/shop.army-case.com\/it\/wp-json\/wp\/v2\/types\/product"}],"version-history":[{"count":0,"href":"https:\/\/shop.army-case.com\/it\/wp-json\/wp\/v2\/product\/25418\/revisions"}],"wp:featuredmedia":[{"embeddable":true,"href":"https:\/\/shop.army-case.com\/it\/wp-json\/wp\/v2\/media\/25443"}],"wp:attachment":[{"href":"https:\/\/shop.army-case.com\/it\/wp-json\/wp\/v2\/media?parent=25418"}],"wp:term":[{"taxonomy":"product_brand","embeddable":true,"href":"https:\/\/shop.army-case.com\/it\/wp-json\/wp\/v2\/product_brand?post=25418"},{"taxonomy":"product_cat","embeddable":true,"href":"https:\/\/shop.army-case.com\/it\/wp-json\/wp\/v2\/product_cat?post=25418"},{"taxonomy":"product_tag","embeddable":true,"href":"https:\/\/shop.army-case.com\/it\/wp-json\/wp\/v2\/product_tag?post=25418"}],"curies":[{"name":"wp","href":"https:\/\/api.w.org\/{rel}","templated":true}]}}