{"id":25376,"date":"2024-04-26T11:57:14","date_gmt":"2024-04-26T11:57:14","guid":{"rendered":"https:\/\/shop.army-case.com\/senza-categoria\/stazione-di-verniciatura-portatile\/"},"modified":"2026-01-27T12:55:31","modified_gmt":"2026-01-27T12:55:31","slug":"stazione-di-verniciatura-portatile","status":"publish","type":"product","link":"https:\/\/shop.army-case.com\/it\/gadget\/stazione-di-verniciatura-portatile\/","title":{"rendered":"Stazione di verniciatura portatile"},"content":{"rendered":"<p><a href=\"https:\/\/shop.army-case.com\/miniature-carrying-case\/a-case-victory-2-0\/\">Oltre alla custodia Victory 2.0 completamente accessoriata, il set include:<\/a><\/p>\n<ul>\n<li><span style=\"font-weight: 400;\">Due luci superiori a LED rimovibili con appositi supporti a scatto.<\/span><\/li>\n<li><span style=\"font-weight: 400;\">Due luci anteriori a LED rimovibili con supporti magnetici.<\/span><\/li>\n<li><span style=\"font-weight: 400;\">Sfondo fotografico con supporti magnetici rimovibili.<\/span><\/li>\n<li><span style=\"font-weight: 400;\">Supporto fotografico per sfondo esterno con base in velcro.<\/span><\/li>\n<li><span style=\"font-weight: 400;\">Bicchiere magnetico per l&#8217;acqua.<\/span><\/li>\n<li><span style=\"font-weight: 400;\">Scatola magnetica per il trasporto di accessori\/vernici.<\/span><\/li>\n<li><span style=\"font-weight: 400;\">Estensione da ripiano a vassoio.<\/span><\/li>\n<\/ul>\n<p>&nbsp;<\/p>\n<p>\u201cLa Portable Painting Station amplia la gi\u00e0 vasta gamma di funzionalit\u00e0 di A-Case in un territorio completamente nuovo, mantenendo il tema della compatibilit\u00e0 degli accessori magnetizzati. Si tratta di un gadget per hobby ben progettato, facile da usare e da trasportare, perfetto per chiunque desideri portare il proprio hobby fuori casa.\u201d Pittura a mano delle cicatrici<\/p>\n","protected":false},"excerpt":{"rendered":"<p><a href=\"https:\/\/shop.army-case.com\/miniature-carrying-case\/a-case-victory-2-0\/\">La Portable Painting Station \u00e8 un set di estensioni per l&#8217;A-Case Victory 2.0 che trasforma questa compatta valigetta in miniatura in un laboratorio mobile per hobby.<\/a><\/p>\n","protected":false},"featured_media":25377,"template":"","meta":[],"product_brand":[],"product_cat":[297],"product_tag":[],"class_list":{"0":"post-25376","1":"product","2":"type-product","3":"status-publish","4":"has-post-thumbnail","6":"product_cat-gadget","7":"product_shipping_class-spedizione-gratuita","9":"first","10":"instock","11":"shipping-taxable","12":"purchasable","13":"product-type-bundle"},"bundled_by":[],"bundle_stock_status":"instock","bundle_stock_quantity":7,"bundle_virtual":false,"bundle_layout":"default","bundle_add_to_cart_form_location":"default","bundle_editable_in_cart":false,"bundle_sold_individually_context":"product","bundle_item_grouping":"noindent","bundle_min_size":"","bundle_max_size":"","bundle_price":{"price":{"min":{"incl_tax":"990","excl_tax":"990"},"max":{"incl_tax":"990","excl_tax":"990"}},"regular_price":{"min":{"incl_tax":"990","excl_tax":"990"},"max":{"incl_tax":"990","excl_tax":"990"}}},"bundled_items":[{"bundled_item_id":16,"product_id":25375,"menu_order":1,"quantity_min":1,"quantity_max":1,"quantity_default":1,"priced_individually":false,"shipped_individually":false,"override_title":true,"title":"Pacchetto di estensione","override_description":false,"description":null,"optional":false,"hide_thumbnail":false,"discount":"","override_variations":false,"allowed_variations":[""],"override_default_variation_attributes":false,"default_variation_attributes":[],"single_product_visibility":"visible","cart_visibility":"visible","order_visibility":"visible","single_product_price_visibility":"visible","cart_price_visibility":"visible","order_price_visibility":"visible","stock_status":"in_stock"}],"bundle_sell_ids":[],"exclude_global_add_ons":false,"addons":[{"name":"Colla CA","type":"checkbox","position":0,"required":false,"title_format":"label","default":"","description_enable":false,"description":null,"placeholder_enable":false,"placeholder":null,"display":"select","restrictions_type":"any_text","adjust_price":false,"price":"","price_type":"flat_fee","restrictions":false,"min":"0","max":"0","options":[{"label":"1x colla CA da 20 g","price":"2.02","price_type":"percentage_based","image":0,"visibility":true}],"id":1746003776},{"name":"Magneti!","type":"checkbox","position":1,"required":false,"title_format":"label","default":"","description_enable":true,"description":"Se hai bisogno di magneti interni, controlla le opzioni qui sotto. Dimensioni: 5 x 2 mm. ","placeholder_enable":false,"placeholder":null,"display":"select","restrictions_type":"any_text","adjust_price":false,"price":"","price_type":"flat_fee","restrictions":false,"min":"0","max":"0","options":[{"label":"50 magneti al neodimio","price":"6.10","price_type":"percentage_based","image":0,"visibility":true},{"label":"100 magneti al neodimio","price":"10.10","price_type":"percentage_based","image":0,"visibility":true},{"label":"150 magneti al neodimio","price":"13.64","price_type":"percentage_based","image":0,"visibility":true},{"label":"200 magneti al neodimio","price":"16.16","price_type":"percentage_based","image":0,"visibility":true},{"label":"250 magneti al neodimio","price":"22.73","price_type":"percentage_based","image":0,"visibility":true}],"id":1746003777}],"yoast_head":"<!-- This site is optimized with the Yoast SEO plugin v27.3 - https:\/\/yoast.com\/product\/yoast-seo-wordpress\/ -->\n<title>Stazione di pittura miniaturizzata portatile | Set di estensione | Pacchetto hobby mobile<\/title>\n<meta name=\"description\" content=\"La Portable Painting Station \u00e8 un set di estensioni per l&#039;A-Case Victory che trasforma questa compatta valigetta in miniatura in un laboratorio mobile per hobby.\" \/>\n<meta name=\"robots\" content=\"index, follow, max-snippet:-1, max-image-preview:large, max-video-preview:-1\" \/>\n<link rel=\"canonical\" href=\"https:\/\/shop.army-case.com\/it\/gadget\/stazione-di-verniciatura-portatile\/\" \/>\n<meta property=\"og:locale\" content=\"it_IT\" \/>\n<meta property=\"og:type\" content=\"article\" \/>\n<meta property=\"og:title\" content=\"Stazione di pittura miniaturizzata portatile | Set di estensione | Pacchetto hobby mobile\" \/>\n<meta property=\"og:description\" content=\"La Portable Painting Station \u00e8 un set di estensioni per l&#039;A-Case Victory che trasforma questa compatta valigetta in miniatura in un laboratorio mobile per hobby.\" \/>\n<meta property=\"og:url\" content=\"https:\/\/shop.army-case.com\/it\/gadget\/stazione-di-verniciatura-portatile\/\" \/>\n<meta property=\"og:site_name\" content=\"A-Case\" \/>\n<meta property=\"article:publisher\" content=\"https:\/\/www.facebook.com\/armycase\/\" \/>\n<meta property=\"article:modified_time\" content=\"2026-01-27T12:55:31+00:00\" \/>\n<meta property=\"og:image\" content=\"https:\/\/shop.army-case.com\/wp-content\/uploads\/2024\/04\/Scarhandpainting-2403-A-Case-Portable-Painting-Station-3.jpg\" \/>\n\t<meta property=\"og:image:width\" content=\"1200\" \/>\n\t<meta property=\"og:image:height\" content=\"1200\" \/>\n\t<meta property=\"og:image:type\" content=\"image\/jpeg\" \/>\n<meta name=\"twitter:card\" content=\"summary_large_image\" \/>\n<meta name=\"twitter:label1\" content=\"Tempo di lettura stimato\" \/>\n\t<meta name=\"twitter:data1\" content=\"1 minuto\" \/>\n<script type=\"application\/ld+json\" class=\"yoast-schema-graph\">{\"@context\":\"https:\\\/\\\/schema.org\",\"@graph\":[{\"@type\":\"WebPage\",\"@id\":\"https:\\\/\\\/shop.army-case.com\\\/it\\\/gadget\\\/stazione-di-verniciatura-portatile\\\/\",\"url\":\"https:\\\/\\\/shop.army-case.com\\\/it\\\/gadget\\\/stazione-di-verniciatura-portatile\\\/\",\"name\":\"Stazione di pittura miniaturizzata portatile | Set di estensione | Pacchetto hobby mobile\",\"isPartOf\":{\"@id\":\"https:\\\/\\\/shop.army-case.com\\\/it\\\/#website\"},\"primaryImageOfPage\":{\"@id\":\"https:\\\/\\\/shop.army-case.com\\\/it\\\/gadget\\\/stazione-di-verniciatura-portatile\\\/#primaryimage\"},\"image\":{\"@id\":\"https:\\\/\\\/shop.army-case.com\\\/it\\\/gadget\\\/stazione-di-verniciatura-portatile\\\/#primaryimage\"},\"thumbnailUrl\":\"https:\\\/\\\/shop.army-case.com\\\/wp-content\\\/uploads\\\/2024\\\/04\\\/Scarhandpainting-2403-A-Case-Portable-Painting-Station-3.jpg\",\"datePublished\":\"2024-04-26T11:57:14+00:00\",\"dateModified\":\"2026-01-27T12:55:31+00:00\",\"description\":\"La Portable Painting Station \u00e8 un set di estensioni per l'A-Case Victory che trasforma questa compatta valigetta in miniatura in un laboratorio mobile per hobby.\",\"breadcrumb\":{\"@id\":\"https:\\\/\\\/shop.army-case.com\\\/it\\\/gadget\\\/stazione-di-verniciatura-portatile\\\/#breadcrumb\"},\"inLanguage\":\"it-IT\",\"potentialAction\":[{\"@type\":\"ReadAction\",\"target\":[\"https:\\\/\\\/shop.army-case.com\\\/it\\\/gadget\\\/stazione-di-verniciatura-portatile\\\/\"]}]},{\"@type\":\"ImageObject\",\"inLanguage\":\"it-IT\",\"@id\":\"https:\\\/\\\/shop.army-case.com\\\/it\\\/gadget\\\/stazione-di-verniciatura-portatile\\\/#primaryimage\",\"url\":\"https:\\\/\\\/shop.army-case.com\\\/wp-content\\\/uploads\\\/2024\\\/04\\\/Scarhandpainting-2403-A-Case-Portable-Painting-Station-3.jpg\",\"contentUrl\":\"https:\\\/\\\/shop.army-case.com\\\/wp-content\\\/uploads\\\/2024\\\/04\\\/Scarhandpainting-2403-A-Case-Portable-Painting-Station-3.jpg\",\"width\":1200,\"height\":1200,\"caption\":\"Portable Painting Station\"},{\"@type\":\"BreadcrumbList\",\"@id\":\"https:\\\/\\\/shop.army-case.com\\\/it\\\/gadget\\\/stazione-di-verniciatura-portatile\\\/#breadcrumb\",\"itemListElement\":[{\"@type\":\"ListItem\",\"position\":1,\"name\":\"Home\",\"item\":\"https:\\\/\\\/shop.army-case.com\\\/it\\\/negozio-army-case\\\/\"},{\"@type\":\"ListItem\",\"position\":2,\"name\":\"Negozio\",\"item\":\"https:\\\/\\\/shop.army-case.com\\\/it\\\/negozio\\\/\"},{\"@type\":\"ListItem\",\"position\":3,\"name\":\"Stazione di verniciatura portatile\"}]},{\"@type\":\"WebSite\",\"@id\":\"https:\\\/\\\/shop.army-case.com\\\/it\\\/#website\",\"url\":\"https:\\\/\\\/shop.army-case.com\\\/it\\\/\",\"name\":\"A-Case\",\"description\":\"\",\"potentialAction\":[{\"@type\":\"SearchAction\",\"target\":{\"@type\":\"EntryPoint\",\"urlTemplate\":\"https:\\\/\\\/shop.army-case.com\\\/it\\\/?s={search_term_string}\"},\"query-input\":{\"@type\":\"PropertyValueSpecification\",\"valueRequired\":true,\"valueName\":\"search_term_string\"}}],\"inLanguage\":\"it-IT\"}]}<\/script>\n<!-- \/ Yoast SEO plugin. -->","yoast_head_json":{"title":"Stazione di pittura miniaturizzata portatile | Set di estensione | Pacchetto hobby mobile","description":"La Portable Painting Station \u00e8 un set di estensioni per l'A-Case Victory che trasforma questa compatta valigetta in miniatura in un laboratorio mobile per hobby.","robots":{"index":"index","follow":"follow","max-snippet":"max-snippet:-1","max-image-preview":"max-image-preview:large","max-video-preview":"max-video-preview:-1"},"canonical":"https:\/\/shop.army-case.com\/it\/gadget\/stazione-di-verniciatura-portatile\/","og_locale":"it_IT","og_type":"article","og_title":"Stazione di pittura miniaturizzata portatile | Set di estensione | Pacchetto hobby mobile","og_description":"La Portable Painting Station \u00e8 un set di estensioni per l'A-Case Victory che trasforma questa compatta valigetta in miniatura in un laboratorio mobile per hobby.","og_url":"https:\/\/shop.army-case.com\/it\/gadget\/stazione-di-verniciatura-portatile\/","og_site_name":"A-Case","article_publisher":"https:\/\/www.facebook.com\/armycase\/","article_modified_time":"2026-01-27T12:55:31+00:00","og_image":[{"width":1200,"height":1200,"url":"https:\/\/shop.army-case.com\/wp-content\/uploads\/2024\/04\/Scarhandpainting-2403-A-Case-Portable-Painting-Station-3.jpg","type":"image\/jpeg"}],"twitter_card":"summary_large_image","twitter_misc":{"Tempo di lettura stimato":"1 minuto"},"schema":{"@context":"https:\/\/schema.org","@graph":[{"@type":"WebPage","@id":"https:\/\/shop.army-case.com\/it\/gadget\/stazione-di-verniciatura-portatile\/","url":"https:\/\/shop.army-case.com\/it\/gadget\/stazione-di-verniciatura-portatile\/","name":"Stazione di pittura miniaturizzata portatile | Set di estensione | Pacchetto hobby mobile","isPartOf":{"@id":"https:\/\/shop.army-case.com\/it\/#website"},"primaryImageOfPage":{"@id":"https:\/\/shop.army-case.com\/it\/gadget\/stazione-di-verniciatura-portatile\/#primaryimage"},"image":{"@id":"https:\/\/shop.army-case.com\/it\/gadget\/stazione-di-verniciatura-portatile\/#primaryimage"},"thumbnailUrl":"https:\/\/shop.army-case.com\/wp-content\/uploads\/2024\/04\/Scarhandpainting-2403-A-Case-Portable-Painting-Station-3.jpg","datePublished":"2024-04-26T11:57:14+00:00","dateModified":"2026-01-27T12:55:31+00:00","description":"La Portable Painting Station \u00e8 un set di estensioni per l'A-Case Victory che trasforma questa compatta valigetta in miniatura in un laboratorio mobile per hobby.","breadcrumb":{"@id":"https:\/\/shop.army-case.com\/it\/gadget\/stazione-di-verniciatura-portatile\/#breadcrumb"},"inLanguage":"it-IT","potentialAction":[{"@type":"ReadAction","target":["https:\/\/shop.army-case.com\/it\/gadget\/stazione-di-verniciatura-portatile\/"]}]},{"@type":"ImageObject","inLanguage":"it-IT","@id":"https:\/\/shop.army-case.com\/it\/gadget\/stazione-di-verniciatura-portatile\/#primaryimage","url":"https:\/\/shop.army-case.com\/wp-content\/uploads\/2024\/04\/Scarhandpainting-2403-A-Case-Portable-Painting-Station-3.jpg","contentUrl":"https:\/\/shop.army-case.com\/wp-content\/uploads\/2024\/04\/Scarhandpainting-2403-A-Case-Portable-Painting-Station-3.jpg","width":1200,"height":1200,"caption":"Portable Painting Station"},{"@type":"BreadcrumbList","@id":"https:\/\/shop.army-case.com\/it\/gadget\/stazione-di-verniciatura-portatile\/#breadcrumb","itemListElement":[{"@type":"ListItem","position":1,"name":"Home","item":"https:\/\/shop.army-case.com\/it\/negozio-army-case\/"},{"@type":"ListItem","position":2,"name":"Negozio","item":"https:\/\/shop.army-case.com\/it\/negozio\/"},{"@type":"ListItem","position":3,"name":"Stazione di verniciatura portatile"}]},{"@type":"WebSite","@id":"https:\/\/shop.army-case.com\/it\/#website","url":"https:\/\/shop.army-case.com\/it\/","name":"A-Case","description":"","potentialAction":[{"@type":"SearchAction","target":{"@type":"EntryPoint","urlTemplate":"https:\/\/shop.army-case.com\/it\/?s={search_term_string}"},"query-input":{"@type":"PropertyValueSpecification","valueRequired":true,"valueName":"search_term_string"}}],"inLanguage":"it-IT"}]}},"_links":{"self":[{"href":"https:\/\/shop.army-case.com\/it\/wp-json\/wp\/v2\/product\/25376","targetHints":{"allow":["GET"]}}],"collection":[{"href":"https:\/\/shop.army-case.com\/it\/wp-json\/wp\/v2\/product"}],"about":[{"href":"https:\/\/shop.army-case.com\/it\/wp-json\/wp\/v2\/types\/product"}],"version-history":[{"count":0,"href":"https:\/\/shop.army-case.com\/it\/wp-json\/wp\/v2\/product\/25376\/revisions"}],"wp:featuredmedia":[{"embeddable":true,"href":"https:\/\/shop.army-case.com\/it\/wp-json\/wp\/v2\/media\/25377"}],"wp:attachment":[{"href":"https:\/\/shop.army-case.com\/it\/wp-json\/wp\/v2\/media?parent=25376"}],"wp:term":[{"taxonomy":"product_brand","embeddable":true,"href":"https:\/\/shop.army-case.com\/it\/wp-json\/wp\/v2\/product_brand?post=25376"},{"taxonomy":"product_cat","embeddable":true,"href":"https:\/\/shop.army-case.com\/it\/wp-json\/wp\/v2\/product_cat?post=25376"},{"taxonomy":"product_tag","embeddable":true,"href":"https:\/\/shop.army-case.com\/it\/wp-json\/wp\/v2\/product_tag?post=25376"}],"curies":[{"name":"wp","href":"https:\/\/api.w.org\/{rel}","templated":true}]}}