{"id":7913,"date":"2020-01-22T11:51:11","date_gmt":"2020-01-22T11:51:11","guid":{"rendered":"https:\/\/shop.army-case.com\/non%20class\u00e9\/7913\/"},"modified":"2026-03-28T16:40:16","modified_gmt":"2026-03-28T16:40:16","slug":"a-case-victory-2-0","status":"publish","type":"product","link":"https:\/\/shop.army-case.com\/fr\/mallette-de-transport-de-figurines\/a-case-victory-2-0\/","title":{"rendered":"A-Case Victory 2.0"},"content":{"rendered":"<p>Mallette miniature compacte pour le transport. Fabriqu\u00e9 \u00e0 partir de mat\u00e9riaux l\u00e9gers de qualit\u00e9 sup\u00e9rieure, avec des \u00e9tag\u00e8res en acier qui vous permettent d\u2019y coller des bases magn\u00e9tiques. Parfait pour tous les types de figurines. Rangez plus de 100 socles de 25 mm.<\/p>\n<p>Inclus dans l\u2019ensemble A-Case Victory 2.0 :<\/p>\n<ul>\n<li>Cadre <strong>en aluminium noir<\/strong> thermolaqu\u00e9 l\u00e9ger et durable<\/li>\n<li>3 x \u00e9tag\u00e8res <strong>noires<\/strong> en fer enduit de poudre<\/li>\n<li>6 x goupilles de verrouillage<\/li>\n<li>Sac en polyester de haute qualit\u00e9 dans la couleur choisie avec bande velcro pour les patchs<\/li>\n<li>Dragonne<\/li>\n<li>Poche pour accessoires<\/li>\n<li>50 x aimants n\u00e9odyme puissants (5&#215;2 mm)<\/li>\n<\/ul>\n<p>Dimensions ext\u00e9rieures&nbsp;:<\/p>\n<ul>\n<li>Hauteur&nbsp;: 26,8cm \/ 10,55&nbsp;\u00bb<\/li>\n<li>Largeur&nbsp;: 28cm \/ 11&nbsp;\u00bb<\/li>\n<li>Profondeur&nbsp;: 16,5cm \/ 6,49&nbsp;\u00bb<\/li>\n<\/ul>\n<p>Dimensions ext\u00e9rieures de l\u2019enveloppe :<\/p>\n<ul>\n<li>Hauteur&nbsp;: 26cm<\/li>\n<li>Largeur&nbsp;: 27,5cm<\/li>\n<li>Profondeur&nbsp;: 14,5cm<\/li>\n<\/ul>\n<p>Dimensions internes du bo\u00eetier :<\/p>\n<ul>\n<li>Hauteur : 22 cm (de l\u2019\u00e9tag\u00e8re inf\u00e9rieure au haut du bo\u00eetier)<\/li>\n<li>Largeur&nbsp;: 23,2cm<\/li>\n<li>Profondeur : 14 cm<\/li>\n<\/ul>\n<p>Dimensions du plateau :<\/p>\n<ul>\n<li>Largeur&nbsp;: 25cm<\/li>\n<li>Profondeur&nbsp;: 13,8cm<\/li>\n<\/ul>\n<p>Les dimensions ci-dessus sont indicatives.<\/p>\n<p><strong>Poids&nbsp;:<\/strong> 1,8 kg<\/p>\n<p>Ce produit est livr\u00e9 non assembl\u00e9. <a href=\"https:\/\/www.youtube.com\/watch?v=jdjFOjEGRJE\" target=\"_blank\" rel=\"noopener noreferrer\">VID\u00c9O D\u2019INSTRUCTIONS D\u2019ASSEMBLAGE<\/a><\/p>\n<h6>TOUTES LES PHOTOS PR\u00c9SENT\u00c9ES SONT \u00c0 TITRE D\u2019ILLUSTRATION UNIQUEMENT. LE PRODUIT R\u00c9EL PEUT VARIER EN RAISON DE L\u2019AM\u00c9LIORATION DU PRODUIT.<\/h6>\n","protected":false},"excerpt":{"rendered":"<p>Mallette miniature compacte pour le transport. Fabriqu\u00e9 \u00e0 partir de mat\u00e9riaux l\u00e9gers de qualit\u00e9 sup\u00e9rieure, avec des \u00e9tag\u00e8res en acier qui vous permettent d\u2019y coller des bases magn\u00e9tiques. Parfait pour tous les types de figurines. Rangez plus de 100 socles de 25 mm.<\/p>\n<p>Plusieurs options de couleurs pour un sac de couverture (<strong>toujours avec cadre noir<\/strong>)<\/p>\n<p><span style=\"color: #00bf56;\">Livraison GRATUITE incluse &#8211; Dans le monde entier !<\/span><\/p>\n<p><strong><a href=\"https:\/\/www.youtube.com\/watch?v=jdjFOjEGRJE\">GUIDE DE MONTAGE<\/a><\/strong><\/p>\n<p><a href=\"https:\/\/www.facebook.com\/777101562375026\/videos\/1221465458061956\"><strong>Comment fixer les goupilles aux plateaux<\/strong><\/a><\/p>\n<p><strong>Les sacs de transport A-Case sont disponibles dans une vari\u00e9t\u00e9 de couleurs. Choisissez votre couleur pr\u00e9f\u00e9r\u00e9e dans la case ci-dessous :<\/strong><\/p>\n","protected":false},"featured_media":19496,"template":"","meta":[],"product_brand":[],"product_cat":[184],"product_tag":[],"class_list":{"0":"post-7913","1":"product","2":"type-product","3":"status-publish","4":"has-post-thumbnail","6":"product_cat-mallette-de-transport-de-figurines","7":"product_shipping_class-livraison-gratuite","9":"first","10":"instock","11":"purchasable","12":"product-type-variable","13":"has-default-attributes"},"bundled_by":["20169"],"bundle_stock_status":"instock","bundle_stock_quantity":80,"bundle_virtual":false,"bundle_layout":"","bundle_add_to_cart_form_location":"","bundle_editable_in_cart":false,"bundle_sold_individually_context":"","bundle_item_grouping":"","bundle_min_size":"","bundle_max_size":"","bundle_price":[],"bundled_items":[],"bundle_sell_ids":[],"exclude_global_add_ons":false,"addons":[{"name":"Options suppl\u00e9mentaires","type":"checkbox","position":0,"required":false,"title_format":"label","default":"","description_enable":true,"description":"A-Case Victory 2.0 est livr\u00e9 avec trois \u00e9tag\u00e8res et non assembl\u00e9 par d\u00e9faut. Si vous avez besoin de plus d\u2019\u00e9tag\u00e8res \u00e0 l\u2019int\u00e9rieur, veuillez v\u00e9rifier les options ci-dessous.","placeholder_enable":false,"placeholder":"","display":"select","restrictions_type":"any_text","adjust_price":false,"price":"","price_type":"flat_fee","restrictions":false,"min":"0","max":"0","options":[{"label":"+3 \u00e9tag\u00e8res suppl\u00e9mentaires","price":"15","price_type":"percentage_based","image":0,"visibility":true}],"id":1712299602},{"name":"Aimants!","type":"checkbox","position":1,"required":false,"title_format":"label","default":"","description_enable":true,"description":"Si vous avez besoin d\u2019aimants \u00e0 l\u2019int\u00e9rieur, v\u00e9rifiez les options ci-dessous. Dimensions - 5x2mm","placeholder_enable":false,"placeholder":"","display":"select","restrictions_type":"any_text","adjust_price":false,"price":"","price_type":"flat_fee","restrictions":false,"min":"0","max":"0","options":[{"label":"50 aimants n\u00e9odyme","price":"7.8","price_type":"percentage_based","image":0,"visibility":true},{"label":"100 aimants n\u00e9odyme","price":"13","price_type":"percentage_based","image":0,"visibility":true},{"label":"150 aimants n\u00e9odyme","price":"17.9","price_type":"percentage_based","image":0,"visibility":true},{"label":"200 aimants n\u00e9odyme","price":"20.8","price_type":"percentage_based","image":0,"visibility":true},{"label":"250 aimants n\u00e9odyme","price":"29","price_type":"percentage_based","image":0,"visibility":true}],"id":1712299603}],"yoast_head":"<!-- This site is optimized with the Yoast SEO plugin v27.3 - https:\/\/yoast.com\/product\/yoast-seo-wordpress\/ -->\n<title>A-Case Victory - Valise miniature compacte pour le transport<\/title>\n<meta name=\"description\" content=\"Mallette miniature compacte pour le transport. Fabriqu\u00e9 \u00e0 partir de mat\u00e9riaux l\u00e9gers de qualit\u00e9 sup\u00e9rieure, avec des \u00e9tag\u00e8res en acier vous permettant d\u2019y coller des bases magn\u00e9tiques.\" \/>\n<meta name=\"robots\" content=\"index, follow, max-snippet:-1, max-image-preview:large, max-video-preview:-1\" \/>\n<link rel=\"canonical\" href=\"https:\/\/shop.army-case.com\/fr\/mallette-de-transport-de-figurines\/a-case-victory-2-0\/\" \/>\n<meta property=\"og:locale\" content=\"fr_FR\" \/>\n<meta property=\"og:type\" content=\"article\" \/>\n<meta property=\"og:title\" content=\"A-Case Victory - Valise miniature compacte pour le transport\" \/>\n<meta property=\"og:description\" content=\"Mallette miniature compacte pour le transport. Fabriqu\u00e9 \u00e0 partir de mat\u00e9riaux l\u00e9gers de qualit\u00e9 sup\u00e9rieure, avec des \u00e9tag\u00e8res en acier vous permettant d\u2019y coller des bases magn\u00e9tiques.\" \/>\n<meta property=\"og:url\" content=\"https:\/\/shop.army-case.com\/fr\/mallette-de-transport-de-figurines\/a-case-victory-2-0\/\" \/>\n<meta property=\"og:site_name\" content=\"A-Case\" \/>\n<meta property=\"article:publisher\" content=\"https:\/\/www.facebook.com\/armycase\/\" \/>\n<meta property=\"article:modified_time\" content=\"2026-03-28T16:40:16+00:00\" \/>\n<meta property=\"og:image\" content=\"https:\/\/shop.army-case.com\/wp-content\/uploads\/2024\/04\/magnetic-miniature-storage-a-case-victory-2-0-front-2.jpg\" \/>\n\t<meta property=\"og:image:width\" content=\"1000\" \/>\n\t<meta property=\"og:image:height\" content=\"667\" \/>\n\t<meta property=\"og:image:type\" content=\"image\/jpeg\" \/>\n<meta name=\"twitter:card\" content=\"summary_large_image\" \/>\n<meta name=\"twitter:label1\" content=\"Dur\u00e9e de lecture estim\u00e9e\" \/>\n\t<meta name=\"twitter:data1\" content=\"2 minutes\" \/>\n<script type=\"application\/ld+json\" class=\"yoast-schema-graph\">{\"@context\":\"https:\\\/\\\/schema.org\",\"@graph\":[{\"@type\":\"WebPage\",\"@id\":\"https:\\\/\\\/shop.army-case.com\\\/fr\\\/mallette-de-transport-de-figurines\\\/a-case-victory-2-0\\\/\",\"url\":\"https:\\\/\\\/shop.army-case.com\\\/fr\\\/mallette-de-transport-de-figurines\\\/a-case-victory-2-0\\\/\",\"name\":\"A-Case Victory - Valise miniature compacte pour le transport\",\"isPartOf\":{\"@id\":\"https:\\\/\\\/shop.army-case.com\\\/fr\\\/#website\"},\"primaryImageOfPage\":{\"@id\":\"https:\\\/\\\/shop.army-case.com\\\/fr\\\/mallette-de-transport-de-figurines\\\/a-case-victory-2-0\\\/#primaryimage\"},\"image\":{\"@id\":\"https:\\\/\\\/shop.army-case.com\\\/fr\\\/mallette-de-transport-de-figurines\\\/a-case-victory-2-0\\\/#primaryimage\"},\"thumbnailUrl\":\"https:\\\/\\\/shop.army-case.com\\\/wp-content\\\/uploads\\\/2024\\\/04\\\/magnetic-miniature-storage-a-case-victory-2-0-front-2.jpg\",\"datePublished\":\"2020-01-22T11:51:11+00:00\",\"dateModified\":\"2026-03-28T16:40:16+00:00\",\"description\":\"Mallette miniature compacte pour le transport. Fabriqu\u00e9 \u00e0 partir de mat\u00e9riaux l\u00e9gers de qualit\u00e9 sup\u00e9rieure, avec des \u00e9tag\u00e8res en acier vous permettant d\u2019y coller des bases magn\u00e9tiques.\",\"breadcrumb\":{\"@id\":\"https:\\\/\\\/shop.army-case.com\\\/fr\\\/mallette-de-transport-de-figurines\\\/a-case-victory-2-0\\\/#breadcrumb\"},\"inLanguage\":\"fr-FR\",\"potentialAction\":[{\"@type\":\"ReadAction\",\"target\":[\"https:\\\/\\\/shop.army-case.com\\\/fr\\\/mallette-de-transport-de-figurines\\\/a-case-victory-2-0\\\/\"]}]},{\"@type\":\"ImageObject\",\"inLanguage\":\"fr-FR\",\"@id\":\"https:\\\/\\\/shop.army-case.com\\\/fr\\\/mallette-de-transport-de-figurines\\\/a-case-victory-2-0\\\/#primaryimage\",\"url\":\"https:\\\/\\\/shop.army-case.com\\\/wp-content\\\/uploads\\\/2024\\\/04\\\/magnetic-miniature-storage-a-case-victory-2-0-front-2.jpg\",\"contentUrl\":\"https:\\\/\\\/shop.army-case.com\\\/wp-content\\\/uploads\\\/2024\\\/04\\\/magnetic-miniature-storage-a-case-victory-2-0-front-2.jpg\",\"width\":1000,\"height\":667,\"caption\":\"magnetic miniature storage a case victory 2.0\"},{\"@type\":\"BreadcrumbList\",\"@id\":\"https:\\\/\\\/shop.army-case.com\\\/fr\\\/mallette-de-transport-de-figurines\\\/a-case-victory-2-0\\\/#breadcrumb\",\"itemListElement\":[{\"@type\":\"ListItem\",\"position\":1,\"name\":\"Home\",\"item\":\"https:\\\/\\\/shop.army-case.com\\\/fr\\\/\"},{\"@type\":\"ListItem\",\"position\":2,\"name\":\"Shop\",\"item\":\"https:\\\/\\\/shop.army-case.com\\\/fr\\\/shop\\\/\"},{\"@type\":\"ListItem\",\"position\":3,\"name\":\"A-Case Victory 2.0\"}]},{\"@type\":\"WebSite\",\"@id\":\"https:\\\/\\\/shop.army-case.com\\\/fr\\\/#website\",\"url\":\"https:\\\/\\\/shop.army-case.com\\\/fr\\\/\",\"name\":\"A-Case\",\"description\":\"\",\"potentialAction\":[{\"@type\":\"SearchAction\",\"target\":{\"@type\":\"EntryPoint\",\"urlTemplate\":\"https:\\\/\\\/shop.army-case.com\\\/fr\\\/?s={search_term_string}\"},\"query-input\":{\"@type\":\"PropertyValueSpecification\",\"valueRequired\":true,\"valueName\":\"search_term_string\"}}],\"inLanguage\":\"fr-FR\"}]}<\/script>\n<!-- \/ Yoast SEO plugin. -->","yoast_head_json":{"title":"A-Case Victory - Valise miniature compacte pour le transport","description":"Mallette miniature compacte pour le transport. Fabriqu\u00e9 \u00e0 partir de mat\u00e9riaux l\u00e9gers de qualit\u00e9 sup\u00e9rieure, avec des \u00e9tag\u00e8res en acier vous permettant d\u2019y coller des bases magn\u00e9tiques.","robots":{"index":"index","follow":"follow","max-snippet":"max-snippet:-1","max-image-preview":"max-image-preview:large","max-video-preview":"max-video-preview:-1"},"canonical":"https:\/\/shop.army-case.com\/fr\/mallette-de-transport-de-figurines\/a-case-victory-2-0\/","og_locale":"fr_FR","og_type":"article","og_title":"A-Case Victory - Valise miniature compacte pour le transport","og_description":"Mallette miniature compacte pour le transport. Fabriqu\u00e9 \u00e0 partir de mat\u00e9riaux l\u00e9gers de qualit\u00e9 sup\u00e9rieure, avec des \u00e9tag\u00e8res en acier vous permettant d\u2019y coller des bases magn\u00e9tiques.","og_url":"https:\/\/shop.army-case.com\/fr\/mallette-de-transport-de-figurines\/a-case-victory-2-0\/","og_site_name":"A-Case","article_publisher":"https:\/\/www.facebook.com\/armycase\/","article_modified_time":"2026-03-28T16:40:16+00:00","og_image":[{"width":1000,"height":667,"url":"https:\/\/shop.army-case.com\/wp-content\/uploads\/2024\/04\/magnetic-miniature-storage-a-case-victory-2-0-front-2.jpg","type":"image\/jpeg"}],"twitter_card":"summary_large_image","twitter_misc":{"Dur\u00e9e de lecture estim\u00e9e":"2 minutes"},"schema":{"@context":"https:\/\/schema.org","@graph":[{"@type":"WebPage","@id":"https:\/\/shop.army-case.com\/fr\/mallette-de-transport-de-figurines\/a-case-victory-2-0\/","url":"https:\/\/shop.army-case.com\/fr\/mallette-de-transport-de-figurines\/a-case-victory-2-0\/","name":"A-Case Victory - Valise miniature compacte pour le transport","isPartOf":{"@id":"https:\/\/shop.army-case.com\/fr\/#website"},"primaryImageOfPage":{"@id":"https:\/\/shop.army-case.com\/fr\/mallette-de-transport-de-figurines\/a-case-victory-2-0\/#primaryimage"},"image":{"@id":"https:\/\/shop.army-case.com\/fr\/mallette-de-transport-de-figurines\/a-case-victory-2-0\/#primaryimage"},"thumbnailUrl":"https:\/\/shop.army-case.com\/wp-content\/uploads\/2024\/04\/magnetic-miniature-storage-a-case-victory-2-0-front-2.jpg","datePublished":"2020-01-22T11:51:11+00:00","dateModified":"2026-03-28T16:40:16+00:00","description":"Mallette miniature compacte pour le transport. Fabriqu\u00e9 \u00e0 partir de mat\u00e9riaux l\u00e9gers de qualit\u00e9 sup\u00e9rieure, avec des \u00e9tag\u00e8res en acier vous permettant d\u2019y coller des bases magn\u00e9tiques.","breadcrumb":{"@id":"https:\/\/shop.army-case.com\/fr\/mallette-de-transport-de-figurines\/a-case-victory-2-0\/#breadcrumb"},"inLanguage":"fr-FR","potentialAction":[{"@type":"ReadAction","target":["https:\/\/shop.army-case.com\/fr\/mallette-de-transport-de-figurines\/a-case-victory-2-0\/"]}]},{"@type":"ImageObject","inLanguage":"fr-FR","@id":"https:\/\/shop.army-case.com\/fr\/mallette-de-transport-de-figurines\/a-case-victory-2-0\/#primaryimage","url":"https:\/\/shop.army-case.com\/wp-content\/uploads\/2024\/04\/magnetic-miniature-storage-a-case-victory-2-0-front-2.jpg","contentUrl":"https:\/\/shop.army-case.com\/wp-content\/uploads\/2024\/04\/magnetic-miniature-storage-a-case-victory-2-0-front-2.jpg","width":1000,"height":667,"caption":"magnetic miniature storage a case victory 2.0"},{"@type":"BreadcrumbList","@id":"https:\/\/shop.army-case.com\/fr\/mallette-de-transport-de-figurines\/a-case-victory-2-0\/#breadcrumb","itemListElement":[{"@type":"ListItem","position":1,"name":"Home","item":"https:\/\/shop.army-case.com\/fr\/"},{"@type":"ListItem","position":2,"name":"Shop","item":"https:\/\/shop.army-case.com\/fr\/shop\/"},{"@type":"ListItem","position":3,"name":"A-Case Victory 2.0"}]},{"@type":"WebSite","@id":"https:\/\/shop.army-case.com\/fr\/#website","url":"https:\/\/shop.army-case.com\/fr\/","name":"A-Case","description":"","potentialAction":[{"@type":"SearchAction","target":{"@type":"EntryPoint","urlTemplate":"https:\/\/shop.army-case.com\/fr\/?s={search_term_string}"},"query-input":{"@type":"PropertyValueSpecification","valueRequired":true,"valueName":"search_term_string"}}],"inLanguage":"fr-FR"}]}},"_links":{"self":[{"href":"https:\/\/shop.army-case.com\/fr\/wp-json\/wp\/v2\/product\/7913","targetHints":{"allow":["GET"]}}],"collection":[{"href":"https:\/\/shop.army-case.com\/fr\/wp-json\/wp\/v2\/product"}],"about":[{"href":"https:\/\/shop.army-case.com\/fr\/wp-json\/wp\/v2\/types\/product"}],"version-history":[{"count":0,"href":"https:\/\/shop.army-case.com\/fr\/wp-json\/wp\/v2\/product\/7913\/revisions"}],"wp:featuredmedia":[{"embeddable":true,"href":"https:\/\/shop.army-case.com\/fr\/wp-json\/wp\/v2\/media\/19496"}],"wp:attachment":[{"href":"https:\/\/shop.army-case.com\/fr\/wp-json\/wp\/v2\/media?parent=7913"}],"wp:term":[{"taxonomy":"product_brand","embeddable":true,"href":"https:\/\/shop.army-case.com\/fr\/wp-json\/wp\/v2\/product_brand?post=7913"},{"taxonomy":"product_cat","embeddable":true,"href":"https:\/\/shop.army-case.com\/fr\/wp-json\/wp\/v2\/product_cat?post=7913"},{"taxonomy":"product_tag","embeddable":true,"href":"https:\/\/shop.army-case.com\/fr\/wp-json\/wp\/v2\/product_tag?post=7913"}],"curies":[{"name":"wp","href":"https:\/\/api.w.org\/{rel}","templated":true}]}}