{"id":7897,"date":"2019-12-20T09:40:19","date_gmt":"2019-12-20T09:40:19","guid":{"rendered":"https:\/\/shop.army-case.com\/non%20class\u00e9\/7897\/"},"modified":"2026-04-21T18:50:32","modified_gmt":"2026-04-21T18:50:32","slug":"a-case-hybrid-messenger","status":"publish","type":"product","link":"https:\/\/shop.army-case.com\/fr\/mallette-de-transport-de-figurines\/a-case-hybrid-messenger\/","title":{"rendered":"A-Case Hybrid Messenger"},"content":{"rendered":"<p>Valise miniature de la taille d\u2019un bagage \u00e0 main d\u2019avion pour le transport. Fabriqu\u00e9 \u00e0 partir de mat\u00e9riaux l\u00e9gers de qualit\u00e9 sup\u00e9rieure, avec des \u00e9tag\u00e8res en acier qui vous permettent d\u2019y coller des bases magn\u00e9tiques. Parfait pour tous les types de figurines. Selon le magasin de jeux, jusqu\u2019\u00e0 quelques milliers de points d\u2019arm\u00e9e.<\/p>\n<p>Inclus dans l\u2019ensemble A-Case Hybrid Messenger :<\/p>\n<ul>\n<li>Cadre noir <strong>en aluminium enduit<\/strong> de poudre l\u00e9ger et durable<\/li>\n<li>3 x \u00e9tag\u00e8res <strong>noires<\/strong> en acier enduit de poudre<\/li>\n<li>6 x goupilles de verrouillage<\/li>\n<li>Sac en polyester de haute qualit\u00e9 avec bande velcro pour les patchs<\/li>\n<li>Dragonne<\/li>\n<li>Poche pour accessoires<\/li>\n<li>50 x aimants n\u00e9odyme puissants (5&#215;2 mm)<\/li>\n<\/ul>\n<p>Dimensions ext\u00e9rieures&nbsp;:<\/p>\n<ul>\n<li>Hauteur&nbsp;: 31,5cm \/ 12,4&nbsp;\u00bb<\/li>\n<li>Largeur&nbsp;: 40cm \/ 15,74&nbsp;\u00bb<\/li>\n<li>Profondeur&nbsp;: 21cm \/ 8,26&nbsp;\u00bb<\/li>\n<\/ul>\n<p>Dimensions ext\u00e9rieures de l\u2019enveloppe :<\/p>\n<ul>\n<li>Hauteur&nbsp;: 30,4cm<\/li>\n<li>Largeur&nbsp;: 40cm<\/li>\n<li>Profondeur&nbsp;: 19,7cm<\/li>\n<\/ul>\n<p>Dimensions internes du bo\u00eetier :<\/p>\n<ul>\n<li>Hauteur : 26,4 cm (de l\u2019\u00e9tag\u00e8re inf\u00e9rieure au haut du bo\u00eetier)<\/li>\n<li>Largeur&nbsp;: 35,5cm<\/li>\n<li>Profondeur&nbsp;: 19,2cm<\/li>\n<\/ul>\n<p>Dimensions du plateau :<\/p>\n<ul>\n<li>Largeur&nbsp;: 37,cm<\/li>\n<li>Profondeur&nbsp;: 18,9cm<\/li>\n<\/ul>\n<p>Les dimensions ci-dessus sont indicatives.<\/p>\n<p><strong>Poids&nbsp;:<\/strong> 2,45 kg<\/p>\n<p>Ce produit est livr\u00e9 non assembl\u00e9.<\/p>\n<h6>TOUTES LES PHOTOS PR\u00c9SENT\u00c9ES SONT \u00c0 TITRE D\u2019ILLUSTRATION UNIQUEMENT. LE PRODUIT R\u00c9EL PEUT VARIER EN RAISON DE L\u2019AM\u00c9LIORATION DU PRODUIT.<\/h6>\n","protected":false},"excerpt":{"rendered":"<p>Valise miniature de la taille d\u2019un bagage \u00e0 main d\u2019avion pour le transport. Fabriqu\u00e9 \u00e0 partir de mat\u00e9riaux l\u00e9gers de qualit\u00e9 sup\u00e9rieure, avec des \u00e9tag\u00e8res en acier qui vous permettent d\u2019y coller des bases magn\u00e9tiques. Parfait pour tous les types de figurines. Selon le magasin de jeux, jusqu\u2019\u00e0 quelques milliers de points d\u2019arm\u00e9e.<\/p>\n<p><span style=\"color: #00bf56;\">Livraison GRATUITE incluse &#8211; Dans le monde entier !<\/span><\/p>\n<p><strong><a href=\"https:\/\/www.youtube.com\/watch?v=5uj6a4dgGA8\">GUIDE DE MONTAGE<\/a><\/strong><\/p>\n<p><a href=\"https:\/\/www.facebook.com\/777101562375026\/videos\/1221465458061956\"><strong>Comment fixer les goupilles aux plateaux<\/strong><\/a><\/p>\n","protected":false},"featured_media":19467,"template":"","meta":[],"product_brand":[],"product_cat":[184],"product_tag":[],"class_list":{"0":"post-7897","1":"product","2":"type-product","3":"status-publish","4":"has-post-thumbnail","6":"product_cat-mallette-de-transport-de-figurines","7":"product_shipping_class-livraison-gratuite","9":"first","10":"instock","11":"purchasable","12":"product-type-variable"},"bundled_by":["15225"],"bundle_stock_status":"instock","bundle_stock_quantity":null,"bundle_virtual":false,"bundle_layout":"","bundle_add_to_cart_form_location":"","bundle_editable_in_cart":false,"bundle_sold_individually_context":"","bundle_item_grouping":"","bundle_min_size":"","bundle_max_size":"","bundle_price":[],"bundled_items":[],"bundle_sell_ids":[],"exclude_global_add_ons":false,"addons":[{"name":"Options suppl\u00e9mentaires","type":"checkbox","position":0,"required":false,"title_format":"label","default":"","description_enable":true,"description":"Messenger est livr\u00e9 avec trois \u00e9tag\u00e8res et non assembl\u00e9 par d\u00e9faut. Si vous avez besoin de plus d\u2019\u00e9tag\u00e8res \u00e0 l\u2019int\u00e9rieur, v\u00e9rifiez les options ci-dessous.","placeholder_enable":false,"placeholder":"","display":"select","restrictions_type":"any_text","adjust_price":false,"price":"","price_type":"flat_fee","restrictions":false,"min":"0","max":"0","options":[{"label":"+3 \u00e9tag\u00e8res suppl\u00e9mentaires","price":"11.36","price_type":"percentage_based","image":0,"visibility":true}],"id":1712299789},{"name":"Aimants!","type":"checkbox","position":1,"required":false,"title_format":"label","default":"","description_enable":true,"description":"Si vous avez besoin d\u2019aimants \u00e0 l\u2019int\u00e9rieur, v\u00e9rifiez les options ci-dessous. Dimensions - 5x2mm","placeholder_enable":false,"placeholder":"","display":"select","restrictions_type":"any_text","adjust_price":false,"price":"","price_type":"flat_fee","restrictions":false,"min":"0","max":"0","options":[{"label":"50 aimants n\u00e9odyme","price":"6","price_type":"percentage_based","image":0,"visibility":true},{"label":"100 aimants n\u00e9odyme","price":"10","price_type":"percentage_based","image":0,"visibility":true},{"label":"150 aimants n\u00e9odyme","price":"13.8","price_type":"percentage_based","image":0,"visibility":true},{"label":"200 aimants n\u00e9odyme","price":"16","price_type":"percentage_based","image":0,"visibility":true},{"label":"250 aimants n\u00e9odyme","price":"22.9","price_type":"percentage_based","image":0,"visibility":true}],"id":1712299790}],"yoast_head":"<!-- This site is optimized with the Yoast SEO plugin v27.3 - https:\/\/yoast.com\/product\/yoast-seo-wordpress\/ -->\n<title>A-Case Hybrid Messenger | \u00c9tui pour vos figurines | Cas A<\/title>\n<meta name=\"description\" content=\"Avez-vous d\u00e9j\u00e0 vu un bo\u00eetier miniature magn\u00e9tique ? Vous devriez jeter un coup d\u2019\u0153il \u00e0 nos produits A-Case ! N\u2019attendez pas, achetez-en un d\u00e8s maintenant. D\u00e9couvrez \u00e0 quel point Messenger est g\u00e9nial !\" \/>\n<meta name=\"robots\" content=\"index, follow, max-snippet:-1, max-image-preview:large, max-video-preview:-1\" \/>\n<link rel=\"canonical\" href=\"https:\/\/shop.army-case.com\/fr\/mallette-de-transport-de-figurines\/a-case-hybrid-messenger\/\" \/>\n<meta property=\"og:locale\" content=\"fr_FR\" \/>\n<meta property=\"og:type\" content=\"article\" \/>\n<meta property=\"og:title\" content=\"A-Case Hybrid Messenger | \u00c9tui pour vos figurines | Cas A\" \/>\n<meta property=\"og:description\" content=\"Avez-vous d\u00e9j\u00e0 vu un bo\u00eetier miniature magn\u00e9tique ? Vous devriez jeter un coup d\u2019\u0153il \u00e0 nos produits A-Case ! N\u2019attendez pas, achetez-en un d\u00e8s maintenant. D\u00e9couvrez \u00e0 quel point Messenger est g\u00e9nial !\" \/>\n<meta property=\"og:url\" content=\"https:\/\/shop.army-case.com\/fr\/mallette-de-transport-de-figurines\/a-case-hybrid-messenger\/\" \/>\n<meta property=\"og:site_name\" content=\"A-Case\" \/>\n<meta property=\"article:publisher\" content=\"https:\/\/www.facebook.com\/armycase\/\" \/>\n<meta property=\"article:modified_time\" content=\"2026-04-21T18:50:32+00:00\" \/>\n<meta property=\"og:image\" content=\"https:\/\/shop.army-case.com\/wp-content\/uploads\/2024\/04\/magnetic-carrying-case-for-miniatures-a-case-hybrid-messenger.jpeg\" \/>\n\t<meta property=\"og:image:width\" content=\"1200\" \/>\n\t<meta property=\"og:image:height\" content=\"801\" \/>\n\t<meta property=\"og:image:type\" content=\"image\/jpeg\" \/>\n<meta name=\"twitter:card\" content=\"summary_large_image\" \/>\n<meta name=\"twitter:label1\" content=\"Dur\u00e9e de lecture estim\u00e9e\" \/>\n\t<meta name=\"twitter:data1\" content=\"2 minutes\" \/>\n<script type=\"application\/ld+json\" class=\"yoast-schema-graph\">{\"@context\":\"https:\\\/\\\/schema.org\",\"@graph\":[{\"@type\":\"WebPage\",\"@id\":\"https:\\\/\\\/shop.army-case.com\\\/fr\\\/mallette-de-transport-de-figurines\\\/a-case-hybrid-messenger\\\/\",\"url\":\"https:\\\/\\\/shop.army-case.com\\\/fr\\\/mallette-de-transport-de-figurines\\\/a-case-hybrid-messenger\\\/\",\"name\":\"A-Case Hybrid Messenger | \u00c9tui pour vos figurines | Cas A\",\"isPartOf\":{\"@id\":\"https:\\\/\\\/shop.army-case.com\\\/fr\\\/#website\"},\"primaryImageOfPage\":{\"@id\":\"https:\\\/\\\/shop.army-case.com\\\/fr\\\/mallette-de-transport-de-figurines\\\/a-case-hybrid-messenger\\\/#primaryimage\"},\"image\":{\"@id\":\"https:\\\/\\\/shop.army-case.com\\\/fr\\\/mallette-de-transport-de-figurines\\\/a-case-hybrid-messenger\\\/#primaryimage\"},\"thumbnailUrl\":\"https:\\\/\\\/shop.army-case.com\\\/wp-content\\\/uploads\\\/2024\\\/04\\\/magnetic-carrying-case-for-miniatures-a-case-hybrid-messenger.jpeg\",\"datePublished\":\"2019-12-20T09:40:19+00:00\",\"dateModified\":\"2026-04-21T18:50:32+00:00\",\"description\":\"Avez-vous d\u00e9j\u00e0 vu un bo\u00eetier miniature magn\u00e9tique ? Vous devriez jeter un coup d\u2019\u0153il \u00e0 nos produits A-Case ! N\u2019attendez pas, achetez-en un d\u00e8s maintenant. D\u00e9couvrez \u00e0 quel point Messenger est g\u00e9nial !\",\"breadcrumb\":{\"@id\":\"https:\\\/\\\/shop.army-case.com\\\/fr\\\/mallette-de-transport-de-figurines\\\/a-case-hybrid-messenger\\\/#breadcrumb\"},\"inLanguage\":\"fr-FR\",\"potentialAction\":[{\"@type\":\"ReadAction\",\"target\":[\"https:\\\/\\\/shop.army-case.com\\\/fr\\\/mallette-de-transport-de-figurines\\\/a-case-hybrid-messenger\\\/\"]}]},{\"@type\":\"ImageObject\",\"inLanguage\":\"fr-FR\",\"@id\":\"https:\\\/\\\/shop.army-case.com\\\/fr\\\/mallette-de-transport-de-figurines\\\/a-case-hybrid-messenger\\\/#primaryimage\",\"url\":\"https:\\\/\\\/shop.army-case.com\\\/wp-content\\\/uploads\\\/2024\\\/04\\\/magnetic-carrying-case-for-miniatures-a-case-hybrid-messenger.jpeg\",\"contentUrl\":\"https:\\\/\\\/shop.army-case.com\\\/wp-content\\\/uploads\\\/2024\\\/04\\\/magnetic-carrying-case-for-miniatures-a-case-hybrid-messenger.jpeg\",\"width\":1200,\"height\":801,\"caption\":\"magnetic carrying case for miniatures a case hybrid messenger\"},{\"@type\":\"BreadcrumbList\",\"@id\":\"https:\\\/\\\/shop.army-case.com\\\/fr\\\/mallette-de-transport-de-figurines\\\/a-case-hybrid-messenger\\\/#breadcrumb\",\"itemListElement\":[{\"@type\":\"ListItem\",\"position\":1,\"name\":\"Home\",\"item\":\"https:\\\/\\\/shop.army-case.com\\\/fr\\\/\"},{\"@type\":\"ListItem\",\"position\":2,\"name\":\"Shop\",\"item\":\"https:\\\/\\\/shop.army-case.com\\\/fr\\\/shop\\\/\"},{\"@type\":\"ListItem\",\"position\":3,\"name\":\"A-Case Hybrid Messenger\"}]},{\"@type\":\"WebSite\",\"@id\":\"https:\\\/\\\/shop.army-case.com\\\/fr\\\/#website\",\"url\":\"https:\\\/\\\/shop.army-case.com\\\/fr\\\/\",\"name\":\"A-Case\",\"description\":\"\",\"potentialAction\":[{\"@type\":\"SearchAction\",\"target\":{\"@type\":\"EntryPoint\",\"urlTemplate\":\"https:\\\/\\\/shop.army-case.com\\\/fr\\\/?s={search_term_string}\"},\"query-input\":{\"@type\":\"PropertyValueSpecification\",\"valueRequired\":true,\"valueName\":\"search_term_string\"}}],\"inLanguage\":\"fr-FR\"}]}<\/script>\n<!-- \/ Yoast SEO plugin. -->","yoast_head_json":{"title":"A-Case Hybrid Messenger | \u00c9tui pour vos figurines | Cas A","description":"Avez-vous d\u00e9j\u00e0 vu un bo\u00eetier miniature magn\u00e9tique ? Vous devriez jeter un coup d\u2019\u0153il \u00e0 nos produits A-Case ! N\u2019attendez pas, achetez-en un d\u00e8s maintenant. D\u00e9couvrez \u00e0 quel point Messenger est g\u00e9nial !","robots":{"index":"index","follow":"follow","max-snippet":"max-snippet:-1","max-image-preview":"max-image-preview:large","max-video-preview":"max-video-preview:-1"},"canonical":"https:\/\/shop.army-case.com\/fr\/mallette-de-transport-de-figurines\/a-case-hybrid-messenger\/","og_locale":"fr_FR","og_type":"article","og_title":"A-Case Hybrid Messenger | \u00c9tui pour vos figurines | Cas A","og_description":"Avez-vous d\u00e9j\u00e0 vu un bo\u00eetier miniature magn\u00e9tique ? Vous devriez jeter un coup d\u2019\u0153il \u00e0 nos produits A-Case ! N\u2019attendez pas, achetez-en un d\u00e8s maintenant. D\u00e9couvrez \u00e0 quel point Messenger est g\u00e9nial !","og_url":"https:\/\/shop.army-case.com\/fr\/mallette-de-transport-de-figurines\/a-case-hybrid-messenger\/","og_site_name":"A-Case","article_publisher":"https:\/\/www.facebook.com\/armycase\/","article_modified_time":"2026-04-21T18:50:32+00:00","og_image":[{"width":1200,"height":801,"url":"https:\/\/shop.army-case.com\/wp-content\/uploads\/2024\/04\/magnetic-carrying-case-for-miniatures-a-case-hybrid-messenger.jpeg","type":"image\/jpeg"}],"twitter_card":"summary_large_image","twitter_misc":{"Dur\u00e9e de lecture estim\u00e9e":"2 minutes"},"schema":{"@context":"https:\/\/schema.org","@graph":[{"@type":"WebPage","@id":"https:\/\/shop.army-case.com\/fr\/mallette-de-transport-de-figurines\/a-case-hybrid-messenger\/","url":"https:\/\/shop.army-case.com\/fr\/mallette-de-transport-de-figurines\/a-case-hybrid-messenger\/","name":"A-Case Hybrid Messenger | \u00c9tui pour vos figurines | Cas A","isPartOf":{"@id":"https:\/\/shop.army-case.com\/fr\/#website"},"primaryImageOfPage":{"@id":"https:\/\/shop.army-case.com\/fr\/mallette-de-transport-de-figurines\/a-case-hybrid-messenger\/#primaryimage"},"image":{"@id":"https:\/\/shop.army-case.com\/fr\/mallette-de-transport-de-figurines\/a-case-hybrid-messenger\/#primaryimage"},"thumbnailUrl":"https:\/\/shop.army-case.com\/wp-content\/uploads\/2024\/04\/magnetic-carrying-case-for-miniatures-a-case-hybrid-messenger.jpeg","datePublished":"2019-12-20T09:40:19+00:00","dateModified":"2026-04-21T18:50:32+00:00","description":"Avez-vous d\u00e9j\u00e0 vu un bo\u00eetier miniature magn\u00e9tique ? Vous devriez jeter un coup d\u2019\u0153il \u00e0 nos produits A-Case ! N\u2019attendez pas, achetez-en un d\u00e8s maintenant. D\u00e9couvrez \u00e0 quel point Messenger est g\u00e9nial !","breadcrumb":{"@id":"https:\/\/shop.army-case.com\/fr\/mallette-de-transport-de-figurines\/a-case-hybrid-messenger\/#breadcrumb"},"inLanguage":"fr-FR","potentialAction":[{"@type":"ReadAction","target":["https:\/\/shop.army-case.com\/fr\/mallette-de-transport-de-figurines\/a-case-hybrid-messenger\/"]}]},{"@type":"ImageObject","inLanguage":"fr-FR","@id":"https:\/\/shop.army-case.com\/fr\/mallette-de-transport-de-figurines\/a-case-hybrid-messenger\/#primaryimage","url":"https:\/\/shop.army-case.com\/wp-content\/uploads\/2024\/04\/magnetic-carrying-case-for-miniatures-a-case-hybrid-messenger.jpeg","contentUrl":"https:\/\/shop.army-case.com\/wp-content\/uploads\/2024\/04\/magnetic-carrying-case-for-miniatures-a-case-hybrid-messenger.jpeg","width":1200,"height":801,"caption":"magnetic carrying case for miniatures a case hybrid messenger"},{"@type":"BreadcrumbList","@id":"https:\/\/shop.army-case.com\/fr\/mallette-de-transport-de-figurines\/a-case-hybrid-messenger\/#breadcrumb","itemListElement":[{"@type":"ListItem","position":1,"name":"Home","item":"https:\/\/shop.army-case.com\/fr\/"},{"@type":"ListItem","position":2,"name":"Shop","item":"https:\/\/shop.army-case.com\/fr\/shop\/"},{"@type":"ListItem","position":3,"name":"A-Case Hybrid Messenger"}]},{"@type":"WebSite","@id":"https:\/\/shop.army-case.com\/fr\/#website","url":"https:\/\/shop.army-case.com\/fr\/","name":"A-Case","description":"","potentialAction":[{"@type":"SearchAction","target":{"@type":"EntryPoint","urlTemplate":"https:\/\/shop.army-case.com\/fr\/?s={search_term_string}"},"query-input":{"@type":"PropertyValueSpecification","valueRequired":true,"valueName":"search_term_string"}}],"inLanguage":"fr-FR"}]}},"_links":{"self":[{"href":"https:\/\/shop.army-case.com\/fr\/wp-json\/wp\/v2\/product\/7897","targetHints":{"allow":["GET"]}}],"collection":[{"href":"https:\/\/shop.army-case.com\/fr\/wp-json\/wp\/v2\/product"}],"about":[{"href":"https:\/\/shop.army-case.com\/fr\/wp-json\/wp\/v2\/types\/product"}],"version-history":[{"count":0,"href":"https:\/\/shop.army-case.com\/fr\/wp-json\/wp\/v2\/product\/7897\/revisions"}],"wp:featuredmedia":[{"embeddable":true,"href":"https:\/\/shop.army-case.com\/fr\/wp-json\/wp\/v2\/media\/19467"}],"wp:attachment":[{"href":"https:\/\/shop.army-case.com\/fr\/wp-json\/wp\/v2\/media?parent=7897"}],"wp:term":[{"taxonomy":"product_brand","embeddable":true,"href":"https:\/\/shop.army-case.com\/fr\/wp-json\/wp\/v2\/product_brand?post=7897"},{"taxonomy":"product_cat","embeddable":true,"href":"https:\/\/shop.army-case.com\/fr\/wp-json\/wp\/v2\/product_cat?post=7897"},{"taxonomy":"product_tag","embeddable":true,"href":"https:\/\/shop.army-case.com\/fr\/wp-json\/wp\/v2\/product_tag?post=7897"}],"curies":[{"name":"wp","href":"https:\/\/api.w.org\/{rel}","templated":true}]}}