{"id":7878,"date":"2019-12-20T09:44:32","date_gmt":"2019-12-20T09:44:32","guid":{"rendered":"https:\/\/shop.army-case.com\/non%20class\u00e9\/a-case-hybride-le-kane\/"},"modified":"2026-04-17T12:16:31","modified_gmt":"2026-04-17T12:16:31","slug":"a-case-hybride-le-kane","status":"publish","type":"product","link":"https:\/\/shop.army-case.com\/fr\/mallette-de-transport-de-figurines\/a-case-hybride-le-kane\/","title":{"rendered":"A-Case Hybrid The Kane (Sac \u00e0 dos)"},"content":{"rendered":"<p>Probablement le plus grand bo\u00eetier de miniatures magn\u00e9tiques que vous ayez jamais vu. C\u2019est LITT\u00c9RALEMENT \u00c9NORME ! Fabriqu\u00e9 \u00e0 partir de mat\u00e9riaux l\u00e9gers de qualit\u00e9 sup\u00e9rieure, avec des \u00e9tag\u00e8res en acier qui vous permettent d\u2019y coller des bases magn\u00e9tiques. Parfait pour tous les types de figurines. Selon les magasins de jeux, jusqu\u2019\u00e0 quelques milliers de points d\u2019arm\u00e9e.<\/p>\n<p>Inclus dans l\u2019ensemble A-Case Hybrid The Kane :<\/p>\n<ul>\n<li>Cadre noir <strong>en aluminium enduit<\/strong> de poudre l\u00e9ger et durable<\/li>\n<li>3 x \u00e9tag\u00e8res <strong>noires<\/strong> en acier enduit de poudre<\/li>\n<li>6 x goupilles de verrouillage<\/li>\n<li>Sac en polyester de haute qualit\u00e9 dans la couleur choisie avec bande velcro pour les patchs<\/li>\n<li>Sangles de transport (sac \u00e0 dos)<\/li>\n<li>Poches pour accessoires<\/li>\n<li>50 x aimants n\u00e9odyme puissants (5&#215;2 mm)<\/li>\n<\/ul>\n<p>Dimensions ext\u00e9rieures\u00a0:<\/p>\n<ul>\n<li>Hauteur\u00a0: 56cm \/ 21\u00a0\u00bb<\/li>\n<li>Largeur\u00a0: 39,5cm \/ 15\u00a0\u00bb<\/li>\n<li>Profondeur\u00a0: 24cm \/ 9,44\u00a0\u00bb<\/li>\n<\/ul>\n<p>Dimensions ext\u00e9rieures de l\u2019enveloppe :<\/p>\n<ul>\n<li>Hauteur\u00a0: 55cm<\/li>\n<li>Largeur\u00a0: 39cm<\/li>\n<li>Profondeur\u00a0: 21,5cm<\/li>\n<\/ul>\n<p>Dimensions internes du bo\u00eetier :<\/p>\n<ul>\n<li>Hauteur\u00a0: 54,5cm (de l\u2019\u00e9tag\u00e8re inf\u00e9rieure au haut du bo\u00eetier)<\/li>\n<li>Largeur\u00a0: 35cm<\/li>\n<li>Profondeur\u00a0: 21,5cm<\/li>\n<\/ul>\n<p>Dimensions du plateau :<\/p>\n<ul>\n<li>Largeur\u00a0: 36,8cm<\/li>\n<li>Profondeur\u00a0: 20,9cm<\/li>\n<\/ul>\n<p>Veuillez noter que ces plateaux ne conviennent qu\u2019\u00e0 A-CASE Hybrid Kane et ne conviennent pas aux autres mod\u00e8les A-Case.<\/p>\n<p>Les dimensions ci-dessus sont indicatives.<\/p>\n<p><strong>Poids\u00a0:<\/strong> 4,4 kg<\/p>\n<h6>TOUTES LES PHOTOS PR\u00c9SENT\u00c9ES SONT \u00c0 TITRE D\u2019ILLUSTRATION UNIQUEMENT. LE PRODUIT R\u00c9EL PEUT VARIER EN RAISON DE L\u2019AM\u00c9LIORATION DU PRODUIT.<\/h6>\n","protected":false},"excerpt":{"rendered":"<p>Probablement le plus grand bo\u00eetier de miniatures magn\u00e9tiques que vous ayez jamais vu. C\u2019est LITT\u00c9RALEMENT \u00c9NORME ! Fabriqu\u00e9 \u00e0 partir de mat\u00e9riaux l\u00e9gers de qualit\u00e9 sup\u00e9rieure, avec des \u00e9tag\u00e8res en acier qui vous permettent d\u2019y coller des bases magn\u00e9tiques. Parfait pour tous les types de figurines. Selon les magasins de jeux, jusqu\u2019\u00e0 quelques milliers de points d\u2019arm\u00e9e.<\/p>\n<p><span style=\"color: #00bf56;\">Livraison GRATUITE incluse &#8211; Dans le monde entier !<\/span><\/p>\n<p><strong><a href=\"https:\/\/www.youtube.com\/watch?v=5uj6a4dgGA8\" rel=\"noreferrer noopener\">GUIDE DE MONTAGE<\/a><\/strong><\/p>\n<p><a href=\"https:\/\/www.facebook.com\/777101562375026\/videos\/1221465458061956\" rel=\"noreferrer noopener\"><strong>Comment fixer les goupilles aux plateaux<\/strong><\/a><\/p>\n","protected":false},"featured_media":19442,"template":"","meta":[],"product_brand":[],"product_cat":[184],"product_tag":[],"class_list":{"0":"post-7878","1":"product","2":"type-product","3":"status-publish","4":"has-post-thumbnail","6":"product_cat-mallette-de-transport-de-figurines","7":"product_shipping_class-livraison-gratuite","9":"first","10":"instock","11":"purchasable","12":"product-type-variable"},"bundled_by":[],"bundle_stock_status":"instock","bundle_stock_quantity":null,"bundle_virtual":false,"bundle_layout":"","bundle_add_to_cart_form_location":"","bundle_editable_in_cart":false,"bundle_sold_individually_context":"","bundle_item_grouping":"","bundle_min_size":"","bundle_max_size":"","bundle_price":[],"bundled_items":[],"bundle_sell_ids":[],"exclude_global_add_ons":false,"addons":[{"name":"Options suppl\u00e9mentaires","type":"checkbox","position":0,"required":false,"title_format":"label","default":"","description_enable":true,"description":"Kane est livr\u00e9 avec trois \u00e9tag\u00e8res et non assembl\u00e9 par d\u00e9faut. Si vous avez besoin de plus d\u2019\u00e9tag\u00e8res \u00e0 l\u2019int\u00e9rieur, v\u00e9rifiez les options ci-dessous.\r\n<b><span style=\"color:#F31C4D\">S\u00e9rieusement, nous vous recommandons vivement de prendre des plateaux suppl\u00e9mentaires pour utiliser le vrai pouvoir de Kane !<\/span><\/b>","placeholder_enable":false,"placeholder":"","display":"select","restrictions_type":"any_text","adjust_price":false,"price":"","price_type":"flat_fee","restrictions":false,"min":"0","max":"0","options":[{"label":"+3 \u00e9tag\u00e8res suppl\u00e9mentaires","price":"11.36","price_type":"percentage_based","image":0,"visibility":true}],"id":1716547378},{"name":"Aimants!","type":"checkbox","position":1,"required":false,"title_format":"label","default":"","description_enable":true,"description":"Si vous avez besoin d\u2019aimants \u00e0 l\u2019int\u00e9rieur, v\u00e9rifiez les options ci-dessous. Dimensions - 5x2mm","placeholder_enable":false,"placeholder":"","display":"select","restrictions_type":"any_text","adjust_price":false,"price":"","price_type":"flat_fee","restrictions":false,"min":"0","max":"0","options":[{"label":"50 aimants n\u00e9odyme","price":"4.4","price_type":"percentage_based","image":0,"visibility":true},{"label":"100 aimants n\u00e9odyme","price":"7.3","price_type":"percentage_based","image":0,"visibility":true},{"label":"150 aimants n\u00e9odyme","price":"10","price_type":"percentage_based","image":0,"visibility":true},{"label":"200 aimants n\u00e9odyme","price":"12","price_type":"percentage_based","image":0,"visibility":true},{"label":"250 aimants n\u00e9odyme","price":"16.4","price_type":"percentage_based","image":0,"visibility":true}],"id":1716547379}],"yoast_head":"<!-- This site is optimized with the Yoast SEO plugin v27.3 - https:\/\/yoast.com\/product\/yoast-seo-wordpress\/ -->\n<title>A-Case Hybrid The Kane (Sac \u00e0 dos) &#8211; Litt\u00e9ralement \u00e9norme cas<\/title>\n<meta name=\"description\" content=\"Avez-vous d\u00e9j\u00e0 vu un \u00e9tui miniature pouvant contenir jusqu\u2019\u00e0 des milliers de figurines ? Non? Alors consultez The Kane. C\u2019est \u00e9norme, l\u00e9ger - vous en avez besoin si votre arm\u00e9e est massive !\" \/>\n<meta name=\"robots\" content=\"index, follow, max-snippet:-1, max-image-preview:large, max-video-preview:-1\" \/>\n<link rel=\"canonical\" href=\"https:\/\/shop.army-case.com\/fr\/mallette-de-transport-de-figurines\/a-case-hybride-le-kane\/\" \/>\n<meta property=\"og:locale\" content=\"fr_FR\" \/>\n<meta property=\"og:type\" content=\"article\" \/>\n<meta property=\"og:title\" content=\"A-Case Hybrid The Kane (Sac \u00e0 dos) &#8211; Litt\u00e9ralement \u00e9norme cas\" \/>\n<meta property=\"og:description\" content=\"Avez-vous d\u00e9j\u00e0 vu un \u00e9tui miniature pouvant contenir jusqu\u2019\u00e0 des milliers de figurines ? Non? Alors consultez The Kane. C\u2019est \u00e9norme, l\u00e9ger - vous en avez besoin si votre arm\u00e9e est massive !\" \/>\n<meta property=\"og:url\" content=\"https:\/\/shop.army-case.com\/fr\/mallette-de-transport-de-figurines\/a-case-hybride-le-kane\/\" \/>\n<meta property=\"og:site_name\" content=\"A-Case\" \/>\n<meta property=\"article:publisher\" content=\"https:\/\/www.facebook.com\/armycase\/\" \/>\n<meta property=\"article:modified_time\" content=\"2026-04-17T12:16:31+00:00\" \/>\n<meta property=\"og:image\" content=\"https:\/\/shop.army-case.com\/wp-content\/uploads\/2024\/04\/magnetic-miniature-case-a-case-hybrid-the-kane-backpack.jpeg\" \/>\n\t<meta property=\"og:image:width\" content=\"1200\" \/>\n\t<meta property=\"og:image:height\" content=\"801\" \/>\n\t<meta property=\"og:image:type\" content=\"image\/jpeg\" \/>\n<meta name=\"twitter:card\" content=\"summary_large_image\" \/>\n<meta name=\"twitter:label1\" content=\"Dur\u00e9e de lecture estim\u00e9e\" \/>\n\t<meta name=\"twitter:data1\" content=\"2 minutes\" \/>\n<script type=\"application\/ld+json\" class=\"yoast-schema-graph\">{\"@context\":\"https:\\\/\\\/schema.org\",\"@graph\":[{\"@type\":\"WebPage\",\"@id\":\"https:\\\/\\\/shop.army-case.com\\\/fr\\\/mallette-de-transport-de-figurines\\\/a-case-hybride-le-kane\\\/\",\"url\":\"https:\\\/\\\/shop.army-case.com\\\/fr\\\/mallette-de-transport-de-figurines\\\/a-case-hybride-le-kane\\\/\",\"name\":\"A-Case Hybrid The Kane (Sac \u00e0 dos) &#8211; Litt\u00e9ralement \u00e9norme cas\",\"isPartOf\":{\"@id\":\"https:\\\/\\\/shop.army-case.com\\\/fr\\\/#website\"},\"primaryImageOfPage\":{\"@id\":\"https:\\\/\\\/shop.army-case.com\\\/fr\\\/mallette-de-transport-de-figurines\\\/a-case-hybride-le-kane\\\/#primaryimage\"},\"image\":{\"@id\":\"https:\\\/\\\/shop.army-case.com\\\/fr\\\/mallette-de-transport-de-figurines\\\/a-case-hybride-le-kane\\\/#primaryimage\"},\"thumbnailUrl\":\"https:\\\/\\\/shop.army-case.com\\\/wp-content\\\/uploads\\\/2024\\\/04\\\/magnetic-miniature-case-a-case-hybrid-the-kane-backpack.jpeg\",\"datePublished\":\"2019-12-20T09:44:32+00:00\",\"dateModified\":\"2026-04-17T12:16:31+00:00\",\"description\":\"Avez-vous d\u00e9j\u00e0 vu un \u00e9tui miniature pouvant contenir jusqu\u2019\u00e0 des milliers de figurines ? Non? Alors consultez The Kane. C\u2019est \u00e9norme, l\u00e9ger - vous en avez besoin si votre arm\u00e9e est massive !\",\"breadcrumb\":{\"@id\":\"https:\\\/\\\/shop.army-case.com\\\/fr\\\/mallette-de-transport-de-figurines\\\/a-case-hybride-le-kane\\\/#breadcrumb\"},\"inLanguage\":\"fr-FR\",\"potentialAction\":[{\"@type\":\"ReadAction\",\"target\":[\"https:\\\/\\\/shop.army-case.com\\\/fr\\\/mallette-de-transport-de-figurines\\\/a-case-hybride-le-kane\\\/\"]}]},{\"@type\":\"ImageObject\",\"inLanguage\":\"fr-FR\",\"@id\":\"https:\\\/\\\/shop.army-case.com\\\/fr\\\/mallette-de-transport-de-figurines\\\/a-case-hybride-le-kane\\\/#primaryimage\",\"url\":\"https:\\\/\\\/shop.army-case.com\\\/wp-content\\\/uploads\\\/2024\\\/04\\\/magnetic-miniature-case-a-case-hybrid-the-kane-backpack.jpeg\",\"contentUrl\":\"https:\\\/\\\/shop.army-case.com\\\/wp-content\\\/uploads\\\/2024\\\/04\\\/magnetic-miniature-case-a-case-hybrid-the-kane-backpack.jpeg\",\"width\":1200,\"height\":801,\"caption\":\"magnetic miniature case a case hybrid the kane backpack\"},{\"@type\":\"BreadcrumbList\",\"@id\":\"https:\\\/\\\/shop.army-case.com\\\/fr\\\/mallette-de-transport-de-figurines\\\/a-case-hybride-le-kane\\\/#breadcrumb\",\"itemListElement\":[{\"@type\":\"ListItem\",\"position\":1,\"name\":\"Home\",\"item\":\"https:\\\/\\\/shop.army-case.com\\\/fr\\\/\"},{\"@type\":\"ListItem\",\"position\":2,\"name\":\"Shop\",\"item\":\"https:\\\/\\\/shop.army-case.com\\\/fr\\\/shop\\\/\"},{\"@type\":\"ListItem\",\"position\":3,\"name\":\"A-Case Hybrid The Kane (Sac \u00e0 dos)\"}]},{\"@type\":\"WebSite\",\"@id\":\"https:\\\/\\\/shop.army-case.com\\\/fr\\\/#website\",\"url\":\"https:\\\/\\\/shop.army-case.com\\\/fr\\\/\",\"name\":\"A-Case\",\"description\":\"\",\"potentialAction\":[{\"@type\":\"SearchAction\",\"target\":{\"@type\":\"EntryPoint\",\"urlTemplate\":\"https:\\\/\\\/shop.army-case.com\\\/fr\\\/?s={search_term_string}\"},\"query-input\":{\"@type\":\"PropertyValueSpecification\",\"valueRequired\":true,\"valueName\":\"search_term_string\"}}],\"inLanguage\":\"fr-FR\"}]}<\/script>\n<!-- \/ Yoast SEO plugin. -->","yoast_head_json":{"title":"A-Case Hybrid The Kane (Sac \u00e0 dos) &#8211; Litt\u00e9ralement \u00e9norme cas","description":"Avez-vous d\u00e9j\u00e0 vu un \u00e9tui miniature pouvant contenir jusqu\u2019\u00e0 des milliers de figurines ? Non? Alors consultez The Kane. C\u2019est \u00e9norme, l\u00e9ger - vous en avez besoin si votre arm\u00e9e est massive !","robots":{"index":"index","follow":"follow","max-snippet":"max-snippet:-1","max-image-preview":"max-image-preview:large","max-video-preview":"max-video-preview:-1"},"canonical":"https:\/\/shop.army-case.com\/fr\/mallette-de-transport-de-figurines\/a-case-hybride-le-kane\/","og_locale":"fr_FR","og_type":"article","og_title":"A-Case Hybrid The Kane (Sac \u00e0 dos) &#8211; Litt\u00e9ralement \u00e9norme cas","og_description":"Avez-vous d\u00e9j\u00e0 vu un \u00e9tui miniature pouvant contenir jusqu\u2019\u00e0 des milliers de figurines ? Non? Alors consultez The Kane. C\u2019est \u00e9norme, l\u00e9ger - vous en avez besoin si votre arm\u00e9e est massive !","og_url":"https:\/\/shop.army-case.com\/fr\/mallette-de-transport-de-figurines\/a-case-hybride-le-kane\/","og_site_name":"A-Case","article_publisher":"https:\/\/www.facebook.com\/armycase\/","article_modified_time":"2026-04-17T12:16:31+00:00","og_image":[{"width":1200,"height":801,"url":"https:\/\/shop.army-case.com\/wp-content\/uploads\/2024\/04\/magnetic-miniature-case-a-case-hybrid-the-kane-backpack.jpeg","type":"image\/jpeg"}],"twitter_card":"summary_large_image","twitter_misc":{"Dur\u00e9e de lecture estim\u00e9e":"2 minutes"},"schema":{"@context":"https:\/\/schema.org","@graph":[{"@type":"WebPage","@id":"https:\/\/shop.army-case.com\/fr\/mallette-de-transport-de-figurines\/a-case-hybride-le-kane\/","url":"https:\/\/shop.army-case.com\/fr\/mallette-de-transport-de-figurines\/a-case-hybride-le-kane\/","name":"A-Case Hybrid The Kane (Sac \u00e0 dos) &#8211; Litt\u00e9ralement \u00e9norme cas","isPartOf":{"@id":"https:\/\/shop.army-case.com\/fr\/#website"},"primaryImageOfPage":{"@id":"https:\/\/shop.army-case.com\/fr\/mallette-de-transport-de-figurines\/a-case-hybride-le-kane\/#primaryimage"},"image":{"@id":"https:\/\/shop.army-case.com\/fr\/mallette-de-transport-de-figurines\/a-case-hybride-le-kane\/#primaryimage"},"thumbnailUrl":"https:\/\/shop.army-case.com\/wp-content\/uploads\/2024\/04\/magnetic-miniature-case-a-case-hybrid-the-kane-backpack.jpeg","datePublished":"2019-12-20T09:44:32+00:00","dateModified":"2026-04-17T12:16:31+00:00","description":"Avez-vous d\u00e9j\u00e0 vu un \u00e9tui miniature pouvant contenir jusqu\u2019\u00e0 des milliers de figurines ? Non? Alors consultez The Kane. C\u2019est \u00e9norme, l\u00e9ger - vous en avez besoin si votre arm\u00e9e est massive !","breadcrumb":{"@id":"https:\/\/shop.army-case.com\/fr\/mallette-de-transport-de-figurines\/a-case-hybride-le-kane\/#breadcrumb"},"inLanguage":"fr-FR","potentialAction":[{"@type":"ReadAction","target":["https:\/\/shop.army-case.com\/fr\/mallette-de-transport-de-figurines\/a-case-hybride-le-kane\/"]}]},{"@type":"ImageObject","inLanguage":"fr-FR","@id":"https:\/\/shop.army-case.com\/fr\/mallette-de-transport-de-figurines\/a-case-hybride-le-kane\/#primaryimage","url":"https:\/\/shop.army-case.com\/wp-content\/uploads\/2024\/04\/magnetic-miniature-case-a-case-hybrid-the-kane-backpack.jpeg","contentUrl":"https:\/\/shop.army-case.com\/wp-content\/uploads\/2024\/04\/magnetic-miniature-case-a-case-hybrid-the-kane-backpack.jpeg","width":1200,"height":801,"caption":"magnetic miniature case a case hybrid the kane backpack"},{"@type":"BreadcrumbList","@id":"https:\/\/shop.army-case.com\/fr\/mallette-de-transport-de-figurines\/a-case-hybride-le-kane\/#breadcrumb","itemListElement":[{"@type":"ListItem","position":1,"name":"Home","item":"https:\/\/shop.army-case.com\/fr\/"},{"@type":"ListItem","position":2,"name":"Shop","item":"https:\/\/shop.army-case.com\/fr\/shop\/"},{"@type":"ListItem","position":3,"name":"A-Case Hybrid The Kane (Sac \u00e0 dos)"}]},{"@type":"WebSite","@id":"https:\/\/shop.army-case.com\/fr\/#website","url":"https:\/\/shop.army-case.com\/fr\/","name":"A-Case","description":"","potentialAction":[{"@type":"SearchAction","target":{"@type":"EntryPoint","urlTemplate":"https:\/\/shop.army-case.com\/fr\/?s={search_term_string}"},"query-input":{"@type":"PropertyValueSpecification","valueRequired":true,"valueName":"search_term_string"}}],"inLanguage":"fr-FR"}]}},"_links":{"self":[{"href":"https:\/\/shop.army-case.com\/fr\/wp-json\/wp\/v2\/product\/7878","targetHints":{"allow":["GET"]}}],"collection":[{"href":"https:\/\/shop.army-case.com\/fr\/wp-json\/wp\/v2\/product"}],"about":[{"href":"https:\/\/shop.army-case.com\/fr\/wp-json\/wp\/v2\/types\/product"}],"version-history":[{"count":0,"href":"https:\/\/shop.army-case.com\/fr\/wp-json\/wp\/v2\/product\/7878\/revisions"}],"wp:featuredmedia":[{"embeddable":true,"href":"https:\/\/shop.army-case.com\/fr\/wp-json\/wp\/v2\/media\/19442"}],"wp:attachment":[{"href":"https:\/\/shop.army-case.com\/fr\/wp-json\/wp\/v2\/media?parent=7878"}],"wp:term":[{"taxonomy":"product_brand","embeddable":true,"href":"https:\/\/shop.army-case.com\/fr\/wp-json\/wp\/v2\/product_brand?post=7878"},{"taxonomy":"product_cat","embeddable":true,"href":"https:\/\/shop.army-case.com\/fr\/wp-json\/wp\/v2\/product_cat?post=7878"},{"taxonomy":"product_tag","embeddable":true,"href":"https:\/\/shop.army-case.com\/fr\/wp-json\/wp\/v2\/product_tag?post=7878"}],"curies":[{"name":"wp","href":"https:\/\/api.w.org\/{rel}","templated":true}]}}