{"id":21910,"date":"2024-12-19T10:07:10","date_gmt":"2024-12-19T10:07:10","guid":{"rendered":"https:\/\/shop.army-case.com\/?post_type=product&#038;p=21910"},"modified":"2025-01-17T13:52:41","modified_gmt":"2025-01-17T13:52:41","slug":"pack-de-colle-pour-passe-temps","status":"publish","type":"product","link":"https:\/\/shop.army-case.com\/fr\/accessoires\/pack-de-colle-pour-passe-temps\/","title":{"rendered":"Pack de colle pour passe-temps"},"content":{"rendered":"<p>Le Glue Hobby Pack comprend cinq bouteilles (20 g chacune) de notre excellente colle. <\/p>\n","protected":false},"excerpt":{"rendered":"<p>Adh\u00e9sif cyanoacrylate moyen BONDS&nbsp;: M\u00e9tal, Bois, C\u00e9ramique, Cuir, Papier, Caoutchouc, certains plastiques<\/p>\n<p>Application&nbsp;: Appliquez la colle sur une surface s\u00e8che et propre. Appuyez sur les morceaux ensemble pendant 10 \u00e0 40 secondes. Formera une liaison solide dans les 24 heures.  <\/p>\n<p>AVERTISSEMENT! Peut provoquer une irritation cutan\u00e9e, une irritation oculaire grave, des l\u00e9sions respiratoires. \u00c9vitez de respirer des brouillards, des vapeurs, des a\u00e9rosols et des vapeurs contenant ce produit. Utilisation dans un endroit bien ventil\u00e9. EN CAS DE CONTACT AVEC LA PEAU : Laver abondamment \u00e0 l\u2019eau ! EN CAS DE VEILLE : Rincer avec pr\u00e9caution \u00e0 l\u2019eau pendant plusieurs minutes. EN CAS D\u2019INHALATION : Amener la personne \u00e0 l\u2019air libre et la garder \u00e0 l\u2019aise pour respirer. En cas d\u2019accident ou si vous ne vous sentez pas bien, consultez un m\u00e9decin.<br \/>\nNICHT: Den Inhalt der Flasche trinken oder essen. Verwenden Sie es NICHT an irgendeinem K\u00f6rperteil!<\/p>\n","protected":false},"featured_media":22062,"template":"","meta":[],"product_brand":[],"product_cat":[233],"product_tag":[],"class_list":{"0":"post-21910","1":"product","2":"type-product","3":"status-publish","4":"has-post-thumbnail","6":"product_cat-accessoires","7":"product_shipping_class-livraison-gratuite","9":"first","10":"instock","11":"shipping-taxable","12":"purchasable","13":"product-type-simple"},"bundled_by":[],"bundle_stock_status":"instock","bundle_stock_quantity":null,"bundle_virtual":false,"bundle_layout":"","bundle_add_to_cart_form_location":"","bundle_editable_in_cart":false,"bundle_sold_individually_context":"","bundle_item_grouping":"","bundle_min_size":"","bundle_max_size":"","bundle_price":[],"bundled_items":[],"bundle_sell_ids":[],"exclude_global_add_ons":false,"addons":[{"name":"Aimants!","type":"checkbox","position":0,"required":false,"title_format":"heading","default":"","description_enable":true,"description":"Si vous avez besoin d\u2019aimants \u00e0 l\u2019int\u00e9rieur, v\u00e9rifiez les options ci-dessous. Dimensions - 5x2mm","placeholder_enable":false,"placeholder":"","display":"select","restrictions_type":"any_text","adjust_price":false,"price":"","price_type":"flat_fee","restrictions":false,"min":"0","max":"0","options":[{"label":"50 aimants n\u00e9odyme","price":"58.82","price_type":"percentage_based","image":0,"visibility":true},{"label":"100 aimants n\u00e9odyme","price":"98.04","price_type":"percentage_based","image":0,"visibility":true},{"label":"150 aimants n\u00e9odyme","price":"132.35","price_type":"percentage_based","image":0,"visibility":true},{"label":"200 aimants n\u00e9odyme","price":"156.86","price_type":"percentage_based","image":0,"visibility":true},{"label":"250 aimants n\u00e9odyme","price":"220.59","price_type":"percentage_based","image":0,"visibility":true}],"id":1737121962}],"yoast_head":"<!-- This site is optimized with the Yoast SEO plugin v27.3 - https:\/\/yoast.com\/product\/yoast-seo-wordpress\/ -->\n<title>Pack de colle pour passe-temps &#8211; A-Case<\/title>\n<meta name=\"robots\" content=\"noindex, follow\" \/>\n<meta property=\"og:locale\" content=\"fr_FR\" \/>\n<meta property=\"og:type\" content=\"article\" \/>\n<meta property=\"og:title\" content=\"Pack de colle pour passe-temps &#8211; A-Case\" \/>\n<meta property=\"og:description\" content=\"Adh\u00e9sif cyanoacrylate moyen BONDS&nbsp;: M\u00e9tal, Bois, C\u00e9ramique, Cuir, Papier, Caoutchouc, certains plastiques      Application&nbsp;: Appliquez la colle sur une surface s\u00e8che et propre. Appuyez sur les morceaux ensemble pendant 10 \u00e0 40 secondes. Formera une liaison solide dans les 24 heures.     AVERTISSEMENT! Peut provoquer une irritation cutan\u00e9e, une irritation oculaire grave, des l\u00e9sions respiratoires. \u00c9vitez de respirer des brouillards, des vapeurs, des a\u00e9rosols et des vapeurs contenant ce produit. Utilisation dans un endroit bien ventil\u00e9. EN CAS DE CONTACT AVEC LA PEAU : Laver abondamment \u00e0 l\u2019eau ! EN CAS DE VEILLE : Rincer avec pr\u00e9caution \u00e0 l\u2019eau pendant plusieurs minutes. EN CAS D\u2019INHALATION : Amener la personne \u00e0 l\u2019air libre et la garder \u00e0 l\u2019aise pour respirer. En cas d\u2019accident ou si vous ne vous sentez pas bien, consultez un m\u00e9decin. NICHT: Den Inhalt der Flasche trinken oder essen. Verwenden Sie es NICHT an irgendeinem K\u00f6rperteil!\" \/>\n<meta property=\"og:url\" content=\"https:\/\/shop.army-case.com\/fr\/accessoires\/pack-de-colle-pour-passe-temps\/\" \/>\n<meta property=\"og:site_name\" content=\"A-Case\" \/>\n<meta property=\"article:publisher\" content=\"https:\/\/www.facebook.com\/armycase\/\" \/>\n<meta property=\"article:modified_time\" content=\"2025-01-17T13:52:41+00:00\" \/>\n<meta property=\"og:image\" content=\"https:\/\/shop.army-case.com\/wp-content\/uploads\/2024\/12\/glue-1024x777.png\" \/>\n\t<meta property=\"og:image:width\" content=\"1024\" \/>\n\t<meta property=\"og:image:height\" content=\"777\" \/>\n\t<meta property=\"og:image:type\" content=\"image\/png\" \/>\n<meta name=\"twitter:card\" content=\"summary_large_image\" \/>\n<meta name=\"twitter:label1\" content=\"Dur\u00e9e de lecture estim\u00e9e\" \/>\n\t<meta name=\"twitter:data1\" content=\"1 minute\" \/>\n<script type=\"application\/ld+json\" class=\"yoast-schema-graph\">{\"@context\":\"https:\\\/\\\/schema.org\",\"@graph\":[{\"@type\":\"WebPage\",\"@id\":\"https:\\\/\\\/shop.army-case.com\\\/fr\\\/accessoires\\\/pack-de-colle-pour-passe-temps\\\/\",\"url\":\"https:\\\/\\\/shop.army-case.com\\\/fr\\\/accessoires\\\/pack-de-colle-pour-passe-temps\\\/\",\"name\":\"Pack de colle pour passe-temps &#8211; A-Case\",\"isPartOf\":{\"@id\":\"https:\\\/\\\/shop.army-case.com\\\/fr\\\/#website\"},\"primaryImageOfPage\":{\"@id\":\"https:\\\/\\\/shop.army-case.com\\\/fr\\\/accessoires\\\/pack-de-colle-pour-passe-temps\\\/#primaryimage\"},\"image\":{\"@id\":\"https:\\\/\\\/shop.army-case.com\\\/fr\\\/accessoires\\\/pack-de-colle-pour-passe-temps\\\/#primaryimage\"},\"thumbnailUrl\":\"https:\\\/\\\/shop.army-case.com\\\/wp-content\\\/uploads\\\/2024\\\/12\\\/glue.png\",\"datePublished\":\"2024-12-19T10:07:10+00:00\",\"dateModified\":\"2025-01-17T13:52:41+00:00\",\"breadcrumb\":{\"@id\":\"https:\\\/\\\/shop.army-case.com\\\/fr\\\/accessoires\\\/pack-de-colle-pour-passe-temps\\\/#breadcrumb\"},\"inLanguage\":\"fr-FR\",\"potentialAction\":[{\"@type\":\"ReadAction\",\"target\":[\"https:\\\/\\\/shop.army-case.com\\\/fr\\\/accessoires\\\/pack-de-colle-pour-passe-temps\\\/\"]}]},{\"@type\":\"ImageObject\",\"inLanguage\":\"fr-FR\",\"@id\":\"https:\\\/\\\/shop.army-case.com\\\/fr\\\/accessoires\\\/pack-de-colle-pour-passe-temps\\\/#primaryimage\",\"url\":\"https:\\\/\\\/shop.army-case.com\\\/wp-content\\\/uploads\\\/2024\\\/12\\\/glue.png\",\"contentUrl\":\"https:\\\/\\\/shop.army-case.com\\\/wp-content\\\/uploads\\\/2024\\\/12\\\/glue.png\",\"width\":1717,\"height\":1303},{\"@type\":\"BreadcrumbList\",\"@id\":\"https:\\\/\\\/shop.army-case.com\\\/fr\\\/accessoires\\\/pack-de-colle-pour-passe-temps\\\/#breadcrumb\",\"itemListElement\":[{\"@type\":\"ListItem\",\"position\":1,\"name\":\"Home\",\"item\":\"https:\\\/\\\/shop.army-case.com\\\/fr\\\/\"},{\"@type\":\"ListItem\",\"position\":2,\"name\":\"Shop\",\"item\":\"https:\\\/\\\/shop.army-case.com\\\/fr\\\/shop\\\/\"},{\"@type\":\"ListItem\",\"position\":3,\"name\":\"Pack de colle pour passe-temps\"}]},{\"@type\":\"WebSite\",\"@id\":\"https:\\\/\\\/shop.army-case.com\\\/fr\\\/#website\",\"url\":\"https:\\\/\\\/shop.army-case.com\\\/fr\\\/\",\"name\":\"A-Case\",\"description\":\"\",\"potentialAction\":[{\"@type\":\"SearchAction\",\"target\":{\"@type\":\"EntryPoint\",\"urlTemplate\":\"https:\\\/\\\/shop.army-case.com\\\/fr\\\/?s={search_term_string}\"},\"query-input\":{\"@type\":\"PropertyValueSpecification\",\"valueRequired\":true,\"valueName\":\"search_term_string\"}}],\"inLanguage\":\"fr-FR\"}]}<\/script>\n<!-- \/ Yoast SEO plugin. -->","yoast_head_json":{"title":"Pack de colle pour passe-temps &#8211; A-Case","robots":{"index":"noindex","follow":"follow"},"og_locale":"fr_FR","og_type":"article","og_title":"Pack de colle pour passe-temps &#8211; A-Case","og_description":"Adh\u00e9sif cyanoacrylate moyen BONDS&nbsp;: M\u00e9tal, Bois, C\u00e9ramique, Cuir, Papier, Caoutchouc, certains plastiques      Application&nbsp;: Appliquez la colle sur une surface s\u00e8che et propre. Appuyez sur les morceaux ensemble pendant 10 \u00e0 40 secondes. Formera une liaison solide dans les 24 heures.     AVERTISSEMENT! Peut provoquer une irritation cutan\u00e9e, une irritation oculaire grave, des l\u00e9sions respiratoires. \u00c9vitez de respirer des brouillards, des vapeurs, des a\u00e9rosols et des vapeurs contenant ce produit. Utilisation dans un endroit bien ventil\u00e9. EN CAS DE CONTACT AVEC LA PEAU : Laver abondamment \u00e0 l\u2019eau ! EN CAS DE VEILLE : Rincer avec pr\u00e9caution \u00e0 l\u2019eau pendant plusieurs minutes. EN CAS D\u2019INHALATION : Amener la personne \u00e0 l\u2019air libre et la garder \u00e0 l\u2019aise pour respirer. En cas d\u2019accident ou si vous ne vous sentez pas bien, consultez un m\u00e9decin. NICHT: Den Inhalt der Flasche trinken oder essen. Verwenden Sie es NICHT an irgendeinem K\u00f6rperteil!","og_url":"https:\/\/shop.army-case.com\/fr\/accessoires\/pack-de-colle-pour-passe-temps\/","og_site_name":"A-Case","article_publisher":"https:\/\/www.facebook.com\/armycase\/","article_modified_time":"2025-01-17T13:52:41+00:00","og_image":[{"width":1024,"height":777,"url":"https:\/\/shop.army-case.com\/wp-content\/uploads\/2024\/12\/glue-1024x777.png","type":"image\/png"}],"twitter_card":"summary_large_image","twitter_misc":{"Dur\u00e9e de lecture estim\u00e9e":"1 minute"},"schema":{"@context":"https:\/\/schema.org","@graph":[{"@type":"WebPage","@id":"https:\/\/shop.army-case.com\/fr\/accessoires\/pack-de-colle-pour-passe-temps\/","url":"https:\/\/shop.army-case.com\/fr\/accessoires\/pack-de-colle-pour-passe-temps\/","name":"Pack de colle pour passe-temps &#8211; A-Case","isPartOf":{"@id":"https:\/\/shop.army-case.com\/fr\/#website"},"primaryImageOfPage":{"@id":"https:\/\/shop.army-case.com\/fr\/accessoires\/pack-de-colle-pour-passe-temps\/#primaryimage"},"image":{"@id":"https:\/\/shop.army-case.com\/fr\/accessoires\/pack-de-colle-pour-passe-temps\/#primaryimage"},"thumbnailUrl":"https:\/\/shop.army-case.com\/wp-content\/uploads\/2024\/12\/glue.png","datePublished":"2024-12-19T10:07:10+00:00","dateModified":"2025-01-17T13:52:41+00:00","breadcrumb":{"@id":"https:\/\/shop.army-case.com\/fr\/accessoires\/pack-de-colle-pour-passe-temps\/#breadcrumb"},"inLanguage":"fr-FR","potentialAction":[{"@type":"ReadAction","target":["https:\/\/shop.army-case.com\/fr\/accessoires\/pack-de-colle-pour-passe-temps\/"]}]},{"@type":"ImageObject","inLanguage":"fr-FR","@id":"https:\/\/shop.army-case.com\/fr\/accessoires\/pack-de-colle-pour-passe-temps\/#primaryimage","url":"https:\/\/shop.army-case.com\/wp-content\/uploads\/2024\/12\/glue.png","contentUrl":"https:\/\/shop.army-case.com\/wp-content\/uploads\/2024\/12\/glue.png","width":1717,"height":1303},{"@type":"BreadcrumbList","@id":"https:\/\/shop.army-case.com\/fr\/accessoires\/pack-de-colle-pour-passe-temps\/#breadcrumb","itemListElement":[{"@type":"ListItem","position":1,"name":"Home","item":"https:\/\/shop.army-case.com\/fr\/"},{"@type":"ListItem","position":2,"name":"Shop","item":"https:\/\/shop.army-case.com\/fr\/shop\/"},{"@type":"ListItem","position":3,"name":"Pack de colle pour passe-temps"}]},{"@type":"WebSite","@id":"https:\/\/shop.army-case.com\/fr\/#website","url":"https:\/\/shop.army-case.com\/fr\/","name":"A-Case","description":"","potentialAction":[{"@type":"SearchAction","target":{"@type":"EntryPoint","urlTemplate":"https:\/\/shop.army-case.com\/fr\/?s={search_term_string}"},"query-input":{"@type":"PropertyValueSpecification","valueRequired":true,"valueName":"search_term_string"}}],"inLanguage":"fr-FR"}]}},"_links":{"self":[{"href":"https:\/\/shop.army-case.com\/fr\/wp-json\/wp\/v2\/product\/21910","targetHints":{"allow":["GET"]}}],"collection":[{"href":"https:\/\/shop.army-case.com\/fr\/wp-json\/wp\/v2\/product"}],"about":[{"href":"https:\/\/shop.army-case.com\/fr\/wp-json\/wp\/v2\/types\/product"}],"version-history":[{"count":0,"href":"https:\/\/shop.army-case.com\/fr\/wp-json\/wp\/v2\/product\/21910\/revisions"}],"wp:featuredmedia":[{"embeddable":true,"href":"https:\/\/shop.army-case.com\/fr\/wp-json\/wp\/v2\/media\/22062"}],"wp:attachment":[{"href":"https:\/\/shop.army-case.com\/fr\/wp-json\/wp\/v2\/media?parent=21910"}],"wp:term":[{"taxonomy":"product_brand","embeddable":true,"href":"https:\/\/shop.army-case.com\/fr\/wp-json\/wp\/v2\/product_brand?post=21910"},{"taxonomy":"product_cat","embeddable":true,"href":"https:\/\/shop.army-case.com\/fr\/wp-json\/wp\/v2\/product_cat?post=21910"},{"taxonomy":"product_tag","embeddable":true,"href":"https:\/\/shop.army-case.com\/fr\/wp-json\/wp\/v2\/product_tag?post=21910"}],"curies":[{"name":"wp","href":"https:\/\/api.w.org\/{rel}","templated":true}]}}