{"id":20169,"date":"2024-04-26T11:57:14","date_gmt":"2024-04-26T11:57:14","guid":{"rendered":"https:\/\/shop.army-case.com\/?post_type=product&#038;p=20169"},"modified":"2024-05-24T09:29:48","modified_gmt":"2024-05-24T09:29:48","slug":"station-de-peinture-portable","status":"publish","type":"product","link":"https:\/\/shop.army-case.com\/fr\/accessoires\/station-de-peinture-portable\/","title":{"rendered":"Station de peinture portable"},"content":{"rendered":"<p>Outre le bo\u00eetier <a href=\"https:\/\/shop.army-case.com\/miniature-carrying-case\/a-case-victory-2-0\/\"><span style=\"font-weight: 400;\">Victory 2.0<\/span><\/a> <span style=\"font-weight: 400;\">enti\u00e8rement \u00e9quip\u00e9 <\/span><span style=\"font-weight: 400;\"> , l\u2019ensemble est livr\u00e9 avec :<\/span><\/p>\n<ul>\n<li><span style=\"font-weight: 400;\">Deux feux sup\u00e9rieurs \u00e0 LED amovibles avec supports \u00e0 encliqueter appropri\u00e9s.<\/span><\/li>\n<li><span style=\"font-weight: 400;\">Deux feux avant \u00e0 LED amovibles avec supports aimant\u00e9s.<\/span><\/li>\n<li><span style=\"font-weight: 400;\">Fond photographique avec montures magn\u00e9tiques amovibles.<\/span><\/li>\n<li><span style=\"font-weight: 400;\">Support ext\u00e9rieur \u00e0 base de velcro de fond photographique.<\/span><\/li>\n<li><span style=\"font-weight: 400;\">Gobelet \u00e0 eau magn\u00e9tique.<\/span><\/li>\n<li><span style=\"font-weight: 400;\">Bo\u00eete de transport magn\u00e9tique pour accessoires \/ peintures.<\/span><\/li>\n<li><span style=\"font-weight: 400;\">Extension de l\u2019\u00e9tag\u00e8re au plateau.<\/span><\/li>\n<\/ul>\n","protected":false},"excerpt":{"rendered":"<p><span style=\"font-weight: 400;\">La station de peinture portable est un ensemble d\u2019extensions pour<\/span><a href=\"https:\/\/shop.army-case.com\/miniature-carrying-case\/a-case-victory-2-0\/\"><span style=\"font-weight: 400;\">l\u2019A-Case Victory 2.0<\/span><\/a><span style=\"font-weight: 400;\">, transformant cette mallette de transport miniature compacte en un atelier de loisirs mobile.<\/span><\/p>\n","protected":false},"featured_media":20193,"template":"","meta":[],"product_brand":[],"product_cat":[233],"product_tag":[],"class_list":{"0":"post-20169","1":"product","2":"type-product","3":"status-publish","4":"has-post-thumbnail","6":"product_cat-accessoires","7":"product_shipping_class-livraison-gratuite","9":"first","10":"instock","11":"shipping-taxable","12":"purchasable","13":"product-type-bundle"},"bundled_by":[],"bundle_stock_status":"instock","bundle_stock_quantity":42,"bundle_virtual":false,"bundle_layout":"default","bundle_add_to_cart_form_location":"default","bundle_editable_in_cart":false,"bundle_sold_individually_context":"product","bundle_item_grouping":"noindent","bundle_min_size":"","bundle_max_size":"","bundle_price":{"price":{"min":{"incl_tax":"990","excl_tax":"990"},"max":{"incl_tax":"990","excl_tax":"990"}},"regular_price":{"min":{"incl_tax":"990","excl_tax":"990"},"max":{"incl_tax":"990","excl_tax":"990"}}},"bundled_items":[{"bundled_item_id":14,"product_id":7913,"menu_order":0,"quantity_min":1,"quantity_max":1,"quantity_default":1,"priced_individually":false,"shipped_individually":false,"override_title":false,"title":"A-Case Victory 2.0","override_description":true,"description":"A-Case Victory 2.0","optional":false,"hide_thumbnail":true,"discount":"","override_variations":false,"allowed_variations":[""],"override_default_variation_attributes":false,"default_variation_attributes":[],"single_product_visibility":"visible","cart_visibility":"visible","order_visibility":"visible","single_product_price_visibility":"visible","cart_price_visibility":"visible","order_price_visibility":"visible","stock_status":"in_stock"}],"bundle_sell_ids":[],"exclude_global_add_ons":false,"addons":[{"name":"Colle CA","type":"checkbox","position":0,"required":false,"title_format":"label","default":"","description_enable":false,"description":"","placeholder_enable":false,"placeholder":"","display":"select","restrictions_type":"any_text","adjust_price":false,"price":"","price_type":"flat_fee","restrictions":false,"min":"0","max":"0","options":[{"label":"1x 20 g de colle CA","price":"2.02","price_type":"percentage_based","image":0,"visibility":true}],"id":1716542989},{"name":"Aimants!","type":"checkbox","position":1,"required":false,"title_format":"label","default":"","description_enable":true,"description":"Si vous avez besoin d\u2019aimants \u00e0 l\u2019int\u00e9rieur, v\u00e9rifiez les options ci-dessous. Dimensions - 5x2mm","placeholder_enable":false,"placeholder":"","display":"select","restrictions_type":"any_text","adjust_price":false,"price":"","price_type":"flat_fee","restrictions":false,"min":"0","max":"0","options":[{"label":"50 aimants n\u00e9odyme","price":"6.10","price_type":"percentage_based","image":0,"visibility":true},{"label":"100 aimants n\u00e9odyme","price":"10.10","price_type":"percentage_based","image":0,"visibility":true},{"label":"150 aimants n\u00e9odyme","price":"13.64","price_type":"percentage_based","image":0,"visibility":true},{"label":"200 aimants n\u00e9odyme","price":"16.16","price_type":"percentage_based","image":0,"visibility":true},{"label":"250 aimants n\u00e9odyme","price":"22.73","price_type":"percentage_based","image":0,"visibility":true}],"id":1716542990}],"yoast_head":"<!-- This site is optimized with the Yoast SEO plugin v27.3 - https:\/\/yoast.com\/product\/yoast-seo-wordpress\/ -->\n<title>Station de peinture portable | A-Caser<\/title>\n<meta name=\"description\" content=\"La station de peinture portable est un ensemble d\u2019extensions pour l\u2019A-Case Victory, transformant cette mallette de transport miniature compacte en un atelier de loisirs mobile.\" \/>\n<meta name=\"robots\" content=\"index, follow, max-snippet:-1, max-image-preview:large, max-video-preview:-1\" \/>\n<link rel=\"canonical\" href=\"https:\/\/shop.army-case.com\/fr\/accessoires\/station-de-peinture-portable\/\" \/>\n<meta property=\"og:locale\" content=\"fr_FR\" \/>\n<meta property=\"og:type\" content=\"article\" \/>\n<meta property=\"og:title\" content=\"Station de peinture portable | A-Caser\" \/>\n<meta property=\"og:description\" content=\"La station de peinture portable est un ensemble d\u2019extensions pour l\u2019A-Case Victory, transformant cette mallette de transport miniature compacte en un atelier de loisirs mobile.\" \/>\n<meta property=\"og:url\" content=\"https:\/\/shop.army-case.com\/fr\/accessoires\/station-de-peinture-portable\/\" \/>\n<meta property=\"og:site_name\" content=\"A-Case\" \/>\n<meta property=\"article:publisher\" content=\"https:\/\/www.facebook.com\/armycase\/\" \/>\n<meta property=\"article:modified_time\" content=\"2024-05-24T09:29:48+00:00\" \/>\n<meta property=\"og:image\" content=\"https:\/\/shop.army-case.com\/wp-content\/uploads\/2024\/04\/Scarhandpainting-2403-A-Case-Portable-Painting-Station-3.jpg\" \/>\n\t<meta property=\"og:image:width\" content=\"1200\" \/>\n\t<meta property=\"og:image:height\" content=\"1200\" \/>\n\t<meta property=\"og:image:type\" content=\"image\/jpeg\" \/>\n<meta name=\"twitter:card\" content=\"summary_large_image\" \/>\n<meta name=\"twitter:label1\" content=\"Dur\u00e9e de lecture estim\u00e9e\" \/>\n\t<meta name=\"twitter:data1\" content=\"1 minute\" \/>\n<script type=\"application\/ld+json\" class=\"yoast-schema-graph\">{\"@context\":\"https:\\\/\\\/schema.org\",\"@graph\":[{\"@type\":\"WebPage\",\"@id\":\"https:\\\/\\\/shop.army-case.com\\\/fr\\\/accessoires\\\/station-de-peinture-portable\\\/\",\"url\":\"https:\\\/\\\/shop.army-case.com\\\/fr\\\/accessoires\\\/station-de-peinture-portable\\\/\",\"name\":\"Station de peinture portable | A-Caser\",\"isPartOf\":{\"@id\":\"https:\\\/\\\/shop.army-case.com\\\/fr\\\/#website\"},\"primaryImageOfPage\":{\"@id\":\"https:\\\/\\\/shop.army-case.com\\\/fr\\\/accessoires\\\/station-de-peinture-portable\\\/#primaryimage\"},\"image\":{\"@id\":\"https:\\\/\\\/shop.army-case.com\\\/fr\\\/accessoires\\\/station-de-peinture-portable\\\/#primaryimage\"},\"thumbnailUrl\":\"https:\\\/\\\/shop.army-case.com\\\/wp-content\\\/uploads\\\/2024\\\/04\\\/Scarhandpainting-2403-A-Case-Portable-Painting-Station-3.jpg\",\"datePublished\":\"2024-04-26T11:57:14+00:00\",\"dateModified\":\"2024-05-24T09:29:48+00:00\",\"description\":\"La station de peinture portable est un ensemble d\u2019extensions pour l\u2019A-Case Victory, transformant cette mallette de transport miniature compacte en un atelier de loisirs mobile.\",\"breadcrumb\":{\"@id\":\"https:\\\/\\\/shop.army-case.com\\\/fr\\\/accessoires\\\/station-de-peinture-portable\\\/#breadcrumb\"},\"inLanguage\":\"fr-FR\",\"potentialAction\":[{\"@type\":\"ReadAction\",\"target\":[\"https:\\\/\\\/shop.army-case.com\\\/fr\\\/accessoires\\\/station-de-peinture-portable\\\/\"]}]},{\"@type\":\"ImageObject\",\"inLanguage\":\"fr-FR\",\"@id\":\"https:\\\/\\\/shop.army-case.com\\\/fr\\\/accessoires\\\/station-de-peinture-portable\\\/#primaryimage\",\"url\":\"https:\\\/\\\/shop.army-case.com\\\/wp-content\\\/uploads\\\/2024\\\/04\\\/Scarhandpainting-2403-A-Case-Portable-Painting-Station-3.jpg\",\"contentUrl\":\"https:\\\/\\\/shop.army-case.com\\\/wp-content\\\/uploads\\\/2024\\\/04\\\/Scarhandpainting-2403-A-Case-Portable-Painting-Station-3.jpg\",\"width\":1200,\"height\":1200,\"caption\":\"Portable Painting Station\"},{\"@type\":\"BreadcrumbList\",\"@id\":\"https:\\\/\\\/shop.army-case.com\\\/fr\\\/accessoires\\\/station-de-peinture-portable\\\/#breadcrumb\",\"itemListElement\":[{\"@type\":\"ListItem\",\"position\":1,\"name\":\"Home\",\"item\":\"https:\\\/\\\/shop.army-case.com\\\/fr\\\/\"},{\"@type\":\"ListItem\",\"position\":2,\"name\":\"Shop\",\"item\":\"https:\\\/\\\/shop.army-case.com\\\/fr\\\/shop\\\/\"},{\"@type\":\"ListItem\",\"position\":3,\"name\":\"Station de peinture portable\"}]},{\"@type\":\"WebSite\",\"@id\":\"https:\\\/\\\/shop.army-case.com\\\/fr\\\/#website\",\"url\":\"https:\\\/\\\/shop.army-case.com\\\/fr\\\/\",\"name\":\"A-Case\",\"description\":\"\",\"potentialAction\":[{\"@type\":\"SearchAction\",\"target\":{\"@type\":\"EntryPoint\",\"urlTemplate\":\"https:\\\/\\\/shop.army-case.com\\\/fr\\\/?s={search_term_string}\"},\"query-input\":{\"@type\":\"PropertyValueSpecification\",\"valueRequired\":true,\"valueName\":\"search_term_string\"}}],\"inLanguage\":\"fr-FR\"}]}<\/script>\n<!-- \/ Yoast SEO plugin. -->","yoast_head_json":{"title":"Station de peinture portable | A-Caser","description":"La station de peinture portable est un ensemble d\u2019extensions pour l\u2019A-Case Victory, transformant cette mallette de transport miniature compacte en un atelier de loisirs mobile.","robots":{"index":"index","follow":"follow","max-snippet":"max-snippet:-1","max-image-preview":"max-image-preview:large","max-video-preview":"max-video-preview:-1"},"canonical":"https:\/\/shop.army-case.com\/fr\/accessoires\/station-de-peinture-portable\/","og_locale":"fr_FR","og_type":"article","og_title":"Station de peinture portable | A-Caser","og_description":"La station de peinture portable est un ensemble d\u2019extensions pour l\u2019A-Case Victory, transformant cette mallette de transport miniature compacte en un atelier de loisirs mobile.","og_url":"https:\/\/shop.army-case.com\/fr\/accessoires\/station-de-peinture-portable\/","og_site_name":"A-Case","article_publisher":"https:\/\/www.facebook.com\/armycase\/","article_modified_time":"2024-05-24T09:29:48+00:00","og_image":[{"width":1200,"height":1200,"url":"https:\/\/shop.army-case.com\/wp-content\/uploads\/2024\/04\/Scarhandpainting-2403-A-Case-Portable-Painting-Station-3.jpg","type":"image\/jpeg"}],"twitter_card":"summary_large_image","twitter_misc":{"Dur\u00e9e de lecture estim\u00e9e":"1 minute"},"schema":{"@context":"https:\/\/schema.org","@graph":[{"@type":"WebPage","@id":"https:\/\/shop.army-case.com\/fr\/accessoires\/station-de-peinture-portable\/","url":"https:\/\/shop.army-case.com\/fr\/accessoires\/station-de-peinture-portable\/","name":"Station de peinture portable | A-Caser","isPartOf":{"@id":"https:\/\/shop.army-case.com\/fr\/#website"},"primaryImageOfPage":{"@id":"https:\/\/shop.army-case.com\/fr\/accessoires\/station-de-peinture-portable\/#primaryimage"},"image":{"@id":"https:\/\/shop.army-case.com\/fr\/accessoires\/station-de-peinture-portable\/#primaryimage"},"thumbnailUrl":"https:\/\/shop.army-case.com\/wp-content\/uploads\/2024\/04\/Scarhandpainting-2403-A-Case-Portable-Painting-Station-3.jpg","datePublished":"2024-04-26T11:57:14+00:00","dateModified":"2024-05-24T09:29:48+00:00","description":"La station de peinture portable est un ensemble d\u2019extensions pour l\u2019A-Case Victory, transformant cette mallette de transport miniature compacte en un atelier de loisirs mobile.","breadcrumb":{"@id":"https:\/\/shop.army-case.com\/fr\/accessoires\/station-de-peinture-portable\/#breadcrumb"},"inLanguage":"fr-FR","potentialAction":[{"@type":"ReadAction","target":["https:\/\/shop.army-case.com\/fr\/accessoires\/station-de-peinture-portable\/"]}]},{"@type":"ImageObject","inLanguage":"fr-FR","@id":"https:\/\/shop.army-case.com\/fr\/accessoires\/station-de-peinture-portable\/#primaryimage","url":"https:\/\/shop.army-case.com\/wp-content\/uploads\/2024\/04\/Scarhandpainting-2403-A-Case-Portable-Painting-Station-3.jpg","contentUrl":"https:\/\/shop.army-case.com\/wp-content\/uploads\/2024\/04\/Scarhandpainting-2403-A-Case-Portable-Painting-Station-3.jpg","width":1200,"height":1200,"caption":"Portable Painting Station"},{"@type":"BreadcrumbList","@id":"https:\/\/shop.army-case.com\/fr\/accessoires\/station-de-peinture-portable\/#breadcrumb","itemListElement":[{"@type":"ListItem","position":1,"name":"Home","item":"https:\/\/shop.army-case.com\/fr\/"},{"@type":"ListItem","position":2,"name":"Shop","item":"https:\/\/shop.army-case.com\/fr\/shop\/"},{"@type":"ListItem","position":3,"name":"Station de peinture portable"}]},{"@type":"WebSite","@id":"https:\/\/shop.army-case.com\/fr\/#website","url":"https:\/\/shop.army-case.com\/fr\/","name":"A-Case","description":"","potentialAction":[{"@type":"SearchAction","target":{"@type":"EntryPoint","urlTemplate":"https:\/\/shop.army-case.com\/fr\/?s={search_term_string}"},"query-input":{"@type":"PropertyValueSpecification","valueRequired":true,"valueName":"search_term_string"}}],"inLanguage":"fr-FR"}]}},"_links":{"self":[{"href":"https:\/\/shop.army-case.com\/fr\/wp-json\/wp\/v2\/product\/20169","targetHints":{"allow":["GET"]}}],"collection":[{"href":"https:\/\/shop.army-case.com\/fr\/wp-json\/wp\/v2\/product"}],"about":[{"href":"https:\/\/shop.army-case.com\/fr\/wp-json\/wp\/v2\/types\/product"}],"version-history":[{"count":0,"href":"https:\/\/shop.army-case.com\/fr\/wp-json\/wp\/v2\/product\/20169\/revisions"}],"wp:featuredmedia":[{"embeddable":true,"href":"https:\/\/shop.army-case.com\/fr\/wp-json\/wp\/v2\/media\/20193"}],"wp:attachment":[{"href":"https:\/\/shop.army-case.com\/fr\/wp-json\/wp\/v2\/media?parent=20169"}],"wp:term":[{"taxonomy":"product_brand","embeddable":true,"href":"https:\/\/shop.army-case.com\/fr\/wp-json\/wp\/v2\/product_brand?post=20169"},{"taxonomy":"product_cat","embeddable":true,"href":"https:\/\/shop.army-case.com\/fr\/wp-json\/wp\/v2\/product_cat?post=20169"},{"taxonomy":"product_tag","embeddable":true,"href":"https:\/\/shop.army-case.com\/fr\/wp-json\/wp\/v2\/product_tag?post=20169"}],"curies":[{"name":"wp","href":"https:\/\/api.w.org\/{rel}","templated":true}]}}