{"id":17204,"date":"2023-11-22T12:06:05","date_gmt":"2023-11-22T12:06:11","guid":{"rendered":"https:\/\/shop.army-case.com\/?post_type=product&#038;p=17204"},"modified":"2025-02-28T13:30:10","modified_gmt":"2025-02-28T13:30:10","slug":"mpgmegapack","status":"publish","type":"product","link":"https:\/\/shop.army-case.com\/fr\/accessoires\/mpgmegapack\/","title":{"rendered":"M\u00e9ga pack de poign\u00e9es de peinture magn\u00e9tiques A-Case"},"content":{"rendered":"<p>La poign\u00e9e de peinture magn\u00e9tique A-Case est un outil de loisir convivial, hautement personnalisable et de forme ergonomique con\u00e7u pour am\u00e9liorer votre processus de peinture de figurines. Un ensemble de plaques et d\u2019aimants int\u00e9gr\u00e9s vous permet de monter* une figurine sur une pi\u00e8ce \u00ab&nbsp;sup\u00e9rieure&nbsp;\u00bb amovible, puis de la tourner horizontalement tout en maintenant une prise solide, sans toucher la figurine elle-m\u00eame. Non seulement cela am\u00e9liore l\u2019acc\u00e8s \u00e0 la figurine, mais cela emp\u00eache \u00e9galement la peinture d\u2019\u00eatre effac\u00e9e au toucher.<\/p>\n<p>*Cet outil pratique est con\u00e7u pour supporter \u00e0 la fois les bases aimant\u00e9es et le mastic collant tel que Blu-Tack.<\/p>\n<p>L\u2019ensemble \u00e9largi comprend :<br \/>\n1 x poign\u00e9e<br \/>\n5 x 32 mm dessus<br \/>\n1 x 25 mm dessus<br \/>\n1 x 50 mm dessus<br \/>\n1x 90 mm dessus<br \/>\novale 1x dessus<br \/>\nen li\u00e8ge 1 x dessus<br \/>\nde peinture par lots 1 x dessus d\u2019appr\u00eat<\/p>\n<p>AVIS PROFESSIONNELS :<br \/>\n<a href=\"https:\/\/scarhandpainting.com\/review-a-case-magnetic-painting-grip\/\" rel=\"nofollow\"><span style=\"font-weight: 400;\">Test : Poign\u00e9e de peinture magn\u00e9tique A-Case par Scarhandpainting.com<\/span><\/a><br \/>\n<a href=\"https:\/\/tangibleday.com\/a-case-painting-handle-for-miniatures-and-modreview\/\" rel=\"nofollow\"><span style=\"font-weight: 400;\">Critique : Poign\u00e9e de peinture A-Case pour miniatures et mod\u00e8les par Andrew Tan<\/span><\/a><br \/>\n<a href=\"https:\/\/www.fauxhammer.com\/it\/reviews\/a-case-painting-handle-for-miniatures-review\/\" rel=\"nofollow\"><span style=\"font-weight: 400;\">Critique : Poign\u00e9e de peinture A-Case pour figurines par Fauxhammer<\/span><\/a><\/p>\n","protected":false},"excerpt":{"rendered":"<p>La poign\u00e9e de peinture magn\u00e9tique A-Case est un outil de loisir convivial, hautement personnalisable et de forme ergonomique con\u00e7u pour am\u00e9liorer votre processus de peinture de figurines. Un ensemble de plaques et d\u2019aimants int\u00e9gr\u00e9s vous permet de monter* une figurine sur une pi\u00e8ce \u00ab&nbsp;sup\u00e9rieure&nbsp;\u00bb amovible, puis de la tourner horizontalement tout en maintenant une prise solide, sans toucher la figurine elle-m\u00eame. Non seulement cela am\u00e9liore l\u2019acc\u00e8s \u00e0 la figurine, mais cela emp\u00eache \u00e9galement la peinture d\u2019\u00eatre effac\u00e9e au toucher.<\/p>\n","protected":false},"featured_media":17230,"template":"","meta":[],"product_brand":[],"product_cat":[233],"product_tag":[],"class_list":{"0":"post-17204","1":"product","2":"type-product","3":"status-publish","4":"has-post-thumbnail","6":"product_cat-accessoires","7":"product_shipping_class-livraison-gratuite","9":"first","10":"instock","11":"shipping-taxable","12":"purchasable","13":"product-type-variable"},"bundled_by":[],"bundle_stock_status":"instock","bundle_stock_quantity":null,"bundle_virtual":false,"bundle_layout":"","bundle_add_to_cart_form_location":"","bundle_editable_in_cart":false,"bundle_sold_individually_context":"","bundle_item_grouping":"","bundle_min_size":"","bundle_max_size":"","bundle_price":[],"bundled_items":[],"bundle_sell_ids":[],"exclude_global_add_ons":false,"addons":[{"name":"Colle CA","type":"checkbox","position":0,"required":false,"title_format":"heading","default":"","description_enable":false,"description":null,"placeholder_enable":false,"placeholder":"","display":"select","restrictions_type":"any_text","adjust_price":false,"price":"","price_type":"flat_fee","restrictions":false,"min":"0","max":"0","options":[{"label":"1x 20 g de colle CA","price":"13.9","price_type":"percentage_based","image":0,"visibility":true}],"id":1740749341},{"name":"Aimants!","type":"checkbox","position":1,"required":false,"title_format":"heading","default":"","description_enable":true,"description":"Si vous avez besoin d\u2019aimants \u00e0 l\u2019int\u00e9rieur, v\u00e9rifiez les options ci-dessous. Dimensions - 5x2mm","placeholder_enable":false,"placeholder":"","display":"select","restrictions_type":"any_text","adjust_price":false,"price":"","price_type":"flat_fee","restrictions":false,"min":"0","max":"0","options":[{"label":"50 aimants n\u00e9odyme","price":"43.17","price_type":"percentage_based","image":0,"visibility":true},{"label":"100 aimants n\u00e9odyme","price":"71.94","price_type":"percentage_based","image":0,"visibility":true},{"label":"150 aimants n\u00e9odyme","price":"97.12","price_type":"percentage_based","image":0,"visibility":true},{"label":"200 aimants n\u00e9odyme","price":"115.11","price_type":"percentage_based","image":0,"visibility":true},{"label":"250 aimants n\u00e9odyme","price":"161.87","price_type":"percentage_based","image":0,"visibility":true}],"id":1740749342}],"yoast_head":"<!-- This site is optimized with the Yoast SEO plugin v27.3 - https:\/\/yoast.com\/product\/yoast-seo-wordpress\/ -->\n<title>M\u00e9ga pack de poign\u00e9es de peinture magn\u00e9tiques A-Case<\/title>\n<meta name=\"description\" content=\"A-Case Magnetic Painting Grip Mega Pack - votre passe-temps ultime ! Version am\u00e9lior\u00e9e et envelopp\u00e9e de notre poign\u00e9e de peinture magn\u00e9tique de base\" \/>\n<meta name=\"robots\" content=\"index, follow, max-snippet:-1, max-image-preview:large, max-video-preview:-1\" \/>\n<link rel=\"canonical\" href=\"https:\/\/shop.army-case.com\/fr\/accessoires\/mpgmegapack\/\" \/>\n<meta property=\"og:locale\" content=\"fr_FR\" \/>\n<meta property=\"og:type\" content=\"article\" \/>\n<meta property=\"og:title\" content=\"M\u00e9ga pack de poign\u00e9es de peinture magn\u00e9tiques A-Case\" \/>\n<meta property=\"og:description\" content=\"A-Case Magnetic Painting Grip Mega Pack - votre passe-temps ultime ! Version am\u00e9lior\u00e9e et envelopp\u00e9e de notre poign\u00e9e de peinture magn\u00e9tique de base\" \/>\n<meta property=\"og:url\" content=\"https:\/\/shop.army-case.com\/fr\/accessoires\/mpgmegapack\/\" \/>\n<meta property=\"og:site_name\" content=\"A-Case\" \/>\n<meta property=\"article:publisher\" content=\"https:\/\/www.facebook.com\/armycase\/\" \/>\n<meta property=\"article:modified_time\" content=\"2025-02-28T13:30:10+00:00\" \/>\n<meta property=\"og:image\" content=\"https:\/\/shop.army-case.com\/wp-content\/uploads\/2023\/11\/A-Case-Magnetic-Painting-grip-Mega-Pack.png\" \/>\n\t<meta property=\"og:image:width\" content=\"1000\" \/>\n\t<meta property=\"og:image:height\" content=\"1006\" \/>\n\t<meta property=\"og:image:type\" content=\"image\/png\" \/>\n<meta name=\"twitter:card\" content=\"summary_large_image\" \/>\n<meta name=\"twitter:label1\" content=\"Dur\u00e9e de lecture estim\u00e9e\" \/>\n\t<meta name=\"twitter:data1\" content=\"1 minute\" \/>\n<script type=\"application\/ld+json\" class=\"yoast-schema-graph\">{\"@context\":\"https:\\\/\\\/schema.org\",\"@graph\":[{\"@type\":\"WebPage\",\"@id\":\"https:\\\/\\\/shop.army-case.com\\\/fr\\\/accessoires\\\/mpgmegapack\\\/\",\"url\":\"https:\\\/\\\/shop.army-case.com\\\/fr\\\/accessoires\\\/mpgmegapack\\\/\",\"name\":\"M\u00e9ga pack de poign\u00e9es de peinture magn\u00e9tiques A-Case\",\"isPartOf\":{\"@id\":\"https:\\\/\\\/shop.army-case.com\\\/fr\\\/#website\"},\"primaryImageOfPage\":{\"@id\":\"https:\\\/\\\/shop.army-case.com\\\/fr\\\/accessoires\\\/mpgmegapack\\\/#primaryimage\"},\"image\":{\"@id\":\"https:\\\/\\\/shop.army-case.com\\\/fr\\\/accessoires\\\/mpgmegapack\\\/#primaryimage\"},\"thumbnailUrl\":\"https:\\\/\\\/shop.army-case.com\\\/wp-content\\\/uploads\\\/2023\\\/11\\\/A-Case-Magnetic-Painting-grip-Mega-Pack.png\",\"datePublished\":\"2023-11-22T12:06:11+00:00\",\"dateModified\":\"2025-02-28T13:30:10+00:00\",\"description\":\"A-Case Magnetic Painting Grip Mega Pack - votre passe-temps ultime ! Version am\u00e9lior\u00e9e et envelopp\u00e9e de notre poign\u00e9e de peinture magn\u00e9tique de base\",\"breadcrumb\":{\"@id\":\"https:\\\/\\\/shop.army-case.com\\\/fr\\\/accessoires\\\/mpgmegapack\\\/#breadcrumb\"},\"inLanguage\":\"fr-FR\",\"potentialAction\":[{\"@type\":\"ReadAction\",\"target\":[\"https:\\\/\\\/shop.army-case.com\\\/fr\\\/accessoires\\\/mpgmegapack\\\/\"]}]},{\"@type\":\"ImageObject\",\"inLanguage\":\"fr-FR\",\"@id\":\"https:\\\/\\\/shop.army-case.com\\\/fr\\\/accessoires\\\/mpgmegapack\\\/#primaryimage\",\"url\":\"https:\\\/\\\/shop.army-case.com\\\/wp-content\\\/uploads\\\/2023\\\/11\\\/A-Case-Magnetic-Painting-grip-Mega-Pack.png\",\"contentUrl\":\"https:\\\/\\\/shop.army-case.com\\\/wp-content\\\/uploads\\\/2023\\\/11\\\/A-Case-Magnetic-Painting-grip-Mega-Pack.png\",\"width\":1000,\"height\":1006,\"caption\":\"A-Case-Magnetic-Painting-grip-Mega-Pack\"},{\"@type\":\"BreadcrumbList\",\"@id\":\"https:\\\/\\\/shop.army-case.com\\\/fr\\\/accessoires\\\/mpgmegapack\\\/#breadcrumb\",\"itemListElement\":[{\"@type\":\"ListItem\",\"position\":1,\"name\":\"Home\",\"item\":\"https:\\\/\\\/shop.army-case.com\\\/fr\\\/\"},{\"@type\":\"ListItem\",\"position\":2,\"name\":\"Shop\",\"item\":\"https:\\\/\\\/shop.army-case.com\\\/fr\\\/shop\\\/\"},{\"@type\":\"ListItem\",\"position\":3,\"name\":\"M\u00e9ga pack de poign\u00e9es de peinture magn\u00e9tiques A-Case\"}]},{\"@type\":\"WebSite\",\"@id\":\"https:\\\/\\\/shop.army-case.com\\\/fr\\\/#website\",\"url\":\"https:\\\/\\\/shop.army-case.com\\\/fr\\\/\",\"name\":\"A-Case\",\"description\":\"\",\"potentialAction\":[{\"@type\":\"SearchAction\",\"target\":{\"@type\":\"EntryPoint\",\"urlTemplate\":\"https:\\\/\\\/shop.army-case.com\\\/fr\\\/?s={search_term_string}\"},\"query-input\":{\"@type\":\"PropertyValueSpecification\",\"valueRequired\":true,\"valueName\":\"search_term_string\"}}],\"inLanguage\":\"fr-FR\"}]}<\/script>\n<!-- \/ Yoast SEO plugin. -->","yoast_head_json":{"title":"M\u00e9ga pack de poign\u00e9es de peinture magn\u00e9tiques A-Case","description":"A-Case Magnetic Painting Grip Mega Pack - votre passe-temps ultime ! Version am\u00e9lior\u00e9e et envelopp\u00e9e de notre poign\u00e9e de peinture magn\u00e9tique de base","robots":{"index":"index","follow":"follow","max-snippet":"max-snippet:-1","max-image-preview":"max-image-preview:large","max-video-preview":"max-video-preview:-1"},"canonical":"https:\/\/shop.army-case.com\/fr\/accessoires\/mpgmegapack\/","og_locale":"fr_FR","og_type":"article","og_title":"M\u00e9ga pack de poign\u00e9es de peinture magn\u00e9tiques A-Case","og_description":"A-Case Magnetic Painting Grip Mega Pack - votre passe-temps ultime ! Version am\u00e9lior\u00e9e et envelopp\u00e9e de notre poign\u00e9e de peinture magn\u00e9tique de base","og_url":"https:\/\/shop.army-case.com\/fr\/accessoires\/mpgmegapack\/","og_site_name":"A-Case","article_publisher":"https:\/\/www.facebook.com\/armycase\/","article_modified_time":"2025-02-28T13:30:10+00:00","og_image":[{"width":1000,"height":1006,"url":"https:\/\/shop.army-case.com\/wp-content\/uploads\/2023\/11\/A-Case-Magnetic-Painting-grip-Mega-Pack.png","type":"image\/png"}],"twitter_card":"summary_large_image","twitter_misc":{"Dur\u00e9e de lecture estim\u00e9e":"1 minute"},"schema":{"@context":"https:\/\/schema.org","@graph":[{"@type":"WebPage","@id":"https:\/\/shop.army-case.com\/fr\/accessoires\/mpgmegapack\/","url":"https:\/\/shop.army-case.com\/fr\/accessoires\/mpgmegapack\/","name":"M\u00e9ga pack de poign\u00e9es de peinture magn\u00e9tiques A-Case","isPartOf":{"@id":"https:\/\/shop.army-case.com\/fr\/#website"},"primaryImageOfPage":{"@id":"https:\/\/shop.army-case.com\/fr\/accessoires\/mpgmegapack\/#primaryimage"},"image":{"@id":"https:\/\/shop.army-case.com\/fr\/accessoires\/mpgmegapack\/#primaryimage"},"thumbnailUrl":"https:\/\/shop.army-case.com\/wp-content\/uploads\/2023\/11\/A-Case-Magnetic-Painting-grip-Mega-Pack.png","datePublished":"2023-11-22T12:06:11+00:00","dateModified":"2025-02-28T13:30:10+00:00","description":"A-Case Magnetic Painting Grip Mega Pack - votre passe-temps ultime ! Version am\u00e9lior\u00e9e et envelopp\u00e9e de notre poign\u00e9e de peinture magn\u00e9tique de base","breadcrumb":{"@id":"https:\/\/shop.army-case.com\/fr\/accessoires\/mpgmegapack\/#breadcrumb"},"inLanguage":"fr-FR","potentialAction":[{"@type":"ReadAction","target":["https:\/\/shop.army-case.com\/fr\/accessoires\/mpgmegapack\/"]}]},{"@type":"ImageObject","inLanguage":"fr-FR","@id":"https:\/\/shop.army-case.com\/fr\/accessoires\/mpgmegapack\/#primaryimage","url":"https:\/\/shop.army-case.com\/wp-content\/uploads\/2023\/11\/A-Case-Magnetic-Painting-grip-Mega-Pack.png","contentUrl":"https:\/\/shop.army-case.com\/wp-content\/uploads\/2023\/11\/A-Case-Magnetic-Painting-grip-Mega-Pack.png","width":1000,"height":1006,"caption":"A-Case-Magnetic-Painting-grip-Mega-Pack"},{"@type":"BreadcrumbList","@id":"https:\/\/shop.army-case.com\/fr\/accessoires\/mpgmegapack\/#breadcrumb","itemListElement":[{"@type":"ListItem","position":1,"name":"Home","item":"https:\/\/shop.army-case.com\/fr\/"},{"@type":"ListItem","position":2,"name":"Shop","item":"https:\/\/shop.army-case.com\/fr\/shop\/"},{"@type":"ListItem","position":3,"name":"M\u00e9ga pack de poign\u00e9es de peinture magn\u00e9tiques A-Case"}]},{"@type":"WebSite","@id":"https:\/\/shop.army-case.com\/fr\/#website","url":"https:\/\/shop.army-case.com\/fr\/","name":"A-Case","description":"","potentialAction":[{"@type":"SearchAction","target":{"@type":"EntryPoint","urlTemplate":"https:\/\/shop.army-case.com\/fr\/?s={search_term_string}"},"query-input":{"@type":"PropertyValueSpecification","valueRequired":true,"valueName":"search_term_string"}}],"inLanguage":"fr-FR"}]}},"_links":{"self":[{"href":"https:\/\/shop.army-case.com\/fr\/wp-json\/wp\/v2\/product\/17204","targetHints":{"allow":["GET"]}}],"collection":[{"href":"https:\/\/shop.army-case.com\/fr\/wp-json\/wp\/v2\/product"}],"about":[{"href":"https:\/\/shop.army-case.com\/fr\/wp-json\/wp\/v2\/types\/product"}],"version-history":[{"count":0,"href":"https:\/\/shop.army-case.com\/fr\/wp-json\/wp\/v2\/product\/17204\/revisions"}],"wp:featuredmedia":[{"embeddable":true,"href":"https:\/\/shop.army-case.com\/fr\/wp-json\/wp\/v2\/media\/17230"}],"wp:attachment":[{"href":"https:\/\/shop.army-case.com\/fr\/wp-json\/wp\/v2\/media?parent=17204"}],"wp:term":[{"taxonomy":"product_brand","embeddable":true,"href":"https:\/\/shop.army-case.com\/fr\/wp-json\/wp\/v2\/product_brand?post=17204"},{"taxonomy":"product_cat","embeddable":true,"href":"https:\/\/shop.army-case.com\/fr\/wp-json\/wp\/v2\/product_cat?post=17204"},{"taxonomy":"product_tag","embeddable":true,"href":"https:\/\/shop.army-case.com\/fr\/wp-json\/wp\/v2\/product_tag?post=17204"}],"curies":[{"name":"wp","href":"https:\/\/api.w.org\/{rel}","templated":true}]}}