{"id":15225,"date":"2023-05-11T12:28:35","date_gmt":"2023-05-11T12:28:35","guid":{"rendered":"https:\/\/shop.army-case.com\/non%20class\u00e9\/duopack-ultimate-airplane-traveler\/"},"modified":"2024-04-05T07:33:11","modified_gmt":"2024-04-05T07:33:11","slug":"duopack-ultimate-airplane-traveler","status":"publish","type":"product","link":"https:\/\/shop.army-case.com\/fr\/mallette-de-transport-de-figurines\/duopack-ultimate-airplane-traveler\/","title":{"rendered":"DuoPack &#8211; Voyageur ultime en avion"},"content":{"rendered":"<p><img fetchpriority=\"high\" decoding=\"async\" class=\"size-full wp-image-18917\" src=\"https:\/\/shop.army-case.com\/wp-content\/uploads\/2018\/01\/brush-case-1.jpg\" alt=\"\u00c9tui \u00e0 brosses\" width=\"1551\" height=\"924\" srcset=\"https:\/\/shop.army-case.com\/wp-content\/uploads\/2018\/01\/brush-case-1.jpg 1551w, https:\/\/shop.army-case.com\/wp-content\/uploads\/2018\/01\/brush-case-1-300x179.jpg 300w, https:\/\/shop.army-case.com\/wp-content\/uploads\/2018\/01\/brush-case-1-1024x610.jpg 1024w, https:\/\/shop.army-case.com\/wp-content\/uploads\/2018\/01\/brush-case-1-768x458.jpg 768w, https:\/\/shop.army-case.com\/wp-content\/uploads\/2018\/01\/brush-case-1-1536x915.jpg 1536w, https:\/\/shop.army-case.com\/wp-content\/uploads\/2018\/01\/brush-case-1-1320x786.jpg 1320w, https:\/\/shop.army-case.com\/wp-content\/uploads\/2018\/01\/brush-case-1-600x357.jpg 600w\" sizes=\"(max-width: 1551px) 100vw, 1551px\" \/><\/p>\n<p>DuoPack &#8211; un pack cr\u00e9\u00e9 pour les voyages en avion. A-Case DuoPack &#8211; un ensemble cr\u00e9\u00e9 en pensant aux voyages en avion. Le lot de valises de taille cabine avec un sac \u00e0 dos de la taille d&rsquo;un article personnel, vous offre la solution id\u00e9ale pour tout voyage en avion. L&rsquo;ensemble comprend un \u00e9tui Messenger et un sac \u00e0 dos Carrier. Le m\u00e9lange parfait de nos deux produits combin\u00e9s en un seul ensemble.  <\/p>\n<p>Inclus dans l\u2019ensemble DuoPack :<\/p>\n<p><strong>Transporteur<\/strong> :<\/p>\n<ul>\n<li>Cadre noir <strong>en aluminium enduit<\/strong> de poudre l\u00e9ger et durable<\/li>\n<li>3 x \u00e9tag\u00e8res <strong>noires<\/strong> en acier enduit de poudre<\/li>\n<li>6 x goupilles de verrouillage<\/li>\n<li>Sac \u00e0 dos rembourr\u00e9 en polyester de haute qualit\u00e9 dans la couleur choisie avec une bande velcro pour les patchs<\/li>\n<li>3x Poches pour accessoires<\/li>\n<li>50 x aimants n\u00e9odyme puissants (5&#215;2 mm)<\/li>\n<\/ul>\n<p>Dimensions ext\u00e9rieures&nbsp;:<\/p>\n<ul>\n<li>Hauteur&nbsp;: 44 cm \/ ~17 \u00b2\u00b9\/\u2086\u2084 inch<\/li>\n<li>Largeur&nbsp;: 27cm \/ ~10 \u2075\/\u2088 inch (sans poches)<\/li>\n<li>Profondeur : 17cm \/ ~ 6 \u00b9\u00b9\/\u2081\u2086 inch (sans poche)<\/li>\n<\/ul>\n<p>Dimensions ext\u00e9rieures de l\u2019enveloppe :<\/p>\n<ul>\n<li>Hauteur&nbsp;: 42 cm \/ ~ 16 \u00b9\u2077\/\u2083\u2082 inch<\/li>\n<li>Largeur&nbsp;: 23,9 cm \/ ~ 9 \u00b9\u00b3\/\u2083\u2082 inch<\/li>\n<li>Profondeur : 15 cm \/ 5 \u00b2\u2079\/\u2083\u2082 inch<\/li>\n<\/ul>\n<p>Dimensions internes du bo\u00eetier :<\/p>\n<ul>\n<li>Hauteur&nbsp;: (\u00e9tag\u00e8re inf\u00e9rieure vers le haut du bo\u00eetier) 35,3 cm \/ ~ 13 \u2075\u2077\/\u2086\u2084 inch<\/li>\n<li>Largeur&nbsp;: 19,2 cm \/ ~ 7 \u2079\/\u2081\u2086 inch<\/li>\n<li>Profondeur&nbsp;: 14,6 cm \/ ~ 5 \u00b3\/\u2084 inch<\/li>\n<\/ul>\n<p>Dimensions du plateau :<\/p>\n<ul>\n<li>Largeur&nbsp;: 21,2 cm \/ ~ 8 \u00b9\u00b9\/\u2083\u2082 inch<\/li>\n<li>Profondeur&nbsp;: 14,8 cm \/ ~5 \u2075\u00b3\/\u2086\u2084 inch<\/li>\n<\/ul>\n<p>Veuillez noter que les plateaux inclus ne conviennent qu\u2019au porte-b\u00e9b\u00e9 hybride A-CASE et ne sont pas compatibles avec d\u2019autres mod\u00e8les.<\/p>\n<p>Les dimensions ci-dessus sont indicatives.<\/p>\n<p><strong>Poids :<\/strong> 2,45 kg (3 plateaux inclus)<\/p>\n<p>Ce produit n\u00e9cessite un assemblage.<\/p>\n<p><strong>Messager <\/strong>:<\/p>\n<ul>\n<li>Cadre noir <strong>en aluminium enduit<\/strong> de poudre l\u00e9ger et durable<\/li>\n<li>3 x \u00e9tag\u00e8res <strong>noires<\/strong> en acier enduit de poudre<\/li>\n<li>6 x goupilles de verrouillage<\/li>\n<li>Sac en polyester de haute qualit\u00e9 avec bande velcro pour les patchs<\/li>\n<li>Dragonne<\/li>\n<li>Poche pour accessoires<\/li>\n<li>50 x aimants n\u00e9odyme puissants (5&#215;2 mm)<\/li>\n<\/ul>\n<p>Dimensions ext\u00e9rieures&nbsp;:<\/p>\n<ul>\n<li>Hauteur&nbsp;: 31,5cm \/ 12,4&nbsp;\u00bb<\/li>\n<li>Largeur&nbsp;: 40cm \/ 15,74&nbsp;\u00bb<\/li>\n<li>Profondeur&nbsp;: 21cm \/ 8,26&nbsp;\u00bb<\/li>\n<\/ul>\n<p>Dimensions ext\u00e9rieures de l\u2019enveloppe :<\/p>\n<ul>\n<li>Hauteur&nbsp;: 30,4cm<\/li>\n<li>Largeur&nbsp;: 40cm<\/li>\n<li>Profondeur&nbsp;: 19,7cm<\/li>\n<\/ul>\n<p>Dimensions internes du bo\u00eetier :<\/p>\n<ul>\n<li>Hauteur : 26,4 cm (de l\u2019\u00e9tag\u00e8re inf\u00e9rieure au haut du bo\u00eetier)<\/li>\n<li>Largeur&nbsp;: 35,5cm<\/li>\n<li>Profondeur&nbsp;: 19,2cm<\/li>\n<\/ul>\n<p>Dimensions du plateau :<\/p>\n<ul>\n<li>Largeur&nbsp;: 37,cm<\/li>\n<li>Profondeur&nbsp;: 18,9cm<\/li>\n<\/ul>\n<p>Les dimensions ci-dessus sont indicatives.<\/p>\n<p><strong>Poids&nbsp;:<\/strong> 2,45 kg<\/p>\n<p>Ce produit n\u00e9cessite un assemblage.<\/p>\n<h6>TOUTES LES PHOTOS PR\u00c9SENT\u00c9ES SONT \u00c0 TITRE D\u2019ILLUSTRATION UNIQUEMENT. LE PRODUIT R\u00c9EL PEUT VARIER EN RAISON DE L\u2019AM\u00c9LIORATION DU PRODUIT.<\/h6>\n","protected":false},"excerpt":{"rendered":"<p>Voyagez comme un pro avec A-Case Duo !<br \/>\nLe A-Case DuoPack a \u00e9t\u00e9 con\u00e7u pour rendre votre voyage en avion facile et confortable.<br \/>\nCela vous permet d\u2019avoir plus d\u2019espace de stockage pour vos figurines et de les avoir \u00e0 bord.<\/p>\n","protected":false},"featured_media":15184,"template":"","meta":[],"product_brand":[],"product_cat":[184],"product_tag":[254],"class_list":{"0":"post-15225","1":"product","2":"type-product","3":"status-publish","4":"has-post-thumbnail","6":"product_cat-mallette-de-transport-de-figurines","7":"product_tag-meilleur-prix","8":"product_shipping_class-livraison-gratuite","10":"first","11":"instock","12":"shipping-taxable","13":"purchasable","14":"product-type-bundle"},"bundled_by":[],"bundle_stock_status":"instock","bundle_stock_quantity":5,"bundle_virtual":false,"bundle_layout":"default","bundle_add_to_cart_form_location":"default","bundle_editable_in_cart":false,"bundle_sold_individually_context":"product","bundle_item_grouping":"noindent","bundle_min_size":"","bundle_max_size":"","bundle_price":{"price":{"min":{"incl_tax":"1990","excl_tax":"1990"},"max":{"incl_tax":"1990","excl_tax":"1990"}},"regular_price":{"min":{"incl_tax":"1990","excl_tax":"1990"},"max":{"incl_tax":"1990","excl_tax":"1990"}}},"bundled_items":[{"bundled_item_id":3,"product_id":13570,"menu_order":0,"quantity_min":1,"quantity_max":1,"quantity_default":1,"priced_individually":false,"shipped_individually":false,"override_title":false,"title":"Porte-valise A  [Backpack]","override_description":true,"description":"","optional":false,"hide_thumbnail":true,"discount":"","override_variations":false,"allowed_variations":[""],"override_default_variation_attributes":false,"default_variation_attributes":[],"single_product_visibility":"visible","cart_visibility":"visible","order_visibility":"visible","single_product_price_visibility":"visible","cart_price_visibility":"visible","order_price_visibility":"visible","stock_status":"in_stock"},{"bundled_item_id":4,"product_id":7897,"menu_order":1,"quantity_min":1,"quantity_max":1,"quantity_default":1,"priced_individually":false,"shipped_individually":false,"override_title":false,"title":"A-Case Hybrid Messenger","override_description":true,"description":"","optional":false,"hide_thumbnail":true,"discount":"","override_variations":false,"allowed_variations":[""],"override_default_variation_attributes":false,"default_variation_attributes":[],"single_product_visibility":"visible","cart_visibility":"visible","order_visibility":"visible","single_product_price_visibility":"visible","cart_price_visibility":"visible","order_price_visibility":"visible","stock_status":"in_stock"}],"bundle_sell_ids":[],"exclude_global_add_ons":false,"addons":[{"name":"\u00c9tag\u00e8res","type":"checkbox","position":0,"required":false,"title_format":"heading","default":"","description_enable":true,"description":"Messenger and Carrier est livr\u00e9 avec trois \u00e9tag\u00e8res (3 plateaux pour chaque caisse) et non assembl\u00e9 par d\u00e9faut. Si vous avez besoin de plus d\u2019\u00e9tag\u00e8res \u00e0 l\u2019int\u00e9rieur, v\u00e9rifiez les options ci-dessous.","placeholder_enable":false,"placeholder":"","display":"select","restrictions_type":"any_text","adjust_price":false,"price":"","price_type":"flat_fee","restrictions":false,"min":"0","max":"0","options":[{"label":"+6 \u00e9tag\u00e8res suppl\u00e9mentaires","price":"10.80","price_type":"percentage_based","image":0,"visibility":true}],"id":1712302362},{"name":"Aimants!","type":"checkbox","position":1,"required":false,"title_format":"heading","default":"","description_enable":true,"description":"Si vous avez besoin d\u2019aimants \u00e0 l\u2019int\u00e9rieur, v\u00e9rifiez les options ci-dessous. Dimensions - 5x2mm","placeholder_enable":false,"placeholder":"","display":"select","restrictions_type":"any_text","adjust_price":false,"price":"","price_type":"flat_fee","restrictions":false,"min":"0","max":"0","options":[{"label":"100 aimants n\u00e9odyme","price":"6.0300","price_type":"percentage_based","image":0,"visibility":true},{"label":"200 aimants n\u00e9odyme","price":"10.0500","price_type":"percentage_based","image":0,"visibility":true},{"label":"300 aimants n\u00e9odyme","price":"13.5700","price_type":"percentage_based","image":0,"visibility":true},{"label":"400 aimants n\u00e9odyme","price":"16.0804","price_type":"percentage_based","image":0,"visibility":true},{"label":"500 aimants n\u00e9odyme","price":"22.6130","price_type":"percentage_based","image":0,"visibility":true}],"id":1712302363},{"name":"Colle CA","type":"checkbox","position":2,"required":false,"title_format":"heading","default":"","description_enable":false,"description":null,"placeholder_enable":false,"placeholder":"","display":"select","restrictions_type":"any_text","adjust_price":false,"price":"","price_type":"flat_fee","restrictions":false,"min":"0","max":"0","options":[{"label":"1x 20 g de colle CA","price":"2.0100","price_type":"percentage_based","image":0,"visibility":true}],"id":1712302364}],"yoast_head":"<!-- This site is optimized with the Yoast SEO plugin v27.3 - https:\/\/yoast.com\/product\/yoast-seo-wordpress\/ -->\n<title>DuoPack - Voyageur ultime en avion &#8211; A-Case<\/title>\n<meta name=\"robots\" content=\"index, follow, max-snippet:-1, max-image-preview:large, max-video-preview:-1\" \/>\n<link rel=\"canonical\" href=\"https:\/\/shop.army-case.com\/fr\/mallette-de-transport-de-figurines\/duopack-ultimate-airplane-traveler\/\" \/>\n<meta property=\"og:locale\" content=\"fr_FR\" \/>\n<meta property=\"og:type\" content=\"article\" \/>\n<meta property=\"og:title\" content=\"DuoPack - Voyageur ultime en avion &#8211; A-Case\" \/>\n<meta property=\"og:description\" content=\"Voyagez comme un pro avec A-Case Duo ! Le A-Case DuoPack a \u00e9t\u00e9 con\u00e7u pour rendre votre voyage en avion facile et confortable. Cela vous permet d\u2019avoir plus d\u2019espace de stockage pour vos figurines et de les avoir \u00e0 bord.\" \/>\n<meta property=\"og:url\" content=\"https:\/\/shop.army-case.com\/fr\/mallette-de-transport-de-figurines\/duopack-ultimate-airplane-traveler\/\" \/>\n<meta property=\"og:site_name\" content=\"A-Case\" \/>\n<meta property=\"article:publisher\" content=\"https:\/\/www.facebook.com\/armycase\/\" \/>\n<meta property=\"article:modified_time\" content=\"2024-04-05T07:33:11+00:00\" \/>\n<meta property=\"og:image\" content=\"https:\/\/shop.army-case.com\/wp-content\/uploads\/2023\/05\/miniature-storage-cases-duopack-a-case.png\" \/>\n\t<meta property=\"og:image:width\" content=\"1080\" \/>\n\t<meta property=\"og:image:height\" content=\"1080\" \/>\n\t<meta property=\"og:image:type\" content=\"image\/png\" \/>\n<meta name=\"twitter:card\" content=\"summary_large_image\" \/>\n<meta name=\"twitter:label1\" content=\"Dur\u00e9e de lecture estim\u00e9e\" \/>\n\t<meta name=\"twitter:data1\" content=\"2 minutes\" \/>\n<script type=\"application\/ld+json\" class=\"yoast-schema-graph\">{\"@context\":\"https:\\\/\\\/schema.org\",\"@graph\":[{\"@type\":\"WebPage\",\"@id\":\"https:\\\/\\\/shop.army-case.com\\\/fr\\\/mallette-de-transport-de-figurines\\\/duopack-ultimate-airplane-traveler\\\/\",\"url\":\"https:\\\/\\\/shop.army-case.com\\\/fr\\\/mallette-de-transport-de-figurines\\\/duopack-ultimate-airplane-traveler\\\/\",\"name\":\"DuoPack - Voyageur ultime en avion &#8211; A-Case\",\"isPartOf\":{\"@id\":\"https:\\\/\\\/shop.army-case.com\\\/fr\\\/#website\"},\"primaryImageOfPage\":{\"@id\":\"https:\\\/\\\/shop.army-case.com\\\/fr\\\/mallette-de-transport-de-figurines\\\/duopack-ultimate-airplane-traveler\\\/#primaryimage\"},\"image\":{\"@id\":\"https:\\\/\\\/shop.army-case.com\\\/fr\\\/mallette-de-transport-de-figurines\\\/duopack-ultimate-airplane-traveler\\\/#primaryimage\"},\"thumbnailUrl\":\"https:\\\/\\\/shop.army-case.com\\\/wp-content\\\/uploads\\\/2023\\\/05\\\/miniature-storage-cases-duopack-a-case.png\",\"datePublished\":\"2023-05-11T12:28:35+00:00\",\"dateModified\":\"2024-04-05T07:33:11+00:00\",\"breadcrumb\":{\"@id\":\"https:\\\/\\\/shop.army-case.com\\\/fr\\\/mallette-de-transport-de-figurines\\\/duopack-ultimate-airplane-traveler\\\/#breadcrumb\"},\"inLanguage\":\"fr-FR\",\"potentialAction\":[{\"@type\":\"ReadAction\",\"target\":[\"https:\\\/\\\/shop.army-case.com\\\/fr\\\/mallette-de-transport-de-figurines\\\/duopack-ultimate-airplane-traveler\\\/\"]}]},{\"@type\":\"ImageObject\",\"inLanguage\":\"fr-FR\",\"@id\":\"https:\\\/\\\/shop.army-case.com\\\/fr\\\/mallette-de-transport-de-figurines\\\/duopack-ultimate-airplane-traveler\\\/#primaryimage\",\"url\":\"https:\\\/\\\/shop.army-case.com\\\/wp-content\\\/uploads\\\/2023\\\/05\\\/miniature-storage-cases-duopack-a-case.png\",\"contentUrl\":\"https:\\\/\\\/shop.army-case.com\\\/wp-content\\\/uploads\\\/2023\\\/05\\\/miniature-storage-cases-duopack-a-case.png\",\"width\":1080,\"height\":1080,\"caption\":\"miniature storage cases duopack a case\"},{\"@type\":\"BreadcrumbList\",\"@id\":\"https:\\\/\\\/shop.army-case.com\\\/fr\\\/mallette-de-transport-de-figurines\\\/duopack-ultimate-airplane-traveler\\\/#breadcrumb\",\"itemListElement\":[{\"@type\":\"ListItem\",\"position\":1,\"name\":\"Home\",\"item\":\"https:\\\/\\\/shop.army-case.com\\\/fr\\\/\"},{\"@type\":\"ListItem\",\"position\":2,\"name\":\"Shop\",\"item\":\"https:\\\/\\\/shop.army-case.com\\\/fr\\\/shop\\\/\"},{\"@type\":\"ListItem\",\"position\":3,\"name\":\"DuoPack &#8211; Voyageur ultime en avion\"}]},{\"@type\":\"WebSite\",\"@id\":\"https:\\\/\\\/shop.army-case.com\\\/fr\\\/#website\",\"url\":\"https:\\\/\\\/shop.army-case.com\\\/fr\\\/\",\"name\":\"A-Case\",\"description\":\"\",\"potentialAction\":[{\"@type\":\"SearchAction\",\"target\":{\"@type\":\"EntryPoint\",\"urlTemplate\":\"https:\\\/\\\/shop.army-case.com\\\/fr\\\/?s={search_term_string}\"},\"query-input\":{\"@type\":\"PropertyValueSpecification\",\"valueRequired\":true,\"valueName\":\"search_term_string\"}}],\"inLanguage\":\"fr-FR\"}]}<\/script>\n<!-- \/ Yoast SEO plugin. -->","yoast_head_json":{"title":"DuoPack - Voyageur ultime en avion &#8211; A-Case","robots":{"index":"index","follow":"follow","max-snippet":"max-snippet:-1","max-image-preview":"max-image-preview:large","max-video-preview":"max-video-preview:-1"},"canonical":"https:\/\/shop.army-case.com\/fr\/mallette-de-transport-de-figurines\/duopack-ultimate-airplane-traveler\/","og_locale":"fr_FR","og_type":"article","og_title":"DuoPack - Voyageur ultime en avion &#8211; A-Case","og_description":"Voyagez comme un pro avec A-Case Duo ! Le A-Case DuoPack a \u00e9t\u00e9 con\u00e7u pour rendre votre voyage en avion facile et confortable. Cela vous permet d\u2019avoir plus d\u2019espace de stockage pour vos figurines et de les avoir \u00e0 bord.","og_url":"https:\/\/shop.army-case.com\/fr\/mallette-de-transport-de-figurines\/duopack-ultimate-airplane-traveler\/","og_site_name":"A-Case","article_publisher":"https:\/\/www.facebook.com\/armycase\/","article_modified_time":"2024-04-05T07:33:11+00:00","og_image":[{"width":1080,"height":1080,"url":"https:\/\/shop.army-case.com\/wp-content\/uploads\/2023\/05\/miniature-storage-cases-duopack-a-case.png","type":"image\/png"}],"twitter_card":"summary_large_image","twitter_misc":{"Dur\u00e9e de lecture estim\u00e9e":"2 minutes"},"schema":{"@context":"https:\/\/schema.org","@graph":[{"@type":"WebPage","@id":"https:\/\/shop.army-case.com\/fr\/mallette-de-transport-de-figurines\/duopack-ultimate-airplane-traveler\/","url":"https:\/\/shop.army-case.com\/fr\/mallette-de-transport-de-figurines\/duopack-ultimate-airplane-traveler\/","name":"DuoPack - Voyageur ultime en avion &#8211; A-Case","isPartOf":{"@id":"https:\/\/shop.army-case.com\/fr\/#website"},"primaryImageOfPage":{"@id":"https:\/\/shop.army-case.com\/fr\/mallette-de-transport-de-figurines\/duopack-ultimate-airplane-traveler\/#primaryimage"},"image":{"@id":"https:\/\/shop.army-case.com\/fr\/mallette-de-transport-de-figurines\/duopack-ultimate-airplane-traveler\/#primaryimage"},"thumbnailUrl":"https:\/\/shop.army-case.com\/wp-content\/uploads\/2023\/05\/miniature-storage-cases-duopack-a-case.png","datePublished":"2023-05-11T12:28:35+00:00","dateModified":"2024-04-05T07:33:11+00:00","breadcrumb":{"@id":"https:\/\/shop.army-case.com\/fr\/mallette-de-transport-de-figurines\/duopack-ultimate-airplane-traveler\/#breadcrumb"},"inLanguage":"fr-FR","potentialAction":[{"@type":"ReadAction","target":["https:\/\/shop.army-case.com\/fr\/mallette-de-transport-de-figurines\/duopack-ultimate-airplane-traveler\/"]}]},{"@type":"ImageObject","inLanguage":"fr-FR","@id":"https:\/\/shop.army-case.com\/fr\/mallette-de-transport-de-figurines\/duopack-ultimate-airplane-traveler\/#primaryimage","url":"https:\/\/shop.army-case.com\/wp-content\/uploads\/2023\/05\/miniature-storage-cases-duopack-a-case.png","contentUrl":"https:\/\/shop.army-case.com\/wp-content\/uploads\/2023\/05\/miniature-storage-cases-duopack-a-case.png","width":1080,"height":1080,"caption":"miniature storage cases duopack a case"},{"@type":"BreadcrumbList","@id":"https:\/\/shop.army-case.com\/fr\/mallette-de-transport-de-figurines\/duopack-ultimate-airplane-traveler\/#breadcrumb","itemListElement":[{"@type":"ListItem","position":1,"name":"Home","item":"https:\/\/shop.army-case.com\/fr\/"},{"@type":"ListItem","position":2,"name":"Shop","item":"https:\/\/shop.army-case.com\/fr\/shop\/"},{"@type":"ListItem","position":3,"name":"DuoPack &#8211; Voyageur ultime en avion"}]},{"@type":"WebSite","@id":"https:\/\/shop.army-case.com\/fr\/#website","url":"https:\/\/shop.army-case.com\/fr\/","name":"A-Case","description":"","potentialAction":[{"@type":"SearchAction","target":{"@type":"EntryPoint","urlTemplate":"https:\/\/shop.army-case.com\/fr\/?s={search_term_string}"},"query-input":{"@type":"PropertyValueSpecification","valueRequired":true,"valueName":"search_term_string"}}],"inLanguage":"fr-FR"}]}},"_links":{"self":[{"href":"https:\/\/shop.army-case.com\/fr\/wp-json\/wp\/v2\/product\/15225","targetHints":{"allow":["GET"]}}],"collection":[{"href":"https:\/\/shop.army-case.com\/fr\/wp-json\/wp\/v2\/product"}],"about":[{"href":"https:\/\/shop.army-case.com\/fr\/wp-json\/wp\/v2\/types\/product"}],"version-history":[{"count":0,"href":"https:\/\/shop.army-case.com\/fr\/wp-json\/wp\/v2\/product\/15225\/revisions"}],"wp:featuredmedia":[{"embeddable":true,"href":"https:\/\/shop.army-case.com\/fr\/wp-json\/wp\/v2\/media\/15184"}],"wp:attachment":[{"href":"https:\/\/shop.army-case.com\/fr\/wp-json\/wp\/v2\/media?parent=15225"}],"wp:term":[{"taxonomy":"product_brand","embeddable":true,"href":"https:\/\/shop.army-case.com\/fr\/wp-json\/wp\/v2\/product_brand?post=15225"},{"taxonomy":"product_cat","embeddable":true,"href":"https:\/\/shop.army-case.com\/fr\/wp-json\/wp\/v2\/product_cat?post=15225"},{"taxonomy":"product_tag","embeddable":true,"href":"https:\/\/shop.army-case.com\/fr\/wp-json\/wp\/v2\/product_tag?post=15225"}],"curies":[{"name":"wp","href":"https:\/\/api.w.org\/{rel}","templated":true}]}}