{"id":15033,"date":"2023-04-20T07:05:26","date_gmt":"2023-04-20T07:05:26","guid":{"rendered":"https:\/\/shop.army-case.com\/non%20class\u00e9\/velcropouch\/"},"modified":"2026-01-11T08:14:14","modified_gmt":"2026-01-11T08:14:14","slug":"velcropouch","status":"publish","type":"product","link":"https:\/\/shop.army-case.com\/fr\/accessoires\/velcropouch\/","title":{"rendered":"Pochette velcro"},"content":{"rendered":"<p>Pochette velcro &#8211; espace de rangement et de transport suppl\u00e9mentaire pour les jetons, les d\u00e9s ou d\u2019autres p\u00e9riph\u00e9riques de passe-temps comme une bo\u00eete \u00e0 jetons magn\u00e9tique ou une poign\u00e9e de peinture magn\u00e9tique. Fabriqu\u00e9 dans un mat\u00e9riau de haute qualit\u00e9, r\u00e9sistant \u00e0 l\u2019eau, avec fermeture \u00e9clair lat\u00e9rale. Il est enti\u00e8rement compatible avec tous nos bo\u00eetiers magn\u00e9tiques et permet d\u2019agrandir leur espace.<\/p>\n<p>Dimensions ext\u00e9rieures\u00a0:<\/p>\n<ul>\n<li>Hauteur : 230 mm \/ 9<sup>1<\/sup>\u2044<sub>16<\/sub>po<\/li>\n<li>Largeur : 135 mm \/ 5<sup>5<\/sup>\u2044<sub>16<\/sub>po<\/li>\n<li>Profondeur : 40 mm \/ 1<sup>37<\/sup>\u2044<sub>64<\/sub>po<\/li>\n<\/ul>\n<p>Les dimensions ci-dessus sont indicatives.<\/p>\n<p><strong>Poids\u00a0:<\/strong> 0,10 kg<\/p>\n<h6>TOUTES LES PHOTOS PR\u00c9SENT\u00c9ES SONT \u00c0 TITRE D\u2019ILLUSTRATION UNIQUEMENT. LE PRODUIT R\u00c9EL PEUT VARIER EN RAISON DE L\u2019AM\u00c9LIORATION DU PRODUIT.<\/h6>\n","protected":false},"excerpt":{"rendered":"<p>Pochette velcro &#8211; espace de rangement et de transport suppl\u00e9mentaire pour les jetons, les d\u00e9s ou d\u2019autres p\u00e9riph\u00e9riques de passe-temps comme une bo\u00eete \u00e0 jetons magn\u00e9tique ou une poign\u00e9e de peinture magn\u00e9tique. Fabriqu\u00e9 dans un mat\u00e9riau de haute qualit\u00e9, r\u00e9sistant \u00e0 l\u2019eau, avec fermeture \u00e9clair lat\u00e9rale. Il est enti\u00e8rement compatible avec tous nos bo\u00eetiers magn\u00e9tiques [&hellip;]<\/p>\n","protected":false},"featured_media":15026,"template":"","meta":[],"product_brand":[],"product_cat":[233],"product_tag":[],"class_list":{"0":"post-15033","1":"product","2":"type-product","3":"status-publish","4":"has-post-thumbnail","6":"product_cat-accessoires","7":"product_shipping_class-livraison-gratuite","9":"first","10":"outofstock","11":"shipping-taxable","12":"purchasable","13":"product-type-variable"},"bundled_by":[],"bundle_stock_status":"outofstock","bundle_stock_quantity":0,"bundle_virtual":false,"bundle_layout":"","bundle_add_to_cart_form_location":"","bundle_editable_in_cart":false,"bundle_sold_individually_context":"","bundle_item_grouping":"","bundle_min_size":"","bundle_max_size":"","bundle_price":[],"bundled_items":[],"bundle_sell_ids":[],"exclude_global_add_ons":false,"addons":[{"name":"Colle CA","type":"checkbox","position":0,"required":false,"title_format":"heading","default":"","description_enable":false,"description":"","placeholder_enable":false,"placeholder":"","display":"select","restrictions_type":"any_text","adjust_price":false,"price":"","price_type":"flat_fee","restrictions":false,"min":"0","max":"0","options":[{"label":"1x 20 g de colle CA","price":"28.99","price_type":"percentage_based","image":0,"visibility":true}],"id":1719923756},{"name":"Des aimants!","type":"checkbox","position":1,"required":false,"title_format":"heading","default":"","description_enable":true,"description":"Si vous avez besoin d\u2019aimants \u00e0 l\u2019int\u00e9rieur, voyez donc les options ci-dessous. Dimensions : 5x2mm","placeholder_enable":false,"placeholder":"","display":"select","restrictions_type":"any_text","adjust_price":false,"price":"","price_type":"flat_fee","restrictions":false,"min":"0","max":"0","options":[{"label":"50 aimants neodym","price":"46.51","price_type":"percentage_based","image":0,"visibility":true},{"label":"100 aimants neodym","price":"77.52","price_type":"percentage_based","image":0,"visibility":true},{"label":"150 aimants neodym","price":"104.65","price_type":"percentage_based","image":0,"visibility":true},{"label":"200 aimants neodym","price":"124.03","price_type":"percentage_based","image":0,"visibility":true},{"label":"250 aimants neodym","price":"174.42","price_type":"percentage_based","image":0,"visibility":true}],"id":1719923757}],"yoast_head":"<!-- This site is optimized with the Yoast SEO plugin v27.3 - https:\/\/yoast.com\/product\/yoast-seo-wordpress\/ -->\n<title>Pochette velcro un endroit pour stocker et transporter les jetons<\/title>\n<meta name=\"robots\" content=\"index, follow, max-snippet:-1, max-image-preview:large, max-video-preview:-1\" \/>\n<link rel=\"canonical\" href=\"https:\/\/shop.army-case.com\/fr\/accessoires\/velcropouch\/\" \/>\n<meta property=\"og:locale\" content=\"fr_FR\" \/>\n<meta property=\"og:type\" content=\"article\" \/>\n<meta property=\"og:title\" content=\"Pochette velcro un endroit pour stocker et transporter les jetons\" \/>\n<meta property=\"og:description\" content=\"Pochette velcro &#8211; espace de rangement et de transport suppl\u00e9mentaire pour les jetons, les d\u00e9s ou d\u2019autres p\u00e9riph\u00e9riques de passe-temps comme une bo\u00eete \u00e0 jetons magn\u00e9tique ou une poign\u00e9e de peinture magn\u00e9tique. Fabriqu\u00e9 dans un mat\u00e9riau de haute qualit\u00e9, r\u00e9sistant \u00e0 l\u2019eau, avec fermeture \u00e9clair lat\u00e9rale. Il est enti\u00e8rement compatible avec tous nos bo\u00eetiers magn\u00e9tiques [&hellip;]\" \/>\n<meta property=\"og:url\" content=\"https:\/\/shop.army-case.com\/fr\/accessoires\/velcropouch\/\" \/>\n<meta property=\"og:site_name\" content=\"A-Case\" \/>\n<meta property=\"article:publisher\" content=\"https:\/\/www.facebook.com\/armycase\/\" \/>\n<meta property=\"article:modified_time\" content=\"2026-01-11T08:14:14+00:00\" \/>\n<meta property=\"og:image\" content=\"https:\/\/shop.army-case.com\/wp-content\/uploads\/2023\/04\/velcropouch-1.png\" \/>\n\t<meta property=\"og:image:width\" content=\"1024\" \/>\n\t<meta property=\"og:image:height\" content=\"1024\" \/>\n\t<meta property=\"og:image:type\" content=\"image\/png\" \/>\n<meta name=\"twitter:card\" content=\"summary_large_image\" \/>\n<meta name=\"twitter:label1\" content=\"Dur\u00e9e de lecture estim\u00e9e\" \/>\n\t<meta name=\"twitter:data1\" content=\"1 minute\" \/>\n<script type=\"application\/ld+json\" class=\"yoast-schema-graph\">{\"@context\":\"https:\\\/\\\/schema.org\",\"@graph\":[{\"@type\":\"WebPage\",\"@id\":\"https:\\\/\\\/shop.army-case.com\\\/fr\\\/accessoires\\\/velcropouch\\\/\",\"url\":\"https:\\\/\\\/shop.army-case.com\\\/fr\\\/accessoires\\\/velcropouch\\\/\",\"name\":\"Pochette velcro un endroit pour stocker et transporter les jetons\",\"isPartOf\":{\"@id\":\"https:\\\/\\\/shop.army-case.com\\\/fr\\\/#website\"},\"primaryImageOfPage\":{\"@id\":\"https:\\\/\\\/shop.army-case.com\\\/fr\\\/accessoires\\\/velcropouch\\\/#primaryimage\"},\"image\":{\"@id\":\"https:\\\/\\\/shop.army-case.com\\\/fr\\\/accessoires\\\/velcropouch\\\/#primaryimage\"},\"thumbnailUrl\":\"https:\\\/\\\/shop.army-case.com\\\/wp-content\\\/uploads\\\/2023\\\/04\\\/velcropouch-1.png\",\"datePublished\":\"2023-04-20T07:05:26+00:00\",\"dateModified\":\"2026-01-11T08:14:14+00:00\",\"breadcrumb\":{\"@id\":\"https:\\\/\\\/shop.army-case.com\\\/fr\\\/accessoires\\\/velcropouch\\\/#breadcrumb\"},\"inLanguage\":\"fr-FR\",\"potentialAction\":[{\"@type\":\"ReadAction\",\"target\":[\"https:\\\/\\\/shop.army-case.com\\\/fr\\\/accessoires\\\/velcropouch\\\/\"]}]},{\"@type\":\"ImageObject\",\"inLanguage\":\"fr-FR\",\"@id\":\"https:\\\/\\\/shop.army-case.com\\\/fr\\\/accessoires\\\/velcropouch\\\/#primaryimage\",\"url\":\"https:\\\/\\\/shop.army-case.com\\\/wp-content\\\/uploads\\\/2023\\\/04\\\/velcropouch-1.png\",\"contentUrl\":\"https:\\\/\\\/shop.army-case.com\\\/wp-content\\\/uploads\\\/2023\\\/04\\\/velcropouch-1.png\",\"width\":1024,\"height\":1024,\"caption\":\"Velcropouch\"},{\"@type\":\"BreadcrumbList\",\"@id\":\"https:\\\/\\\/shop.army-case.com\\\/fr\\\/accessoires\\\/velcropouch\\\/#breadcrumb\",\"itemListElement\":[{\"@type\":\"ListItem\",\"position\":1,\"name\":\"Home\",\"item\":\"https:\\\/\\\/shop.army-case.com\\\/fr\\\/\"},{\"@type\":\"ListItem\",\"position\":2,\"name\":\"Shop\",\"item\":\"https:\\\/\\\/shop.army-case.com\\\/fr\\\/shop\\\/\"},{\"@type\":\"ListItem\",\"position\":3,\"name\":\"Pochette velcro\"}]},{\"@type\":\"WebSite\",\"@id\":\"https:\\\/\\\/shop.army-case.com\\\/fr\\\/#website\",\"url\":\"https:\\\/\\\/shop.army-case.com\\\/fr\\\/\",\"name\":\"A-Case\",\"description\":\"\",\"potentialAction\":[{\"@type\":\"SearchAction\",\"target\":{\"@type\":\"EntryPoint\",\"urlTemplate\":\"https:\\\/\\\/shop.army-case.com\\\/fr\\\/?s={search_term_string}\"},\"query-input\":{\"@type\":\"PropertyValueSpecification\",\"valueRequired\":true,\"valueName\":\"search_term_string\"}}],\"inLanguage\":\"fr-FR\"}]}<\/script>\n<!-- \/ Yoast SEO plugin. -->","yoast_head_json":{"title":"Pochette velcro un endroit pour stocker et transporter les jetons","robots":{"index":"index","follow":"follow","max-snippet":"max-snippet:-1","max-image-preview":"max-image-preview:large","max-video-preview":"max-video-preview:-1"},"canonical":"https:\/\/shop.army-case.com\/fr\/accessoires\/velcropouch\/","og_locale":"fr_FR","og_type":"article","og_title":"Pochette velcro un endroit pour stocker et transporter les jetons","og_description":"Pochette velcro &#8211; espace de rangement et de transport suppl\u00e9mentaire pour les jetons, les d\u00e9s ou d\u2019autres p\u00e9riph\u00e9riques de passe-temps comme une bo\u00eete \u00e0 jetons magn\u00e9tique ou une poign\u00e9e de peinture magn\u00e9tique. Fabriqu\u00e9 dans un mat\u00e9riau de haute qualit\u00e9, r\u00e9sistant \u00e0 l\u2019eau, avec fermeture \u00e9clair lat\u00e9rale. Il est enti\u00e8rement compatible avec tous nos bo\u00eetiers magn\u00e9tiques [&hellip;]","og_url":"https:\/\/shop.army-case.com\/fr\/accessoires\/velcropouch\/","og_site_name":"A-Case","article_publisher":"https:\/\/www.facebook.com\/armycase\/","article_modified_time":"2026-01-11T08:14:14+00:00","og_image":[{"width":1024,"height":1024,"url":"https:\/\/shop.army-case.com\/wp-content\/uploads\/2023\/04\/velcropouch-1.png","type":"image\/png"}],"twitter_card":"summary_large_image","twitter_misc":{"Dur\u00e9e de lecture estim\u00e9e":"1 minute"},"schema":{"@context":"https:\/\/schema.org","@graph":[{"@type":"WebPage","@id":"https:\/\/shop.army-case.com\/fr\/accessoires\/velcropouch\/","url":"https:\/\/shop.army-case.com\/fr\/accessoires\/velcropouch\/","name":"Pochette velcro un endroit pour stocker et transporter les jetons","isPartOf":{"@id":"https:\/\/shop.army-case.com\/fr\/#website"},"primaryImageOfPage":{"@id":"https:\/\/shop.army-case.com\/fr\/accessoires\/velcropouch\/#primaryimage"},"image":{"@id":"https:\/\/shop.army-case.com\/fr\/accessoires\/velcropouch\/#primaryimage"},"thumbnailUrl":"https:\/\/shop.army-case.com\/wp-content\/uploads\/2023\/04\/velcropouch-1.png","datePublished":"2023-04-20T07:05:26+00:00","dateModified":"2026-01-11T08:14:14+00:00","breadcrumb":{"@id":"https:\/\/shop.army-case.com\/fr\/accessoires\/velcropouch\/#breadcrumb"},"inLanguage":"fr-FR","potentialAction":[{"@type":"ReadAction","target":["https:\/\/shop.army-case.com\/fr\/accessoires\/velcropouch\/"]}]},{"@type":"ImageObject","inLanguage":"fr-FR","@id":"https:\/\/shop.army-case.com\/fr\/accessoires\/velcropouch\/#primaryimage","url":"https:\/\/shop.army-case.com\/wp-content\/uploads\/2023\/04\/velcropouch-1.png","contentUrl":"https:\/\/shop.army-case.com\/wp-content\/uploads\/2023\/04\/velcropouch-1.png","width":1024,"height":1024,"caption":"Velcropouch"},{"@type":"BreadcrumbList","@id":"https:\/\/shop.army-case.com\/fr\/accessoires\/velcropouch\/#breadcrumb","itemListElement":[{"@type":"ListItem","position":1,"name":"Home","item":"https:\/\/shop.army-case.com\/fr\/"},{"@type":"ListItem","position":2,"name":"Shop","item":"https:\/\/shop.army-case.com\/fr\/shop\/"},{"@type":"ListItem","position":3,"name":"Pochette velcro"}]},{"@type":"WebSite","@id":"https:\/\/shop.army-case.com\/fr\/#website","url":"https:\/\/shop.army-case.com\/fr\/","name":"A-Case","description":"","potentialAction":[{"@type":"SearchAction","target":{"@type":"EntryPoint","urlTemplate":"https:\/\/shop.army-case.com\/fr\/?s={search_term_string}"},"query-input":{"@type":"PropertyValueSpecification","valueRequired":true,"valueName":"search_term_string"}}],"inLanguage":"fr-FR"}]}},"_links":{"self":[{"href":"https:\/\/shop.army-case.com\/fr\/wp-json\/wp\/v2\/product\/15033","targetHints":{"allow":["GET"]}}],"collection":[{"href":"https:\/\/shop.army-case.com\/fr\/wp-json\/wp\/v2\/product"}],"about":[{"href":"https:\/\/shop.army-case.com\/fr\/wp-json\/wp\/v2\/types\/product"}],"version-history":[{"count":0,"href":"https:\/\/shop.army-case.com\/fr\/wp-json\/wp\/v2\/product\/15033\/revisions"}],"wp:featuredmedia":[{"embeddable":true,"href":"https:\/\/shop.army-case.com\/fr\/wp-json\/wp\/v2\/media\/15026"}],"wp:attachment":[{"href":"https:\/\/shop.army-case.com\/fr\/wp-json\/wp\/v2\/media?parent=15033"}],"wp:term":[{"taxonomy":"product_brand","embeddable":true,"href":"https:\/\/shop.army-case.com\/fr\/wp-json\/wp\/v2\/product_brand?post=15033"},{"taxonomy":"product_cat","embeddable":true,"href":"https:\/\/shop.army-case.com\/fr\/wp-json\/wp\/v2\/product_cat?post=15033"},{"taxonomy":"product_tag","embeddable":true,"href":"https:\/\/shop.army-case.com\/fr\/wp-json\/wp\/v2\/product_tag?post=15033"}],"curies":[{"name":"wp","href":"https:\/\/api.w.org\/{rel}","templated":true}]}}