{"id":14663,"date":"2023-03-29T09:05:37","date_gmt":"2023-03-29T09:08:19","guid":{"rendered":"https:\/\/shop.army-case.com\/?post_type=product&#038;p=14663"},"modified":"2026-01-11T08:14:14","modified_gmt":"2026-01-11T08:14:14","slug":"magnetic-token-box","status":"publish","type":"product","link":"https:\/\/shop.army-case.com\/fr\/accessoires\/magnetic-token-box\/","title":{"rendered":"Bo\u00eete \u00e0 jetons magn\u00e9tiques"},"content":{"rendered":"<p>Bo\u00eete \u00e0 jetons magn\u00e9tique pour les jetons, les marqueurs et les d\u00e9s. Fabriqu\u00e9 \u00e0 partir de mat\u00e9riaux l\u00e9gers de qualit\u00e9 sup\u00e9rieure (PLA), avec couvercle, fond et entretoises enduits de poudre. Parfait pour une meilleure organisation, un meilleur rangement et un meilleur transport des accessoires de table.<\/p>\n<p>Inclus dans l\u2019ensemble Magnetic Token Box :<\/p>\n<ul>\n<li>1 x corps imprim\u00e9 en 3D avec fond thermolaqu\u00e9 int\u00e9gr\u00e9 en acier et aimants<\/li>\n<li>1 x couvercle coulissant en acier thermolaqu\u00e9<\/li>\n<li>2 x longue entretoise en acier thermolaqu\u00e9 (\u00ab&nbsp;peignes&nbsp;\u00bb)<\/li>\n<li>3 x entretoises courtes en acier thermolaqu\u00e9 (\u00ab&nbsp;peignes&nbsp;\u00bb)<\/li>\n<\/ul>\n<p>Dimensions int\u00e9rieures&nbsp;:<\/p>\n<ul>\n<li>Hauteur : 25 mm \/ 0<sup>63<\/sup>\u2044<sub>64<\/sub>po<\/li>\n<li>Largeur : 106 mm \/ 4<sup>11<\/sup>\u2044<sub>64<\/sub>po<\/li>\n<li>Longueur : 166 mm \/ 6<sup>17<\/sup>\u2044<sub>32<\/sub>po<\/li>\n<\/ul>\n<p>Les dimensions ci-dessus sont indicatives.<\/p>\n<p><strong>Poids&nbsp;:<\/strong> 0,25 kg<\/p>\n<p>Ce produit est livr\u00e9 non assembl\u00e9.<\/p>\n<h6>TOUTES LES PHOTOS PR\u00c9SENT\u00c9ES SONT \u00c0 TITRE D\u2019ILLUSTRATION UNIQUEMENT. LE PRODUIT R\u00c9EL PEUT VARIER EN RAISON DE L\u2019AM\u00c9LIORATION DU PRODUIT.<\/h6>\n","protected":false},"excerpt":{"rendered":"<p>Bo\u00eete \u00e0 jetons magn\u00e9tique pour les jetons, les marqueurs et les d\u00e9s. Fabriqu\u00e9 \u00e0 partir de mat\u00e9riaux l\u00e9gers de qualit\u00e9 sup\u00e9rieure (PLA), avec couvercle, fond et entretoises enduits de poudre. Parfait pour une meilleure organisation, un meilleur rangement et un meilleur transport des accessoires de table. Inclus dans l\u2019ensemble Magnetic Token Box : 1 x [&hellip;]<\/p>\n","protected":false},"featured_media":22831,"template":"","meta":[],"product_brand":[],"product_cat":[233],"product_tag":[],"class_list":{"0":"post-14663","1":"product","2":"type-product","3":"status-publish","4":"has-post-thumbnail","6":"product_cat-accessoires","7":"product_shipping_class-livraison-gratuite","9":"first","10":"instock","11":"shipping-taxable","12":"purchasable","13":"product-type-variable"},"bundled_by":[],"bundle_stock_status":"instock","bundle_stock_quantity":null,"bundle_virtual":false,"bundle_layout":"","bundle_add_to_cart_form_location":"","bundle_editable_in_cart":false,"bundle_sold_individually_context":"","bundle_item_grouping":"","bundle_min_size":"","bundle_max_size":"","bundle_price":[],"bundled_items":[],"bundle_sell_ids":[],"exclude_global_add_ons":false,"addons":[{"name":"Colle CA","type":"checkbox","position":0,"required":false,"title_format":"label","default":"","description_enable":false,"description":null,"placeholder_enable":false,"placeholder":"","display":"select","restrictions_type":"any_text","adjust_price":false,"price":"","price_type":"flat_fee","restrictions":false,"min":"0","max":"0","options":[{"label":"1x 20 g de colle CA","price":"13.42","price_type":"percentage_based","image":0,"visibility":true}],"id":1740749368},{"name":"Aimants!","type":"checkbox","position":1,"required":false,"title_format":"label","default":"","description_enable":true,"description":"Si vous avez besoin d\u2019aimants \u00e0 l\u2019int\u00e9rieur, v\u00e9rifiez les options ci-dessous. Dimensions - 5x2mm","placeholder_enable":false,"placeholder":"","display":"select","restrictions_type":"any_text","adjust_price":false,"price":"","price_type":"flat_fee","restrictions":false,"min":"0","max":"0","options":[{"label":"50 aimants n\u00e9odyme","price":"40.28","price_type":"percentage_based","image":0,"visibility":true},{"label":"100 aimants n\u00e9odyme","price":"67.12","price_type":"percentage_based","image":0,"visibility":true},{"label":"150 aimants n\u00e9odyme","price":"90.62","price_type":"percentage_based","image":0,"visibility":true},{"label":"200 aimants n\u00e9odyme","price":"107.39","price_type":"percentage_based","image":0,"visibility":true},{"label":"250 aimants n\u00e9odyme","price":"151.1","price_type":"percentage_based","image":0,"visibility":true}],"id":1740749369}],"yoast_head":"<!-- This site is optimized with the Yoast SEO plugin v27.3 - https:\/\/yoast.com\/product\/yoast-seo-wordpress\/ -->\n<title>Bo\u00eete \u00e0 jetons magn\u00e9tique (VTT) - \u00c9tui de l\u2019arm\u00e9e<\/title>\n<meta name=\"robots\" content=\"index, follow, max-snippet:-1, max-image-preview:large, max-video-preview:-1\" \/>\n<link rel=\"canonical\" href=\"https:\/\/shop.army-case.com\/fr\/accessoires\/magnetic-token-box\/\" \/>\n<meta property=\"og:locale\" content=\"fr_FR\" \/>\n<meta property=\"og:type\" content=\"article\" \/>\n<meta property=\"og:title\" content=\"Bo\u00eete \u00e0 jetons magn\u00e9tique (VTT) - \u00c9tui de l\u2019arm\u00e9e\" \/>\n<meta property=\"og:description\" content=\"Bo\u00eete \u00e0 jetons magn\u00e9tique pour les jetons, les marqueurs et les d\u00e9s. Fabriqu\u00e9 \u00e0 partir de mat\u00e9riaux l\u00e9gers de qualit\u00e9 sup\u00e9rieure (PLA), avec couvercle, fond et entretoises enduits de poudre. Parfait pour une meilleure organisation, un meilleur rangement et un meilleur transport des accessoires de table. Inclus dans l\u2019ensemble Magnetic Token Box : 1 x [&hellip;]\" \/>\n<meta property=\"og:url\" content=\"https:\/\/shop.army-case.com\/fr\/accessoires\/magnetic-token-box\/\" \/>\n<meta property=\"og:site_name\" content=\"A-Case\" \/>\n<meta property=\"article:publisher\" content=\"https:\/\/www.facebook.com\/armycase\/\" \/>\n<meta property=\"article:modified_time\" content=\"2026-01-11T08:14:14+00:00\" \/>\n<meta property=\"og:image\" content=\"https:\/\/shop.army-case.com\/wp-content\/uploads\/2023\/03\/magnetic-token-box-black-004.webp\" \/>\n\t<meta property=\"og:image:width\" content=\"800\" \/>\n\t<meta property=\"og:image:height\" content=\"1092\" \/>\n\t<meta property=\"og:image:type\" content=\"image\/webp\" \/>\n<meta name=\"twitter:card\" content=\"summary_large_image\" \/>\n<meta name=\"twitter:label1\" content=\"Dur\u00e9e de lecture estim\u00e9e\" \/>\n\t<meta name=\"twitter:data1\" content=\"1 minute\" \/>\n<script type=\"application\/ld+json\" class=\"yoast-schema-graph\">{\"@context\":\"https:\\\/\\\/schema.org\",\"@graph\":[{\"@type\":\"WebPage\",\"@id\":\"https:\\\/\\\/shop.army-case.com\\\/fr\\\/accessoires\\\/magnetic-token-box\\\/\",\"url\":\"https:\\\/\\\/shop.army-case.com\\\/fr\\\/accessoires\\\/magnetic-token-box\\\/\",\"name\":\"Bo\u00eete \u00e0 jetons magn\u00e9tique (VTT) - \u00c9tui de l\u2019arm\u00e9e\",\"isPartOf\":{\"@id\":\"https:\\\/\\\/shop.army-case.com\\\/fr\\\/#website\"},\"primaryImageOfPage\":{\"@id\":\"https:\\\/\\\/shop.army-case.com\\\/fr\\\/accessoires\\\/magnetic-token-box\\\/#primaryimage\"},\"image\":{\"@id\":\"https:\\\/\\\/shop.army-case.com\\\/fr\\\/accessoires\\\/magnetic-token-box\\\/#primaryimage\"},\"thumbnailUrl\":\"https:\\\/\\\/shop.army-case.com\\\/wp-content\\\/uploads\\\/2023\\\/03\\\/magnetic-token-box-black-004.webp\",\"datePublished\":\"2023-03-29T09:08:19+00:00\",\"dateModified\":\"2026-01-11T08:14:14+00:00\",\"breadcrumb\":{\"@id\":\"https:\\\/\\\/shop.army-case.com\\\/fr\\\/accessoires\\\/magnetic-token-box\\\/#breadcrumb\"},\"inLanguage\":\"fr-FR\",\"potentialAction\":[{\"@type\":\"ReadAction\",\"target\":[\"https:\\\/\\\/shop.army-case.com\\\/fr\\\/accessoires\\\/magnetic-token-box\\\/\"]}]},{\"@type\":\"ImageObject\",\"inLanguage\":\"fr-FR\",\"@id\":\"https:\\\/\\\/shop.army-case.com\\\/fr\\\/accessoires\\\/magnetic-token-box\\\/#primaryimage\",\"url\":\"https:\\\/\\\/shop.army-case.com\\\/wp-content\\\/uploads\\\/2023\\\/03\\\/magnetic-token-box-black-004.webp\",\"contentUrl\":\"https:\\\/\\\/shop.army-case.com\\\/wp-content\\\/uploads\\\/2023\\\/03\\\/magnetic-token-box-black-004.webp\",\"width\":800,\"height\":1092},{\"@type\":\"BreadcrumbList\",\"@id\":\"https:\\\/\\\/shop.army-case.com\\\/fr\\\/accessoires\\\/magnetic-token-box\\\/#breadcrumb\",\"itemListElement\":[{\"@type\":\"ListItem\",\"position\":1,\"name\":\"Home\",\"item\":\"https:\\\/\\\/shop.army-case.com\\\/fr\\\/\"},{\"@type\":\"ListItem\",\"position\":2,\"name\":\"Shop\",\"item\":\"https:\\\/\\\/shop.army-case.com\\\/fr\\\/shop\\\/\"},{\"@type\":\"ListItem\",\"position\":3,\"name\":\"Bo\u00eete \u00e0 jetons magn\u00e9tiques\"}]},{\"@type\":\"WebSite\",\"@id\":\"https:\\\/\\\/shop.army-case.com\\\/fr\\\/#website\",\"url\":\"https:\\\/\\\/shop.army-case.com\\\/fr\\\/\",\"name\":\"A-Case\",\"description\":\"\",\"potentialAction\":[{\"@type\":\"SearchAction\",\"target\":{\"@type\":\"EntryPoint\",\"urlTemplate\":\"https:\\\/\\\/shop.army-case.com\\\/fr\\\/?s={search_term_string}\"},\"query-input\":{\"@type\":\"PropertyValueSpecification\",\"valueRequired\":true,\"valueName\":\"search_term_string\"}}],\"inLanguage\":\"fr-FR\"}]}<\/script>\n<!-- \/ Yoast SEO plugin. -->","yoast_head_json":{"title":"Bo\u00eete \u00e0 jetons magn\u00e9tique (VTT) - \u00c9tui de l\u2019arm\u00e9e","robots":{"index":"index","follow":"follow","max-snippet":"max-snippet:-1","max-image-preview":"max-image-preview:large","max-video-preview":"max-video-preview:-1"},"canonical":"https:\/\/shop.army-case.com\/fr\/accessoires\/magnetic-token-box\/","og_locale":"fr_FR","og_type":"article","og_title":"Bo\u00eete \u00e0 jetons magn\u00e9tique (VTT) - \u00c9tui de l\u2019arm\u00e9e","og_description":"Bo\u00eete \u00e0 jetons magn\u00e9tique pour les jetons, les marqueurs et les d\u00e9s. Fabriqu\u00e9 \u00e0 partir de mat\u00e9riaux l\u00e9gers de qualit\u00e9 sup\u00e9rieure (PLA), avec couvercle, fond et entretoises enduits de poudre. Parfait pour une meilleure organisation, un meilleur rangement et un meilleur transport des accessoires de table. Inclus dans l\u2019ensemble Magnetic Token Box : 1 x [&hellip;]","og_url":"https:\/\/shop.army-case.com\/fr\/accessoires\/magnetic-token-box\/","og_site_name":"A-Case","article_publisher":"https:\/\/www.facebook.com\/armycase\/","article_modified_time":"2026-01-11T08:14:14+00:00","og_image":[{"width":800,"height":1092,"url":"https:\/\/shop.army-case.com\/wp-content\/uploads\/2023\/03\/magnetic-token-box-black-004.webp","type":"image\/webp"}],"twitter_card":"summary_large_image","twitter_misc":{"Dur\u00e9e de lecture estim\u00e9e":"1 minute"},"schema":{"@context":"https:\/\/schema.org","@graph":[{"@type":"WebPage","@id":"https:\/\/shop.army-case.com\/fr\/accessoires\/magnetic-token-box\/","url":"https:\/\/shop.army-case.com\/fr\/accessoires\/magnetic-token-box\/","name":"Bo\u00eete \u00e0 jetons magn\u00e9tique (VTT) - \u00c9tui de l\u2019arm\u00e9e","isPartOf":{"@id":"https:\/\/shop.army-case.com\/fr\/#website"},"primaryImageOfPage":{"@id":"https:\/\/shop.army-case.com\/fr\/accessoires\/magnetic-token-box\/#primaryimage"},"image":{"@id":"https:\/\/shop.army-case.com\/fr\/accessoires\/magnetic-token-box\/#primaryimage"},"thumbnailUrl":"https:\/\/shop.army-case.com\/wp-content\/uploads\/2023\/03\/magnetic-token-box-black-004.webp","datePublished":"2023-03-29T09:08:19+00:00","dateModified":"2026-01-11T08:14:14+00:00","breadcrumb":{"@id":"https:\/\/shop.army-case.com\/fr\/accessoires\/magnetic-token-box\/#breadcrumb"},"inLanguage":"fr-FR","potentialAction":[{"@type":"ReadAction","target":["https:\/\/shop.army-case.com\/fr\/accessoires\/magnetic-token-box\/"]}]},{"@type":"ImageObject","inLanguage":"fr-FR","@id":"https:\/\/shop.army-case.com\/fr\/accessoires\/magnetic-token-box\/#primaryimage","url":"https:\/\/shop.army-case.com\/wp-content\/uploads\/2023\/03\/magnetic-token-box-black-004.webp","contentUrl":"https:\/\/shop.army-case.com\/wp-content\/uploads\/2023\/03\/magnetic-token-box-black-004.webp","width":800,"height":1092},{"@type":"BreadcrumbList","@id":"https:\/\/shop.army-case.com\/fr\/accessoires\/magnetic-token-box\/#breadcrumb","itemListElement":[{"@type":"ListItem","position":1,"name":"Home","item":"https:\/\/shop.army-case.com\/fr\/"},{"@type":"ListItem","position":2,"name":"Shop","item":"https:\/\/shop.army-case.com\/fr\/shop\/"},{"@type":"ListItem","position":3,"name":"Bo\u00eete \u00e0 jetons magn\u00e9tiques"}]},{"@type":"WebSite","@id":"https:\/\/shop.army-case.com\/fr\/#website","url":"https:\/\/shop.army-case.com\/fr\/","name":"A-Case","description":"","potentialAction":[{"@type":"SearchAction","target":{"@type":"EntryPoint","urlTemplate":"https:\/\/shop.army-case.com\/fr\/?s={search_term_string}"},"query-input":{"@type":"PropertyValueSpecification","valueRequired":true,"valueName":"search_term_string"}}],"inLanguage":"fr-FR"}]}},"_links":{"self":[{"href":"https:\/\/shop.army-case.com\/fr\/wp-json\/wp\/v2\/product\/14663","targetHints":{"allow":["GET"]}}],"collection":[{"href":"https:\/\/shop.army-case.com\/fr\/wp-json\/wp\/v2\/product"}],"about":[{"href":"https:\/\/shop.army-case.com\/fr\/wp-json\/wp\/v2\/types\/product"}],"version-history":[{"count":0,"href":"https:\/\/shop.army-case.com\/fr\/wp-json\/wp\/v2\/product\/14663\/revisions"}],"wp:featuredmedia":[{"embeddable":true,"href":"https:\/\/shop.army-case.com\/fr\/wp-json\/wp\/v2\/media\/22831"}],"wp:attachment":[{"href":"https:\/\/shop.army-case.com\/fr\/wp-json\/wp\/v2\/media?parent=14663"}],"wp:term":[{"taxonomy":"product_brand","embeddable":true,"href":"https:\/\/shop.army-case.com\/fr\/wp-json\/wp\/v2\/product_brand?post=14663"},{"taxonomy":"product_cat","embeddable":true,"href":"https:\/\/shop.army-case.com\/fr\/wp-json\/wp\/v2\/product_cat?post=14663"},{"taxonomy":"product_tag","embeddable":true,"href":"https:\/\/shop.army-case.com\/fr\/wp-json\/wp\/v2\/product_tag?post=14663"}],"curies":[{"name":"wp","href":"https:\/\/api.w.org\/{rel}","templated":true}]}}