{"id":13570,"date":"2023-01-08T21:51:21","date_gmt":"2023-01-08T21:51:21","guid":{"rendered":"https:\/\/shop.army-case.com\/non%20class\u00e9\/a-case-carrier-backpack\/"},"modified":"2026-03-28T10:57:31","modified_gmt":"2026-03-28T10:57:31","slug":"a-case-carrier-backpack","status":"publish","type":"product","link":"https:\/\/shop.army-case.com\/fr\/mallette-de-transport-de-figurines\/a-case-carrier-backpack\/","title":{"rendered":"Porte-valise A  [Backpack]"},"content":{"rendered":"<p>A-Case Carrier &#8211; Votre nouveau meilleur sac \u00e0 dos de passe-temps personnel. Fabriqu\u00e9 \u00e0 partir de mat\u00e9riaux l\u00e9gers de qualit\u00e9 sup\u00e9rieure. Le cadre en aluminium avec plateaux en acier vous permettra de ranger et de transporter vos figurines en toute s\u00e9curit\u00e9 et confortablement. Parfait pour tous les types de figurines. Selon le jeu, stocke jusqu\u2019\u00e0 quelques milliers de points d\u2019arm\u00e9es.<\/p>\n<p>Inclus dans l\u2019ensemble de porte-bagages :<\/p>\n<ul>\n<li>Cadre noir <strong>en aluminium enduit<\/strong> de poudre l\u00e9ger et durable<\/li>\n<li>3 x \u00e9tag\u00e8res <strong>noires<\/strong> en acier enduit de poudre<\/li>\n<li>6 x goupilles de verrouillage<\/li>\n<li>Sac \u00e0 dos rembourr\u00e9 en polyester de haute qualit\u00e9 dans la couleur choisie avec une bande velcro pour les patchs<\/li>\n<li>3x Poches pour accessoires<\/li>\n<li>50 x aimants n\u00e9odyme puissants (5&#215;2 mm)<\/li>\n<\/ul>\n<p>Dimensions ext\u00e9rieures&nbsp;:<\/p>\n<ul>\n<li>Hauteur&nbsp;: 44 cm \/ ~17 \u00b2\u00b9\/\u2086\u2084 inch<\/li>\n<li>Largeur&nbsp;: 27cm \/ ~10 \u2075\/\u2088 inch (sans poches)<\/li>\n<li>Profondeur : 17cm \/ ~ 6 \u00b9\u00b9\/\u2081\u2086 inch (sans poche)<\/li>\n<\/ul>\n<p>Dimensions ext\u00e9rieures de l\u2019enveloppe :<\/p>\n<ul>\n<li>Hauteur&nbsp;: 42 cm \/ ~ 16 \u00b9\u2077\/\u2083\u2082 inch<\/li>\n<li>Largeur&nbsp;: 23,9 cm \/ ~ 9 \u00b9\u00b3\/\u2083\u2082 inch<\/li>\n<li>Profondeur : 15 cm \/ 5 \u00b2\u2079\/\u2083\u2082 inch<\/li>\n<\/ul>\n<p>Dimensions internes du bo\u00eetier :<\/p>\n<ul>\n<li>Hauteur&nbsp;: (\u00e9tag\u00e8re inf\u00e9rieure vers le haut du bo\u00eetier) 35,3 cm \/ ~ 13 \u2075\u2077\/\u2086\u2084 inch<\/li>\n<li>Largeur&nbsp;: 19,2 cm \/ ~ 7 \u2079\/\u2081\u2086 inch<\/li>\n<li>Profondeur&nbsp;: 14,6 cm \/ ~ 5 \u00b3\/\u2084 inch<\/li>\n<\/ul>\n<p>Dimensions du plateau :<\/p>\n<ul>\n<li>Largeur&nbsp;: 21,2 cm \/ ~ 8 \u00b9\u00b9\/\u2083\u2082 inch<\/li>\n<li>Profondeur&nbsp;: 14,8 cm \/ ~5 \u2075\u00b3\/\u2086\u2084 inch<\/li>\n<\/ul>\n<p>Veuillez noter que les plateaux inclus ne conviennent qu\u2019au porte-b\u00e9b\u00e9 hybride A-CASE et ne sont pas compatibles avec d\u2019autres mod\u00e8les.<\/p>\n<p>Les dimensions ci-dessus sont indicatives.<\/p>\n<p><strong>Poids :<\/strong> 2,45 kg (3 plateaux inclus)<\/p>\n<h6>TOUTES LES PHOTOS PR\u00c9SENT\u00c9ES SONT \u00c0 TITRE D\u2019ILLUSTRATION UNIQUEMENT. LE PRODUIT R\u00c9EL PEUT VARIER EN RAISON DE L\u2019AM\u00c9LIORATION DU PRODUIT.<\/h6>\n","protected":false},"excerpt":{"rendered":"<p>EMMENER VOS FIGURINES \u00c0 DES \u00c9V\u00c9NEMENTS PEUT \u00caTRE D\u00c9LICAT. CELA EST PARTICULI\u00c8REMENT VRAI POUR LES VOYAGES EN AVION. LE PORTE-BAGAGES A-CASE EST NOTRE SOLUTION &#8211; UN SAC \u00c0 DOS DE LA TAILLE D\u2019UN OBJET PERSONNEL, PARFAIT POUR LES GRANDS ET LES PETITS TRAJETS. QUE VOUS PARTICIPIEZ \u00c0 UN \u00c9V\u00c9NEMENT INTERNATIONAL OU LOCAL, CE SAC \u00c0 DOS EST L\u00c0 POUR VOUS ! IL EST COMPACT, L\u00c9GER, BIEN CON\u00c7U ET FABRIQU\u00c9 AVEC DES MAT\u00c9RIAUX DE PREMI\u00c8RE QUALIT\u00c9.<\/p>\n","protected":false},"featured_media":13134,"template":"","meta":[],"product_brand":[],"product_cat":[184],"product_tag":[],"class_list":{"0":"post-13570","1":"product","2":"type-product","3":"status-publish","4":"has-post-thumbnail","6":"product_cat-mallette-de-transport-de-figurines","7":"product_shipping_class-livraison-gratuite","9":"first","10":"instock","11":"shipping-taxable","12":"purchasable","13":"product-type-variable"},"bundled_by":["15225"],"bundle_stock_status":"instock","bundle_stock_quantity":null,"bundle_virtual":false,"bundle_layout":"","bundle_add_to_cart_form_location":"","bundle_editable_in_cart":false,"bundle_sold_individually_context":"","bundle_item_grouping":"","bundle_min_size":"","bundle_max_size":"","bundle_price":[],"bundled_items":[],"bundle_sell_ids":[],"exclude_global_add_ons":false,"addons":[{"name":"Options suppl\u00e9mentaires","type":"checkbox","position":0,"required":false,"title_format":"heading","default":"","description_enable":true,"description":"Carrier est livr\u00e9 avec trois \u00e9tag\u00e8res et non assembl\u00e9 par d\u00e9faut. Si vous avez besoin de plus d\u2019\u00e9tag\u00e8res \u00e0 l\u2019int\u00e9rieur ou si vous souhaitez que nous l\u2019assemblions pour vous, consultez les options ci-dessous.","placeholder_enable":false,"placeholder":"","display":"select","restrictions_type":"any_text","adjust_price":false,"price":"","price_type":"flat_fee","restrictions":false,"min":"0","max":"0","options":[{"label":"+3 \u00e9tag\u00e8res suppl\u00e9mentaires","price":"8.4","price_type":"percentage_based","image":0,"visibility":true}],"id":1715970755},{"name":"Aimants!","type":"checkbox","position":1,"required":false,"title_format":"heading","default":"","description_enable":true,"description":"Si vous avez besoin d\u2019aimants \u00e0 l\u2019int\u00e9rieur, v\u00e9rifiez les options ci-dessous. Dimensions - 5x2mm","placeholder_enable":false,"placeholder":"","display":"select","restrictions_type":"any_text","adjust_price":false,"price":"","price_type":"flat_fee","restrictions":false,"min":"0","max":"0","options":[{"label":"50 aimants n\u00e9odyme","price":"5.09","price_type":"percentage_based","image":0,"visibility":true},{"label":"100 aimants n\u00e9odyme","price":"8.48","price_type":"percentage_based","image":0,"visibility":true},{"label":"150 aimants n\u00e9odyme","price":"11.45","price_type":"percentage_based","image":0,"visibility":true},{"label":"200 aimants n\u00e9odyme","price":"13.57","price_type":"percentage_based","image":0,"visibility":true},{"label":"250 aimants n\u00e9odyme","price":"19.08","price_type":"percentage_based","image":0,"visibility":true}],"id":1715970756}],"yoast_head":"<!-- This site is optimized with the Yoast SEO plugin v27.3 - https:\/\/yoast.com\/product\/yoast-seo-wordpress\/ -->\n<title>Porte-valise A [Backpack] &#8211; A-Case<\/title>\n<meta name=\"robots\" content=\"index, follow, max-snippet:-1, max-image-preview:large, max-video-preview:-1\" \/>\n<link rel=\"canonical\" href=\"https:\/\/shop.army-case.com\/fr\/mallette-de-transport-de-figurines\/a-case-carrier-backpack\/\" \/>\n<meta property=\"og:locale\" content=\"fr_FR\" \/>\n<meta property=\"og:type\" content=\"article\" \/>\n<meta property=\"og:title\" content=\"Porte-valise A [Backpack] &#8211; A-Case\" \/>\n<meta property=\"og:description\" content=\"EMMENER VOS FIGURINES \u00c0 DES \u00c9V\u00c9NEMENTS PEUT \u00caTRE D\u00c9LICAT. CELA EST PARTICULI\u00c8REMENT VRAI POUR LES VOYAGES EN AVION. LE PORTE-BAGAGES A-CASE EST NOTRE SOLUTION - UN SAC \u00c0 DOS DE LA TAILLE D\u2019UN OBJET PERSONNEL, PARFAIT POUR LES GRANDS ET LES PETITS TRAJETS. QUE VOUS PARTICIPIEZ \u00c0 UN \u00c9V\u00c9NEMENT INTERNATIONAL OU LOCAL, CE SAC \u00c0 DOS EST L\u00c0 POUR VOUS ! IL EST COMPACT, L\u00c9GER, BIEN CON\u00c7U ET FABRIQU\u00c9 AVEC DES MAT\u00c9RIAUX DE PREMI\u00c8RE QUALIT\u00c9.\" \/>\n<meta property=\"og:url\" content=\"https:\/\/shop.army-case.com\/fr\/mallette-de-transport-de-figurines\/a-case-carrier-backpack\/\" \/>\n<meta property=\"og:site_name\" content=\"A-Case\" \/>\n<meta property=\"article:publisher\" content=\"https:\/\/www.facebook.com\/armycase\/\" \/>\n<meta property=\"article:modified_time\" content=\"2026-03-28T10:57:31+00:00\" \/>\n<meta property=\"og:image\" content=\"https:\/\/shop.army-case.com\/wp-content\/uploads\/2022\/11\/miniature-carrying-case-a-case-carrier-backpack-black-9.jpg\" \/>\n\t<meta property=\"og:image:width\" content=\"2560\" \/>\n\t<meta property=\"og:image:height\" content=\"1707\" \/>\n\t<meta property=\"og:image:type\" content=\"image\/jpeg\" \/>\n<meta name=\"twitter:card\" content=\"summary_large_image\" \/>\n<meta name=\"twitter:label1\" content=\"Dur\u00e9e de lecture estim\u00e9e\" \/>\n\t<meta name=\"twitter:data1\" content=\"2 minutes\" \/>\n<script type=\"application\/ld+json\" class=\"yoast-schema-graph\">{\"@context\":\"https:\\\/\\\/schema.org\",\"@graph\":[{\"@type\":\"WebPage\",\"@id\":\"https:\\\/\\\/shop.army-case.com\\\/fr\\\/mallette-de-transport-de-figurines\\\/a-case-carrier-backpack\\\/\",\"url\":\"https:\\\/\\\/shop.army-case.com\\\/fr\\\/mallette-de-transport-de-figurines\\\/a-case-carrier-backpack\\\/\",\"name\":\"Porte-valise A [Backpack] &#8211; A-Case\",\"isPartOf\":{\"@id\":\"https:\\\/\\\/shop.army-case.com\\\/fr\\\/#website\"},\"primaryImageOfPage\":{\"@id\":\"https:\\\/\\\/shop.army-case.com\\\/fr\\\/mallette-de-transport-de-figurines\\\/a-case-carrier-backpack\\\/#primaryimage\"},\"image\":{\"@id\":\"https:\\\/\\\/shop.army-case.com\\\/fr\\\/mallette-de-transport-de-figurines\\\/a-case-carrier-backpack\\\/#primaryimage\"},\"thumbnailUrl\":\"https:\\\/\\\/shop.army-case.com\\\/wp-content\\\/uploads\\\/2022\\\/11\\\/miniature-carrying-case-a-case-carrier-backpack-black-9.jpg\",\"datePublished\":\"2023-01-08T21:51:21+00:00\",\"dateModified\":\"2026-03-28T10:57:31+00:00\",\"breadcrumb\":{\"@id\":\"https:\\\/\\\/shop.army-case.com\\\/fr\\\/mallette-de-transport-de-figurines\\\/a-case-carrier-backpack\\\/#breadcrumb\"},\"inLanguage\":\"fr-FR\",\"potentialAction\":[{\"@type\":\"ReadAction\",\"target\":[\"https:\\\/\\\/shop.army-case.com\\\/fr\\\/mallette-de-transport-de-figurines\\\/a-case-carrier-backpack\\\/\"]}]},{\"@type\":\"ImageObject\",\"inLanguage\":\"fr-FR\",\"@id\":\"https:\\\/\\\/shop.army-case.com\\\/fr\\\/mallette-de-transport-de-figurines\\\/a-case-carrier-backpack\\\/#primaryimage\",\"url\":\"https:\\\/\\\/shop.army-case.com\\\/wp-content\\\/uploads\\\/2022\\\/11\\\/miniature-carrying-case-a-case-carrier-backpack-black-9.jpg\",\"contentUrl\":\"https:\\\/\\\/shop.army-case.com\\\/wp-content\\\/uploads\\\/2022\\\/11\\\/miniature-carrying-case-a-case-carrier-backpack-black-9.jpg\",\"width\":2560,\"height\":1707,\"caption\":\"miniature carrying case a case carrier backpack\"},{\"@type\":\"BreadcrumbList\",\"@id\":\"https:\\\/\\\/shop.army-case.com\\\/fr\\\/mallette-de-transport-de-figurines\\\/a-case-carrier-backpack\\\/#breadcrumb\",\"itemListElement\":[{\"@type\":\"ListItem\",\"position\":1,\"name\":\"Home\",\"item\":\"https:\\\/\\\/shop.army-case.com\\\/fr\\\/\"},{\"@type\":\"ListItem\",\"position\":2,\"name\":\"Shop\",\"item\":\"https:\\\/\\\/shop.army-case.com\\\/fr\\\/shop\\\/\"},{\"@type\":\"ListItem\",\"position\":3,\"name\":\"Porte-valise A [Backpack]\"}]},{\"@type\":\"WebSite\",\"@id\":\"https:\\\/\\\/shop.army-case.com\\\/fr\\\/#website\",\"url\":\"https:\\\/\\\/shop.army-case.com\\\/fr\\\/\",\"name\":\"A-Case\",\"description\":\"\",\"potentialAction\":[{\"@type\":\"SearchAction\",\"target\":{\"@type\":\"EntryPoint\",\"urlTemplate\":\"https:\\\/\\\/shop.army-case.com\\\/fr\\\/?s={search_term_string}\"},\"query-input\":{\"@type\":\"PropertyValueSpecification\",\"valueRequired\":true,\"valueName\":\"search_term_string\"}}],\"inLanguage\":\"fr-FR\"}]}<\/script>\n<!-- \/ Yoast SEO plugin. -->","yoast_head_json":{"title":"Porte-valise A [Backpack] &#8211; A-Case","robots":{"index":"index","follow":"follow","max-snippet":"max-snippet:-1","max-image-preview":"max-image-preview:large","max-video-preview":"max-video-preview:-1"},"canonical":"https:\/\/shop.army-case.com\/fr\/mallette-de-transport-de-figurines\/a-case-carrier-backpack\/","og_locale":"fr_FR","og_type":"article","og_title":"Porte-valise A [Backpack] &#8211; A-Case","og_description":"EMMENER VOS FIGURINES \u00c0 DES \u00c9V\u00c9NEMENTS PEUT \u00caTRE D\u00c9LICAT. CELA EST PARTICULI\u00c8REMENT VRAI POUR LES VOYAGES EN AVION. LE PORTE-BAGAGES A-CASE EST NOTRE SOLUTION - UN SAC \u00c0 DOS DE LA TAILLE D\u2019UN OBJET PERSONNEL, PARFAIT POUR LES GRANDS ET LES PETITS TRAJETS. QUE VOUS PARTICIPIEZ \u00c0 UN \u00c9V\u00c9NEMENT INTERNATIONAL OU LOCAL, CE SAC \u00c0 DOS EST L\u00c0 POUR VOUS ! IL EST COMPACT, L\u00c9GER, BIEN CON\u00c7U ET FABRIQU\u00c9 AVEC DES MAT\u00c9RIAUX DE PREMI\u00c8RE QUALIT\u00c9.","og_url":"https:\/\/shop.army-case.com\/fr\/mallette-de-transport-de-figurines\/a-case-carrier-backpack\/","og_site_name":"A-Case","article_publisher":"https:\/\/www.facebook.com\/armycase\/","article_modified_time":"2026-03-28T10:57:31+00:00","og_image":[{"width":2560,"height":1707,"url":"https:\/\/shop.army-case.com\/wp-content\/uploads\/2022\/11\/miniature-carrying-case-a-case-carrier-backpack-black-9.jpg","type":"image\/jpeg"}],"twitter_card":"summary_large_image","twitter_misc":{"Dur\u00e9e de lecture estim\u00e9e":"2 minutes"},"schema":{"@context":"https:\/\/schema.org","@graph":[{"@type":"WebPage","@id":"https:\/\/shop.army-case.com\/fr\/mallette-de-transport-de-figurines\/a-case-carrier-backpack\/","url":"https:\/\/shop.army-case.com\/fr\/mallette-de-transport-de-figurines\/a-case-carrier-backpack\/","name":"Porte-valise A [Backpack] &#8211; A-Case","isPartOf":{"@id":"https:\/\/shop.army-case.com\/fr\/#website"},"primaryImageOfPage":{"@id":"https:\/\/shop.army-case.com\/fr\/mallette-de-transport-de-figurines\/a-case-carrier-backpack\/#primaryimage"},"image":{"@id":"https:\/\/shop.army-case.com\/fr\/mallette-de-transport-de-figurines\/a-case-carrier-backpack\/#primaryimage"},"thumbnailUrl":"https:\/\/shop.army-case.com\/wp-content\/uploads\/2022\/11\/miniature-carrying-case-a-case-carrier-backpack-black-9.jpg","datePublished":"2023-01-08T21:51:21+00:00","dateModified":"2026-03-28T10:57:31+00:00","breadcrumb":{"@id":"https:\/\/shop.army-case.com\/fr\/mallette-de-transport-de-figurines\/a-case-carrier-backpack\/#breadcrumb"},"inLanguage":"fr-FR","potentialAction":[{"@type":"ReadAction","target":["https:\/\/shop.army-case.com\/fr\/mallette-de-transport-de-figurines\/a-case-carrier-backpack\/"]}]},{"@type":"ImageObject","inLanguage":"fr-FR","@id":"https:\/\/shop.army-case.com\/fr\/mallette-de-transport-de-figurines\/a-case-carrier-backpack\/#primaryimage","url":"https:\/\/shop.army-case.com\/wp-content\/uploads\/2022\/11\/miniature-carrying-case-a-case-carrier-backpack-black-9.jpg","contentUrl":"https:\/\/shop.army-case.com\/wp-content\/uploads\/2022\/11\/miniature-carrying-case-a-case-carrier-backpack-black-9.jpg","width":2560,"height":1707,"caption":"miniature carrying case a case carrier backpack"},{"@type":"BreadcrumbList","@id":"https:\/\/shop.army-case.com\/fr\/mallette-de-transport-de-figurines\/a-case-carrier-backpack\/#breadcrumb","itemListElement":[{"@type":"ListItem","position":1,"name":"Home","item":"https:\/\/shop.army-case.com\/fr\/"},{"@type":"ListItem","position":2,"name":"Shop","item":"https:\/\/shop.army-case.com\/fr\/shop\/"},{"@type":"ListItem","position":3,"name":"Porte-valise A [Backpack]"}]},{"@type":"WebSite","@id":"https:\/\/shop.army-case.com\/fr\/#website","url":"https:\/\/shop.army-case.com\/fr\/","name":"A-Case","description":"","potentialAction":[{"@type":"SearchAction","target":{"@type":"EntryPoint","urlTemplate":"https:\/\/shop.army-case.com\/fr\/?s={search_term_string}"},"query-input":{"@type":"PropertyValueSpecification","valueRequired":true,"valueName":"search_term_string"}}],"inLanguage":"fr-FR"}]}},"_links":{"self":[{"href":"https:\/\/shop.army-case.com\/fr\/wp-json\/wp\/v2\/product\/13570","targetHints":{"allow":["GET"]}}],"collection":[{"href":"https:\/\/shop.army-case.com\/fr\/wp-json\/wp\/v2\/product"}],"about":[{"href":"https:\/\/shop.army-case.com\/fr\/wp-json\/wp\/v2\/types\/product"}],"version-history":[{"count":0,"href":"https:\/\/shop.army-case.com\/fr\/wp-json\/wp\/v2\/product\/13570\/revisions"}],"wp:featuredmedia":[{"embeddable":true,"href":"https:\/\/shop.army-case.com\/fr\/wp-json\/wp\/v2\/media\/13134"}],"wp:attachment":[{"href":"https:\/\/shop.army-case.com\/fr\/wp-json\/wp\/v2\/media?parent=13570"}],"wp:term":[{"taxonomy":"product_brand","embeddable":true,"href":"https:\/\/shop.army-case.com\/fr\/wp-json\/wp\/v2\/product_brand?post=13570"},{"taxonomy":"product_cat","embeddable":true,"href":"https:\/\/shop.army-case.com\/fr\/wp-json\/wp\/v2\/product_cat?post=13570"},{"taxonomy":"product_tag","embeddable":true,"href":"https:\/\/shop.army-case.com\/fr\/wp-json\/wp\/v2\/product_tag?post=13570"}],"curies":[{"name":"wp","href":"https:\/\/api.w.org\/{rel}","templated":true}]}}