{"id":12411,"date":"2022-02-24T10:29:22","date_gmt":"2022-02-24T10:29:22","guid":{"rendered":"https:\/\/shop.army-case.com\/non%20class\u00e9\/12411\/"},"modified":"2026-01-03T21:57:45","modified_gmt":"2026-01-03T21:57:45","slug":"magnetic-painting-grip-mpg","status":"publish","type":"product","link":"https:\/\/shop.army-case.com\/fr\/accessoires\/magnetic-painting-grip-mpg\/","title":{"rendered":"Poign\u00e9e de peinture pour figurines"},"content":{"rendered":"<p><span style=\"font-weight: 400;\">La poign\u00e9e de peinture magn\u00e9tique A-Case est un outil de loisir convivial, hautement personnalisable et de forme ergonomique con\u00e7u pour am\u00e9liorer votre processus de peinture de figurines. Un ensemble de plaques et d\u2019aimants int\u00e9gr\u00e9s vous permet de monter* une figurine sur une pi\u00e8ce \u00ab&nbsp;sup\u00e9rieure&nbsp;\u00bb amovible, puis de la tourner horizontalement tout en maintenant une prise solide, sans toucher la figurine elle-m\u00eame. Non seulement cela am\u00e9liore l\u2019acc\u00e8s \u00e0 la figurine, mais cela emp\u00eache \u00e9galement la peinture d\u2019\u00eatre effac\u00e9e au toucher.  <\/span><span style=\"font-weight: 400;\"><br \/>\n<\/span><span style=\"font-weight: 400;\"><br \/>\n<\/span><span style=\"font-weight: 400;\">*Cet outil pratique est con\u00e7u pour supporter \u00e0 la fois les bases aimant\u00e9es et le mastic collant tel que Blu-Tack.<\/span><span style=\"font-weight: 400;\"><br \/>\n<\/span><span style=\"font-weight: 400;\"><br \/>\n<\/span><span style=\"font-weight: 400;\">Cet ensemble comprend :<\/span><\/p>\n<p><span style=\"font-weight: 400;\">Forfait comprenant 1 x poign\u00e9e<\/span><span style=\"font-weight: 400;\"><br \/>\n<\/span><span style=\"font-weight: 400;\">5 x 32 mm en haut<\/span><\/p>\n<p>AVIS PROFESSIONNELS :<br \/>\n<a href=\"https:\/\/scarhandpainting.com\/review-a-case-magnetic-painting-grip\/\" rel=\"nofollow\">Test : Poign\u00e9e de peinture magn\u00e9tique A-Case par Scarhandpainting.com<\/a><br \/>\n<a href=\"https:\/\/tangibleday.com\/a-case-painting-handle-for-miniatures-and-modreview\/\" rel=\"nofollow\">Critique : Poign\u00e9e de peinture A-Case pour miniatures et mod\u00e8les par Andrew Tan<\/a><br \/>\n<a href=\"https:\/\/www.fauxhammer.com\/it\/reviews\/a-case-painting-handle-for-miniatures-review\/\" rel=\"nofollow\">Critique : Poign\u00e9e de peinture A-Case pour figurines par Fauxhammer<\/a><\/p>\n","protected":false},"excerpt":{"rendered":"<p>La poign\u00e9e de peinture magn\u00e9tique A-Case est un outil de loisir convivial, hautement personnalisable et de forme ergonomique con\u00e7u pour am\u00e9liorer votre processus de peinture de figurines. Un ensemble de plaques et d\u2019aimants int\u00e9gr\u00e9s vous permet de monter* une figurine sur une pi\u00e8ce \u00ab&nbsp;sup\u00e9rieure&nbsp;\u00bb amovible, puis de la tourner horizontalement tout en maintenant une prise solide, sans toucher la figurine elle-m\u00eame. Non seulement cela am\u00e9liore l\u2019acc\u00e8s \u00e0 la figurine, mais cela emp\u00eache \u00e9galement la peinture d\u2019\u00eatre effac\u00e9e au toucher.<\/p>\n","protected":false},"featured_media":19537,"template":"","meta":[],"product_brand":[],"product_cat":[233],"product_tag":[],"class_list":{"0":"post-12411","1":"product","2":"type-product","3":"status-publish","4":"has-post-thumbnail","6":"product_cat-accessoires","7":"product_shipping_class-livraison-gratuite","9":"first","10":"instock","11":"shipping-taxable","12":"purchasable","13":"product-type-variable"},"bundled_by":[],"bundle_stock_status":"instock","bundle_stock_quantity":null,"bundle_virtual":false,"bundle_layout":"","bundle_add_to_cart_form_location":"","bundle_editable_in_cart":false,"bundle_sold_individually_context":"","bundle_item_grouping":"","bundle_min_size":"","bundle_max_size":"","bundle_price":[],"bundled_items":[],"bundle_sell_ids":[],"exclude_global_add_ons":false,"addons":[{"name":"Options suppl\u00e9mentaires","type":"checkbox","position":0,"required":false,"title_format":"label","default":"","description_enable":false,"description":null,"placeholder_enable":false,"placeholder":"","display":"select","restrictions_type":"any_text","adjust_price":false,"price":"","price_type":"flat_fee","restrictions":false,"min":"0","max":"0","options":[{"label":"1x dessus\/t\u00eate suppl\u00e9mentaire - 50mm de la m\u00eame couleur que MPG","price":"13.67","price_type":"percentage_based","image":0,"visibility":true}],"id":1740749078},{"name":"Li\u00e8ge magn\u00e9tique","type":"checkbox","position":1,"required":false,"title_format":"label","default":"","description_enable":false,"description":null,"placeholder_enable":false,"placeholder":"","display":"select","restrictions_type":"any_text","adjust_price":false,"price":"","price_type":"flat_fee","restrictions":false,"min":"0","max":"0","options":[{"label":"1 x dessus\/t\u00eate suppl\u00e9mentaire - li\u00e8ge de la m\u00eame couleur que le MPG","price":"8.63","price_type":"percentage_based","image":0,"visibility":true}],"id":1740749079},{"name":"Colle CA","type":"checkbox","position":2,"required":false,"title_format":"label","default":"","description_enable":false,"description":null,"placeholder_enable":false,"placeholder":"","display":"select","restrictions_type":"any_text","adjust_price":false,"price":"","price_type":"flat_fee","restrictions":false,"min":"0","max":"0","options":[{"label":"1x 20 g de colle CA","price":"13.9","price_type":"percentage_based","image":0,"visibility":true}],"id":1740749080},{"name":"Aimants!","type":"checkbox","position":3,"required":false,"title_format":"label","default":"","description_enable":true,"description":"Si vous avez besoin d\u2019aimants \u00e0 l\u2019int\u00e9rieur, v\u00e9rifiez les options ci-dessous. Dimensions - 5x2mm","placeholder_enable":false,"placeholder":"","display":"select","restrictions_type":"any_text","adjust_price":false,"price":"","price_type":"flat_fee","restrictions":false,"min":"0","max":"0","options":[{"label":"50 aimants n\u00e9odyme","price":"43.17","price_type":"percentage_based","image":0,"visibility":true},{"label":"100 aimants n\u00e9odyme","price":"71.94","price_type":"percentage_based","image":0,"visibility":true},{"label":"150 aimants n\u00e9odyme","price":"97.12","price_type":"percentage_based","image":0,"visibility":true},{"label":"200 aimants n\u00e9odyme","price":"115.11","price_type":"percentage_based","image":0,"visibility":true},{"label":"250 aimants n\u00e9odyme","price":"161.87","price_type":"percentage_based","image":0,"visibility":true}],"id":1740749081}],"yoast_head":"<!-- This site is optimized with the Yoast SEO plugin v27.3 - https:\/\/yoast.com\/product\/yoast-seo-wordpress\/ -->\n<title>Poign\u00e9e de peinture pour miniatures | support miniature pour la peinture<\/title>\n<meta name=\"description\" content=\"Vous \u00eates-vous d\u00e9j\u00e0 demand\u00e9 comment il est possible que les personnages soient peints avec autant de pr\u00e9cision ? Consultez d\u00e8s maintenant notre Poign\u00e9e de peinture pour les miniatures !\" \/>\n<meta name=\"robots\" content=\"index, follow, max-snippet:-1, max-image-preview:large, max-video-preview:-1\" \/>\n<link rel=\"canonical\" href=\"https:\/\/shop.army-case.com\/fr\/accessoires\/magnetic-painting-grip-mpg\/\" \/>\n<meta property=\"og:locale\" content=\"fr_FR\" \/>\n<meta property=\"og:type\" content=\"article\" \/>\n<meta property=\"og:title\" content=\"Poign\u00e9e de peinture pour miniatures | support miniature pour la peinture\" \/>\n<meta property=\"og:description\" content=\"Vous \u00eates-vous d\u00e9j\u00e0 demand\u00e9 comment il est possible que les personnages soient peints avec autant de pr\u00e9cision ? Consultez d\u00e8s maintenant notre Poign\u00e9e de peinture pour les miniatures !\" \/>\n<meta property=\"og:url\" content=\"https:\/\/shop.army-case.com\/fr\/accessoires\/magnetic-painting-grip-mpg\/\" \/>\n<meta property=\"og:site_name\" content=\"A-Case\" \/>\n<meta property=\"article:publisher\" content=\"https:\/\/www.facebook.com\/armycase\/\" \/>\n<meta property=\"article:modified_time\" content=\"2026-01-03T21:57:45+00:00\" \/>\n<meta property=\"og:image\" content=\"https:\/\/shop.army-case.com\/wp-content\/uploads\/2024\/04\/painting-handle-for-miniatures-grey-1-scaled-1.jpg\" \/>\n\t<meta property=\"og:image:width\" content=\"2560\" \/>\n\t<meta property=\"og:image:height\" content=\"1707\" \/>\n\t<meta property=\"og:image:type\" content=\"image\/jpeg\" \/>\n<meta name=\"twitter:card\" content=\"summary_large_image\" \/>\n<meta name=\"twitter:label1\" content=\"Dur\u00e9e de lecture estim\u00e9e\" \/>\n\t<meta name=\"twitter:data1\" content=\"1 minute\" \/>\n<script type=\"application\/ld+json\" class=\"yoast-schema-graph\">{\"@context\":\"https:\\\/\\\/schema.org\",\"@graph\":[{\"@type\":\"WebPage\",\"@id\":\"https:\\\/\\\/shop.army-case.com\\\/fr\\\/accessoires\\\/magnetic-painting-grip-mpg\\\/\",\"url\":\"https:\\\/\\\/shop.army-case.com\\\/fr\\\/accessoires\\\/magnetic-painting-grip-mpg\\\/\",\"name\":\"Poign\u00e9e de peinture pour miniatures | support miniature pour la peinture\",\"isPartOf\":{\"@id\":\"https:\\\/\\\/shop.army-case.com\\\/fr\\\/#website\"},\"primaryImageOfPage\":{\"@id\":\"https:\\\/\\\/shop.army-case.com\\\/fr\\\/accessoires\\\/magnetic-painting-grip-mpg\\\/#primaryimage\"},\"image\":{\"@id\":\"https:\\\/\\\/shop.army-case.com\\\/fr\\\/accessoires\\\/magnetic-painting-grip-mpg\\\/#primaryimage\"},\"thumbnailUrl\":\"https:\\\/\\\/shop.army-case.com\\\/wp-content\\\/uploads\\\/2024\\\/04\\\/painting-handle-for-miniatures-grey-1-scaled-1.jpg\",\"datePublished\":\"2022-02-24T10:29:22+00:00\",\"dateModified\":\"2026-01-03T21:57:45+00:00\",\"description\":\"Vous \u00eates-vous d\u00e9j\u00e0 demand\u00e9 comment il est possible que les personnages soient peints avec autant de pr\u00e9cision ? Consultez d\u00e8s maintenant notre Poign\u00e9e de peinture pour les miniatures !\",\"breadcrumb\":{\"@id\":\"https:\\\/\\\/shop.army-case.com\\\/fr\\\/accessoires\\\/magnetic-painting-grip-mpg\\\/#breadcrumb\"},\"inLanguage\":\"fr-FR\",\"potentialAction\":[{\"@type\":\"ReadAction\",\"target\":[\"https:\\\/\\\/shop.army-case.com\\\/fr\\\/accessoires\\\/magnetic-painting-grip-mpg\\\/\"]}]},{\"@type\":\"ImageObject\",\"inLanguage\":\"fr-FR\",\"@id\":\"https:\\\/\\\/shop.army-case.com\\\/fr\\\/accessoires\\\/magnetic-painting-grip-mpg\\\/#primaryimage\",\"url\":\"https:\\\/\\\/shop.army-case.com\\\/wp-content\\\/uploads\\\/2024\\\/04\\\/painting-handle-for-miniatures-grey-1-scaled-1.jpg\",\"contentUrl\":\"https:\\\/\\\/shop.army-case.com\\\/wp-content\\\/uploads\\\/2024\\\/04\\\/painting-handle-for-miniatures-grey-1-scaled-1.jpg\",\"width\":2560,\"height\":1707,\"caption\":\"painting handle for miniatures\"},{\"@type\":\"BreadcrumbList\",\"@id\":\"https:\\\/\\\/shop.army-case.com\\\/fr\\\/accessoires\\\/magnetic-painting-grip-mpg\\\/#breadcrumb\",\"itemListElement\":[{\"@type\":\"ListItem\",\"position\":1,\"name\":\"Home\",\"item\":\"https:\\\/\\\/shop.army-case.com\\\/fr\\\/\"},{\"@type\":\"ListItem\",\"position\":2,\"name\":\"Shop\",\"item\":\"https:\\\/\\\/shop.army-case.com\\\/fr\\\/shop\\\/\"},{\"@type\":\"ListItem\",\"position\":3,\"name\":\"Poign\u00e9e de peinture pour figurines\"}]},{\"@type\":\"WebSite\",\"@id\":\"https:\\\/\\\/shop.army-case.com\\\/fr\\\/#website\",\"url\":\"https:\\\/\\\/shop.army-case.com\\\/fr\\\/\",\"name\":\"A-Case\",\"description\":\"\",\"potentialAction\":[{\"@type\":\"SearchAction\",\"target\":{\"@type\":\"EntryPoint\",\"urlTemplate\":\"https:\\\/\\\/shop.army-case.com\\\/fr\\\/?s={search_term_string}\"},\"query-input\":{\"@type\":\"PropertyValueSpecification\",\"valueRequired\":true,\"valueName\":\"search_term_string\"}}],\"inLanguage\":\"fr-FR\"}]}<\/script>\n<!-- \/ Yoast SEO plugin. -->","yoast_head_json":{"title":"Poign\u00e9e de peinture pour miniatures | support miniature pour la peinture","description":"Vous \u00eates-vous d\u00e9j\u00e0 demand\u00e9 comment il est possible que les personnages soient peints avec autant de pr\u00e9cision ? Consultez d\u00e8s maintenant notre Poign\u00e9e de peinture pour les miniatures !","robots":{"index":"index","follow":"follow","max-snippet":"max-snippet:-1","max-image-preview":"max-image-preview:large","max-video-preview":"max-video-preview:-1"},"canonical":"https:\/\/shop.army-case.com\/fr\/accessoires\/magnetic-painting-grip-mpg\/","og_locale":"fr_FR","og_type":"article","og_title":"Poign\u00e9e de peinture pour miniatures | support miniature pour la peinture","og_description":"Vous \u00eates-vous d\u00e9j\u00e0 demand\u00e9 comment il est possible que les personnages soient peints avec autant de pr\u00e9cision ? Consultez d\u00e8s maintenant notre Poign\u00e9e de peinture pour les miniatures !","og_url":"https:\/\/shop.army-case.com\/fr\/accessoires\/magnetic-painting-grip-mpg\/","og_site_name":"A-Case","article_publisher":"https:\/\/www.facebook.com\/armycase\/","article_modified_time":"2026-01-03T21:57:45+00:00","og_image":[{"width":2560,"height":1707,"url":"https:\/\/shop.army-case.com\/wp-content\/uploads\/2024\/04\/painting-handle-for-miniatures-grey-1-scaled-1.jpg","type":"image\/jpeg"}],"twitter_card":"summary_large_image","twitter_misc":{"Dur\u00e9e de lecture estim\u00e9e":"1 minute"},"schema":{"@context":"https:\/\/schema.org","@graph":[{"@type":"WebPage","@id":"https:\/\/shop.army-case.com\/fr\/accessoires\/magnetic-painting-grip-mpg\/","url":"https:\/\/shop.army-case.com\/fr\/accessoires\/magnetic-painting-grip-mpg\/","name":"Poign\u00e9e de peinture pour miniatures | support miniature pour la peinture","isPartOf":{"@id":"https:\/\/shop.army-case.com\/fr\/#website"},"primaryImageOfPage":{"@id":"https:\/\/shop.army-case.com\/fr\/accessoires\/magnetic-painting-grip-mpg\/#primaryimage"},"image":{"@id":"https:\/\/shop.army-case.com\/fr\/accessoires\/magnetic-painting-grip-mpg\/#primaryimage"},"thumbnailUrl":"https:\/\/shop.army-case.com\/wp-content\/uploads\/2024\/04\/painting-handle-for-miniatures-grey-1-scaled-1.jpg","datePublished":"2022-02-24T10:29:22+00:00","dateModified":"2026-01-03T21:57:45+00:00","description":"Vous \u00eates-vous d\u00e9j\u00e0 demand\u00e9 comment il est possible que les personnages soient peints avec autant de pr\u00e9cision ? Consultez d\u00e8s maintenant notre Poign\u00e9e de peinture pour les miniatures !","breadcrumb":{"@id":"https:\/\/shop.army-case.com\/fr\/accessoires\/magnetic-painting-grip-mpg\/#breadcrumb"},"inLanguage":"fr-FR","potentialAction":[{"@type":"ReadAction","target":["https:\/\/shop.army-case.com\/fr\/accessoires\/magnetic-painting-grip-mpg\/"]}]},{"@type":"ImageObject","inLanguage":"fr-FR","@id":"https:\/\/shop.army-case.com\/fr\/accessoires\/magnetic-painting-grip-mpg\/#primaryimage","url":"https:\/\/shop.army-case.com\/wp-content\/uploads\/2024\/04\/painting-handle-for-miniatures-grey-1-scaled-1.jpg","contentUrl":"https:\/\/shop.army-case.com\/wp-content\/uploads\/2024\/04\/painting-handle-for-miniatures-grey-1-scaled-1.jpg","width":2560,"height":1707,"caption":"painting handle for miniatures"},{"@type":"BreadcrumbList","@id":"https:\/\/shop.army-case.com\/fr\/accessoires\/magnetic-painting-grip-mpg\/#breadcrumb","itemListElement":[{"@type":"ListItem","position":1,"name":"Home","item":"https:\/\/shop.army-case.com\/fr\/"},{"@type":"ListItem","position":2,"name":"Shop","item":"https:\/\/shop.army-case.com\/fr\/shop\/"},{"@type":"ListItem","position":3,"name":"Poign\u00e9e de peinture pour figurines"}]},{"@type":"WebSite","@id":"https:\/\/shop.army-case.com\/fr\/#website","url":"https:\/\/shop.army-case.com\/fr\/","name":"A-Case","description":"","potentialAction":[{"@type":"SearchAction","target":{"@type":"EntryPoint","urlTemplate":"https:\/\/shop.army-case.com\/fr\/?s={search_term_string}"},"query-input":{"@type":"PropertyValueSpecification","valueRequired":true,"valueName":"search_term_string"}}],"inLanguage":"fr-FR"}]}},"_links":{"self":[{"href":"https:\/\/shop.army-case.com\/fr\/wp-json\/wp\/v2\/product\/12411","targetHints":{"allow":["GET"]}}],"collection":[{"href":"https:\/\/shop.army-case.com\/fr\/wp-json\/wp\/v2\/product"}],"about":[{"href":"https:\/\/shop.army-case.com\/fr\/wp-json\/wp\/v2\/types\/product"}],"version-history":[{"count":0,"href":"https:\/\/shop.army-case.com\/fr\/wp-json\/wp\/v2\/product\/12411\/revisions"}],"wp:featuredmedia":[{"embeddable":true,"href":"https:\/\/shop.army-case.com\/fr\/wp-json\/wp\/v2\/media\/19537"}],"wp:attachment":[{"href":"https:\/\/shop.army-case.com\/fr\/wp-json\/wp\/v2\/media?parent=12411"}],"wp:term":[{"taxonomy":"product_brand","embeddable":true,"href":"https:\/\/shop.army-case.com\/fr\/wp-json\/wp\/v2\/product_brand?post=12411"},{"taxonomy":"product_cat","embeddable":true,"href":"https:\/\/shop.army-case.com\/fr\/wp-json\/wp\/v2\/product_cat?post=12411"},{"taxonomy":"product_tag","embeddable":true,"href":"https:\/\/shop.army-case.com\/fr\/wp-json\/wp\/v2\/product_tag?post=12411"}],"curies":[{"name":"wp","href":"https:\/\/api.w.org\/{rel}","templated":true}]}}