{"id":12320,"date":"2020-01-22T12:45:06","date_gmt":"2020-01-22T12:45:06","guid":{"rendered":"https:\/\/shop.army-case.com\/non%20class\u00e9\/plateaux-pour-victory-2-0\/"},"modified":"2024-04-05T07:07:23","modified_gmt":"2024-04-05T07:07:23","slug":"plateaux-pour-victory-2-0","status":"publish","type":"product","link":"https:\/\/shop.army-case.com\/fr\/case-trays-fr\/plateaux-pour-victory-2-0\/","title":{"rendered":"Plateaux A-Case Victory 2.0"},"content":{"rendered":"<p>Barquettes en acier d\u00e9coup\u00e9es au laser et enduites de poudre pour A-Case<br \/>\nVictory et A-Case Victory 2.0<\/p>\n<p>Inclus dans dans le pack A-Case Carrier:<\/p>\n<ul>\n<li>3 x \u00e9tag\u00e8res <strong>noires<\/strong> en fer enduit de poudre<\/li>\n<li>6 x goupilles de verrouillage<\/li>\n<\/ul>\n","protected":false},"excerpt":{"rendered":"<p>Barquettes en acier d\u00e9coup\u00e9es au laser et enduites de poudre pour A-Case<br \/>\nVictory et A-Case Victory 2.0<\/p>\n","protected":false},"featured_media":19498,"template":"","meta":[],"product_brand":[],"product_cat":[199],"product_tag":[],"class_list":{"0":"post-12320","1":"product","2":"type-product","3":"status-publish","4":"has-post-thumbnail","6":"product_cat-case-trays-fr","7":"product_shipping_class-livraison-gratuite","9":"first","10":"instock","11":"shipping-taxable","12":"purchasable","13":"product-type-simple"},"bundled_by":[],"bundle_stock_status":"instock","bundle_stock_quantity":null,"bundle_virtual":false,"bundle_layout":"","bundle_add_to_cart_form_location":"","bundle_editable_in_cart":false,"bundle_sold_individually_context":"","bundle_item_grouping":"","bundle_min_size":"","bundle_max_size":"","bundle_price":[],"bundled_items":[],"bundle_sell_ids":[],"exclude_global_add_ons":false,"addons":[{"name":"Aimants!","type":"checkbox","position":0,"required":false,"title_format":"label","default":"","description_enable":true,"description":"Si vous avez besoin d\u2019aimants \u00e0 l\u2019int\u00e9rieur, v\u00e9rifiez les options ci-dessous. Dimensions - 5x2mm","placeholder_enable":false,"placeholder":"","display":"select","restrictions_type":"any_text","adjust_price":false,"price":"","price_type":"flat_fee","restrictions":false,"min":"0","max":"0","options":[{"label":"50 aimants n\u00e9odyme","price":"46.51","price_type":"percentage_based","image":0,"visibility":true},{"label":"100 aimants n\u00e9odyme","price":"77.52","price_type":"percentage_based","image":0,"visibility":true},{"label":"150 aimants n\u00e9odyme","price":"104.65","price_type":"percentage_based","image":0,"visibility":true},{"label":"200 aimants n\u00e9odyme","price":"124.03","price_type":"percentage_based","image":0,"visibility":true},{"label":"250 aimants n\u00e9odyme","price":"174.42","price_type":"percentage_based","image":0,"visibility":true}],"id":1712300527}],"yoast_head":"<!-- This site is optimized with the Yoast SEO plugin v27.3 - https:\/\/yoast.com\/product\/yoast-seo-wordpress\/ -->\n<title>Plateaux A-Case Victory 2.0 &#8211; A-Case<\/title>\n<meta name=\"robots\" content=\"index, follow, max-snippet:-1, max-image-preview:large, max-video-preview:-1\" \/>\n<link rel=\"canonical\" href=\"https:\/\/shop.army-case.com\/fr\/case-trays-fr\/plateaux-pour-victory-2-0\/\" \/>\n<meta property=\"og:locale\" content=\"fr_FR\" \/>\n<meta property=\"og:type\" content=\"article\" \/>\n<meta property=\"og:title\" content=\"Plateaux A-Case Victory 2.0 &#8211; A-Case\" \/>\n<meta property=\"og:description\" content=\"Barquettes en acier d\u00e9coup\u00e9es au laser et enduites de poudre pour A-Case Victory et A-Case Victory 2.0\" \/>\n<meta property=\"og:url\" content=\"https:\/\/shop.army-case.com\/fr\/case-trays-fr\/plateaux-pour-victory-2-0\/\" \/>\n<meta property=\"og:site_name\" content=\"A-Case\" \/>\n<meta property=\"article:publisher\" content=\"https:\/\/www.facebook.com\/armycase\/\" \/>\n<meta property=\"article:modified_time\" content=\"2024-04-05T07:07:23+00:00\" \/>\n<meta property=\"og:image\" content=\"https:\/\/shop.army-case.com\/wp-content\/uploads\/2024\/04\/magnetic-trays-for-miniatures-messenger-1-1.png\" \/>\n\t<meta property=\"og:image:width\" content=\"1386\" \/>\n\t<meta property=\"og:image:height\" content=\"924\" \/>\n\t<meta property=\"og:image:type\" content=\"image\/png\" \/>\n<meta name=\"twitter:card\" content=\"summary_large_image\" \/>\n<meta name=\"twitter:label1\" content=\"Dur\u00e9e de lecture estim\u00e9e\" \/>\n\t<meta name=\"twitter:data1\" content=\"1 minute\" \/>\n<script type=\"application\/ld+json\" class=\"yoast-schema-graph\">{\"@context\":\"https:\\\/\\\/schema.org\",\"@graph\":[{\"@type\":\"WebPage\",\"@id\":\"https:\\\/\\\/shop.army-case.com\\\/fr\\\/case-trays-fr\\\/plateaux-pour-victory-2-0\\\/\",\"url\":\"https:\\\/\\\/shop.army-case.com\\\/fr\\\/case-trays-fr\\\/plateaux-pour-victory-2-0\\\/\",\"name\":\"Plateaux A-Case Victory 2.0 &#8211; A-Case\",\"isPartOf\":{\"@id\":\"https:\\\/\\\/shop.army-case.com\\\/fr\\\/#website\"},\"primaryImageOfPage\":{\"@id\":\"https:\\\/\\\/shop.army-case.com\\\/fr\\\/case-trays-fr\\\/plateaux-pour-victory-2-0\\\/#primaryimage\"},\"image\":{\"@id\":\"https:\\\/\\\/shop.army-case.com\\\/fr\\\/case-trays-fr\\\/plateaux-pour-victory-2-0\\\/#primaryimage\"},\"thumbnailUrl\":\"https:\\\/\\\/shop.army-case.com\\\/wp-content\\\/uploads\\\/2024\\\/04\\\/magnetic-trays-for-miniatures-messenger-1-1.png\",\"datePublished\":\"2020-01-22T12:45:06+00:00\",\"dateModified\":\"2024-04-05T07:07:23+00:00\",\"breadcrumb\":{\"@id\":\"https:\\\/\\\/shop.army-case.com\\\/fr\\\/case-trays-fr\\\/plateaux-pour-victory-2-0\\\/#breadcrumb\"},\"inLanguage\":\"fr-FR\",\"potentialAction\":[{\"@type\":\"ReadAction\",\"target\":[\"https:\\\/\\\/shop.army-case.com\\\/fr\\\/case-trays-fr\\\/plateaux-pour-victory-2-0\\\/\"]}]},{\"@type\":\"ImageObject\",\"inLanguage\":\"fr-FR\",\"@id\":\"https:\\\/\\\/shop.army-case.com\\\/fr\\\/case-trays-fr\\\/plateaux-pour-victory-2-0\\\/#primaryimage\",\"url\":\"https:\\\/\\\/shop.army-case.com\\\/wp-content\\\/uploads\\\/2024\\\/04\\\/magnetic-trays-for-miniatures-messenger-1-1.png\",\"contentUrl\":\"https:\\\/\\\/shop.army-case.com\\\/wp-content\\\/uploads\\\/2024\\\/04\\\/magnetic-trays-for-miniatures-messenger-1-1.png\",\"width\":1386,\"height\":924,\"caption\":\"magnetic trays for miniatures messenger\"},{\"@type\":\"BreadcrumbList\",\"@id\":\"https:\\\/\\\/shop.army-case.com\\\/fr\\\/case-trays-fr\\\/plateaux-pour-victory-2-0\\\/#breadcrumb\",\"itemListElement\":[{\"@type\":\"ListItem\",\"position\":1,\"name\":\"Home\",\"item\":\"https:\\\/\\\/shop.army-case.com\\\/fr\\\/\"},{\"@type\":\"ListItem\",\"position\":2,\"name\":\"Shop\",\"item\":\"https:\\\/\\\/shop.army-case.com\\\/fr\\\/shop\\\/\"},{\"@type\":\"ListItem\",\"position\":3,\"name\":\"Plateaux A-Case Victory 2.0\"}]},{\"@type\":\"WebSite\",\"@id\":\"https:\\\/\\\/shop.army-case.com\\\/fr\\\/#website\",\"url\":\"https:\\\/\\\/shop.army-case.com\\\/fr\\\/\",\"name\":\"A-Case\",\"description\":\"\",\"potentialAction\":[{\"@type\":\"SearchAction\",\"target\":{\"@type\":\"EntryPoint\",\"urlTemplate\":\"https:\\\/\\\/shop.army-case.com\\\/fr\\\/?s={search_term_string}\"},\"query-input\":{\"@type\":\"PropertyValueSpecification\",\"valueRequired\":true,\"valueName\":\"search_term_string\"}}],\"inLanguage\":\"fr-FR\"}]}<\/script>\n<!-- \/ Yoast SEO plugin. -->","yoast_head_json":{"title":"Plateaux A-Case Victory 2.0 &#8211; A-Case","robots":{"index":"index","follow":"follow","max-snippet":"max-snippet:-1","max-image-preview":"max-image-preview:large","max-video-preview":"max-video-preview:-1"},"canonical":"https:\/\/shop.army-case.com\/fr\/case-trays-fr\/plateaux-pour-victory-2-0\/","og_locale":"fr_FR","og_type":"article","og_title":"Plateaux A-Case Victory 2.0 &#8211; A-Case","og_description":"Barquettes en acier d\u00e9coup\u00e9es au laser et enduites de poudre pour A-Case Victory et A-Case Victory 2.0","og_url":"https:\/\/shop.army-case.com\/fr\/case-trays-fr\/plateaux-pour-victory-2-0\/","og_site_name":"A-Case","article_publisher":"https:\/\/www.facebook.com\/armycase\/","article_modified_time":"2024-04-05T07:07:23+00:00","og_image":[{"width":1386,"height":924,"url":"https:\/\/shop.army-case.com\/wp-content\/uploads\/2024\/04\/magnetic-trays-for-miniatures-messenger-1-1.png","type":"image\/png"}],"twitter_card":"summary_large_image","twitter_misc":{"Dur\u00e9e de lecture estim\u00e9e":"1 minute"},"schema":{"@context":"https:\/\/schema.org","@graph":[{"@type":"WebPage","@id":"https:\/\/shop.army-case.com\/fr\/case-trays-fr\/plateaux-pour-victory-2-0\/","url":"https:\/\/shop.army-case.com\/fr\/case-trays-fr\/plateaux-pour-victory-2-0\/","name":"Plateaux A-Case Victory 2.0 &#8211; A-Case","isPartOf":{"@id":"https:\/\/shop.army-case.com\/fr\/#website"},"primaryImageOfPage":{"@id":"https:\/\/shop.army-case.com\/fr\/case-trays-fr\/plateaux-pour-victory-2-0\/#primaryimage"},"image":{"@id":"https:\/\/shop.army-case.com\/fr\/case-trays-fr\/plateaux-pour-victory-2-0\/#primaryimage"},"thumbnailUrl":"https:\/\/shop.army-case.com\/wp-content\/uploads\/2024\/04\/magnetic-trays-for-miniatures-messenger-1-1.png","datePublished":"2020-01-22T12:45:06+00:00","dateModified":"2024-04-05T07:07:23+00:00","breadcrumb":{"@id":"https:\/\/shop.army-case.com\/fr\/case-trays-fr\/plateaux-pour-victory-2-0\/#breadcrumb"},"inLanguage":"fr-FR","potentialAction":[{"@type":"ReadAction","target":["https:\/\/shop.army-case.com\/fr\/case-trays-fr\/plateaux-pour-victory-2-0\/"]}]},{"@type":"ImageObject","inLanguage":"fr-FR","@id":"https:\/\/shop.army-case.com\/fr\/case-trays-fr\/plateaux-pour-victory-2-0\/#primaryimage","url":"https:\/\/shop.army-case.com\/wp-content\/uploads\/2024\/04\/magnetic-trays-for-miniatures-messenger-1-1.png","contentUrl":"https:\/\/shop.army-case.com\/wp-content\/uploads\/2024\/04\/magnetic-trays-for-miniatures-messenger-1-1.png","width":1386,"height":924,"caption":"magnetic trays for miniatures messenger"},{"@type":"BreadcrumbList","@id":"https:\/\/shop.army-case.com\/fr\/case-trays-fr\/plateaux-pour-victory-2-0\/#breadcrumb","itemListElement":[{"@type":"ListItem","position":1,"name":"Home","item":"https:\/\/shop.army-case.com\/fr\/"},{"@type":"ListItem","position":2,"name":"Shop","item":"https:\/\/shop.army-case.com\/fr\/shop\/"},{"@type":"ListItem","position":3,"name":"Plateaux A-Case Victory 2.0"}]},{"@type":"WebSite","@id":"https:\/\/shop.army-case.com\/fr\/#website","url":"https:\/\/shop.army-case.com\/fr\/","name":"A-Case","description":"","potentialAction":[{"@type":"SearchAction","target":{"@type":"EntryPoint","urlTemplate":"https:\/\/shop.army-case.com\/fr\/?s={search_term_string}"},"query-input":{"@type":"PropertyValueSpecification","valueRequired":true,"valueName":"search_term_string"}}],"inLanguage":"fr-FR"}]}},"_links":{"self":[{"href":"https:\/\/shop.army-case.com\/fr\/wp-json\/wp\/v2\/product\/12320","targetHints":{"allow":["GET"]}}],"collection":[{"href":"https:\/\/shop.army-case.com\/fr\/wp-json\/wp\/v2\/product"}],"about":[{"href":"https:\/\/shop.army-case.com\/fr\/wp-json\/wp\/v2\/types\/product"}],"version-history":[{"count":0,"href":"https:\/\/shop.army-case.com\/fr\/wp-json\/wp\/v2\/product\/12320\/revisions"}],"wp:featuredmedia":[{"embeddable":true,"href":"https:\/\/shop.army-case.com\/fr\/wp-json\/wp\/v2\/media\/19498"}],"wp:attachment":[{"href":"https:\/\/shop.army-case.com\/fr\/wp-json\/wp\/v2\/media?parent=12320"}],"wp:term":[{"taxonomy":"product_brand","embeddable":true,"href":"https:\/\/shop.army-case.com\/fr\/wp-json\/wp\/v2\/product_brand?post=12320"},{"taxonomy":"product_cat","embeddable":true,"href":"https:\/\/shop.army-case.com\/fr\/wp-json\/wp\/v2\/product_cat?post=12320"},{"taxonomy":"product_tag","embeddable":true,"href":"https:\/\/shop.army-case.com\/fr\/wp-json\/wp\/v2\/product_tag?post=12320"}],"curies":[{"name":"wp","href":"https:\/\/api.w.org\/{rel}","templated":true}]}}