{"id":25996,"date":"2024-12-19T10:07:10","date_gmt":"2024-12-19T10:07:10","guid":{"rendered":"https:\/\/shop.army-case.com\/sin categor\u00eda\/paquete-de-pegamento-para-manualidades\/"},"modified":"2026-01-28T12:07:39","modified_gmt":"2026-01-28T12:07:39","slug":"paquete-de-pegamento-para-manualidades","status":"publish","type":"product","link":"https:\/\/shop.army-case.com\/es\/accesorios\/paquete-de-pegamento-para-manualidades\/","title":{"rendered":"Paquete de pegamento para manualidades"},"content":{"rendered":"<p>Adhesivo de cianoacrilato medio<\/p>\n<p>BONOS: Metal, madera, cer\u00e1mica, cuero, papel, caucho, algunos pl\u00e1sticos.<\/p>\n<p>&nbsp;<\/p>\n<p>Aplicaci\u00f3n: Aplique el pegamento sobre una superficie seca y limpia. Presione las piezas entre s\u00ed durante 10-40 segundos. Se formar\u00e1 una uni\u00f3n fuerte en 24 horas.  <\/p>\n<p>&nbsp;<\/p>\n<p>\u00a1ADVERTENCIA! Puede causar irritaci\u00f3n cut\u00e1nea, irritaci\u00f3n ocular grave y da\u00f1os respiratorios. Evite inhalar la niebla, los humos, los aerosoles y los vapores que contengan este producto. Util\u00edcelo en un \u00e1rea bien ventilada.   <\/p>\n<p>EN CASO DE CONTACTO CON LA PIEL: \u00a1Lavar con abundante agua!<\/p>\n<p>EN CASO DE CONTACTO CON LOS OJOS: Enjuague cuidadosamente con agua durante varios minutos.<\/p>\n<p>EN CASO DE INHALACI\u00d3N: Traslade a la persona al aire libre y mant\u00e9ngala en una posici\u00f3n c\u00f3moda para respirar. En caso de accidente o si se encuentra mal, acuda al m\u00e9dico. <\/p>\n<p>NO: beba ni ingiera el contenido del frasco. \u00a1NO lo utilice en ninguna parte del cuerpo! <\/p>\n","protected":false},"excerpt":{"rendered":"<p>El paquete Glue Hobby Pack incluye cinco botellas (de 20 g cada una) de nuestro excelente pegamento ca. <\/p>\n<p>&nbsp;<\/p>\n","protected":false},"featured_media":22062,"template":"","meta":[],"product_brand":[],"product_cat":[338],"product_tag":[],"class_list":{"0":"post-25996","1":"product","2":"type-product","3":"status-publish","4":"has-post-thumbnail","6":"product_cat-accesorios","7":"product_shipping_class-envio-gratuito","9":"first","10":"instock","11":"shipping-taxable","12":"purchasable","13":"product-type-simple"},"bundled_by":[],"bundle_stock_status":"instock","bundle_stock_quantity":null,"bundle_virtual":false,"bundle_layout":"","bundle_add_to_cart_form_location":"","bundle_editable_in_cart":false,"bundle_sold_individually_context":"","bundle_item_grouping":"","bundle_min_size":"","bundle_max_size":"","bundle_price":[],"bundled_items":[],"bundle_sell_ids":[],"exclude_global_add_ons":false,"addons":[{"name":"\u00a1Imanes!","type":"checkbox","position":0,"required":false,"title_format":"heading","default":"","description_enable":true,"description":"Si necesita imanes en el interior, consulte las opciones siguientes. Dimensiones: 5 x 2 mm. ","placeholder_enable":false,"placeholder":null,"display":"select","restrictions_type":"any_text","adjust_price":false,"price":"","price_type":"flat_fee","restrictions":false,"min":"0","max":"0","options":[{"label":"50 imanes de neodimio","price":"58.82","price_type":"percentage_based","image":0,"visibility":true},{"label":"100 imanes de neodimio","price":"98.04","price_type":"percentage_based","image":0,"visibility":true},{"label":"150 imanes de neodimio","price":"132.35","price_type":"percentage_based","image":0,"visibility":true},{"label":"200 imanes de neodimio","price":"156.86","price_type":"percentage_based","image":0,"visibility":true},{"label":"250 imanes de neodimio","price":"220.59","price_type":"percentage_based","image":0,"visibility":true}],"id":1757921626}],"yoast_head":"<!-- This site is optimized with the Yoast SEO plugin v27.3 - https:\/\/yoast.com\/product\/yoast-seo-wordpress\/ -->\n<title>Paquete de pegamento para manualidades &#8211; A-Case<\/title>\n<meta name=\"robots\" content=\"noindex, follow\" \/>\n<meta property=\"og:locale\" content=\"es_ES\" \/>\n<meta property=\"og:type\" content=\"article\" \/>\n<meta property=\"og:title\" content=\"Paquete de pegamento para manualidades &#8211; A-Case\" \/>\n<meta property=\"og:description\" content=\"El paquete Glue Hobby Pack incluye cinco botellas (de 20 g cada una) de nuestro excelente pegamento ca.  &nbsp;\" \/>\n<meta property=\"og:url\" content=\"https:\/\/shop.army-case.com\/es\/accesorios\/paquete-de-pegamento-para-manualidades\/\" \/>\n<meta property=\"og:site_name\" content=\"A-Case\" \/>\n<meta property=\"article:publisher\" content=\"https:\/\/www.facebook.com\/armycase\/\" \/>\n<meta property=\"article:modified_time\" content=\"2026-01-28T12:07:39+00:00\" \/>\n<meta property=\"og:image\" content=\"https:\/\/shop.army-case.com\/wp-content\/uploads\/2024\/12\/glue-1024x777.png\" \/>\n\t<meta property=\"og:image:width\" content=\"1024\" \/>\n\t<meta property=\"og:image:height\" content=\"777\" \/>\n\t<meta property=\"og:image:type\" content=\"image\/png\" \/>\n<meta name=\"twitter:card\" content=\"summary_large_image\" \/>\n<meta name=\"twitter:label1\" content=\"Tiempo de lectura\" \/>\n\t<meta name=\"twitter:data1\" content=\"1 minuto\" \/>\n<script type=\"application\/ld+json\" class=\"yoast-schema-graph\">{\"@context\":\"https:\\\/\\\/schema.org\",\"@graph\":[{\"@type\":\"WebPage\",\"@id\":\"https:\\\/\\\/shop.army-case.com\\\/es\\\/accesorios\\\/paquete-de-pegamento-para-manualidades\\\/\",\"url\":\"https:\\\/\\\/shop.army-case.com\\\/es\\\/accesorios\\\/paquete-de-pegamento-para-manualidades\\\/\",\"name\":\"Paquete de pegamento para manualidades &#8211; A-Case\",\"isPartOf\":{\"@id\":\"https:\\\/\\\/shop.army-case.com\\\/es\\\/#website\"},\"primaryImageOfPage\":{\"@id\":\"https:\\\/\\\/shop.army-case.com\\\/es\\\/accesorios\\\/paquete-de-pegamento-para-manualidades\\\/#primaryimage\"},\"image\":{\"@id\":\"https:\\\/\\\/shop.army-case.com\\\/es\\\/accesorios\\\/paquete-de-pegamento-para-manualidades\\\/#primaryimage\"},\"thumbnailUrl\":\"https:\\\/\\\/shop.army-case.com\\\/wp-content\\\/uploads\\\/2024\\\/12\\\/glue.png\",\"datePublished\":\"2024-12-19T10:07:10+00:00\",\"dateModified\":\"2026-01-28T12:07:39+00:00\",\"breadcrumb\":{\"@id\":\"https:\\\/\\\/shop.army-case.com\\\/es\\\/accesorios\\\/paquete-de-pegamento-para-manualidades\\\/#breadcrumb\"},\"inLanguage\":\"es\",\"potentialAction\":[{\"@type\":\"ReadAction\",\"target\":[\"https:\\\/\\\/shop.army-case.com\\\/es\\\/accesorios\\\/paquete-de-pegamento-para-manualidades\\\/\"]}]},{\"@type\":\"ImageObject\",\"inLanguage\":\"es\",\"@id\":\"https:\\\/\\\/shop.army-case.com\\\/es\\\/accesorios\\\/paquete-de-pegamento-para-manualidades\\\/#primaryimage\",\"url\":\"https:\\\/\\\/shop.army-case.com\\\/wp-content\\\/uploads\\\/2024\\\/12\\\/glue.png\",\"contentUrl\":\"https:\\\/\\\/shop.army-case.com\\\/wp-content\\\/uploads\\\/2024\\\/12\\\/glue.png\",\"width\":1717,\"height\":1303},{\"@type\":\"BreadcrumbList\",\"@id\":\"https:\\\/\\\/shop.army-case.com\\\/es\\\/accesorios\\\/paquete-de-pegamento-para-manualidades\\\/#breadcrumb\",\"itemListElement\":[{\"@type\":\"ListItem\",\"position\":1,\"name\":\"Home\",\"item\":\"https:\\\/\\\/shop.army-case.com\\\/es\\\/tienda-army-case\\\/\"},{\"@type\":\"ListItem\",\"position\":2,\"name\":\"Tienda\",\"item\":\"https:\\\/\\\/shop.army-case.com\\\/es\\\/tienda\\\/\"},{\"@type\":\"ListItem\",\"position\":3,\"name\":\"Paquete de pegamento para manualidades\"}]},{\"@type\":\"WebSite\",\"@id\":\"https:\\\/\\\/shop.army-case.com\\\/es\\\/#website\",\"url\":\"https:\\\/\\\/shop.army-case.com\\\/es\\\/\",\"name\":\"A-Case\",\"description\":\"\",\"potentialAction\":[{\"@type\":\"SearchAction\",\"target\":{\"@type\":\"EntryPoint\",\"urlTemplate\":\"https:\\\/\\\/shop.army-case.com\\\/es\\\/?s={search_term_string}\"},\"query-input\":{\"@type\":\"PropertyValueSpecification\",\"valueRequired\":true,\"valueName\":\"search_term_string\"}}],\"inLanguage\":\"es\"}]}<\/script>\n<!-- \/ Yoast SEO plugin. -->","yoast_head_json":{"title":"Paquete de pegamento para manualidades &#8211; A-Case","robots":{"index":"noindex","follow":"follow"},"og_locale":"es_ES","og_type":"article","og_title":"Paquete de pegamento para manualidades &#8211; A-Case","og_description":"El paquete Glue Hobby Pack incluye cinco botellas (de 20 g cada una) de nuestro excelente pegamento ca.  &nbsp;","og_url":"https:\/\/shop.army-case.com\/es\/accesorios\/paquete-de-pegamento-para-manualidades\/","og_site_name":"A-Case","article_publisher":"https:\/\/www.facebook.com\/armycase\/","article_modified_time":"2026-01-28T12:07:39+00:00","og_image":[{"width":1024,"height":777,"url":"https:\/\/shop.army-case.com\/wp-content\/uploads\/2024\/12\/glue-1024x777.png","type":"image\/png"}],"twitter_card":"summary_large_image","twitter_misc":{"Tiempo de lectura":"1 minuto"},"schema":{"@context":"https:\/\/schema.org","@graph":[{"@type":"WebPage","@id":"https:\/\/shop.army-case.com\/es\/accesorios\/paquete-de-pegamento-para-manualidades\/","url":"https:\/\/shop.army-case.com\/es\/accesorios\/paquete-de-pegamento-para-manualidades\/","name":"Paquete de pegamento para manualidades &#8211; A-Case","isPartOf":{"@id":"https:\/\/shop.army-case.com\/es\/#website"},"primaryImageOfPage":{"@id":"https:\/\/shop.army-case.com\/es\/accesorios\/paquete-de-pegamento-para-manualidades\/#primaryimage"},"image":{"@id":"https:\/\/shop.army-case.com\/es\/accesorios\/paquete-de-pegamento-para-manualidades\/#primaryimage"},"thumbnailUrl":"https:\/\/shop.army-case.com\/wp-content\/uploads\/2024\/12\/glue.png","datePublished":"2024-12-19T10:07:10+00:00","dateModified":"2026-01-28T12:07:39+00:00","breadcrumb":{"@id":"https:\/\/shop.army-case.com\/es\/accesorios\/paquete-de-pegamento-para-manualidades\/#breadcrumb"},"inLanguage":"es","potentialAction":[{"@type":"ReadAction","target":["https:\/\/shop.army-case.com\/es\/accesorios\/paquete-de-pegamento-para-manualidades\/"]}]},{"@type":"ImageObject","inLanguage":"es","@id":"https:\/\/shop.army-case.com\/es\/accesorios\/paquete-de-pegamento-para-manualidades\/#primaryimage","url":"https:\/\/shop.army-case.com\/wp-content\/uploads\/2024\/12\/glue.png","contentUrl":"https:\/\/shop.army-case.com\/wp-content\/uploads\/2024\/12\/glue.png","width":1717,"height":1303},{"@type":"BreadcrumbList","@id":"https:\/\/shop.army-case.com\/es\/accesorios\/paquete-de-pegamento-para-manualidades\/#breadcrumb","itemListElement":[{"@type":"ListItem","position":1,"name":"Home","item":"https:\/\/shop.army-case.com\/es\/tienda-army-case\/"},{"@type":"ListItem","position":2,"name":"Tienda","item":"https:\/\/shop.army-case.com\/es\/tienda\/"},{"@type":"ListItem","position":3,"name":"Paquete de pegamento para manualidades"}]},{"@type":"WebSite","@id":"https:\/\/shop.army-case.com\/es\/#website","url":"https:\/\/shop.army-case.com\/es\/","name":"A-Case","description":"","potentialAction":[{"@type":"SearchAction","target":{"@type":"EntryPoint","urlTemplate":"https:\/\/shop.army-case.com\/es\/?s={search_term_string}"},"query-input":{"@type":"PropertyValueSpecification","valueRequired":true,"valueName":"search_term_string"}}],"inLanguage":"es"}]}},"_links":{"self":[{"href":"https:\/\/shop.army-case.com\/es\/wp-json\/wp\/v2\/product\/25996","targetHints":{"allow":["GET"]}}],"collection":[{"href":"https:\/\/shop.army-case.com\/es\/wp-json\/wp\/v2\/product"}],"about":[{"href":"https:\/\/shop.army-case.com\/es\/wp-json\/wp\/v2\/types\/product"}],"version-history":[{"count":0,"href":"https:\/\/shop.army-case.com\/es\/wp-json\/wp\/v2\/product\/25996\/revisions"}],"wp:featuredmedia":[{"embeddable":true,"href":"https:\/\/shop.army-case.com\/es\/wp-json\/wp\/v2\/media\/22062"}],"wp:attachment":[{"href":"https:\/\/shop.army-case.com\/es\/wp-json\/wp\/v2\/media?parent=25996"}],"wp:term":[{"taxonomy":"product_brand","embeddable":true,"href":"https:\/\/shop.army-case.com\/es\/wp-json\/wp\/v2\/product_brand?post=25996"},{"taxonomy":"product_cat","embeddable":true,"href":"https:\/\/shop.army-case.com\/es\/wp-json\/wp\/v2\/product_cat?post=25996"},{"taxonomy":"product_tag","embeddable":true,"href":"https:\/\/shop.army-case.com\/es\/wp-json\/wp\/v2\/product_tag?post=25996"}],"curies":[{"name":"wp","href":"https:\/\/api.w.org\/{rel}","templated":true}]}}