{"id":25937,"date":"2019-12-20T09:40:19","date_gmt":"2019-12-20T09:40:19","guid":{"rendered":"https:\/\/shop.army-case.com\/sin categor\u00eda\/mensajero-hibrido-a-case\/"},"modified":"2026-04-02T21:26:51","modified_gmt":"2026-04-02T21:26:51","slug":"mensajero-hibrido-a-case","status":"publish","type":"product","link":"https:\/\/shop.army-case.com\/es\/estuche-de-transporte-en-miniatura\/mensajero-hibrido-a-case\/","title":{"rendered":"Mensajero h\u00edbrido A-Case"},"content":{"rendered":"<p>Maleta para transporte de miniaturas con tama\u00f1o de equipaje de mano de avi\u00f3n. Fabricada con materiales ligeros de primera calidad, con estantes de acero que permiten pegar bases magn\u00e9ticas. Perfecta para todo tipo de miniaturas. Dependiendo del juego, puede almacenar ej\u00e9rcitos de hasta varios miles de puntos.   <\/p>\n<p>Incluido en el conjunto A-Case Hybrid Messenger:<\/p>\n<ul>\n<li>Marco ligero y resistente de aluminio con recubrimiento en polvo negro.<\/li>\n<li>3 x estantes de acero con recubrimiento en polvo negro<\/li>\n<li>6 pasadores de bloqueo<\/li>\n<li>Bolsa de poli\u00e9ster de alta calidad con cinta de velcro para los parches.<\/li>\n<li>Correa de transporte<\/li>\n<li>Bolsillo para accesorios<\/li>\n<li>50 x potentes imanes de neodimio (5 x 2 mm)<\/li>\n<\/ul>\n<p>Dimensiones externas:<\/p>\n<ul>\n<li>Altura: 31,5 cm \/ 12,4 pulgadas<\/li>\n<li>Ancho: 40 cm \/ 15,74 pulgadas<\/li>\n<li>Profundidad: 21 cm \/ 8,26&#8243;<\/li>\n<\/ul>\n<p>Dimensiones externas de la carcasa:<\/p>\n<ul>\n<li>Altura: 30,4 cm<\/li>\n<li>Ancho: 40 cm<\/li>\n<li>Profundidad: 19,7 cm<\/li>\n<\/ul>\n<p>Dimensiones internas de la carcasa:<\/p>\n<ul>\n<li>Altura: 26,4 cm (desde el estante inferior hasta la parte superior de la carcasa)<\/li>\n<li>Ancho: 35,5 cm<\/li>\n<li>Profundidad: 19,2 cm<\/li>\n<\/ul>\n<p>Dimensiones de la bandeja:<\/p>\n<ul>\n<li>Ancho: 37 cm<\/li>\n<li>Profundidad: 18,9 cm<\/li>\n<\/ul>\n<p>Las dimensiones anteriores son orientativas.<\/p>\n<p>Peso: 2,45 kg<\/p>\n<p>Este producto se entrega sin montar.<\/p>\n<h6>TODAS LAS IM\u00c1GENES MOSTRADAS SON SOLO ILUSTRATIVAS. EL PRODUCTO REAL PUEDE VARIAR DEBIDO A MEJORAS EN EL MISMO. <\/h6>\n<p>&nbsp;<\/p>\n","protected":false},"excerpt":{"rendered":"<p>Maleta para transporte de miniaturas con tama\u00f1o de equipaje de mano de avi\u00f3n. Fabricada con materiales ligeros de primera calidad, con estantes de acero que permiten pegar bases magn\u00e9ticas. Perfecta para todo tipo de miniaturas. Dependiendo del juego, puede almacenar ej\u00e9rcitos de hasta varios miles de puntos.   <\/p>\n<p><span style=\"color: #00bf56;\">\u00a1Env\u00edo GRATIS incluido &#8211; A todo el mundo!<\/span><\/p>\n<p><strong><a href=\"https:\/\/www.youtube.com\/watch?v=5uj6a4dgGA8\">ASSEMBLY GUIDE<\/a><\/strong><\/p>\n<p><a href=\"https:\/\/www.facebook.com\/777101562375026\/videos\/1221465458061956\"><strong>C\u00f3mo fijar alfileres a bandejas<\/strong><\/a><\/p>\n","protected":false},"featured_media":25977,"template":"","meta":[],"product_brand":[],"product_cat":[346],"product_tag":[],"class_list":{"0":"post-25937","1":"product","2":"type-product","3":"status-publish","4":"has-post-thumbnail","6":"product_cat-estuche-de-transporte-en-miniatura","7":"product_shipping_class-envio-gratuito","9":"first","10":"instock","11":"purchasable","12":"product-type-variable"},"bundled_by":[],"bundle_stock_status":"instock","bundle_stock_quantity":null,"bundle_virtual":false,"bundle_layout":"","bundle_add_to_cart_form_location":"","bundle_editable_in_cart":false,"bundle_sold_individually_context":"","bundle_item_grouping":"","bundle_min_size":"","bundle_max_size":"","bundle_price":[],"bundled_items":[],"bundle_sell_ids":[],"exclude_global_add_ons":false,"addons":[{"name":"Opciones adicionales","type":"checkbox","position":0,"required":false,"title_format":"label","default":"","description_enable":true,"description":"Messenger viene con tres estantes y desmontado por defecto. Si necesita m\u00e1s estantes en el interior, consulte las opciones siguientes. ","placeholder_enable":false,"placeholder":null,"display":"select","restrictions_type":"any_text","adjust_price":false,"price":"","price_type":"flat_fee","restrictions":false,"min":"0","max":"0","options":[{"label":"+3 estantes adicionales","price":"11.36","price_type":"percentage_based","image":0,"visibility":true}],"id":1754080437},{"name":"\u00a1Imanes!","type":"checkbox","position":1,"required":false,"title_format":"label","default":"","description_enable":true,"description":"Si necesita imanes en el interior, consulte las opciones siguientes. Dimensiones: 5 x 2 mm. ","placeholder_enable":false,"placeholder":null,"display":"select","restrictions_type":"any_text","adjust_price":false,"price":"","price_type":"flat_fee","restrictions":false,"min":"0","max":"0","options":[{"label":"50 imanes de neodimio","price":"6","price_type":"percentage_based","image":0,"visibility":true},{"label":"100 imanes de neodimio","price":"10","price_type":"percentage_based","image":0,"visibility":true},{"label":"150 imanes de neodimio","price":"13.8","price_type":"percentage_based","image":0,"visibility":true},{"label":"200 imanes de neodimio","price":"16","price_type":"percentage_based","image":0,"visibility":true},{"label":"250 imanes de neodimio","price":"22.9","price_type":"percentage_based","image":0,"visibility":true}],"id":1754080438}],"yoast_head":"<!-- This site is optimized with the Yoast SEO plugin v27.3 - https:\/\/yoast.com\/product\/yoast-seo-wordpress\/ -->\n<title>A-Case Hybrid Messenger | Estuche para tus miniaturas | A-Case<\/title>\n<meta name=\"description\" content=\"\u00bfAlguna vez has visto una funda magn\u00e9tica en miniatura? \u00a1Echa un vistazo a nuestros productos A-Case! No esperes m\u00e1s, compra una ahora mismo. \u00a1Descubre lo incre\u00edble que es Messenger!\" \/>\n<meta name=\"robots\" content=\"index, follow, max-snippet:-1, max-image-preview:large, max-video-preview:-1\" \/>\n<link rel=\"canonical\" href=\"https:\/\/shop.army-case.com\/es\/estuche-de-transporte-en-miniatura\/mensajero-hibrido-a-case\/\" \/>\n<meta property=\"og:locale\" content=\"es_ES\" \/>\n<meta property=\"og:type\" content=\"article\" \/>\n<meta property=\"og:title\" content=\"A-Case Hybrid Messenger | Estuche para tus miniaturas | A-Case\" \/>\n<meta property=\"og:description\" content=\"\u00bfAlguna vez has visto una funda magn\u00e9tica en miniatura? \u00a1Echa un vistazo a nuestros productos A-Case! No esperes m\u00e1s, compra una ahora mismo. \u00a1Descubre lo incre\u00edble que es Messenger!\" \/>\n<meta property=\"og:url\" content=\"https:\/\/shop.army-case.com\/es\/estuche-de-transporte-en-miniatura\/mensajero-hibrido-a-case\/\" \/>\n<meta property=\"og:site_name\" content=\"A-Case\" \/>\n<meta property=\"article:publisher\" content=\"https:\/\/www.facebook.com\/armycase\/\" \/>\n<meta property=\"article:modified_time\" content=\"2026-04-02T21:26:51+00:00\" \/>\n<meta property=\"og:image\" content=\"https:\/\/shop.army-case.com\/wp-content\/uploads\/2024\/04\/magnetic-carrying-case-for-miniatures-a-case-hybrid-messenger.jpeg\" \/>\n\t<meta property=\"og:image:width\" content=\"1200\" \/>\n\t<meta property=\"og:image:height\" content=\"801\" \/>\n\t<meta property=\"og:image:type\" content=\"image\/jpeg\" \/>\n<meta name=\"twitter:card\" content=\"summary_large_image\" \/>\n<meta name=\"twitter:label1\" content=\"Tiempo de lectura\" \/>\n\t<meta name=\"twitter:data1\" content=\"1 minuto\" \/>\n<script type=\"application\/ld+json\" class=\"yoast-schema-graph\">{\"@context\":\"https:\\\/\\\/schema.org\",\"@graph\":[{\"@type\":\"WebPage\",\"@id\":\"https:\\\/\\\/shop.army-case.com\\\/es\\\/estuche-de-transporte-en-miniatura\\\/mensajero-hibrido-a-case\\\/\",\"url\":\"https:\\\/\\\/shop.army-case.com\\\/es\\\/estuche-de-transporte-en-miniatura\\\/mensajero-hibrido-a-case\\\/\",\"name\":\"A-Case Hybrid Messenger | Estuche para tus miniaturas | A-Case\",\"isPartOf\":{\"@id\":\"https:\\\/\\\/shop.army-case.com\\\/es\\\/#website\"},\"primaryImageOfPage\":{\"@id\":\"https:\\\/\\\/shop.army-case.com\\\/es\\\/estuche-de-transporte-en-miniatura\\\/mensajero-hibrido-a-case\\\/#primaryimage\"},\"image\":{\"@id\":\"https:\\\/\\\/shop.army-case.com\\\/es\\\/estuche-de-transporte-en-miniatura\\\/mensajero-hibrido-a-case\\\/#primaryimage\"},\"thumbnailUrl\":\"https:\\\/\\\/shop.army-case.com\\\/wp-content\\\/uploads\\\/2024\\\/04\\\/magnetic-carrying-case-for-miniatures-a-case-hybrid-messenger.jpeg\",\"datePublished\":\"2019-12-20T09:40:19+00:00\",\"dateModified\":\"2026-04-02T21:26:51+00:00\",\"description\":\"\u00bfAlguna vez has visto una funda magn\u00e9tica en miniatura? \u00a1Echa un vistazo a nuestros productos A-Case! No esperes m\u00e1s, compra una ahora mismo. \u00a1Descubre lo incre\u00edble que es Messenger!\",\"breadcrumb\":{\"@id\":\"https:\\\/\\\/shop.army-case.com\\\/es\\\/estuche-de-transporte-en-miniatura\\\/mensajero-hibrido-a-case\\\/#breadcrumb\"},\"inLanguage\":\"es\",\"potentialAction\":[{\"@type\":\"ReadAction\",\"target\":[\"https:\\\/\\\/shop.army-case.com\\\/es\\\/estuche-de-transporte-en-miniatura\\\/mensajero-hibrido-a-case\\\/\"]}]},{\"@type\":\"ImageObject\",\"inLanguage\":\"es\",\"@id\":\"https:\\\/\\\/shop.army-case.com\\\/es\\\/estuche-de-transporte-en-miniatura\\\/mensajero-hibrido-a-case\\\/#primaryimage\",\"url\":\"https:\\\/\\\/shop.army-case.com\\\/wp-content\\\/uploads\\\/2024\\\/04\\\/magnetic-carrying-case-for-miniatures-a-case-hybrid-messenger.jpeg\",\"contentUrl\":\"https:\\\/\\\/shop.army-case.com\\\/wp-content\\\/uploads\\\/2024\\\/04\\\/magnetic-carrying-case-for-miniatures-a-case-hybrid-messenger.jpeg\",\"width\":1200,\"height\":801,\"caption\":\"magnetic carrying case for miniatures a case hybrid messenger\"},{\"@type\":\"BreadcrumbList\",\"@id\":\"https:\\\/\\\/shop.army-case.com\\\/es\\\/estuche-de-transporte-en-miniatura\\\/mensajero-hibrido-a-case\\\/#breadcrumb\",\"itemListElement\":[{\"@type\":\"ListItem\",\"position\":1,\"name\":\"Home\",\"item\":\"https:\\\/\\\/shop.army-case.com\\\/es\\\/tienda-army-case\\\/\"},{\"@type\":\"ListItem\",\"position\":2,\"name\":\"Tienda\",\"item\":\"https:\\\/\\\/shop.army-case.com\\\/es\\\/tienda\\\/\"},{\"@type\":\"ListItem\",\"position\":3,\"name\":\"Mensajero h\u00edbrido A-Case\"}]},{\"@type\":\"WebSite\",\"@id\":\"https:\\\/\\\/shop.army-case.com\\\/es\\\/#website\",\"url\":\"https:\\\/\\\/shop.army-case.com\\\/es\\\/\",\"name\":\"A-Case\",\"description\":\"\",\"potentialAction\":[{\"@type\":\"SearchAction\",\"target\":{\"@type\":\"EntryPoint\",\"urlTemplate\":\"https:\\\/\\\/shop.army-case.com\\\/es\\\/?s={search_term_string}\"},\"query-input\":{\"@type\":\"PropertyValueSpecification\",\"valueRequired\":true,\"valueName\":\"search_term_string\"}}],\"inLanguage\":\"es\"}]}<\/script>\n<!-- \/ Yoast SEO plugin. -->","yoast_head_json":{"title":"A-Case Hybrid Messenger | Estuche para tus miniaturas | A-Case","description":"\u00bfAlguna vez has visto una funda magn\u00e9tica en miniatura? \u00a1Echa un vistazo a nuestros productos A-Case! No esperes m\u00e1s, compra una ahora mismo. \u00a1Descubre lo incre\u00edble que es Messenger!","robots":{"index":"index","follow":"follow","max-snippet":"max-snippet:-1","max-image-preview":"max-image-preview:large","max-video-preview":"max-video-preview:-1"},"canonical":"https:\/\/shop.army-case.com\/es\/estuche-de-transporte-en-miniatura\/mensajero-hibrido-a-case\/","og_locale":"es_ES","og_type":"article","og_title":"A-Case Hybrid Messenger | Estuche para tus miniaturas | A-Case","og_description":"\u00bfAlguna vez has visto una funda magn\u00e9tica en miniatura? \u00a1Echa un vistazo a nuestros productos A-Case! No esperes m\u00e1s, compra una ahora mismo. \u00a1Descubre lo incre\u00edble que es Messenger!","og_url":"https:\/\/shop.army-case.com\/es\/estuche-de-transporte-en-miniatura\/mensajero-hibrido-a-case\/","og_site_name":"A-Case","article_publisher":"https:\/\/www.facebook.com\/armycase\/","article_modified_time":"2026-04-02T21:26:51+00:00","og_image":[{"width":1200,"height":801,"url":"https:\/\/shop.army-case.com\/wp-content\/uploads\/2024\/04\/magnetic-carrying-case-for-miniatures-a-case-hybrid-messenger.jpeg","type":"image\/jpeg"}],"twitter_card":"summary_large_image","twitter_misc":{"Tiempo de lectura":"1 minuto"},"schema":{"@context":"https:\/\/schema.org","@graph":[{"@type":"WebPage","@id":"https:\/\/shop.army-case.com\/es\/estuche-de-transporte-en-miniatura\/mensajero-hibrido-a-case\/","url":"https:\/\/shop.army-case.com\/es\/estuche-de-transporte-en-miniatura\/mensajero-hibrido-a-case\/","name":"A-Case Hybrid Messenger | Estuche para tus miniaturas | A-Case","isPartOf":{"@id":"https:\/\/shop.army-case.com\/es\/#website"},"primaryImageOfPage":{"@id":"https:\/\/shop.army-case.com\/es\/estuche-de-transporte-en-miniatura\/mensajero-hibrido-a-case\/#primaryimage"},"image":{"@id":"https:\/\/shop.army-case.com\/es\/estuche-de-transporte-en-miniatura\/mensajero-hibrido-a-case\/#primaryimage"},"thumbnailUrl":"https:\/\/shop.army-case.com\/wp-content\/uploads\/2024\/04\/magnetic-carrying-case-for-miniatures-a-case-hybrid-messenger.jpeg","datePublished":"2019-12-20T09:40:19+00:00","dateModified":"2026-04-02T21:26:51+00:00","description":"\u00bfAlguna vez has visto una funda magn\u00e9tica en miniatura? \u00a1Echa un vistazo a nuestros productos A-Case! No esperes m\u00e1s, compra una ahora mismo. \u00a1Descubre lo incre\u00edble que es Messenger!","breadcrumb":{"@id":"https:\/\/shop.army-case.com\/es\/estuche-de-transporte-en-miniatura\/mensajero-hibrido-a-case\/#breadcrumb"},"inLanguage":"es","potentialAction":[{"@type":"ReadAction","target":["https:\/\/shop.army-case.com\/es\/estuche-de-transporte-en-miniatura\/mensajero-hibrido-a-case\/"]}]},{"@type":"ImageObject","inLanguage":"es","@id":"https:\/\/shop.army-case.com\/es\/estuche-de-transporte-en-miniatura\/mensajero-hibrido-a-case\/#primaryimage","url":"https:\/\/shop.army-case.com\/wp-content\/uploads\/2024\/04\/magnetic-carrying-case-for-miniatures-a-case-hybrid-messenger.jpeg","contentUrl":"https:\/\/shop.army-case.com\/wp-content\/uploads\/2024\/04\/magnetic-carrying-case-for-miniatures-a-case-hybrid-messenger.jpeg","width":1200,"height":801,"caption":"magnetic carrying case for miniatures a case hybrid messenger"},{"@type":"BreadcrumbList","@id":"https:\/\/shop.army-case.com\/es\/estuche-de-transporte-en-miniatura\/mensajero-hibrido-a-case\/#breadcrumb","itemListElement":[{"@type":"ListItem","position":1,"name":"Home","item":"https:\/\/shop.army-case.com\/es\/tienda-army-case\/"},{"@type":"ListItem","position":2,"name":"Tienda","item":"https:\/\/shop.army-case.com\/es\/tienda\/"},{"@type":"ListItem","position":3,"name":"Mensajero h\u00edbrido A-Case"}]},{"@type":"WebSite","@id":"https:\/\/shop.army-case.com\/es\/#website","url":"https:\/\/shop.army-case.com\/es\/","name":"A-Case","description":"","potentialAction":[{"@type":"SearchAction","target":{"@type":"EntryPoint","urlTemplate":"https:\/\/shop.army-case.com\/es\/?s={search_term_string}"},"query-input":{"@type":"PropertyValueSpecification","valueRequired":true,"valueName":"search_term_string"}}],"inLanguage":"es"}]}},"_links":{"self":[{"href":"https:\/\/shop.army-case.com\/es\/wp-json\/wp\/v2\/product\/25937","targetHints":{"allow":["GET"]}}],"collection":[{"href":"https:\/\/shop.army-case.com\/es\/wp-json\/wp\/v2\/product"}],"about":[{"href":"https:\/\/shop.army-case.com\/es\/wp-json\/wp\/v2\/types\/product"}],"version-history":[{"count":0,"href":"https:\/\/shop.army-case.com\/es\/wp-json\/wp\/v2\/product\/25937\/revisions"}],"wp:featuredmedia":[{"embeddable":true,"href":"https:\/\/shop.army-case.com\/es\/wp-json\/wp\/v2\/media\/25977"}],"wp:attachment":[{"href":"https:\/\/shop.army-case.com\/es\/wp-json\/wp\/v2\/media?parent=25937"}],"wp:term":[{"taxonomy":"product_brand","embeddable":true,"href":"https:\/\/shop.army-case.com\/es\/wp-json\/wp\/v2\/product_brand?post=25937"},{"taxonomy":"product_cat","embeddable":true,"href":"https:\/\/shop.army-case.com\/es\/wp-json\/wp\/v2\/product_cat?post=25937"},{"taxonomy":"product_tag","embeddable":true,"href":"https:\/\/shop.army-case.com\/es\/wp-json\/wp\/v2\/product_tag?post=25937"}],"curies":[{"name":"wp","href":"https:\/\/api.w.org\/{rel}","templated":true}]}}