{"id":25882,"date":"2019-12-20T09:44:32","date_gmt":"2019-12-20T09:44:32","guid":{"rendered":"https:\/\/shop.army-case.com\/sin%20categor\u00eda\/a-case-hybrid-the-kane-mochila\/"},"modified":"2026-04-10T17:08:34","modified_gmt":"2026-04-10T17:08:34","slug":"a-case-hybrid-the-kane-mochila","status":"publish","type":"product","link":"https:\/\/shop.army-case.com\/es\/estuche-de-transporte-en-miniatura\/a-case-hybrid-the-kane-mochila\/","title":{"rendered":"A-Case Hybrid The Kane (mochila)"},"content":{"rendered":"<p>Probablemente la caja para miniaturas magn\u00e9ticas m\u00e1s grande que hayas visto jam\u00e1s. \u00a1Es LITERALMENTE ENORME! Fabricada con materiales ligeros de primera calidad, con estantes de acero que permiten pegar bases magn\u00e9ticas. Perfecta para todo tipo de miniaturas. Dependiendo del juego, puede almacenar ej\u00e9rcitos de hasta varios miles de puntos.    <\/p>\n<p>Incluido en el juego Kane de A-Case Hybrid:<\/p>\n<ul>\n<li>Marco ligero y resistente de aluminio con recubrimiento en polvo negro.<\/li>\n<li>3 x estantes de acero con recubrimiento en polvo negro<\/li>\n<li>6 pasadores de bloqueo<\/li>\n<li>Bolsa de poli\u00e9ster de alta calidad en el color elegido con cinta de velcro para los parches.<\/li>\n<li>Correas de transporte (mochila)<\/li>\n<li>Bolsillos para accesorios<\/li>\n<li>50 x potentes imanes de neodimio (5 x 2 mm)<\/li>\n<\/ul>\n<p>Dimensiones externas:<\/p>\n<ul>\n<li>Altura: 56 cm \/ 21 pulgadas<\/li>\n<li>Ancho: 39,5 cm \/ 15&#8243;<\/li>\n<li>Profundidad: 24 cm \/ 9,44&#8243;<\/li>\n<\/ul>\n<p>Dimensiones externas de la carcasa:<\/p>\n<ul>\n<li>altura: 55 cm<\/li>\n<li>Ancho: 39 cm<\/li>\n<li>Profundidad: 21,5 cm<\/li>\n<\/ul>\n<p>Dimensiones internas de la carcasa:<\/p>\n<ul>\n<li>height: 54,5cm (bottom shelf to top of the casing)<\/li>\n<li>Ancho: 35 cm<\/li>\n<li>Profundidad: 21,5 cm<\/li>\n<\/ul>\n<p>Dimensiones de la bandeja:<\/p>\n<ul>\n<li>Ancho: 36,8 cm<\/li>\n<li>Profundidad: 20,9 cm<\/li>\n<\/ul>\n<p>Tenga en cuenta que estas bandejas solo son compatibles con el modelo A-CASE Hybrid Kane y no son adecuadas para otros modelos de A-Case.<\/p>\n<p>Las dimensiones anteriores son orientativas.<\/p>\n<p>Peso: 4,4 kg<\/p>\n<p>&nbsp;<\/p>\n<p>&nbsp;<\/p>\n<h6>TODAS LAS IM\u00c1GENES MOSTRADAS SON SOLO ILUSTRATIVAS. EL PRODUCTO REAL PUEDE VARIAR DEBIDO A MEJORAS EN EL MISMO. <\/h6>\n<p>&nbsp;<\/p>\n<p>&nbsp;<\/p>\n<p>&nbsp;<\/p>\n","protected":false},"excerpt":{"rendered":"<p>Probablemente la caja para miniaturas magn\u00e9ticas m\u00e1s grande que hayas visto jam\u00e1s. \u00a1Es LITERALMENTE ENORME! Fabricada con materiales ligeros de primera calidad, con estantes de acero que permiten pegar bases magn\u00e9ticas. Perfecta para todo tipo de miniaturas. Dependiendo del juego, puede almacenar ej\u00e9rcitos de hasta varios miles de puntos.    <\/p>\n<p><span style=\"color: #00bf56;\">\u00a1Env\u00edo GRATIS incluido &#8211; A todo el mundo!<\/span><\/p>\n<p><strong><a href=\"https:\/\/www.youtube.com\/watch?v=5uj6a4dgGA8\" rel=\"noreferrer noopener\">ASSEMBLY GUIDE<\/a><\/strong><\/p>\n<p><a href=\"https:\/\/www.facebook.com\/777101562375026\/videos\/1221465458061956\" rel=\"noreferrer noopener\"><strong>C\u00f3mo fijar alfileres a bandejas<\/strong><\/a><\/p>\n<p>&nbsp;<\/p>\n","protected":false},"featured_media":25918,"template":"","meta":[],"product_brand":[],"product_cat":[346],"product_tag":[],"class_list":{"0":"post-25882","1":"product","2":"type-product","3":"status-publish","4":"has-post-thumbnail","6":"product_cat-estuche-de-transporte-en-miniatura","7":"product_shipping_class-envio-gratuito","9":"first","10":"instock","11":"purchasable","12":"product-type-variable"},"bundled_by":[],"bundle_stock_status":"instock","bundle_stock_quantity":null,"bundle_virtual":false,"bundle_layout":"","bundle_add_to_cart_form_location":"","bundle_editable_in_cart":false,"bundle_sold_individually_context":"","bundle_item_grouping":"","bundle_min_size":"","bundle_max_size":"","bundle_price":[],"bundled_items":[],"bundle_sell_ids":[],"exclude_global_add_ons":false,"addons":[{"name":"Opciones adicionales","type":"checkbox","position":0,"required":false,"title_format":"label","default":"","description_enable":true,"description":"Kane viene con tres estantes y desmontado por defecto. Si necesitas m\u00e1s estantes en el interior, consulta las opciones siguientes. \n<b><span style=\"color:#F31C4D\">En serio, \u00a1recomendamos encarecidamente llevar bandejas adicionales para aprovechar todo el potencial de Kane!<\/span><\/b>","placeholder_enable":false,"placeholder":null,"display":"select","restrictions_type":"any_text","adjust_price":false,"price":"","price_type":"flat_fee","restrictions":false,"min":"0","max":"0","options":[{"label":"+3 estantes adicionales","price":"11.36","price_type":"percentage_based","image":0,"visibility":true}],"id":1754080386},{"name":"\u00a1Imanes!","type":"checkbox","position":1,"required":false,"title_format":"label","default":"","description_enable":true,"description":"Si necesita imanes en el interior, consulte las opciones siguientes. Dimensiones: 5 x 2 mm. ","placeholder_enable":false,"placeholder":null,"display":"select","restrictions_type":"any_text","adjust_price":false,"price":"","price_type":"flat_fee","restrictions":false,"min":"0","max":"0","options":[{"label":"50 imanes de neodimio","price":"4.4","price_type":"percentage_based","image":0,"visibility":true},{"label":"100 imanes de neodimio","price":"7.3","price_type":"percentage_based","image":0,"visibility":true},{"label":"150 imanes de neodimio","price":"10","price_type":"percentage_based","image":0,"visibility":true},{"label":"200 imanes de neodimio","price":"12","price_type":"percentage_based","image":0,"visibility":true},{"label":"250 imanes de neodimio","price":"16.4","price_type":"percentage_based","image":0,"visibility":true}],"id":1754080387}],"yoast_head":"<!-- This site is optimized with the Yoast SEO plugin v27.3 - https:\/\/yoast.com\/product\/yoast-seo-wordpress\/ -->\n<title>A-Case Hybrid The Kane (mochila) &#8211; Un caso literalmente ENORME | A-Case<\/title>\n<meta name=\"description\" content=\"\u00bfAlguna vez has visto una caja en miniatura con capacidad para miles de miniaturas? \u00bfNo? Entonces echa un vistazo a The Kane. Es enorme y ligera: \u00a1la necesitas si tu ej\u00e9rcito es enorme!\" \/>\n<meta name=\"robots\" content=\"index, follow, max-snippet:-1, max-image-preview:large, max-video-preview:-1\" \/>\n<link rel=\"canonical\" href=\"https:\/\/shop.army-case.com\/es\/estuche-de-transporte-en-miniatura\/a-case-hybrid-the-kane-mochila\/\" \/>\n<meta property=\"og:locale\" content=\"es_ES\" \/>\n<meta property=\"og:type\" content=\"article\" \/>\n<meta property=\"og:title\" content=\"A-Case Hybrid The Kane (mochila) &#8211; Un caso literalmente ENORME | A-Case\" \/>\n<meta property=\"og:description\" content=\"\u00bfAlguna vez has visto una caja en miniatura con capacidad para miles de miniaturas? \u00bfNo? Entonces echa un vistazo a The Kane. Es enorme y ligera: \u00a1la necesitas si tu ej\u00e9rcito es enorme!\" \/>\n<meta property=\"og:url\" content=\"https:\/\/shop.army-case.com\/es\/estuche-de-transporte-en-miniatura\/a-case-hybrid-the-kane-mochila\/\" \/>\n<meta property=\"og:site_name\" content=\"A-Case\" \/>\n<meta property=\"article:publisher\" content=\"https:\/\/www.facebook.com\/armycase\/\" \/>\n<meta property=\"article:modified_time\" content=\"2026-04-10T17:08:34+00:00\" \/>\n<meta property=\"og:image\" content=\"https:\/\/shop.army-case.com\/wp-content\/uploads\/2024\/04\/magnetic-miniature-case-a-case-hybrid-the-kane-backpack.jpeg\" \/>\n\t<meta property=\"og:image:width\" content=\"1200\" \/>\n\t<meta property=\"og:image:height\" content=\"801\" \/>\n\t<meta property=\"og:image:type\" content=\"image\/jpeg\" \/>\n<meta name=\"twitter:card\" content=\"summary_large_image\" \/>\n<meta name=\"twitter:label1\" content=\"Tiempo de lectura\" \/>\n\t<meta name=\"twitter:data1\" content=\"1 minuto\" \/>\n<script type=\"application\/ld+json\" class=\"yoast-schema-graph\">{\"@context\":\"https:\\\/\\\/schema.org\",\"@graph\":[{\"@type\":\"WebPage\",\"@id\":\"https:\\\/\\\/shop.army-case.com\\\/es\\\/estuche-de-transporte-en-miniatura\\\/a-case-hybrid-the-kane-mochila\\\/\",\"url\":\"https:\\\/\\\/shop.army-case.com\\\/es\\\/estuche-de-transporte-en-miniatura\\\/a-case-hybrid-the-kane-mochila\\\/\",\"name\":\"A-Case Hybrid The Kane (mochila) &#8211; Un caso literalmente ENORME | A-Case\",\"isPartOf\":{\"@id\":\"https:\\\/\\\/shop.army-case.com\\\/es\\\/#website\"},\"primaryImageOfPage\":{\"@id\":\"https:\\\/\\\/shop.army-case.com\\\/es\\\/estuche-de-transporte-en-miniatura\\\/a-case-hybrid-the-kane-mochila\\\/#primaryimage\"},\"image\":{\"@id\":\"https:\\\/\\\/shop.army-case.com\\\/es\\\/estuche-de-transporte-en-miniatura\\\/a-case-hybrid-the-kane-mochila\\\/#primaryimage\"},\"thumbnailUrl\":\"https:\\\/\\\/shop.army-case.com\\\/wp-content\\\/uploads\\\/2024\\\/04\\\/magnetic-miniature-case-a-case-hybrid-the-kane-backpack.jpeg\",\"datePublished\":\"2019-12-20T09:44:32+00:00\",\"dateModified\":\"2026-04-10T17:08:34+00:00\",\"description\":\"\u00bfAlguna vez has visto una caja en miniatura con capacidad para miles de miniaturas? \u00bfNo? Entonces echa un vistazo a The Kane. Es enorme y ligera: \u00a1la necesitas si tu ej\u00e9rcito es enorme!\",\"breadcrumb\":{\"@id\":\"https:\\\/\\\/shop.army-case.com\\\/es\\\/estuche-de-transporte-en-miniatura\\\/a-case-hybrid-the-kane-mochila\\\/#breadcrumb\"},\"inLanguage\":\"es\",\"potentialAction\":[{\"@type\":\"ReadAction\",\"target\":[\"https:\\\/\\\/shop.army-case.com\\\/es\\\/estuche-de-transporte-en-miniatura\\\/a-case-hybrid-the-kane-mochila\\\/\"]}]},{\"@type\":\"ImageObject\",\"inLanguage\":\"es\",\"@id\":\"https:\\\/\\\/shop.army-case.com\\\/es\\\/estuche-de-transporte-en-miniatura\\\/a-case-hybrid-the-kane-mochila\\\/#primaryimage\",\"url\":\"https:\\\/\\\/shop.army-case.com\\\/wp-content\\\/uploads\\\/2024\\\/04\\\/magnetic-miniature-case-a-case-hybrid-the-kane-backpack.jpeg\",\"contentUrl\":\"https:\\\/\\\/shop.army-case.com\\\/wp-content\\\/uploads\\\/2024\\\/04\\\/magnetic-miniature-case-a-case-hybrid-the-kane-backpack.jpeg\",\"width\":1200,\"height\":801,\"caption\":\"magnetic miniature case a case hybrid the kane backpack\"},{\"@type\":\"BreadcrumbList\",\"@id\":\"https:\\\/\\\/shop.army-case.com\\\/es\\\/estuche-de-transporte-en-miniatura\\\/a-case-hybrid-the-kane-mochila\\\/#breadcrumb\",\"itemListElement\":[{\"@type\":\"ListItem\",\"position\":1,\"name\":\"Home\",\"item\":\"https:\\\/\\\/shop.army-case.com\\\/es\\\/tienda-army-case\\\/\"},{\"@type\":\"ListItem\",\"position\":2,\"name\":\"Tienda\",\"item\":\"https:\\\/\\\/shop.army-case.com\\\/es\\\/tienda\\\/\"},{\"@type\":\"ListItem\",\"position\":3,\"name\":\"A-Case Hybrid The Kane (mochila)\"}]},{\"@type\":\"WebSite\",\"@id\":\"https:\\\/\\\/shop.army-case.com\\\/es\\\/#website\",\"url\":\"https:\\\/\\\/shop.army-case.com\\\/es\\\/\",\"name\":\"A-Case\",\"description\":\"\",\"potentialAction\":[{\"@type\":\"SearchAction\",\"target\":{\"@type\":\"EntryPoint\",\"urlTemplate\":\"https:\\\/\\\/shop.army-case.com\\\/es\\\/?s={search_term_string}\"},\"query-input\":{\"@type\":\"PropertyValueSpecification\",\"valueRequired\":true,\"valueName\":\"search_term_string\"}}],\"inLanguage\":\"es\"}]}<\/script>\n<!-- \/ Yoast SEO plugin. -->","yoast_head_json":{"title":"A-Case Hybrid The Kane (mochila) &#8211; Un caso literalmente ENORME | A-Case","description":"\u00bfAlguna vez has visto una caja en miniatura con capacidad para miles de miniaturas? \u00bfNo? Entonces echa un vistazo a The Kane. Es enorme y ligera: \u00a1la necesitas si tu ej\u00e9rcito es enorme!","robots":{"index":"index","follow":"follow","max-snippet":"max-snippet:-1","max-image-preview":"max-image-preview:large","max-video-preview":"max-video-preview:-1"},"canonical":"https:\/\/shop.army-case.com\/es\/estuche-de-transporte-en-miniatura\/a-case-hybrid-the-kane-mochila\/","og_locale":"es_ES","og_type":"article","og_title":"A-Case Hybrid The Kane (mochila) &#8211; Un caso literalmente ENORME | A-Case","og_description":"\u00bfAlguna vez has visto una caja en miniatura con capacidad para miles de miniaturas? \u00bfNo? Entonces echa un vistazo a The Kane. Es enorme y ligera: \u00a1la necesitas si tu ej\u00e9rcito es enorme!","og_url":"https:\/\/shop.army-case.com\/es\/estuche-de-transporte-en-miniatura\/a-case-hybrid-the-kane-mochila\/","og_site_name":"A-Case","article_publisher":"https:\/\/www.facebook.com\/armycase\/","article_modified_time":"2026-04-10T17:08:34+00:00","og_image":[{"width":1200,"height":801,"url":"https:\/\/shop.army-case.com\/wp-content\/uploads\/2024\/04\/magnetic-miniature-case-a-case-hybrid-the-kane-backpack.jpeg","type":"image\/jpeg"}],"twitter_card":"summary_large_image","twitter_misc":{"Tiempo de lectura":"1 minuto"},"schema":{"@context":"https:\/\/schema.org","@graph":[{"@type":"WebPage","@id":"https:\/\/shop.army-case.com\/es\/estuche-de-transporte-en-miniatura\/a-case-hybrid-the-kane-mochila\/","url":"https:\/\/shop.army-case.com\/es\/estuche-de-transporte-en-miniatura\/a-case-hybrid-the-kane-mochila\/","name":"A-Case Hybrid The Kane (mochila) &#8211; Un caso literalmente ENORME | A-Case","isPartOf":{"@id":"https:\/\/shop.army-case.com\/es\/#website"},"primaryImageOfPage":{"@id":"https:\/\/shop.army-case.com\/es\/estuche-de-transporte-en-miniatura\/a-case-hybrid-the-kane-mochila\/#primaryimage"},"image":{"@id":"https:\/\/shop.army-case.com\/es\/estuche-de-transporte-en-miniatura\/a-case-hybrid-the-kane-mochila\/#primaryimage"},"thumbnailUrl":"https:\/\/shop.army-case.com\/wp-content\/uploads\/2024\/04\/magnetic-miniature-case-a-case-hybrid-the-kane-backpack.jpeg","datePublished":"2019-12-20T09:44:32+00:00","dateModified":"2026-04-10T17:08:34+00:00","description":"\u00bfAlguna vez has visto una caja en miniatura con capacidad para miles de miniaturas? \u00bfNo? Entonces echa un vistazo a The Kane. Es enorme y ligera: \u00a1la necesitas si tu ej\u00e9rcito es enorme!","breadcrumb":{"@id":"https:\/\/shop.army-case.com\/es\/estuche-de-transporte-en-miniatura\/a-case-hybrid-the-kane-mochila\/#breadcrumb"},"inLanguage":"es","potentialAction":[{"@type":"ReadAction","target":["https:\/\/shop.army-case.com\/es\/estuche-de-transporte-en-miniatura\/a-case-hybrid-the-kane-mochila\/"]}]},{"@type":"ImageObject","inLanguage":"es","@id":"https:\/\/shop.army-case.com\/es\/estuche-de-transporte-en-miniatura\/a-case-hybrid-the-kane-mochila\/#primaryimage","url":"https:\/\/shop.army-case.com\/wp-content\/uploads\/2024\/04\/magnetic-miniature-case-a-case-hybrid-the-kane-backpack.jpeg","contentUrl":"https:\/\/shop.army-case.com\/wp-content\/uploads\/2024\/04\/magnetic-miniature-case-a-case-hybrid-the-kane-backpack.jpeg","width":1200,"height":801,"caption":"magnetic miniature case a case hybrid the kane backpack"},{"@type":"BreadcrumbList","@id":"https:\/\/shop.army-case.com\/es\/estuche-de-transporte-en-miniatura\/a-case-hybrid-the-kane-mochila\/#breadcrumb","itemListElement":[{"@type":"ListItem","position":1,"name":"Home","item":"https:\/\/shop.army-case.com\/es\/tienda-army-case\/"},{"@type":"ListItem","position":2,"name":"Tienda","item":"https:\/\/shop.army-case.com\/es\/tienda\/"},{"@type":"ListItem","position":3,"name":"A-Case Hybrid The Kane (mochila)"}]},{"@type":"WebSite","@id":"https:\/\/shop.army-case.com\/es\/#website","url":"https:\/\/shop.army-case.com\/es\/","name":"A-Case","description":"","potentialAction":[{"@type":"SearchAction","target":{"@type":"EntryPoint","urlTemplate":"https:\/\/shop.army-case.com\/es\/?s={search_term_string}"},"query-input":{"@type":"PropertyValueSpecification","valueRequired":true,"valueName":"search_term_string"}}],"inLanguage":"es"}]}},"_links":{"self":[{"href":"https:\/\/shop.army-case.com\/es\/wp-json\/wp\/v2\/product\/25882","targetHints":{"allow":["GET"]}}],"collection":[{"href":"https:\/\/shop.army-case.com\/es\/wp-json\/wp\/v2\/product"}],"about":[{"href":"https:\/\/shop.army-case.com\/es\/wp-json\/wp\/v2\/types\/product"}],"version-history":[{"count":1,"href":"https:\/\/shop.army-case.com\/es\/wp-json\/wp\/v2\/product\/25882\/revisions"}],"predecessor-version":[{"id":25936,"href":"https:\/\/shop.army-case.com\/es\/wp-json\/wp\/v2\/product\/25882\/revisions\/25936"}],"wp:featuredmedia":[{"embeddable":true,"href":"https:\/\/shop.army-case.com\/es\/wp-json\/wp\/v2\/media\/25918"}],"wp:attachment":[{"href":"https:\/\/shop.army-case.com\/es\/wp-json\/wp\/v2\/media?parent=25882"}],"wp:term":[{"taxonomy":"product_brand","embeddable":true,"href":"https:\/\/shop.army-case.com\/es\/wp-json\/wp\/v2\/product_brand?post=25882"},{"taxonomy":"product_cat","embeddable":true,"href":"https:\/\/shop.army-case.com\/es\/wp-json\/wp\/v2\/product_cat?post=25882"},{"taxonomy":"product_tag","embeddable":true,"href":"https:\/\/shop.army-case.com\/es\/wp-json\/wp\/v2\/product_tag?post=25882"}],"curies":[{"name":"wp","href":"https:\/\/api.w.org\/{rel}","templated":true}]}}