{"id":25788,"date":"2022-02-24T10:29:22","date_gmt":"2022-02-24T10:29:22","guid":{"rendered":"https:\/\/shop.army-case.com\/sin categor\u00eda\/mango-para-pintar-miniaturas\/"},"modified":"2026-01-28T10:48:03","modified_gmt":"2026-01-28T10:48:03","slug":"mango-para-pintar-miniaturas","status":"publish","type":"product","link":"https:\/\/shop.army-case.com\/es\/accesorios\/mango-para-pintar-miniaturas\/","title":{"rendered":"Mango para pintar miniaturas"},"content":{"rendered":"<p><span style=\"font-weight: 400;\">El soporte magn\u00e9tico para pintura A-Case es una herramienta para aficionados f\u00e1cil de usar, altamente personalizable y con un dise\u00f1o ergon\u00f3mico, dise\u00f1ada para mejorar el proceso de pintura de miniaturas. Un conjunto de placas y imanes integrados le permite montar* una miniatura en la parte superior de una pieza \u00absuperior\u00bb extra\u00edble y, a continuaci\u00f3n, girarla horizontalmente mientras se mantiene un agarre firme, sin tocar la miniatura en s\u00ed. No solo mejora el acceso a la miniatura, sino que tambi\u00e9n evita que la pintura se borre al tocarla.   <\/span><span style=\"font-weight: 400;\"><br \/>\n<\/span><span style=\"font-weight: 400;\"><br \/>\n<\/span><span style=\"font-weight: 400;\">*Esta pr\u00e1ctica herramienta est\u00e1 dise\u00f1ada para soportar tanto bases imantadas como masillas adhesivas como Blu-Tack.<\/span><span style=\"font-weight: 400;\"><br \/>\n<\/span><span style=\"font-weight: 400;\"><br \/>\n<\/span><span style=\"font-weight: 400;\">Este conjunto incluye:<\/span><\/p>\n<p><span style=\"font-weight: 400;\">1 x Empu\u00f1adura<\/span><span style=\"font-weight: 400;\"><br \/>\n<\/span><span style=\"font-weight: 400;\">5 x 32 mm superior<\/span><\/p>\n<p>OPINIONES PROFESIONALES:<br \/>\n<a href=\"https:\/\/scarhandpainting.com\/review-a-case-magnetic-painting-grip\/\" rel=\"nofollow\">Rese\u00f1a: Pinza magn\u00e9tica para pintura A-Case de Scarhandpainting.com<\/a><br \/>\n<a href=\"https:\/\/tangibleday.com\/a-case-painting-handle-for-miniatures-and-modreview\/\" rel=\"nofollow\">Rese\u00f1a: Mango para pintar A-Case para miniaturas y maquetas Por Andrew Tan<\/a><br \/>\n<a href=\"https:\/\/www.fauxhammer.com\/it\/reviews\/a-case-painting-handle-for-miniatures-review\/\" rel=\"nofollow\">Rese\u00f1a: Mango para pintar miniaturas A-Case de Fauxhammer<\/a><\/p>\n","protected":false},"excerpt":{"rendered":"<p>El soporte magn\u00e9tico para pintura A-Case es una herramienta para aficionados f\u00e1cil de usar, altamente personalizable y con un dise\u00f1o ergon\u00f3mico, dise\u00f1ada para mejorar el proceso de pintura de miniaturas. Un conjunto de placas y imanes integrados le permite montar* una miniatura en la parte superior de una pieza \u00absuperior\u00bb extra\u00edble y, a continuaci\u00f3n, girarla horizontalmente mientras se mantiene un agarre firme, sin tocar la miniatura en s\u00ed. No solo mejora el acceso a la miniatura, sino que tambi\u00e9n evita que la pintura se borre al tocarla.  <\/p>\n","protected":false},"featured_media":25837,"template":"","meta":[],"product_brand":[],"product_cat":[338],"product_tag":[],"class_list":{"0":"post-25788","1":"product","2":"type-product","3":"status-publish","4":"has-post-thumbnail","6":"product_cat-accesorios","7":"product_shipping_class-envio-gratuito","9":"first","10":"instock","11":"shipping-taxable","12":"purchasable","13":"product-type-variable"},"bundled_by":[],"bundle_stock_status":"instock","bundle_stock_quantity":null,"bundle_virtual":false,"bundle_layout":"","bundle_add_to_cart_form_location":"","bundle_editable_in_cart":false,"bundle_sold_individually_context":"","bundle_item_grouping":"","bundle_min_size":"","bundle_max_size":"","bundle_price":[],"bundled_items":[],"bundle_sell_ids":[],"exclude_global_add_ons":false,"addons":[{"name":"Opciones adicionales","type":"checkbox","position":0,"required":false,"title_format":"label","default":"","description_enable":false,"description":null,"placeholder_enable":false,"placeholder":null,"display":"select","restrictions_type":"any_text","adjust_price":false,"price":"","price_type":"flat_fee","restrictions":false,"min":"0","max":"0","options":[{"label":"1x parte superior\/cabezal adicional - 50 mm del mismo color que MPG","price":"13.67","price_type":"percentage_based","image":0,"visibility":true}],"id":1748927053},{"name":"Corcho magn\u00e9tico","type":"checkbox","position":1,"required":false,"title_format":"label","default":"","description_enable":false,"description":null,"placeholder_enable":false,"placeholder":null,"display":"select","restrictions_type":"any_text","adjust_price":false,"price":"","price_type":"flat_fee","restrictions":false,"min":"0","max":"0","options":[{"label":"1 x parte superior\/cabezal adicional - corcho del mismo color que MPG","price":"8.63","price_type":"percentage_based","image":0,"visibility":true}],"id":1748927054},{"name":"Pegamento CA","type":"checkbox","position":2,"required":false,"title_format":"label","default":"","description_enable":false,"description":null,"placeholder_enable":false,"placeholder":null,"display":"select","restrictions_type":"any_text","adjust_price":false,"price":"","price_type":"flat_fee","restrictions":false,"min":"0","max":"0","options":[{"label":"1 x 20 g de pegamento CA","price":"13.9","price_type":"percentage_based","image":0,"visibility":true}],"id":1748927055},{"name":"\u00a1Imanes!","type":"checkbox","position":3,"required":false,"title_format":"label","default":"","description_enable":true,"description":"Si necesita imanes en el interior, consulte las opciones siguientes. Dimensiones: 5 x 2 mm. ","placeholder_enable":false,"placeholder":null,"display":"select","restrictions_type":"any_text","adjust_price":false,"price":"","price_type":"flat_fee","restrictions":false,"min":"0","max":"0","options":[{"label":"50 imanes de neodimio","price":"43.17","price_type":"percentage_based","image":0,"visibility":true},{"label":"100 imanes de neodimio","price":"71.94","price_type":"percentage_based","image":0,"visibility":true},{"label":"150 imanes de neodimio","price":"97.12","price_type":"percentage_based","image":0,"visibility":true},{"label":"200 imanes de neodimio","price":"115.11","price_type":"percentage_based","image":0,"visibility":true},{"label":"250 imanes de neodimio","price":"161.87","price_type":"percentage_based","image":0,"visibility":true}],"id":1748927056}],"yoast_head":"<!-- This site is optimized with the Yoast SEO plugin v27.3 - https:\/\/yoast.com\/product\/yoast-seo-wordpress\/ -->\n<title>Mango para pintar miniaturas | soporte para miniaturas para pintar<\/title>\n<meta name=\"description\" content=\"\u00bfAlguna vez te has preguntado c\u00f3mo es posible que las figuras est\u00e9n pintadas con tanta precisi\u00f3n? \u00a1Echa un vistazo ahora a nuestro mango para pintar miniaturas!\" \/>\n<meta name=\"robots\" content=\"index, follow, max-snippet:-1, max-image-preview:large, max-video-preview:-1\" \/>\n<link rel=\"canonical\" href=\"https:\/\/shop.army-case.com\/es\/accesorios\/mango-para-pintar-miniaturas\/\" \/>\n<meta property=\"og:locale\" content=\"es_ES\" \/>\n<meta property=\"og:type\" content=\"article\" \/>\n<meta property=\"og:title\" content=\"Mango para pintar miniaturas | soporte para miniaturas para pintar\" \/>\n<meta property=\"og:description\" content=\"\u00bfAlguna vez te has preguntado c\u00f3mo es posible que las figuras est\u00e9n pintadas con tanta precisi\u00f3n? \u00a1Echa un vistazo ahora a nuestro mango para pintar miniaturas!\" \/>\n<meta property=\"og:url\" content=\"https:\/\/shop.army-case.com\/es\/accesorios\/mango-para-pintar-miniaturas\/\" \/>\n<meta property=\"og:site_name\" content=\"A-Case\" \/>\n<meta property=\"article:publisher\" content=\"https:\/\/www.facebook.com\/armycase\/\" \/>\n<meta property=\"article:modified_time\" content=\"2026-01-28T10:48:03+00:00\" \/>\n<meta property=\"og:image\" content=\"https:\/\/shop.army-case.com\/wp-content\/uploads\/2024\/04\/painting-handle-for-miniatures-grey-1-scaled-1.jpg\" \/>\n\t<meta property=\"og:image:width\" content=\"2560\" \/>\n\t<meta property=\"og:image:height\" content=\"1707\" \/>\n\t<meta property=\"og:image:type\" content=\"image\/jpeg\" \/>\n<meta name=\"twitter:card\" content=\"summary_large_image\" \/>\n<meta name=\"twitter:label1\" content=\"Tiempo de lectura\" \/>\n\t<meta name=\"twitter:data1\" content=\"1 minuto\" \/>\n<script type=\"application\/ld+json\" class=\"yoast-schema-graph\">{\"@context\":\"https:\\\/\\\/schema.org\",\"@graph\":[{\"@type\":\"WebPage\",\"@id\":\"https:\\\/\\\/shop.army-case.com\\\/es\\\/accesorios\\\/mango-para-pintar-miniaturas\\\/\",\"url\":\"https:\\\/\\\/shop.army-case.com\\\/es\\\/accesorios\\\/mango-para-pintar-miniaturas\\\/\",\"name\":\"Mango para pintar miniaturas | soporte para miniaturas para pintar\",\"isPartOf\":{\"@id\":\"https:\\\/\\\/shop.army-case.com\\\/es\\\/#website\"},\"primaryImageOfPage\":{\"@id\":\"https:\\\/\\\/shop.army-case.com\\\/es\\\/accesorios\\\/mango-para-pintar-miniaturas\\\/#primaryimage\"},\"image\":{\"@id\":\"https:\\\/\\\/shop.army-case.com\\\/es\\\/accesorios\\\/mango-para-pintar-miniaturas\\\/#primaryimage\"},\"thumbnailUrl\":\"https:\\\/\\\/shop.army-case.com\\\/wp-content\\\/uploads\\\/2024\\\/04\\\/painting-handle-for-miniatures-grey-1-scaled-1.jpg\",\"datePublished\":\"2022-02-24T10:29:22+00:00\",\"dateModified\":\"2026-01-28T10:48:03+00:00\",\"description\":\"\u00bfAlguna vez te has preguntado c\u00f3mo es posible que las figuras est\u00e9n pintadas con tanta precisi\u00f3n? \u00a1Echa un vistazo ahora a nuestro mango para pintar miniaturas!\",\"breadcrumb\":{\"@id\":\"https:\\\/\\\/shop.army-case.com\\\/es\\\/accesorios\\\/mango-para-pintar-miniaturas\\\/#breadcrumb\"},\"inLanguage\":\"es\",\"potentialAction\":[{\"@type\":\"ReadAction\",\"target\":[\"https:\\\/\\\/shop.army-case.com\\\/es\\\/accesorios\\\/mango-para-pintar-miniaturas\\\/\"]}]},{\"@type\":\"ImageObject\",\"inLanguage\":\"es\",\"@id\":\"https:\\\/\\\/shop.army-case.com\\\/es\\\/accesorios\\\/mango-para-pintar-miniaturas\\\/#primaryimage\",\"url\":\"https:\\\/\\\/shop.army-case.com\\\/wp-content\\\/uploads\\\/2024\\\/04\\\/painting-handle-for-miniatures-grey-1-scaled-1.jpg\",\"contentUrl\":\"https:\\\/\\\/shop.army-case.com\\\/wp-content\\\/uploads\\\/2024\\\/04\\\/painting-handle-for-miniatures-grey-1-scaled-1.jpg\",\"width\":2560,\"height\":1707,\"caption\":\"painting handle for miniatures\"},{\"@type\":\"BreadcrumbList\",\"@id\":\"https:\\\/\\\/shop.army-case.com\\\/es\\\/accesorios\\\/mango-para-pintar-miniaturas\\\/#breadcrumb\",\"itemListElement\":[{\"@type\":\"ListItem\",\"position\":1,\"name\":\"Home\",\"item\":\"https:\\\/\\\/shop.army-case.com\\\/es\\\/tienda-army-case\\\/\"},{\"@type\":\"ListItem\",\"position\":2,\"name\":\"Tienda\",\"item\":\"https:\\\/\\\/shop.army-case.com\\\/es\\\/tienda\\\/\"},{\"@type\":\"ListItem\",\"position\":3,\"name\":\"Mango para pintar miniaturas\"}]},{\"@type\":\"WebSite\",\"@id\":\"https:\\\/\\\/shop.army-case.com\\\/es\\\/#website\",\"url\":\"https:\\\/\\\/shop.army-case.com\\\/es\\\/\",\"name\":\"A-Case\",\"description\":\"\",\"potentialAction\":[{\"@type\":\"SearchAction\",\"target\":{\"@type\":\"EntryPoint\",\"urlTemplate\":\"https:\\\/\\\/shop.army-case.com\\\/es\\\/?s={search_term_string}\"},\"query-input\":{\"@type\":\"PropertyValueSpecification\",\"valueRequired\":true,\"valueName\":\"search_term_string\"}}],\"inLanguage\":\"es\"}]}<\/script>\n<!-- \/ Yoast SEO plugin. -->","yoast_head_json":{"title":"Mango para pintar miniaturas | soporte para miniaturas para pintar","description":"\u00bfAlguna vez te has preguntado c\u00f3mo es posible que las figuras est\u00e9n pintadas con tanta precisi\u00f3n? \u00a1Echa un vistazo ahora a nuestro mango para pintar miniaturas!","robots":{"index":"index","follow":"follow","max-snippet":"max-snippet:-1","max-image-preview":"max-image-preview:large","max-video-preview":"max-video-preview:-1"},"canonical":"https:\/\/shop.army-case.com\/es\/accesorios\/mango-para-pintar-miniaturas\/","og_locale":"es_ES","og_type":"article","og_title":"Mango para pintar miniaturas | soporte para miniaturas para pintar","og_description":"\u00bfAlguna vez te has preguntado c\u00f3mo es posible que las figuras est\u00e9n pintadas con tanta precisi\u00f3n? \u00a1Echa un vistazo ahora a nuestro mango para pintar miniaturas!","og_url":"https:\/\/shop.army-case.com\/es\/accesorios\/mango-para-pintar-miniaturas\/","og_site_name":"A-Case","article_publisher":"https:\/\/www.facebook.com\/armycase\/","article_modified_time":"2026-01-28T10:48:03+00:00","og_image":[{"width":2560,"height":1707,"url":"https:\/\/shop.army-case.com\/wp-content\/uploads\/2024\/04\/painting-handle-for-miniatures-grey-1-scaled-1.jpg","type":"image\/jpeg"}],"twitter_card":"summary_large_image","twitter_misc":{"Tiempo de lectura":"1 minuto"},"schema":{"@context":"https:\/\/schema.org","@graph":[{"@type":"WebPage","@id":"https:\/\/shop.army-case.com\/es\/accesorios\/mango-para-pintar-miniaturas\/","url":"https:\/\/shop.army-case.com\/es\/accesorios\/mango-para-pintar-miniaturas\/","name":"Mango para pintar miniaturas | soporte para miniaturas para pintar","isPartOf":{"@id":"https:\/\/shop.army-case.com\/es\/#website"},"primaryImageOfPage":{"@id":"https:\/\/shop.army-case.com\/es\/accesorios\/mango-para-pintar-miniaturas\/#primaryimage"},"image":{"@id":"https:\/\/shop.army-case.com\/es\/accesorios\/mango-para-pintar-miniaturas\/#primaryimage"},"thumbnailUrl":"https:\/\/shop.army-case.com\/wp-content\/uploads\/2024\/04\/painting-handle-for-miniatures-grey-1-scaled-1.jpg","datePublished":"2022-02-24T10:29:22+00:00","dateModified":"2026-01-28T10:48:03+00:00","description":"\u00bfAlguna vez te has preguntado c\u00f3mo es posible que las figuras est\u00e9n pintadas con tanta precisi\u00f3n? \u00a1Echa un vistazo ahora a nuestro mango para pintar miniaturas!","breadcrumb":{"@id":"https:\/\/shop.army-case.com\/es\/accesorios\/mango-para-pintar-miniaturas\/#breadcrumb"},"inLanguage":"es","potentialAction":[{"@type":"ReadAction","target":["https:\/\/shop.army-case.com\/es\/accesorios\/mango-para-pintar-miniaturas\/"]}]},{"@type":"ImageObject","inLanguage":"es","@id":"https:\/\/shop.army-case.com\/es\/accesorios\/mango-para-pintar-miniaturas\/#primaryimage","url":"https:\/\/shop.army-case.com\/wp-content\/uploads\/2024\/04\/painting-handle-for-miniatures-grey-1-scaled-1.jpg","contentUrl":"https:\/\/shop.army-case.com\/wp-content\/uploads\/2024\/04\/painting-handle-for-miniatures-grey-1-scaled-1.jpg","width":2560,"height":1707,"caption":"painting handle for miniatures"},{"@type":"BreadcrumbList","@id":"https:\/\/shop.army-case.com\/es\/accesorios\/mango-para-pintar-miniaturas\/#breadcrumb","itemListElement":[{"@type":"ListItem","position":1,"name":"Home","item":"https:\/\/shop.army-case.com\/es\/tienda-army-case\/"},{"@type":"ListItem","position":2,"name":"Tienda","item":"https:\/\/shop.army-case.com\/es\/tienda\/"},{"@type":"ListItem","position":3,"name":"Mango para pintar miniaturas"}]},{"@type":"WebSite","@id":"https:\/\/shop.army-case.com\/es\/#website","url":"https:\/\/shop.army-case.com\/es\/","name":"A-Case","description":"","potentialAction":[{"@type":"SearchAction","target":{"@type":"EntryPoint","urlTemplate":"https:\/\/shop.army-case.com\/es\/?s={search_term_string}"},"query-input":{"@type":"PropertyValueSpecification","valueRequired":true,"valueName":"search_term_string"}}],"inLanguage":"es"}]}},"_links":{"self":[{"href":"https:\/\/shop.army-case.com\/es\/wp-json\/wp\/v2\/product\/25788","targetHints":{"allow":["GET"]}}],"collection":[{"href":"https:\/\/shop.army-case.com\/es\/wp-json\/wp\/v2\/product"}],"about":[{"href":"https:\/\/shop.army-case.com\/es\/wp-json\/wp\/v2\/types\/product"}],"version-history":[{"count":0,"href":"https:\/\/shop.army-case.com\/es\/wp-json\/wp\/v2\/product\/25788\/revisions"}],"wp:featuredmedia":[{"embeddable":true,"href":"https:\/\/shop.army-case.com\/es\/wp-json\/wp\/v2\/media\/25837"}],"wp:attachment":[{"href":"https:\/\/shop.army-case.com\/es\/wp-json\/wp\/v2\/media?parent=25788"}],"wp:term":[{"taxonomy":"product_brand","embeddable":true,"href":"https:\/\/shop.army-case.com\/es\/wp-json\/wp\/v2\/product_brand?post=25788"},{"taxonomy":"product_cat","embeddable":true,"href":"https:\/\/shop.army-case.com\/es\/wp-json\/wp\/v2\/product_cat?post=25788"},{"taxonomy":"product_tag","embeddable":true,"href":"https:\/\/shop.army-case.com\/es\/wp-json\/wp\/v2\/product_tag?post=25788"}],"curies":[{"name":"wp","href":"https:\/\/api.w.org\/{rel}","templated":true}]}}