{"id":25756,"date":"2023-01-08T21:51:21","date_gmt":"2023-01-08T21:51:21","guid":{"rendered":"https:\/\/shop.army-case.com\/sin categor\u00eda\/mochila-a-case-carrier\/"},"modified":"2026-02-08T23:32:28","modified_gmt":"2026-02-08T23:32:28","slug":"mochila-a-case-carrier","status":"publish","type":"product","link":"https:\/\/shop.army-case.com\/es\/estuche-de-transporte-en-miniatura\/mochila-a-case-carrier\/","title":{"rendered":"Mochila A-Case Carrier"},"content":{"rendered":"<p>A-Case Carrier: tu nueva mochila personal ideal para tus aficiones. Fabricada con materiales ligeros de primera calidad. El armaz\u00f3n de aluminio con bandejas de acero te permitir\u00e1 guardar y transportar tus miniaturas de forma segura y c\u00f3moda. Perfecta para todo tipo de miniaturas. Dependiendo del juego, tiene capacidad para guardar ej\u00e9rcitos de hasta varios miles de puntos.    <\/p>\n<p>Incluido en el juego de transportador:<\/p>\n<ul>\n<li>Marco ligero y resistente de aluminio con recubrimiento en polvo negro.<\/li>\n<li>3 x estantes de acero con recubrimiento en polvo negro<\/li>\n<li>6 pasadores de bloqueo<\/li>\n<li>Mochila acolchada de poli\u00e9ster de alta calidad en el color elegido con correa de velcro para los parches.<\/li>\n<li>3 x bolsillos para accesorios<\/li>\n<li>50 x potentes imanes de neodimio (5 x 2 mm)<\/li>\n<\/ul>\n<p>Dimensiones externas:<\/p>\n<ul>\n<li>altura: 44 cm \/ ~17 \u00b2\u00b9\/\u2086\u2084 pulgadas<\/li>\n<li>Ancho: 27 cm \/ ~10 \u2075\/\u2088 pulgadas (sin bolsillos)<\/li>\n<li>Profundidad: 17 cm \/ ~ 6 \u00b9\u00b9\/\u2081\u2086 pulgadas (sin bolsillo)<\/li>\n<\/ul>\n<p>Dimensiones externas de la carcasa:<\/p>\n<ul>\n<li>altura: 42 cm \/ ~ 16 \u00b9\u2077\/\u2083\u2082 pulgadas<\/li>\n<li>Ancho: 23,9 cm \/ ~ 9 \u00b9\u00b3\/\u2083\u2082 pulgadas<\/li>\n<li>Profundidad: 15 cm \/ 5 \u00b2\u2079\/\u2083\u2082 pulgadas<\/li>\n<\/ul>\n<p>Dimensiones internas de la carcasa:<\/p>\n<ul>\n<li>Altura: (desde el estante inferior hasta la parte superior de la carcasa) 35,3 cm \/ ~ 13 \u2075\u2077\/\u2086\u2084 pulgadas<\/li>\n<li>Ancho: 19,2 cm \/ ~ 7 \u2079\/\u2081\u2086 pulgadas<\/li>\n<li>Profundidad: 14,6 cm \/ ~ 5 \u00b3\/\u2084 pulgadas<\/li>\n<\/ul>\n<p>Dimensiones de la bandeja:<\/p>\n<ul>\n<li>Ancho: 21,2 cm \/ ~ 8 \u00b9\u00b9\/\u2083\u2082 pulgadas<\/li>\n<li>Profundidad: 14,8 cm \/ ~5 \u2075\u00b3\/\u2086\u2084 pulgadas<\/li>\n<\/ul>\n<p>Tenga en cuenta que las bandejas incluidas solo son compatibles con el transportador h\u00edbrido A-CASE y no son compatibles con otros modelos.<\/p>\n<p>Las dimensiones anteriores son orientativas.<\/p>\n<p>Peso: 2,45 kg (incluidas 3 bandejas)<\/p>\n<p>&nbsp;<\/p>\n<p>&nbsp;<\/p>\n<h6>TODAS LAS IM\u00c1GENES MOSTRADAS SON SOLO ILUSTRATIVAS. EL PRODUCTO REAL PUEDE VARIAR DEBIDO A MEJORAS EN EL MISMO. <\/h6>\n<p>&nbsp;<\/p>\n","protected":false},"excerpt":{"rendered":"<p>LLEVAR TUS MINIATURAS A EVENTOS PUEDE SER COMPLICADO. ESTO ES ESPECIALMENTE CIERTO EN LOS VIAJES EN AVI\u00d3N. LA MOCHILA A-CASE CARRIER ES NUESTRA SOLUCI\u00d3N: UNA MOCHILA DEL TAMA\u00d1O DE UN ART\u00cdCULO PERSONAL, PERFECTA PARA VIAJES LARGOS Y CORTOS. TANTO SI PARTICIPAS EN UN EVENTO INTERNACIONAL COMO LOCAL, \u00a1ESTA MOCHILA TE SER\u00c1 DE GRAN UTILIDAD! ES COMPACTA, LIGERA, TIENE UN BUEN DISE\u00d1O Y EST\u00c1 FABRICADA CON MATERIALES DE PRIMERA CALIDAD.    <\/p>\n","protected":false},"featured_media":25781,"template":"","meta":[],"product_brand":[],"product_cat":[346],"product_tag":[],"class_list":{"0":"post-25756","1":"product","2":"type-product","3":"status-publish","4":"has-post-thumbnail","6":"product_cat-estuche-de-transporte-en-miniatura","7":"product_shipping_class-envio-gratuito","9":"first","10":"instock","11":"shipping-taxable","12":"purchasable","13":"product-type-variable"},"bundled_by":[],"bundle_stock_status":"instock","bundle_stock_quantity":null,"bundle_virtual":false,"bundle_layout":"","bundle_add_to_cart_form_location":"","bundle_editable_in_cart":false,"bundle_sold_individually_context":"","bundle_item_grouping":"","bundle_min_size":"","bundle_max_size":"","bundle_price":[],"bundled_items":[],"bundle_sell_ids":[],"exclude_global_add_ons":false,"addons":[{"name":"Opciones adicionales","type":"checkbox","position":0,"required":false,"title_format":"heading","default":"","description_enable":true,"description":"El transportador viene con tres estantes y desmontado por defecto. Si necesita m\u00e1s estantes en el interior o desea que se lo montemos, consulte las opciones siguientes. ","placeholder_enable":false,"placeholder":null,"display":"select","restrictions_type":"any_text","adjust_price":false,"price":"","price_type":"flat_fee","restrictions":false,"min":"0","max":"0","options":[{"label":"+3 estantes adicionales","price":"8.4","price_type":"percentage_based","image":0,"visibility":true}],"id":1754080289},{"name":"\u00a1Imanes!","type":"checkbox","position":1,"required":false,"title_format":"heading","default":"","description_enable":true,"description":"Si necesita imanes en el interior, consulte las opciones siguientes. Dimensiones: 5 x 2 mm. ","placeholder_enable":false,"placeholder":null,"display":"select","restrictions_type":"any_text","adjust_price":false,"price":"","price_type":"flat_fee","restrictions":false,"min":"0","max":"0","options":[{"label":"50 imanes de neodimio","price":"5.09","price_type":"percentage_based","image":0,"visibility":true},{"label":"100 imanes de neodimio","price":"8.48","price_type":"percentage_based","image":0,"visibility":true},{"label":"150 imanes de neodimio","price":"11.45","price_type":"percentage_based","image":0,"visibility":true},{"label":"200 imanes de neodimio","price":"13.57","price_type":"percentage_based","image":0,"visibility":true},{"label":"250 imanes de neodimio","price":"19.08","price_type":"percentage_based","image":0,"visibility":true}],"id":1754080290}],"yoast_head":"<!-- This site is optimized with the Yoast SEO plugin v27.3 - https:\/\/yoast.com\/product\/yoast-seo-wordpress\/ -->\n<title>Mochila A-Case Carrier &#8211; A-Case<\/title>\n<meta name=\"robots\" content=\"index, follow, max-snippet:-1, max-image-preview:large, max-video-preview:-1\" \/>\n<link rel=\"canonical\" href=\"https:\/\/shop.army-case.com\/es\/estuche-de-transporte-en-miniatura\/mochila-a-case-carrier\/\" \/>\n<meta property=\"og:locale\" content=\"es_ES\" \/>\n<meta property=\"og:type\" content=\"article\" \/>\n<meta property=\"og:title\" content=\"Mochila A-Case Carrier &#8211; A-Case\" \/>\n<meta property=\"og:description\" content=\"LLEVAR TUS MINIATURAS A EVENTOS PUEDE SER COMPLICADO. ESTO ES ESPECIALMENTE CIERTO EN LOS VIAJES EN AVI\u00d3N. LA MOCHILA A-CASE CARRIER ES NUESTRA SOLUCI\u00d3N: UNA MOCHILA DEL TAMA\u00d1O DE UN ART\u00cdCULO PERSONAL, PERFECTA PARA VIAJES LARGOS Y CORTOS. TANTO SI PARTICIPAS EN UN EVENTO INTERNACIONAL COMO LOCAL, \u00a1ESTA MOCHILA TE SER\u00c1 DE GRAN UTILIDAD! ES COMPACTA, LIGERA, TIENE UN BUEN DISE\u00d1O Y EST\u00c1 FABRICADA CON MATERIALES DE PRIMERA CALIDAD.\" \/>\n<meta property=\"og:url\" content=\"https:\/\/shop.army-case.com\/es\/estuche-de-transporte-en-miniatura\/mochila-a-case-carrier\/\" \/>\n<meta property=\"og:site_name\" content=\"A-Case\" \/>\n<meta property=\"article:publisher\" content=\"https:\/\/www.facebook.com\/armycase\/\" \/>\n<meta property=\"article:modified_time\" content=\"2026-02-08T23:32:28+00:00\" \/>\n<meta property=\"og:image\" content=\"https:\/\/shop.army-case.com\/wp-content\/uploads\/2022\/11\/miniature-carrying-case-a-case-carrier-backpack-black-9.jpg\" \/>\n\t<meta property=\"og:image:width\" content=\"2560\" \/>\n\t<meta property=\"og:image:height\" content=\"1707\" \/>\n\t<meta property=\"og:image:type\" content=\"image\/jpeg\" \/>\n<meta name=\"twitter:card\" content=\"summary_large_image\" \/>\n<meta name=\"twitter:label1\" content=\"Tiempo de lectura\" \/>\n\t<meta name=\"twitter:data1\" content=\"1 minuto\" \/>\n<script type=\"application\/ld+json\" class=\"yoast-schema-graph\">{\"@context\":\"https:\\\/\\\/schema.org\",\"@graph\":[{\"@type\":\"WebPage\",\"@id\":\"https:\\\/\\\/shop.army-case.com\\\/es\\\/estuche-de-transporte-en-miniatura\\\/mochila-a-case-carrier\\\/\",\"url\":\"https:\\\/\\\/shop.army-case.com\\\/es\\\/estuche-de-transporte-en-miniatura\\\/mochila-a-case-carrier\\\/\",\"name\":\"Mochila A-Case Carrier &#8211; A-Case\",\"isPartOf\":{\"@id\":\"https:\\\/\\\/shop.army-case.com\\\/es\\\/#website\"},\"primaryImageOfPage\":{\"@id\":\"https:\\\/\\\/shop.army-case.com\\\/es\\\/estuche-de-transporte-en-miniatura\\\/mochila-a-case-carrier\\\/#primaryimage\"},\"image\":{\"@id\":\"https:\\\/\\\/shop.army-case.com\\\/es\\\/estuche-de-transporte-en-miniatura\\\/mochila-a-case-carrier\\\/#primaryimage\"},\"thumbnailUrl\":\"https:\\\/\\\/shop.army-case.com\\\/wp-content\\\/uploads\\\/2022\\\/11\\\/miniature-carrying-case-a-case-carrier-backpack-black-9.jpg\",\"datePublished\":\"2023-01-08T21:51:21+00:00\",\"dateModified\":\"2026-02-08T23:32:28+00:00\",\"breadcrumb\":{\"@id\":\"https:\\\/\\\/shop.army-case.com\\\/es\\\/estuche-de-transporte-en-miniatura\\\/mochila-a-case-carrier\\\/#breadcrumb\"},\"inLanguage\":\"es\",\"potentialAction\":[{\"@type\":\"ReadAction\",\"target\":[\"https:\\\/\\\/shop.army-case.com\\\/es\\\/estuche-de-transporte-en-miniatura\\\/mochila-a-case-carrier\\\/\"]}]},{\"@type\":\"ImageObject\",\"inLanguage\":\"es\",\"@id\":\"https:\\\/\\\/shop.army-case.com\\\/es\\\/estuche-de-transporte-en-miniatura\\\/mochila-a-case-carrier\\\/#primaryimage\",\"url\":\"https:\\\/\\\/shop.army-case.com\\\/wp-content\\\/uploads\\\/2022\\\/11\\\/miniature-carrying-case-a-case-carrier-backpack-black-9.jpg\",\"contentUrl\":\"https:\\\/\\\/shop.army-case.com\\\/wp-content\\\/uploads\\\/2022\\\/11\\\/miniature-carrying-case-a-case-carrier-backpack-black-9.jpg\",\"width\":2560,\"height\":1707,\"caption\":\"miniature carrying case a case carrier backpack\"},{\"@type\":\"BreadcrumbList\",\"@id\":\"https:\\\/\\\/shop.army-case.com\\\/es\\\/estuche-de-transporte-en-miniatura\\\/mochila-a-case-carrier\\\/#breadcrumb\",\"itemListElement\":[{\"@type\":\"ListItem\",\"position\":1,\"name\":\"Home\",\"item\":\"https:\\\/\\\/shop.army-case.com\\\/es\\\/tienda-army-case\\\/\"},{\"@type\":\"ListItem\",\"position\":2,\"name\":\"Tienda\",\"item\":\"https:\\\/\\\/shop.army-case.com\\\/es\\\/tienda\\\/\"},{\"@type\":\"ListItem\",\"position\":3,\"name\":\"Mochila A-Case Carrier\"}]},{\"@type\":\"WebSite\",\"@id\":\"https:\\\/\\\/shop.army-case.com\\\/es\\\/#website\",\"url\":\"https:\\\/\\\/shop.army-case.com\\\/es\\\/\",\"name\":\"A-Case\",\"description\":\"\",\"potentialAction\":[{\"@type\":\"SearchAction\",\"target\":{\"@type\":\"EntryPoint\",\"urlTemplate\":\"https:\\\/\\\/shop.army-case.com\\\/es\\\/?s={search_term_string}\"},\"query-input\":{\"@type\":\"PropertyValueSpecification\",\"valueRequired\":true,\"valueName\":\"search_term_string\"}}],\"inLanguage\":\"es\"}]}<\/script>\n<!-- \/ Yoast SEO plugin. -->","yoast_head_json":{"title":"Mochila A-Case Carrier &#8211; A-Case","robots":{"index":"index","follow":"follow","max-snippet":"max-snippet:-1","max-image-preview":"max-image-preview:large","max-video-preview":"max-video-preview:-1"},"canonical":"https:\/\/shop.army-case.com\/es\/estuche-de-transporte-en-miniatura\/mochila-a-case-carrier\/","og_locale":"es_ES","og_type":"article","og_title":"Mochila A-Case Carrier &#8211; A-Case","og_description":"LLEVAR TUS MINIATURAS A EVENTOS PUEDE SER COMPLICADO. ESTO ES ESPECIALMENTE CIERTO EN LOS VIAJES EN AVI\u00d3N. LA MOCHILA A-CASE CARRIER ES NUESTRA SOLUCI\u00d3N: UNA MOCHILA DEL TAMA\u00d1O DE UN ART\u00cdCULO PERSONAL, PERFECTA PARA VIAJES LARGOS Y CORTOS. TANTO SI PARTICIPAS EN UN EVENTO INTERNACIONAL COMO LOCAL, \u00a1ESTA MOCHILA TE SER\u00c1 DE GRAN UTILIDAD! ES COMPACTA, LIGERA, TIENE UN BUEN DISE\u00d1O Y EST\u00c1 FABRICADA CON MATERIALES DE PRIMERA CALIDAD.","og_url":"https:\/\/shop.army-case.com\/es\/estuche-de-transporte-en-miniatura\/mochila-a-case-carrier\/","og_site_name":"A-Case","article_publisher":"https:\/\/www.facebook.com\/armycase\/","article_modified_time":"2026-02-08T23:32:28+00:00","og_image":[{"width":2560,"height":1707,"url":"https:\/\/shop.army-case.com\/wp-content\/uploads\/2022\/11\/miniature-carrying-case-a-case-carrier-backpack-black-9.jpg","type":"image\/jpeg"}],"twitter_card":"summary_large_image","twitter_misc":{"Tiempo de lectura":"1 minuto"},"schema":{"@context":"https:\/\/schema.org","@graph":[{"@type":"WebPage","@id":"https:\/\/shop.army-case.com\/es\/estuche-de-transporte-en-miniatura\/mochila-a-case-carrier\/","url":"https:\/\/shop.army-case.com\/es\/estuche-de-transporte-en-miniatura\/mochila-a-case-carrier\/","name":"Mochila A-Case Carrier &#8211; A-Case","isPartOf":{"@id":"https:\/\/shop.army-case.com\/es\/#website"},"primaryImageOfPage":{"@id":"https:\/\/shop.army-case.com\/es\/estuche-de-transporte-en-miniatura\/mochila-a-case-carrier\/#primaryimage"},"image":{"@id":"https:\/\/shop.army-case.com\/es\/estuche-de-transporte-en-miniatura\/mochila-a-case-carrier\/#primaryimage"},"thumbnailUrl":"https:\/\/shop.army-case.com\/wp-content\/uploads\/2022\/11\/miniature-carrying-case-a-case-carrier-backpack-black-9.jpg","datePublished":"2023-01-08T21:51:21+00:00","dateModified":"2026-02-08T23:32:28+00:00","breadcrumb":{"@id":"https:\/\/shop.army-case.com\/es\/estuche-de-transporte-en-miniatura\/mochila-a-case-carrier\/#breadcrumb"},"inLanguage":"es","potentialAction":[{"@type":"ReadAction","target":["https:\/\/shop.army-case.com\/es\/estuche-de-transporte-en-miniatura\/mochila-a-case-carrier\/"]}]},{"@type":"ImageObject","inLanguage":"es","@id":"https:\/\/shop.army-case.com\/es\/estuche-de-transporte-en-miniatura\/mochila-a-case-carrier\/#primaryimage","url":"https:\/\/shop.army-case.com\/wp-content\/uploads\/2022\/11\/miniature-carrying-case-a-case-carrier-backpack-black-9.jpg","contentUrl":"https:\/\/shop.army-case.com\/wp-content\/uploads\/2022\/11\/miniature-carrying-case-a-case-carrier-backpack-black-9.jpg","width":2560,"height":1707,"caption":"miniature carrying case a case carrier backpack"},{"@type":"BreadcrumbList","@id":"https:\/\/shop.army-case.com\/es\/estuche-de-transporte-en-miniatura\/mochila-a-case-carrier\/#breadcrumb","itemListElement":[{"@type":"ListItem","position":1,"name":"Home","item":"https:\/\/shop.army-case.com\/es\/tienda-army-case\/"},{"@type":"ListItem","position":2,"name":"Tienda","item":"https:\/\/shop.army-case.com\/es\/tienda\/"},{"@type":"ListItem","position":3,"name":"Mochila A-Case Carrier"}]},{"@type":"WebSite","@id":"https:\/\/shop.army-case.com\/es\/#website","url":"https:\/\/shop.army-case.com\/es\/","name":"A-Case","description":"","potentialAction":[{"@type":"SearchAction","target":{"@type":"EntryPoint","urlTemplate":"https:\/\/shop.army-case.com\/es\/?s={search_term_string}"},"query-input":{"@type":"PropertyValueSpecification","valueRequired":true,"valueName":"search_term_string"}}],"inLanguage":"es"}]}},"_links":{"self":[{"href":"https:\/\/shop.army-case.com\/es\/wp-json\/wp\/v2\/product\/25756","targetHints":{"allow":["GET"]}}],"collection":[{"href":"https:\/\/shop.army-case.com\/es\/wp-json\/wp\/v2\/product"}],"about":[{"href":"https:\/\/shop.army-case.com\/es\/wp-json\/wp\/v2\/types\/product"}],"version-history":[{"count":0,"href":"https:\/\/shop.army-case.com\/es\/wp-json\/wp\/v2\/product\/25756\/revisions"}],"wp:featuredmedia":[{"embeddable":true,"href":"https:\/\/shop.army-case.com\/es\/wp-json\/wp\/v2\/media\/25781"}],"wp:attachment":[{"href":"https:\/\/shop.army-case.com\/es\/wp-json\/wp\/v2\/media?parent=25756"}],"wp:term":[{"taxonomy":"product_brand","embeddable":true,"href":"https:\/\/shop.army-case.com\/es\/wp-json\/wp\/v2\/product_brand?post=25756"},{"taxonomy":"product_cat","embeddable":true,"href":"https:\/\/shop.army-case.com\/es\/wp-json\/wp\/v2\/product_cat?post=25756"},{"taxonomy":"product_tag","embeddable":true,"href":"https:\/\/shop.army-case.com\/es\/wp-json\/wp\/v2\/product_tag?post=25756"}],"curies":[{"name":"wp","href":"https:\/\/api.w.org\/{rel}","templated":true}]}}