{"id":25711,"date":"2023-05-11T12:28:35","date_gmt":"2023-05-11T12:28:35","guid":{"rendered":"https:\/\/shop.army-case.com\/sin categor\u00eda\/duopack-el-mejor-companero-para-viajar-en-avion\/"},"modified":"2026-01-28T10:38:51","modified_gmt":"2026-01-28T10:38:51","slug":"duopack-el-mejor-companero-para-viajar-en-avion","status":"publish","type":"product","link":"https:\/\/shop.army-case.com\/es\/estuche-de-transporte-en-miniatura\/duopack-el-mejor-companero-para-viajar-en-avion\/","title":{"rendered":"DuoPack: el mejor compa\u00f1ero para viajar en avi\u00f3n"},"content":{"rendered":"<p>&nbsp;<\/p>\n<p>DuoPack: un conjunto creado pensando en los viajes en avi\u00f3n. El conjunto, compuesto por una maleta de mano y una mochila del tama\u00f1o de un art\u00edculo personal, es la combinaci\u00f3n perfecta para cualquier viaje en avi\u00f3n. El conjunto incluye una maleta tipo mensajero y una mochila de transporte. La combinaci\u00f3n perfecta de nuestros dos productos en un solo conjunto.   <\/p>\n<p>Incluido en el set DuoPack:<\/p>\n<p>Transportista:<\/p>\n<ul>\n<li>Marco ligero y resistente de aluminio con recubrimiento en polvo negro.<\/li>\n<li>3 x estantes de acero con recubrimiento en polvo negro<\/li>\n<li>6 pasadores de bloqueo<\/li>\n<li>Mochila acolchada de poli\u00e9ster de alta calidad en el color elegido con correa de velcro para los parches.<\/li>\n<li>3 x bolsillos para accesorios<\/li>\n<li>50 x potentes imanes de neodimio (5 x 2 mm)<\/li>\n<\/ul>\n<p>Dimensiones externas:<\/p>\n<ul>\n<li>altura: 44 cm \/ ~17 \u00b2\u00b9\/\u2086\u2084 pulgadas<\/li>\n<li>Ancho: 27 cm \/ ~10 \u2075\/\u2088 pulgadas (sin bolsillos)<\/li>\n<li>Profundidad: 17 cm \/ ~ 6 \u00b9\u00b9\/\u2081\u2086 pulgadas (sin bolsillo)<\/li>\n<\/ul>\n<p>Dimensiones externas de la carcasa:<\/p>\n<ul>\n<li>altura: 42 cm \/ ~ 16 \u00b9\u2077\/\u2083\u2082 pulgadas<\/li>\n<li>Ancho: 23,9 cm \/ ~ 9 \u00b9\u00b3\/\u2083\u2082 pulgadas<\/li>\n<li>Profundidad: 15 cm \/ 5 \u00b2\u2079\/\u2083\u2082 pulgadas<\/li>\n<\/ul>\n<p>Dimensiones internas de la carcasa:<\/p>\n<ul>\n<li>Altura: (desde el estante inferior hasta la parte superior de la carcasa) 35,3 cm \/ ~ 13 \u2075\u2077\/\u2086\u2084 pulgadas<\/li>\n<li>Ancho: 19,2 cm \/ ~ 7 \u2079\/\u2081\u2086 pulgadas<\/li>\n<li>Profundidad: 14,6 cm \/ ~ 5 \u00b3\/\u2084 pulgadas<\/li>\n<\/ul>\n<p>Dimensiones de la bandeja:<\/p>\n<ul>\n<li>Ancho: 21,2 cm \/ ~ 8 \u00b9\u00b9\/\u2083\u2082 pulgadas<\/li>\n<li>Profundidad: 14,8 cm \/ ~5 \u2075\u00b3\/\u2086\u2084 pulgadas<\/li>\n<\/ul>\n<p>Tenga en cuenta que las bandejas incluidas solo son compatibles con el transportador h\u00edbrido A-CASE y no son compatibles con otros modelos.<\/p>\n<p>Las dimensiones anteriores son orientativas.<\/p>\n<p>Peso: 2,45 kg (incluidas 3 bandejas)<\/p>\n<p>Este producto requiere montaje.<\/p>\n<p>Mensajero:<\/p>\n<ul>\n<li>Marco ligero y resistente de aluminio con recubrimiento en polvo negro.<\/li>\n<li>3 x estantes de acero con recubrimiento en polvo negro<\/li>\n<li>6 pasadores de bloqueo<\/li>\n<li>Bolsa de poli\u00e9ster de alta calidad con cinta de velcro para los parches.<\/li>\n<li>Correa de transporte<\/li>\n<li>Bolsillo para accesorios<\/li>\n<li>50 x potentes imanes de neodimio (5 x 2 mm)<\/li>\n<\/ul>\n<p>Dimensiones externas:<\/p>\n<ul>\n<li>Altura: 31,5 cm \/ 12,4 pulgadas<\/li>\n<li>Ancho: 40 cm \/ 15,74 pulgadas<\/li>\n<li>Profundidad: 21 cm \/ 8,26&#8243;<\/li>\n<\/ul>\n<p>Dimensiones externas de la carcasa:<\/p>\n<ul>\n<li>Altura: 30,4 cm<\/li>\n<li>Ancho: 40 cm<\/li>\n<li>Profundidad: 19,7 cm<\/li>\n<\/ul>\n<p>Dimensiones internas de la carcasa:<\/p>\n<ul>\n<li>Altura: 26,4 cm (desde el estante inferior hasta la parte superior de la carcasa)<\/li>\n<li>Ancho: 35,5 cm<\/li>\n<li>Profundidad: 19,2 cm<\/li>\n<\/ul>\n<p>Dimensiones de la bandeja:<\/p>\n<ul>\n<li>Ancho: 37 cm<\/li>\n<li>Profundidad: 18,9 cm<\/li>\n<\/ul>\n<p>Las dimensiones anteriores son orientativas.<\/p>\n<p>Peso: 2,45 kg<\/p>\n<p>Este producto requiere montaje.<\/p>\n<h6>TODAS LAS IM\u00c1GENES MOSTRADAS SON SOLO ILUSTRATIVAS. EL PRODUCTO REAL PUEDE VARIAR DEBIDO A MEJORAS EN EL MISMO. <\/h6>\n","protected":false},"excerpt":{"rendered":"<p>\u00a1Viaja como un profesional con A-Case Duo!<br \/>\nEl A-Case DuoPack ha sido dise\u00f1ado para que tus viajes en avi\u00f3n sean f\u00e1ciles y c\u00f3modos.<br \/>\nTe permite disponer de m\u00e1s espacio para guardar tus miniaturas y llevarlas a bordo.<\/p>\n","protected":false},"featured_media":25712,"template":"","meta":[],"product_brand":[],"product_cat":[346],"product_tag":[347],"class_list":{"0":"post-25711","1":"product","2":"type-product","3":"status-publish","4":"has-post-thumbnail","6":"product_cat-estuche-de-transporte-en-miniatura","7":"product_tag-mejor-precio","8":"product_shipping_class-envio-gratuito","10":"first","11":"instock","12":"shipping-taxable","13":"product-type-bundle"},"bundled_by":[],"bundle_stock_status":"instock","bundle_stock_quantity":"","bundle_virtual":false,"bundle_layout":"default","bundle_add_to_cart_form_location":"default","bundle_editable_in_cart":false,"bundle_sold_individually_context":"product","bundle_item_grouping":"noindent","bundle_min_size":"","bundle_max_size":"","bundle_price":{"price":{"min":{"incl_tax":"1990","excl_tax":"1990"},"max":{"incl_tax":"1990","excl_tax":"1990"}},"regular_price":{"min":{"incl_tax":"1990","excl_tax":"1990"},"max":{"incl_tax":"1990","excl_tax":"1990"}}},"bundled_items":[],"bundle_sell_ids":[],"exclude_global_add_ons":false,"addons":[{"name":"Estantes","type":"checkbox","position":0,"required":false,"title_format":"heading","default":"","description_enable":true,"description":"Messenger y Carrier vienen con tres estantes (3 bandejas por cada maleta) y desmontados por defecto. Si necesita m\u00e1s estantes en el interior, consulte las opciones siguientes. ","placeholder_enable":false,"placeholder":null,"display":"select","restrictions_type":"any_text","adjust_price":false,"price":"","price_type":"flat_fee","restrictions":false,"min":"0","max":"0","options":[{"label":"+6 estantes adicionales","price":"10.80","price_type":"percentage_based","image":0,"visibility":true}],"id":1719608377},{"name":"\u00a1Imanes!","type":"checkbox","position":1,"required":false,"title_format":"heading","default":"","description_enable":true,"description":"Si necesita imanes en el interior, consulte las opciones siguientes. Dimensiones: 5 x 2 mm. ","placeholder_enable":false,"placeholder":null,"display":"select","restrictions_type":"any_text","adjust_price":false,"price":"","price_type":"flat_fee","restrictions":false,"min":"0","max":"0","options":[{"label":"100 imanes de neodimio","price":"6.0300","price_type":"percentage_based","image":0,"visibility":true},{"label":"200 imanes de neodimio","price":"10.0500","price_type":"percentage_based","image":0,"visibility":true},{"label":"300 imanes de neodimio","price":"13.5700","price_type":"percentage_based","image":0,"visibility":true},{"label":"400 imanes de neodimio","price":"16.0804","price_type":"percentage_based","image":0,"visibility":true},{"label":"500 imanes de neodimio","price":"22.6130","price_type":"percentage_based","image":0,"visibility":true}],"id":1719608378},{"name":"Pegamento CA","type":"checkbox","position":2,"required":false,"title_format":"heading","default":"","description_enable":false,"description":null,"placeholder_enable":false,"placeholder":null,"display":"select","restrictions_type":"any_text","adjust_price":false,"price":"","price_type":"flat_fee","restrictions":false,"min":"0","max":"0","options":[{"label":"1 x 20 g de pegamento CA","price":"2.0100","price_type":"percentage_based","image":0,"visibility":true}],"id":1719608379}],"yoast_head":"<!-- This site is optimized with the Yoast SEO plugin v27.3 - https:\/\/yoast.com\/product\/yoast-seo-wordpress\/ -->\n<title>DuoPack: el mejor compa\u00f1ero para viajar en avi\u00f3n &#8211; A-Case<\/title>\n<meta name=\"description\" content=\"Disfruta de un viaje sin complicaciones con DuoPack, el mejor compa\u00f1ero de viaje en avi\u00f3n. Ligero, resistente y repleto de funciones. \u00a1Perfecto!\" \/>\n<meta name=\"robots\" content=\"index, follow, max-snippet:-1, max-image-preview:large, max-video-preview:-1\" \/>\n<link rel=\"canonical\" href=\"https:\/\/shop.army-case.com\/es\/estuche-de-transporte-en-miniatura\/duopack-el-mejor-companero-para-viajar-en-avion\/\" \/>\n<meta property=\"og:locale\" content=\"es_ES\" \/>\n<meta property=\"og:type\" content=\"article\" \/>\n<meta property=\"og:title\" content=\"DuoPack: el mejor compa\u00f1ero para viajar en avi\u00f3n &#8211; A-Case\" \/>\n<meta property=\"og:description\" content=\"Disfruta de un viaje sin complicaciones con DuoPack, el mejor compa\u00f1ero de viaje en avi\u00f3n. Ligero, resistente y repleto de funciones. \u00a1Perfecto!\" \/>\n<meta property=\"og:url\" content=\"https:\/\/shop.army-case.com\/es\/estuche-de-transporte-en-miniatura\/duopack-el-mejor-companero-para-viajar-en-avion\/\" \/>\n<meta property=\"og:site_name\" content=\"A-Case\" \/>\n<meta property=\"article:publisher\" content=\"https:\/\/www.facebook.com\/armycase\/\" \/>\n<meta property=\"article:modified_time\" content=\"2026-01-28T10:38:51+00:00\" \/>\n<meta property=\"og:image\" content=\"https:\/\/shop.army-case.com\/wp-content\/uploads\/2023\/05\/miniature-storage-cases-duopack-a-case.png\" \/>\n\t<meta property=\"og:image:width\" content=\"1080\" \/>\n\t<meta property=\"og:image:height\" content=\"1080\" \/>\n\t<meta property=\"og:image:type\" content=\"image\/png\" \/>\n<meta name=\"twitter:card\" content=\"summary_large_image\" \/>\n<meta name=\"twitter:label1\" content=\"Tiempo de lectura\" \/>\n\t<meta name=\"twitter:data1\" content=\"2 minutos\" \/>\n<script type=\"application\/ld+json\" class=\"yoast-schema-graph\">{\"@context\":\"https:\\\/\\\/schema.org\",\"@graph\":[{\"@type\":\"WebPage\",\"@id\":\"https:\\\/\\\/shop.army-case.com\\\/es\\\/estuche-de-transporte-en-miniatura\\\/duopack-el-mejor-companero-para-viajar-en-avion\\\/\",\"url\":\"https:\\\/\\\/shop.army-case.com\\\/es\\\/estuche-de-transporte-en-miniatura\\\/duopack-el-mejor-companero-para-viajar-en-avion\\\/\",\"name\":\"DuoPack: el mejor compa\u00f1ero para viajar en avi\u00f3n &#8211; A-Case\",\"isPartOf\":{\"@id\":\"https:\\\/\\\/shop.army-case.com\\\/es\\\/#website\"},\"primaryImageOfPage\":{\"@id\":\"https:\\\/\\\/shop.army-case.com\\\/es\\\/estuche-de-transporte-en-miniatura\\\/duopack-el-mejor-companero-para-viajar-en-avion\\\/#primaryimage\"},\"image\":{\"@id\":\"https:\\\/\\\/shop.army-case.com\\\/es\\\/estuche-de-transporte-en-miniatura\\\/duopack-el-mejor-companero-para-viajar-en-avion\\\/#primaryimage\"},\"thumbnailUrl\":\"https:\\\/\\\/shop.army-case.com\\\/wp-content\\\/uploads\\\/2023\\\/05\\\/miniature-storage-cases-duopack-a-case.png\",\"datePublished\":\"2023-05-11T12:28:35+00:00\",\"dateModified\":\"2026-01-28T10:38:51+00:00\",\"description\":\"Disfruta de un viaje sin complicaciones con DuoPack, el mejor compa\u00f1ero de viaje en avi\u00f3n. Ligero, resistente y repleto de funciones. \u00a1Perfecto!\",\"breadcrumb\":{\"@id\":\"https:\\\/\\\/shop.army-case.com\\\/es\\\/estuche-de-transporte-en-miniatura\\\/duopack-el-mejor-companero-para-viajar-en-avion\\\/#breadcrumb\"},\"inLanguage\":\"es\",\"potentialAction\":[{\"@type\":\"ReadAction\",\"target\":[\"https:\\\/\\\/shop.army-case.com\\\/es\\\/estuche-de-transporte-en-miniatura\\\/duopack-el-mejor-companero-para-viajar-en-avion\\\/\"]}]},{\"@type\":\"ImageObject\",\"inLanguage\":\"es\",\"@id\":\"https:\\\/\\\/shop.army-case.com\\\/es\\\/estuche-de-transporte-en-miniatura\\\/duopack-el-mejor-companero-para-viajar-en-avion\\\/#primaryimage\",\"url\":\"https:\\\/\\\/shop.army-case.com\\\/wp-content\\\/uploads\\\/2023\\\/05\\\/miniature-storage-cases-duopack-a-case.png\",\"contentUrl\":\"https:\\\/\\\/shop.army-case.com\\\/wp-content\\\/uploads\\\/2023\\\/05\\\/miniature-storage-cases-duopack-a-case.png\",\"width\":1080,\"height\":1080,\"caption\":\"miniature storage cases duopack a case\"},{\"@type\":\"BreadcrumbList\",\"@id\":\"https:\\\/\\\/shop.army-case.com\\\/es\\\/estuche-de-transporte-en-miniatura\\\/duopack-el-mejor-companero-para-viajar-en-avion\\\/#breadcrumb\",\"itemListElement\":[{\"@type\":\"ListItem\",\"position\":1,\"name\":\"Home\",\"item\":\"https:\\\/\\\/shop.army-case.com\\\/es\\\/tienda-army-case\\\/\"},{\"@type\":\"ListItem\",\"position\":2,\"name\":\"Tienda\",\"item\":\"https:\\\/\\\/shop.army-case.com\\\/es\\\/tienda\\\/\"},{\"@type\":\"ListItem\",\"position\":3,\"name\":\"DuoPack: el mejor compa\u00f1ero para viajar en avi\u00f3n\"}]},{\"@type\":\"WebSite\",\"@id\":\"https:\\\/\\\/shop.army-case.com\\\/es\\\/#website\",\"url\":\"https:\\\/\\\/shop.army-case.com\\\/es\\\/\",\"name\":\"A-Case\",\"description\":\"\",\"potentialAction\":[{\"@type\":\"SearchAction\",\"target\":{\"@type\":\"EntryPoint\",\"urlTemplate\":\"https:\\\/\\\/shop.army-case.com\\\/es\\\/?s={search_term_string}\"},\"query-input\":{\"@type\":\"PropertyValueSpecification\",\"valueRequired\":true,\"valueName\":\"search_term_string\"}}],\"inLanguage\":\"es\"}]}<\/script>\n<!-- \/ Yoast SEO plugin. -->","yoast_head_json":{"title":"DuoPack: el mejor compa\u00f1ero para viajar en avi\u00f3n &#8211; A-Case","description":"Disfruta de un viaje sin complicaciones con DuoPack, el mejor compa\u00f1ero de viaje en avi\u00f3n. Ligero, resistente y repleto de funciones. \u00a1Perfecto!","robots":{"index":"index","follow":"follow","max-snippet":"max-snippet:-1","max-image-preview":"max-image-preview:large","max-video-preview":"max-video-preview:-1"},"canonical":"https:\/\/shop.army-case.com\/es\/estuche-de-transporte-en-miniatura\/duopack-el-mejor-companero-para-viajar-en-avion\/","og_locale":"es_ES","og_type":"article","og_title":"DuoPack: el mejor compa\u00f1ero para viajar en avi\u00f3n &#8211; A-Case","og_description":"Disfruta de un viaje sin complicaciones con DuoPack, el mejor compa\u00f1ero de viaje en avi\u00f3n. Ligero, resistente y repleto de funciones. \u00a1Perfecto!","og_url":"https:\/\/shop.army-case.com\/es\/estuche-de-transporte-en-miniatura\/duopack-el-mejor-companero-para-viajar-en-avion\/","og_site_name":"A-Case","article_publisher":"https:\/\/www.facebook.com\/armycase\/","article_modified_time":"2026-01-28T10:38:51+00:00","og_image":[{"width":1080,"height":1080,"url":"https:\/\/shop.army-case.com\/wp-content\/uploads\/2023\/05\/miniature-storage-cases-duopack-a-case.png","type":"image\/png"}],"twitter_card":"summary_large_image","twitter_misc":{"Tiempo de lectura":"2 minutos"},"schema":{"@context":"https:\/\/schema.org","@graph":[{"@type":"WebPage","@id":"https:\/\/shop.army-case.com\/es\/estuche-de-transporte-en-miniatura\/duopack-el-mejor-companero-para-viajar-en-avion\/","url":"https:\/\/shop.army-case.com\/es\/estuche-de-transporte-en-miniatura\/duopack-el-mejor-companero-para-viajar-en-avion\/","name":"DuoPack: el mejor compa\u00f1ero para viajar en avi\u00f3n &#8211; A-Case","isPartOf":{"@id":"https:\/\/shop.army-case.com\/es\/#website"},"primaryImageOfPage":{"@id":"https:\/\/shop.army-case.com\/es\/estuche-de-transporte-en-miniatura\/duopack-el-mejor-companero-para-viajar-en-avion\/#primaryimage"},"image":{"@id":"https:\/\/shop.army-case.com\/es\/estuche-de-transporte-en-miniatura\/duopack-el-mejor-companero-para-viajar-en-avion\/#primaryimage"},"thumbnailUrl":"https:\/\/shop.army-case.com\/wp-content\/uploads\/2023\/05\/miniature-storage-cases-duopack-a-case.png","datePublished":"2023-05-11T12:28:35+00:00","dateModified":"2026-01-28T10:38:51+00:00","description":"Disfruta de un viaje sin complicaciones con DuoPack, el mejor compa\u00f1ero de viaje en avi\u00f3n. Ligero, resistente y repleto de funciones. \u00a1Perfecto!","breadcrumb":{"@id":"https:\/\/shop.army-case.com\/es\/estuche-de-transporte-en-miniatura\/duopack-el-mejor-companero-para-viajar-en-avion\/#breadcrumb"},"inLanguage":"es","potentialAction":[{"@type":"ReadAction","target":["https:\/\/shop.army-case.com\/es\/estuche-de-transporte-en-miniatura\/duopack-el-mejor-companero-para-viajar-en-avion\/"]}]},{"@type":"ImageObject","inLanguage":"es","@id":"https:\/\/shop.army-case.com\/es\/estuche-de-transporte-en-miniatura\/duopack-el-mejor-companero-para-viajar-en-avion\/#primaryimage","url":"https:\/\/shop.army-case.com\/wp-content\/uploads\/2023\/05\/miniature-storage-cases-duopack-a-case.png","contentUrl":"https:\/\/shop.army-case.com\/wp-content\/uploads\/2023\/05\/miniature-storage-cases-duopack-a-case.png","width":1080,"height":1080,"caption":"miniature storage cases duopack a case"},{"@type":"BreadcrumbList","@id":"https:\/\/shop.army-case.com\/es\/estuche-de-transporte-en-miniatura\/duopack-el-mejor-companero-para-viajar-en-avion\/#breadcrumb","itemListElement":[{"@type":"ListItem","position":1,"name":"Home","item":"https:\/\/shop.army-case.com\/es\/tienda-army-case\/"},{"@type":"ListItem","position":2,"name":"Tienda","item":"https:\/\/shop.army-case.com\/es\/tienda\/"},{"@type":"ListItem","position":3,"name":"DuoPack: el mejor compa\u00f1ero para viajar en avi\u00f3n"}]},{"@type":"WebSite","@id":"https:\/\/shop.army-case.com\/es\/#website","url":"https:\/\/shop.army-case.com\/es\/","name":"A-Case","description":"","potentialAction":[{"@type":"SearchAction","target":{"@type":"EntryPoint","urlTemplate":"https:\/\/shop.army-case.com\/es\/?s={search_term_string}"},"query-input":{"@type":"PropertyValueSpecification","valueRequired":true,"valueName":"search_term_string"}}],"inLanguage":"es"}]}},"_links":{"self":[{"href":"https:\/\/shop.army-case.com\/es\/wp-json\/wp\/v2\/product\/25711","targetHints":{"allow":["GET"]}}],"collection":[{"href":"https:\/\/shop.army-case.com\/es\/wp-json\/wp\/v2\/product"}],"about":[{"href":"https:\/\/shop.army-case.com\/es\/wp-json\/wp\/v2\/types\/product"}],"version-history":[{"count":0,"href":"https:\/\/shop.army-case.com\/es\/wp-json\/wp\/v2\/product\/25711\/revisions"}],"wp:featuredmedia":[{"embeddable":true,"href":"https:\/\/shop.army-case.com\/es\/wp-json\/wp\/v2\/media\/25712"}],"wp:attachment":[{"href":"https:\/\/shop.army-case.com\/es\/wp-json\/wp\/v2\/media?parent=25711"}],"wp:term":[{"taxonomy":"product_brand","embeddable":true,"href":"https:\/\/shop.army-case.com\/es\/wp-json\/wp\/v2\/product_brand?post=25711"},{"taxonomy":"product_cat","embeddable":true,"href":"https:\/\/shop.army-case.com\/es\/wp-json\/wp\/v2\/product_cat?post=25711"},{"taxonomy":"product_tag","embeddable":true,"href":"https:\/\/shop.army-case.com\/es\/wp-json\/wp\/v2\/product_tag?post=25711"}],"curies":[{"name":"wp","href":"https:\/\/api.w.org\/{rel}","templated":true}]}}