{"id":25701,"date":"2023-11-22T12:06:05","date_gmt":"2023-11-22T12:06:05","guid":{"rendered":"https:\/\/shop.army-case.com\/sin categor\u00eda\/a-case-mega-pack-de-agarre-magnetico-para-pintura\/"},"modified":"2026-01-28T10:26:35","modified_gmt":"2026-01-28T10:26:35","slug":"a-case-mega-pack-de-agarre-magnetico-para-pintura","status":"publish","type":"product","link":"https:\/\/shop.army-case.com\/es\/accesorios\/a-case-mega-pack-de-agarre-magnetico-para-pintura\/","title":{"rendered":"A-Case Mega Pack de agarre magn\u00e9tico para pintura"},"content":{"rendered":"<p>El soporte magn\u00e9tico para pintura A-Case es una herramienta para aficionados f\u00e1cil de usar, altamente personalizable y con un dise\u00f1o ergon\u00f3mico, dise\u00f1ada para mejorar el proceso de pintura de miniaturas. Un conjunto de placas y imanes integrados le permite montar* una miniatura en la parte superior de una pieza \u00absuperior\u00bb extra\u00edble y, a continuaci\u00f3n, girarla horizontalmente mientras se mantiene un agarre firme, sin tocar la miniatura en s\u00ed. No solo mejora el acceso a la miniatura, sino que tambi\u00e9n evita que la pintura se borre al tocarla.  <\/p>\n<p>*Esta pr\u00e1ctica herramienta est\u00e1 dise\u00f1ada para soportar tanto bases imantadas como masillas adhesivas como Blu-Tack.<\/p>\n<p>El juego ampliado incluye:<br \/>\n1 x empu\u00f1adura<br \/>\n5 x tapa de 32 mm<br \/>\n1 x tapa de 25 mm<br \/>\n1 x tapa de 50 mm<br \/>\n1 x tapa ovalada de 90 mm<br \/>\n1 x tapa de corcho<br \/>\n1 x tapa para pintura por lotes<br \/>\n1 x tapa para imprimaci\u00f3n<\/p>\n<p>OPINIONES PROFESIONALES:<br \/>\n<a href=\"https:\/\/scarhandpainting.com\/review-a-case-magnetic-painting-grip\/\" rel=\"nofollow\"><span style=\"font-weight: 400;\">Rese\u00f1a: Pinza magn\u00e9tica para pintura A-Case de Scarhandpainting.com<\/span><\/a><br \/>\n<a href=\"https:\/\/tangibleday.com\/a-case-painting-handle-for-miniatures-and-modreview\/\" rel=\"nofollow\"><span style=\"font-weight: 400;\">Rese\u00f1a: Mango para pintar A-Case para miniaturas y maquetas Por Andrew Tan<\/span><\/a><br \/>\n<a href=\"https:\/\/www.fauxhammer.com\/it\/reviews\/a-case-painting-handle-for-miniatures-review\/\" rel=\"nofollow\"><span style=\"font-weight: 400;\">Rese\u00f1a: Mango para pintar miniaturas A-Case de Fauxhammer<\/span><\/a><\/p>\n","protected":false},"excerpt":{"rendered":"<p>El soporte magn\u00e9tico para pintura A-Case es una herramienta para aficionados f\u00e1cil de usar, altamente personalizable y con un dise\u00f1o ergon\u00f3mico, dise\u00f1ada para mejorar el proceso de pintura de miniaturas. Un conjunto de placas y imanes integrados le permite montar* una miniatura en la parte superior de una pieza \u00absuperior\u00bb extra\u00edble y, a continuaci\u00f3n, girarla horizontalmente mientras se mantiene un agarre firme, sin tocar la miniatura en s\u00ed. No solo mejora el acceso a la miniatura, sino que tambi\u00e9n evita que la pintura se borre al tocarla.  <\/p>\n","protected":false},"featured_media":17227,"template":"","meta":[],"product_brand":[],"product_cat":[338],"product_tag":[],"class_list":{"0":"post-25701","1":"product","2":"type-product","3":"status-publish","4":"has-post-thumbnail","6":"product_cat-accesorios","7":"product_shipping_class-envio-gratuito","9":"first","10":"instock","11":"shipping-taxable","12":"purchasable","13":"product-type-variable"},"bundled_by":[],"bundle_stock_status":"instock","bundle_stock_quantity":null,"bundle_virtual":false,"bundle_layout":"","bundle_add_to_cart_form_location":"","bundle_editable_in_cart":false,"bundle_sold_individually_context":"","bundle_item_grouping":"","bundle_min_size":"","bundle_max_size":"","bundle_price":[],"bundled_items":[],"bundle_sell_ids":[],"exclude_global_add_ons":false,"addons":[{"name":"Pegamento CA","type":"checkbox","position":0,"required":false,"title_format":"heading","default":"","description_enable":false,"description":null,"placeholder_enable":false,"placeholder":null,"display":"select","restrictions_type":"any_text","adjust_price":false,"price":"","price_type":"flat_fee","restrictions":false,"min":"0","max":"0","options":[{"label":"1 x 20 g de pegamento CA","price":"13.9","price_type":"percentage_based","image":0,"visibility":true}],"id":1744116870},{"name":"\u00a1Imanes!","type":"checkbox","position":1,"required":false,"title_format":"heading","default":"","description_enable":true,"description":"Si necesita imanes en el interior, consulte las opciones siguientes. Dimensiones: 5 x 2 mm. ","placeholder_enable":false,"placeholder":null,"display":"select","restrictions_type":"any_text","adjust_price":false,"price":"","price_type":"flat_fee","restrictions":false,"min":"0","max":"0","options":[{"label":"50 imanes de neodimio","price":"43.17","price_type":"percentage_based","image":0,"visibility":true},{"label":"100 imanes de neodimio","price":"71.94","price_type":"percentage_based","image":0,"visibility":true},{"label":"150 imanes de neodimio","price":"97.12","price_type":"percentage_based","image":0,"visibility":true},{"label":"200 imanes de neodimio","price":"115.11","price_type":"percentage_based","image":0,"visibility":true},{"label":"250 imanes de neodimio","price":"161.87","price_type":"percentage_based","image":0,"visibility":true}],"id":1744116871}],"yoast_head":"<!-- This site is optimized with the Yoast SEO plugin v27.3 - https:\/\/yoast.com\/product\/yoast-seo-wordpress\/ -->\n<title>A-Case Mega Pack de agarre magn\u00e9tico para pintura<\/title>\n<meta name=\"description\" content=\"A-Case Magnetic Painting Grip Mega Pack: \u00a1tu hobby definitivo! Versi\u00f3n mejorada y envuelta de nuestro Magnetic Painting Grip b\u00e1sico.\" \/>\n<meta name=\"robots\" content=\"index, follow, max-snippet:-1, max-image-preview:large, max-video-preview:-1\" \/>\n<link rel=\"canonical\" href=\"https:\/\/shop.army-case.com\/es\/accesorios\/a-case-mega-pack-de-agarre-magnetico-para-pintura\/\" \/>\n<meta property=\"og:locale\" content=\"es_ES\" \/>\n<meta property=\"og:type\" content=\"article\" \/>\n<meta property=\"og:title\" content=\"A-Case Mega Pack de agarre magn\u00e9tico para pintura\" \/>\n<meta property=\"og:description\" content=\"A-Case Magnetic Painting Grip Mega Pack: \u00a1tu hobby definitivo! Versi\u00f3n mejorada y envuelta de nuestro Magnetic Painting Grip b\u00e1sico.\" \/>\n<meta property=\"og:url\" content=\"https:\/\/shop.army-case.com\/es\/accesorios\/a-case-mega-pack-de-agarre-magnetico-para-pintura\/\" \/>\n<meta property=\"og:site_name\" content=\"A-Case\" \/>\n<meta property=\"article:publisher\" content=\"https:\/\/www.facebook.com\/armycase\/\" \/>\n<meta property=\"article:modified_time\" content=\"2026-01-28T10:26:35+00:00\" \/>\n<meta property=\"og:image\" content=\"https:\/\/shop.army-case.com\/wp-content\/uploads\/2023\/11\/A-Case-Magnetic-Painting-grip-Mega-Pack.png\" \/>\n\t<meta property=\"og:image:width\" content=\"1000\" \/>\n\t<meta property=\"og:image:height\" content=\"1006\" \/>\n\t<meta property=\"og:image:type\" content=\"image\/png\" \/>\n<meta name=\"twitter:card\" content=\"summary_large_image\" \/>\n<meta name=\"twitter:label1\" content=\"Tiempo de lectura\" \/>\n\t<meta name=\"twitter:data1\" content=\"1 minuto\" \/>\n<script type=\"application\/ld+json\" class=\"yoast-schema-graph\">{\"@context\":\"https:\\\/\\\/schema.org\",\"@graph\":[{\"@type\":\"WebPage\",\"@id\":\"https:\\\/\\\/shop.army-case.com\\\/es\\\/accesorios\\\/a-case-mega-pack-de-agarre-magnetico-para-pintura\\\/\",\"url\":\"https:\\\/\\\/shop.army-case.com\\\/es\\\/accesorios\\\/a-case-mega-pack-de-agarre-magnetico-para-pintura\\\/\",\"name\":\"A-Case Mega Pack de agarre magn\u00e9tico para pintura\",\"isPartOf\":{\"@id\":\"https:\\\/\\\/shop.army-case.com\\\/es\\\/#website\"},\"primaryImageOfPage\":{\"@id\":\"https:\\\/\\\/shop.army-case.com\\\/es\\\/accesorios\\\/a-case-mega-pack-de-agarre-magnetico-para-pintura\\\/#primaryimage\"},\"image\":{\"@id\":\"https:\\\/\\\/shop.army-case.com\\\/es\\\/accesorios\\\/a-case-mega-pack-de-agarre-magnetico-para-pintura\\\/#primaryimage\"},\"thumbnailUrl\":\"https:\\\/\\\/shop.army-case.com\\\/wp-content\\\/uploads\\\/2023\\\/11\\\/A-Case-Magnetic-Painting-grip-Mega-Pack.png\",\"datePublished\":\"2023-11-22T12:06:05+00:00\",\"dateModified\":\"2026-01-28T10:26:35+00:00\",\"description\":\"A-Case Magnetic Painting Grip Mega Pack: \u00a1tu hobby definitivo! Versi\u00f3n mejorada y envuelta de nuestro Magnetic Painting Grip b\u00e1sico.\",\"breadcrumb\":{\"@id\":\"https:\\\/\\\/shop.army-case.com\\\/es\\\/accesorios\\\/a-case-mega-pack-de-agarre-magnetico-para-pintura\\\/#breadcrumb\"},\"inLanguage\":\"es\",\"potentialAction\":[{\"@type\":\"ReadAction\",\"target\":[\"https:\\\/\\\/shop.army-case.com\\\/es\\\/accesorios\\\/a-case-mega-pack-de-agarre-magnetico-para-pintura\\\/\"]}]},{\"@type\":\"ImageObject\",\"inLanguage\":\"es\",\"@id\":\"https:\\\/\\\/shop.army-case.com\\\/es\\\/accesorios\\\/a-case-mega-pack-de-agarre-magnetico-para-pintura\\\/#primaryimage\",\"url\":\"https:\\\/\\\/shop.army-case.com\\\/wp-content\\\/uploads\\\/2023\\\/11\\\/A-Case-Magnetic-Painting-grip-Mega-Pack.png\",\"contentUrl\":\"https:\\\/\\\/shop.army-case.com\\\/wp-content\\\/uploads\\\/2023\\\/11\\\/A-Case-Magnetic-Painting-grip-Mega-Pack.png\",\"width\":1000,\"height\":1006,\"caption\":\"A-Case-Magnetic-Painting-grip-Mega-Pack\"},{\"@type\":\"BreadcrumbList\",\"@id\":\"https:\\\/\\\/shop.army-case.com\\\/es\\\/accesorios\\\/a-case-mega-pack-de-agarre-magnetico-para-pintura\\\/#breadcrumb\",\"itemListElement\":[{\"@type\":\"ListItem\",\"position\":1,\"name\":\"Home\",\"item\":\"https:\\\/\\\/shop.army-case.com\\\/es\\\/tienda-army-case\\\/\"},{\"@type\":\"ListItem\",\"position\":2,\"name\":\"Tienda\",\"item\":\"https:\\\/\\\/shop.army-case.com\\\/es\\\/tienda\\\/\"},{\"@type\":\"ListItem\",\"position\":3,\"name\":\"A-Case Mega Pack de agarre magn\u00e9tico para pintura\"}]},{\"@type\":\"WebSite\",\"@id\":\"https:\\\/\\\/shop.army-case.com\\\/es\\\/#website\",\"url\":\"https:\\\/\\\/shop.army-case.com\\\/es\\\/\",\"name\":\"A-Case\",\"description\":\"\",\"potentialAction\":[{\"@type\":\"SearchAction\",\"target\":{\"@type\":\"EntryPoint\",\"urlTemplate\":\"https:\\\/\\\/shop.army-case.com\\\/es\\\/?s={search_term_string}\"},\"query-input\":{\"@type\":\"PropertyValueSpecification\",\"valueRequired\":true,\"valueName\":\"search_term_string\"}}],\"inLanguage\":\"es\"}]}<\/script>\n<!-- \/ Yoast SEO plugin. -->","yoast_head_json":{"title":"A-Case Mega Pack de agarre magn\u00e9tico para pintura","description":"A-Case Magnetic Painting Grip Mega Pack: \u00a1tu hobby definitivo! Versi\u00f3n mejorada y envuelta de nuestro Magnetic Painting Grip b\u00e1sico.","robots":{"index":"index","follow":"follow","max-snippet":"max-snippet:-1","max-image-preview":"max-image-preview:large","max-video-preview":"max-video-preview:-1"},"canonical":"https:\/\/shop.army-case.com\/es\/accesorios\/a-case-mega-pack-de-agarre-magnetico-para-pintura\/","og_locale":"es_ES","og_type":"article","og_title":"A-Case Mega Pack de agarre magn\u00e9tico para pintura","og_description":"A-Case Magnetic Painting Grip Mega Pack: \u00a1tu hobby definitivo! Versi\u00f3n mejorada y envuelta de nuestro Magnetic Painting Grip b\u00e1sico.","og_url":"https:\/\/shop.army-case.com\/es\/accesorios\/a-case-mega-pack-de-agarre-magnetico-para-pintura\/","og_site_name":"A-Case","article_publisher":"https:\/\/www.facebook.com\/armycase\/","article_modified_time":"2026-01-28T10:26:35+00:00","og_image":[{"width":1000,"height":1006,"url":"https:\/\/shop.army-case.com\/wp-content\/uploads\/2023\/11\/A-Case-Magnetic-Painting-grip-Mega-Pack.png","type":"image\/png"}],"twitter_card":"summary_large_image","twitter_misc":{"Tiempo de lectura":"1 minuto"},"schema":{"@context":"https:\/\/schema.org","@graph":[{"@type":"WebPage","@id":"https:\/\/shop.army-case.com\/es\/accesorios\/a-case-mega-pack-de-agarre-magnetico-para-pintura\/","url":"https:\/\/shop.army-case.com\/es\/accesorios\/a-case-mega-pack-de-agarre-magnetico-para-pintura\/","name":"A-Case Mega Pack de agarre magn\u00e9tico para pintura","isPartOf":{"@id":"https:\/\/shop.army-case.com\/es\/#website"},"primaryImageOfPage":{"@id":"https:\/\/shop.army-case.com\/es\/accesorios\/a-case-mega-pack-de-agarre-magnetico-para-pintura\/#primaryimage"},"image":{"@id":"https:\/\/shop.army-case.com\/es\/accesorios\/a-case-mega-pack-de-agarre-magnetico-para-pintura\/#primaryimage"},"thumbnailUrl":"https:\/\/shop.army-case.com\/wp-content\/uploads\/2023\/11\/A-Case-Magnetic-Painting-grip-Mega-Pack.png","datePublished":"2023-11-22T12:06:05+00:00","dateModified":"2026-01-28T10:26:35+00:00","description":"A-Case Magnetic Painting Grip Mega Pack: \u00a1tu hobby definitivo! Versi\u00f3n mejorada y envuelta de nuestro Magnetic Painting Grip b\u00e1sico.","breadcrumb":{"@id":"https:\/\/shop.army-case.com\/es\/accesorios\/a-case-mega-pack-de-agarre-magnetico-para-pintura\/#breadcrumb"},"inLanguage":"es","potentialAction":[{"@type":"ReadAction","target":["https:\/\/shop.army-case.com\/es\/accesorios\/a-case-mega-pack-de-agarre-magnetico-para-pintura\/"]}]},{"@type":"ImageObject","inLanguage":"es","@id":"https:\/\/shop.army-case.com\/es\/accesorios\/a-case-mega-pack-de-agarre-magnetico-para-pintura\/#primaryimage","url":"https:\/\/shop.army-case.com\/wp-content\/uploads\/2023\/11\/A-Case-Magnetic-Painting-grip-Mega-Pack.png","contentUrl":"https:\/\/shop.army-case.com\/wp-content\/uploads\/2023\/11\/A-Case-Magnetic-Painting-grip-Mega-Pack.png","width":1000,"height":1006,"caption":"A-Case-Magnetic-Painting-grip-Mega-Pack"},{"@type":"BreadcrumbList","@id":"https:\/\/shop.army-case.com\/es\/accesorios\/a-case-mega-pack-de-agarre-magnetico-para-pintura\/#breadcrumb","itemListElement":[{"@type":"ListItem","position":1,"name":"Home","item":"https:\/\/shop.army-case.com\/es\/tienda-army-case\/"},{"@type":"ListItem","position":2,"name":"Tienda","item":"https:\/\/shop.army-case.com\/es\/tienda\/"},{"@type":"ListItem","position":3,"name":"A-Case Mega Pack de agarre magn\u00e9tico para pintura"}]},{"@type":"WebSite","@id":"https:\/\/shop.army-case.com\/es\/#website","url":"https:\/\/shop.army-case.com\/es\/","name":"A-Case","description":"","potentialAction":[{"@type":"SearchAction","target":{"@type":"EntryPoint","urlTemplate":"https:\/\/shop.army-case.com\/es\/?s={search_term_string}"},"query-input":{"@type":"PropertyValueSpecification","valueRequired":true,"valueName":"search_term_string"}}],"inLanguage":"es"}]}},"_links":{"self":[{"href":"https:\/\/shop.army-case.com\/es\/wp-json\/wp\/v2\/product\/25701","targetHints":{"allow":["GET"]}}],"collection":[{"href":"https:\/\/shop.army-case.com\/es\/wp-json\/wp\/v2\/product"}],"about":[{"href":"https:\/\/shop.army-case.com\/es\/wp-json\/wp\/v2\/types\/product"}],"version-history":[{"count":0,"href":"https:\/\/shop.army-case.com\/es\/wp-json\/wp\/v2\/product\/25701\/revisions"}],"wp:featuredmedia":[{"embeddable":true,"href":"https:\/\/shop.army-case.com\/es\/wp-json\/wp\/v2\/media\/17227"}],"wp:attachment":[{"href":"https:\/\/shop.army-case.com\/es\/wp-json\/wp\/v2\/media?parent=25701"}],"wp:term":[{"taxonomy":"product_brand","embeddable":true,"href":"https:\/\/shop.army-case.com\/es\/wp-json\/wp\/v2\/product_brand?post=25701"},{"taxonomy":"product_cat","embeddable":true,"href":"https:\/\/shop.army-case.com\/es\/wp-json\/wp\/v2\/product_cat?post=25701"},{"taxonomy":"product_tag","embeddable":true,"href":"https:\/\/shop.army-case.com\/es\/wp-json\/wp\/v2\/product_tag?post=25701"}],"curies":[{"name":"wp","href":"https:\/\/api.w.org\/{rel}","templated":true}]}}