{"id":25699,"date":"2024-04-26T11:57:14","date_gmt":"2024-04-26T11:57:14","guid":{"rendered":"https:\/\/shop.army-case.com\/sin categor\u00eda\/estacion-de-pintura-portatil\/"},"modified":"2026-01-28T10:22:42","modified_gmt":"2026-01-28T10:22:42","slug":"estacion-de-pintura-portatil","status":"publish","type":"product","link":"https:\/\/shop.army-case.com\/es\/accesorios\/estacion-de-pintura-portatil\/","title":{"rendered":"Estaci\u00f3n de pintura port\u00e1til"},"content":{"rendered":"<p><a href=\"https:\/\/shop.army-case.com\/miniature-carrying-case\/a-case-victory-2-0\/\">Adem\u00e1s del estuche Victory 2.0 totalmente equipado, el conjunto incluye:<\/a><\/p>\n<ul>\n<li><span style=\"font-weight: 400;\">Dos luces LED superiores desmontables con soportes de encaje a presi\u00f3n adecuados.<\/span><\/li>\n<li><span style=\"font-weight: 400;\">Dos luces LED delanteras desmontables con soportes imantados.<\/span><\/li>\n<li><span style=\"font-weight: 400;\">Fondo fotogr\u00e1fico con soportes magn\u00e9ticos desmontables.<\/span><\/li>\n<li><span style=\"font-weight: 400;\">Soporte exterior con fondo fotogr\u00e1fico y base de velcro.<\/span><\/li>\n<li><span style=\"font-weight: 400;\">Vaso magn\u00e9tico para agua.<\/span><\/li>\n<li><span style=\"font-weight: 400;\">Caja de transporte para accesorios magn\u00e9ticos\/pinturas.<\/span><\/li>\n<li><span style=\"font-weight: 400;\">Extensi\u00f3n de estante a bandeja.<\/span><\/li>\n<\/ul>\n<p>&nbsp;<\/p>\n<p>\u00abLa estaci\u00f3n de pintura port\u00e1til ampl\u00eda la ya amplia gama de funciones de A-Case a un territorio completamente nuevo, manteniendo la compatibilidad con los accesorios imantados. Se trata de un gadget para aficionados bien pensado, f\u00e1cil de usar y de transportar, perfecto para cualquiera que quiera llevarse su afici\u00f3n fuera de casa\u00bb. Pintura con la mano marcada por cicatrices<\/p>\n","protected":false},"excerpt":{"rendered":"<p><a href=\"https:\/\/shop.army-case.com\/miniature-carrying-case\/a-case-victory-2-0\/\">La estaci\u00f3n de pintura port\u00e1til es un conjunto de extensiones para el A-Case Victory 2.0 que transforma este compacto malet\u00edn en miniatura en un taller m\u00f3vil para aficiones.<\/a><\/p>\n","protected":false},"featured_media":25700,"template":"","meta":[],"product_brand":[],"product_cat":[338],"product_tag":[],"class_list":{"0":"post-25699","1":"product","2":"type-product","3":"status-publish","4":"has-post-thumbnail","6":"product_cat-accesorios","7":"product_shipping_class-envio-gratuito","9":"first","10":"instock","11":"shipping-taxable","12":"purchasable","13":"product-type-bundle"},"bundled_by":[],"bundle_stock_status":"instock","bundle_stock_quantity":7,"bundle_virtual":false,"bundle_layout":"default","bundle_add_to_cart_form_location":"default","bundle_editable_in_cart":false,"bundle_sold_individually_context":"product","bundle_item_grouping":"noindent","bundle_min_size":"","bundle_max_size":"","bundle_price":{"price":{"min":{"incl_tax":"990","excl_tax":"990"},"max":{"incl_tax":"990","excl_tax":"990"}},"regular_price":{"min":{"incl_tax":"990","excl_tax":"990"},"max":{"incl_tax":"990","excl_tax":"990"}}},"bundled_items":[{"bundled_item_id":17,"product_id":25698,"menu_order":1,"quantity_min":1,"quantity_max":1,"quantity_default":1,"priced_individually":false,"shipped_individually":false,"override_title":true,"title":"Paquete de extensi\u00f3n","override_description":false,"description":null,"optional":false,"hide_thumbnail":false,"discount":"","override_variations":false,"allowed_variations":[""],"override_default_variation_attributes":false,"default_variation_attributes":[],"single_product_visibility":"visible","cart_visibility":"visible","order_visibility":"visible","single_product_price_visibility":"visible","cart_price_visibility":"visible","order_price_visibility":"visible","stock_status":"in_stock"}],"bundle_sell_ids":[],"exclude_global_add_ons":false,"addons":[{"name":"Pegamento CA","type":"checkbox","position":0,"required":false,"title_format":"label","default":"","description_enable":false,"description":null,"placeholder_enable":false,"placeholder":null,"display":"select","restrictions_type":"any_text","adjust_price":false,"price":"","price_type":"flat_fee","restrictions":false,"min":"0","max":"0","options":[{"label":"1 x 20 g de pegamento CA","price":"2.02","price_type":"percentage_based","image":0,"visibility":true}],"id":1746003776},{"name":"\u00a1Imanes!","type":"checkbox","position":1,"required":false,"title_format":"label","default":"","description_enable":true,"description":"Si necesita imanes en el interior, consulte las opciones siguientes. Dimensiones: 5 x 2 mm. ","placeholder_enable":false,"placeholder":null,"display":"select","restrictions_type":"any_text","adjust_price":false,"price":"","price_type":"flat_fee","restrictions":false,"min":"0","max":"0","options":[{"label":"50 imanes de neodimio","price":"6.10","price_type":"percentage_based","image":0,"visibility":true},{"label":"100 imanes de neodimio","price":"10.10","price_type":"percentage_based","image":0,"visibility":true},{"label":"150 imanes de neodimio","price":"13.64","price_type":"percentage_based","image":0,"visibility":true},{"label":"200 imanes de neodimio","price":"16.16","price_type":"percentage_based","image":0,"visibility":true},{"label":"250 imanes de neodimio","price":"22.73","price_type":"percentage_based","image":0,"visibility":true}],"id":1746003777}],"yoast_head":"<!-- This site is optimized with the Yoast SEO plugin v27.3 - https:\/\/yoast.com\/product\/yoast-seo-wordpress\/ -->\n<title>Estaci\u00f3n de pintura en miniatura port\u00e1til | Juego de ampliaci\u00f3n | Pack m\u00f3vil para aficiones<\/title>\n<meta name=\"description\" content=\"La estaci\u00f3n de pintura port\u00e1til es un conjunto de extensiones para el A-Case Victory que transforma este compacto estuche de transporte en miniatura en un taller m\u00f3vil para aficiones.\" \/>\n<meta name=\"robots\" content=\"index, follow, max-snippet:-1, max-image-preview:large, max-video-preview:-1\" \/>\n<link rel=\"canonical\" href=\"https:\/\/shop.army-case.com\/es\/accesorios\/estacion-de-pintura-portatil\/\" \/>\n<meta property=\"og:locale\" content=\"es_ES\" \/>\n<meta property=\"og:type\" content=\"article\" \/>\n<meta property=\"og:title\" content=\"Estaci\u00f3n de pintura en miniatura port\u00e1til | Juego de ampliaci\u00f3n | Pack m\u00f3vil para aficiones\" \/>\n<meta property=\"og:description\" content=\"La estaci\u00f3n de pintura port\u00e1til es un conjunto de extensiones para el A-Case Victory que transforma este compacto estuche de transporte en miniatura en un taller m\u00f3vil para aficiones.\" \/>\n<meta property=\"og:url\" content=\"https:\/\/shop.army-case.com\/es\/accesorios\/estacion-de-pintura-portatil\/\" \/>\n<meta property=\"og:site_name\" content=\"A-Case\" \/>\n<meta property=\"article:publisher\" content=\"https:\/\/www.facebook.com\/armycase\/\" \/>\n<meta property=\"article:modified_time\" content=\"2026-01-28T10:22:42+00:00\" \/>\n<meta property=\"og:image\" content=\"https:\/\/shop.army-case.com\/wp-content\/uploads\/2024\/04\/Scarhandpainting-2403-A-Case-Portable-Painting-Station-3.jpg\" \/>\n\t<meta property=\"og:image:width\" content=\"1200\" \/>\n\t<meta property=\"og:image:height\" content=\"1200\" \/>\n\t<meta property=\"og:image:type\" content=\"image\/jpeg\" \/>\n<meta name=\"twitter:card\" content=\"summary_large_image\" \/>\n<meta name=\"twitter:label1\" content=\"Tiempo de lectura\" \/>\n\t<meta name=\"twitter:data1\" content=\"1 minuto\" \/>\n<script type=\"application\/ld+json\" class=\"yoast-schema-graph\">{\"@context\":\"https:\\\/\\\/schema.org\",\"@graph\":[{\"@type\":\"WebPage\",\"@id\":\"https:\\\/\\\/shop.army-case.com\\\/es\\\/accesorios\\\/estacion-de-pintura-portatil\\\/\",\"url\":\"https:\\\/\\\/shop.army-case.com\\\/es\\\/accesorios\\\/estacion-de-pintura-portatil\\\/\",\"name\":\"Estaci\u00f3n de pintura en miniatura port\u00e1til | Juego de ampliaci\u00f3n | Pack m\u00f3vil para aficiones\",\"isPartOf\":{\"@id\":\"https:\\\/\\\/shop.army-case.com\\\/es\\\/#website\"},\"primaryImageOfPage\":{\"@id\":\"https:\\\/\\\/shop.army-case.com\\\/es\\\/accesorios\\\/estacion-de-pintura-portatil\\\/#primaryimage\"},\"image\":{\"@id\":\"https:\\\/\\\/shop.army-case.com\\\/es\\\/accesorios\\\/estacion-de-pintura-portatil\\\/#primaryimage\"},\"thumbnailUrl\":\"https:\\\/\\\/shop.army-case.com\\\/wp-content\\\/uploads\\\/2024\\\/04\\\/Scarhandpainting-2403-A-Case-Portable-Painting-Station-3.jpg\",\"datePublished\":\"2024-04-26T11:57:14+00:00\",\"dateModified\":\"2026-01-28T10:22:42+00:00\",\"description\":\"La estaci\u00f3n de pintura port\u00e1til es un conjunto de extensiones para el A-Case Victory que transforma este compacto estuche de transporte en miniatura en un taller m\u00f3vil para aficiones.\",\"breadcrumb\":{\"@id\":\"https:\\\/\\\/shop.army-case.com\\\/es\\\/accesorios\\\/estacion-de-pintura-portatil\\\/#breadcrumb\"},\"inLanguage\":\"es\",\"potentialAction\":[{\"@type\":\"ReadAction\",\"target\":[\"https:\\\/\\\/shop.army-case.com\\\/es\\\/accesorios\\\/estacion-de-pintura-portatil\\\/\"]}]},{\"@type\":\"ImageObject\",\"inLanguage\":\"es\",\"@id\":\"https:\\\/\\\/shop.army-case.com\\\/es\\\/accesorios\\\/estacion-de-pintura-portatil\\\/#primaryimage\",\"url\":\"https:\\\/\\\/shop.army-case.com\\\/wp-content\\\/uploads\\\/2024\\\/04\\\/Scarhandpainting-2403-A-Case-Portable-Painting-Station-3.jpg\",\"contentUrl\":\"https:\\\/\\\/shop.army-case.com\\\/wp-content\\\/uploads\\\/2024\\\/04\\\/Scarhandpainting-2403-A-Case-Portable-Painting-Station-3.jpg\",\"width\":1200,\"height\":1200,\"caption\":\"Portable Painting Station\"},{\"@type\":\"BreadcrumbList\",\"@id\":\"https:\\\/\\\/shop.army-case.com\\\/es\\\/accesorios\\\/estacion-de-pintura-portatil\\\/#breadcrumb\",\"itemListElement\":[{\"@type\":\"ListItem\",\"position\":1,\"name\":\"Home\",\"item\":\"https:\\\/\\\/shop.army-case.com\\\/es\\\/tienda-army-case\\\/\"},{\"@type\":\"ListItem\",\"position\":2,\"name\":\"Tienda\",\"item\":\"https:\\\/\\\/shop.army-case.com\\\/es\\\/tienda\\\/\"},{\"@type\":\"ListItem\",\"position\":3,\"name\":\"Estaci\u00f3n de pintura port\u00e1til\"}]},{\"@type\":\"WebSite\",\"@id\":\"https:\\\/\\\/shop.army-case.com\\\/es\\\/#website\",\"url\":\"https:\\\/\\\/shop.army-case.com\\\/es\\\/\",\"name\":\"A-Case\",\"description\":\"\",\"potentialAction\":[{\"@type\":\"SearchAction\",\"target\":{\"@type\":\"EntryPoint\",\"urlTemplate\":\"https:\\\/\\\/shop.army-case.com\\\/es\\\/?s={search_term_string}\"},\"query-input\":{\"@type\":\"PropertyValueSpecification\",\"valueRequired\":true,\"valueName\":\"search_term_string\"}}],\"inLanguage\":\"es\"}]}<\/script>\n<!-- \/ Yoast SEO plugin. -->","yoast_head_json":{"title":"Estaci\u00f3n de pintura en miniatura port\u00e1til | Juego de ampliaci\u00f3n | Pack m\u00f3vil para aficiones","description":"La estaci\u00f3n de pintura port\u00e1til es un conjunto de extensiones para el A-Case Victory que transforma este compacto estuche de transporte en miniatura en un taller m\u00f3vil para aficiones.","robots":{"index":"index","follow":"follow","max-snippet":"max-snippet:-1","max-image-preview":"max-image-preview:large","max-video-preview":"max-video-preview:-1"},"canonical":"https:\/\/shop.army-case.com\/es\/accesorios\/estacion-de-pintura-portatil\/","og_locale":"es_ES","og_type":"article","og_title":"Estaci\u00f3n de pintura en miniatura port\u00e1til | Juego de ampliaci\u00f3n | Pack m\u00f3vil para aficiones","og_description":"La estaci\u00f3n de pintura port\u00e1til es un conjunto de extensiones para el A-Case Victory que transforma este compacto estuche de transporte en miniatura en un taller m\u00f3vil para aficiones.","og_url":"https:\/\/shop.army-case.com\/es\/accesorios\/estacion-de-pintura-portatil\/","og_site_name":"A-Case","article_publisher":"https:\/\/www.facebook.com\/armycase\/","article_modified_time":"2026-01-28T10:22:42+00:00","og_image":[{"width":1200,"height":1200,"url":"https:\/\/shop.army-case.com\/wp-content\/uploads\/2024\/04\/Scarhandpainting-2403-A-Case-Portable-Painting-Station-3.jpg","type":"image\/jpeg"}],"twitter_card":"summary_large_image","twitter_misc":{"Tiempo de lectura":"1 minuto"},"schema":{"@context":"https:\/\/schema.org","@graph":[{"@type":"WebPage","@id":"https:\/\/shop.army-case.com\/es\/accesorios\/estacion-de-pintura-portatil\/","url":"https:\/\/shop.army-case.com\/es\/accesorios\/estacion-de-pintura-portatil\/","name":"Estaci\u00f3n de pintura en miniatura port\u00e1til | Juego de ampliaci\u00f3n | Pack m\u00f3vil para aficiones","isPartOf":{"@id":"https:\/\/shop.army-case.com\/es\/#website"},"primaryImageOfPage":{"@id":"https:\/\/shop.army-case.com\/es\/accesorios\/estacion-de-pintura-portatil\/#primaryimage"},"image":{"@id":"https:\/\/shop.army-case.com\/es\/accesorios\/estacion-de-pintura-portatil\/#primaryimage"},"thumbnailUrl":"https:\/\/shop.army-case.com\/wp-content\/uploads\/2024\/04\/Scarhandpainting-2403-A-Case-Portable-Painting-Station-3.jpg","datePublished":"2024-04-26T11:57:14+00:00","dateModified":"2026-01-28T10:22:42+00:00","description":"La estaci\u00f3n de pintura port\u00e1til es un conjunto de extensiones para el A-Case Victory que transforma este compacto estuche de transporte en miniatura en un taller m\u00f3vil para aficiones.","breadcrumb":{"@id":"https:\/\/shop.army-case.com\/es\/accesorios\/estacion-de-pintura-portatil\/#breadcrumb"},"inLanguage":"es","potentialAction":[{"@type":"ReadAction","target":["https:\/\/shop.army-case.com\/es\/accesorios\/estacion-de-pintura-portatil\/"]}]},{"@type":"ImageObject","inLanguage":"es","@id":"https:\/\/shop.army-case.com\/es\/accesorios\/estacion-de-pintura-portatil\/#primaryimage","url":"https:\/\/shop.army-case.com\/wp-content\/uploads\/2024\/04\/Scarhandpainting-2403-A-Case-Portable-Painting-Station-3.jpg","contentUrl":"https:\/\/shop.army-case.com\/wp-content\/uploads\/2024\/04\/Scarhandpainting-2403-A-Case-Portable-Painting-Station-3.jpg","width":1200,"height":1200,"caption":"Portable Painting Station"},{"@type":"BreadcrumbList","@id":"https:\/\/shop.army-case.com\/es\/accesorios\/estacion-de-pintura-portatil\/#breadcrumb","itemListElement":[{"@type":"ListItem","position":1,"name":"Home","item":"https:\/\/shop.army-case.com\/es\/tienda-army-case\/"},{"@type":"ListItem","position":2,"name":"Tienda","item":"https:\/\/shop.army-case.com\/es\/tienda\/"},{"@type":"ListItem","position":3,"name":"Estaci\u00f3n de pintura port\u00e1til"}]},{"@type":"WebSite","@id":"https:\/\/shop.army-case.com\/es\/#website","url":"https:\/\/shop.army-case.com\/es\/","name":"A-Case","description":"","potentialAction":[{"@type":"SearchAction","target":{"@type":"EntryPoint","urlTemplate":"https:\/\/shop.army-case.com\/es\/?s={search_term_string}"},"query-input":{"@type":"PropertyValueSpecification","valueRequired":true,"valueName":"search_term_string"}}],"inLanguage":"es"}]}},"_links":{"self":[{"href":"https:\/\/shop.army-case.com\/es\/wp-json\/wp\/v2\/product\/25699","targetHints":{"allow":["GET"]}}],"collection":[{"href":"https:\/\/shop.army-case.com\/es\/wp-json\/wp\/v2\/product"}],"about":[{"href":"https:\/\/shop.army-case.com\/es\/wp-json\/wp\/v2\/types\/product"}],"version-history":[{"count":0,"href":"https:\/\/shop.army-case.com\/es\/wp-json\/wp\/v2\/product\/25699\/revisions"}],"wp:featuredmedia":[{"embeddable":true,"href":"https:\/\/shop.army-case.com\/es\/wp-json\/wp\/v2\/media\/25700"}],"wp:attachment":[{"href":"https:\/\/shop.army-case.com\/es\/wp-json\/wp\/v2\/media?parent=25699"}],"wp:term":[{"taxonomy":"product_brand","embeddable":true,"href":"https:\/\/shop.army-case.com\/es\/wp-json\/wp\/v2\/product_brand?post=25699"},{"taxonomy":"product_cat","embeddable":true,"href":"https:\/\/shop.army-case.com\/es\/wp-json\/wp\/v2\/product_cat?post=25699"},{"taxonomy":"product_tag","embeddable":true,"href":"https:\/\/shop.army-case.com\/es\/wp-json\/wp\/v2\/product_tag?post=25699"}],"curies":[{"name":"wp","href":"https:\/\/api.w.org\/{rel}","templated":true}]}}