{"id":25698,"date":"2024-10-08T07:46:34","date_gmt":"2024-10-08T07:46:34","guid":{"rendered":"https:\/\/shop.army-case.com\/sin categor\u00eda\/paquete-de-extension\/"},"modified":"2026-01-28T10:12:53","modified_gmt":"2026-01-28T10:12:53","slug":"paquete-de-extension","status":"publish","type":"product","link":"https:\/\/shop.army-case.com\/es\/accesorios\/paquete-de-extension\/","title":{"rendered":"Paquete de extensi\u00f3n"},"content":{"rendered":"<p>El juego de extensi\u00f3n te permite convertir nuestra bolsa A-Case Victory 2.0 en una estaci\u00f3n de pintura port\u00e1til. A partir de ahora podr\u00e1s pintar donde quieras y lo que quieras. <\/p>\n<p>El set incluye:<\/p>\n<p>2x luces LED frontales con soportes magn\u00e9ticos y cable de alimentaci\u00f3n USB<\/p>\n<p>2x luces LED principales con montaje en el marco<\/p>\n<p>2x soportes para el fondo<\/p>\n<p>2x fijaci\u00f3n externa con velcro para el fondo<\/p>\n<p>2x \u00abgrapador\u00bb magn\u00e9tico para las bandejas<\/p>\n<p>1 x jarra magn\u00e9tica<\/p>\n<p>1 organizador magn\u00e9tico para pinturas<\/p>\n<p>&nbsp;<\/p>\n<p>&nbsp;<\/p>\n<p>&nbsp;<\/p>\n","protected":false},"excerpt":{"rendered":"<p>El juego de extensi\u00f3n te permite convertir nuestra bolsa A-Case Victory 2.0 en una estaci\u00f3n de pintura port\u00e1til. A partir de ahora podr\u00e1s pintar donde quieras y lo que quieras. El set incluye: 2x luces LED frontales con soportes magn\u00e9ticos y cable de alimentaci\u00f3n USB 2x luces LED principales con montaje en el marco 2x [&hellip;]<\/p>\n","protected":false},"featured_media":22216,"template":"","meta":[],"product_brand":[],"product_cat":[338,339],"product_tag":[],"class_list":{"0":"post-25698","1":"product","2":"type-product","3":"status-publish","4":"has-post-thumbnail","6":"product_cat-accesorios","7":"product_cat-sin-categoria","9":"first","10":"instock","11":"shipping-taxable","12":"purchasable","13":"product-type-simple"},"bundled_by":["25699"],"bundle_stock_status":"instock","bundle_stock_quantity":3,"bundle_virtual":false,"bundle_layout":"","bundle_add_to_cart_form_location":"","bundle_editable_in_cart":false,"bundle_sold_individually_context":"","bundle_item_grouping":"","bundle_min_size":"","bundle_max_size":"","bundle_price":[],"bundled_items":[],"bundle_sell_ids":[],"exclude_global_add_ons":[],"addons":[],"yoast_head":"<!-- This site is optimized with the Yoast SEO plugin v27.3 - https:\/\/yoast.com\/product\/yoast-seo-wordpress\/ -->\n<title>Paquete de extensi\u00f3n &#8211; A-Case<\/title>\n<meta name=\"robots\" content=\"index, follow, max-snippet:-1, max-image-preview:large, max-video-preview:-1\" \/>\n<link rel=\"canonical\" href=\"https:\/\/shop.army-case.com\/es\/accesorios\/paquete-de-extension\/\" \/>\n<meta property=\"og:locale\" content=\"es_ES\" \/>\n<meta property=\"og:type\" content=\"article\" \/>\n<meta property=\"og:title\" content=\"Paquete de extensi\u00f3n &#8211; A-Case\" \/>\n<meta property=\"og:description\" content=\"El juego de extensi\u00f3n te permite convertir nuestra bolsa A-Case Victory 2.0 en una estaci\u00f3n de pintura port\u00e1til. A partir de ahora podr\u00e1s pintar donde quieras y lo que quieras. El set incluye: 2x luces LED frontales con soportes magn\u00e9ticos y cable de alimentaci\u00f3n USB 2x luces LED principales con montaje en el marco 2x [&hellip;]\" \/>\n<meta property=\"og:url\" content=\"https:\/\/shop.army-case.com\/es\/accesorios\/paquete-de-extension\/\" \/>\n<meta property=\"og:site_name\" content=\"A-Case\" \/>\n<meta property=\"article:publisher\" content=\"https:\/\/www.facebook.com\/armycase\/\" \/>\n<meta property=\"article:modified_time\" content=\"2026-01-28T10:12:53+00:00\" \/>\n<meta property=\"og:image\" content=\"https:\/\/shop.army-case.com\/wp-content\/uploads\/2024\/10\/Extension-Pack-scaled.jpg\" \/>\n\t<meta property=\"og:image:width\" content=\"1920\" \/>\n\t<meta property=\"og:image:height\" content=\"2560\" \/>\n\t<meta property=\"og:image:type\" content=\"image\/jpeg\" \/>\n<meta name=\"twitter:card\" content=\"summary_large_image\" \/>\n<script type=\"application\/ld+json\" class=\"yoast-schema-graph\">{\"@context\":\"https:\\\/\\\/schema.org\",\"@graph\":[{\"@type\":\"WebPage\",\"@id\":\"https:\\\/\\\/shop.army-case.com\\\/es\\\/accesorios\\\/paquete-de-extension\\\/\",\"url\":\"https:\\\/\\\/shop.army-case.com\\\/es\\\/accesorios\\\/paquete-de-extension\\\/\",\"name\":\"Paquete de extensi\u00f3n &#8211; A-Case\",\"isPartOf\":{\"@id\":\"https:\\\/\\\/shop.army-case.com\\\/es\\\/#website\"},\"primaryImageOfPage\":{\"@id\":\"https:\\\/\\\/shop.army-case.com\\\/es\\\/accesorios\\\/paquete-de-extension\\\/#primaryimage\"},\"image\":{\"@id\":\"https:\\\/\\\/shop.army-case.com\\\/es\\\/accesorios\\\/paquete-de-extension\\\/#primaryimage\"},\"thumbnailUrl\":\"https:\\\/\\\/shop.army-case.com\\\/wp-content\\\/uploads\\\/2024\\\/10\\\/Extension-Pack-scaled.jpg\",\"datePublished\":\"2024-10-08T07:46:34+00:00\",\"dateModified\":\"2026-01-28T10:12:53+00:00\",\"breadcrumb\":{\"@id\":\"https:\\\/\\\/shop.army-case.com\\\/es\\\/accesorios\\\/paquete-de-extension\\\/#breadcrumb\"},\"inLanguage\":\"es\",\"potentialAction\":[{\"@type\":\"ReadAction\",\"target\":[\"https:\\\/\\\/shop.army-case.com\\\/es\\\/accesorios\\\/paquete-de-extension\\\/\"]}]},{\"@type\":\"ImageObject\",\"inLanguage\":\"es\",\"@id\":\"https:\\\/\\\/shop.army-case.com\\\/es\\\/accesorios\\\/paquete-de-extension\\\/#primaryimage\",\"url\":\"https:\\\/\\\/shop.army-case.com\\\/wp-content\\\/uploads\\\/2024\\\/10\\\/Extension-Pack-scaled.jpg\",\"contentUrl\":\"https:\\\/\\\/shop.army-case.com\\\/wp-content\\\/uploads\\\/2024\\\/10\\\/Extension-Pack-scaled.jpg\",\"width\":1920,\"height\":2560},{\"@type\":\"BreadcrumbList\",\"@id\":\"https:\\\/\\\/shop.army-case.com\\\/es\\\/accesorios\\\/paquete-de-extension\\\/#breadcrumb\",\"itemListElement\":[{\"@type\":\"ListItem\",\"position\":1,\"name\":\"Home\",\"item\":\"https:\\\/\\\/shop.army-case.com\\\/es\\\/tienda-army-case\\\/\"},{\"@type\":\"ListItem\",\"position\":2,\"name\":\"Tienda\",\"item\":\"https:\\\/\\\/shop.army-case.com\\\/es\\\/tienda\\\/\"},{\"@type\":\"ListItem\",\"position\":3,\"name\":\"Paquete de extensi\u00f3n\"}]},{\"@type\":\"WebSite\",\"@id\":\"https:\\\/\\\/shop.army-case.com\\\/es\\\/#website\",\"url\":\"https:\\\/\\\/shop.army-case.com\\\/es\\\/\",\"name\":\"A-Case\",\"description\":\"\",\"potentialAction\":[{\"@type\":\"SearchAction\",\"target\":{\"@type\":\"EntryPoint\",\"urlTemplate\":\"https:\\\/\\\/shop.army-case.com\\\/es\\\/?s={search_term_string}\"},\"query-input\":{\"@type\":\"PropertyValueSpecification\",\"valueRequired\":true,\"valueName\":\"search_term_string\"}}],\"inLanguage\":\"es\"}]}<\/script>\n<!-- \/ Yoast SEO plugin. -->","yoast_head_json":{"title":"Paquete de extensi\u00f3n &#8211; A-Case","robots":{"index":"index","follow":"follow","max-snippet":"max-snippet:-1","max-image-preview":"max-image-preview:large","max-video-preview":"max-video-preview:-1"},"canonical":"https:\/\/shop.army-case.com\/es\/accesorios\/paquete-de-extension\/","og_locale":"es_ES","og_type":"article","og_title":"Paquete de extensi\u00f3n &#8211; A-Case","og_description":"El juego de extensi\u00f3n te permite convertir nuestra bolsa A-Case Victory 2.0 en una estaci\u00f3n de pintura port\u00e1til. A partir de ahora podr\u00e1s pintar donde quieras y lo que quieras. El set incluye: 2x luces LED frontales con soportes magn\u00e9ticos y cable de alimentaci\u00f3n USB 2x luces LED principales con montaje en el marco 2x [&hellip;]","og_url":"https:\/\/shop.army-case.com\/es\/accesorios\/paquete-de-extension\/","og_site_name":"A-Case","article_publisher":"https:\/\/www.facebook.com\/armycase\/","article_modified_time":"2026-01-28T10:12:53+00:00","og_image":[{"width":1920,"height":2560,"url":"https:\/\/shop.army-case.com\/wp-content\/uploads\/2024\/10\/Extension-Pack-scaled.jpg","type":"image\/jpeg"}],"twitter_card":"summary_large_image","schema":{"@context":"https:\/\/schema.org","@graph":[{"@type":"WebPage","@id":"https:\/\/shop.army-case.com\/es\/accesorios\/paquete-de-extension\/","url":"https:\/\/shop.army-case.com\/es\/accesorios\/paquete-de-extension\/","name":"Paquete de extensi\u00f3n &#8211; A-Case","isPartOf":{"@id":"https:\/\/shop.army-case.com\/es\/#website"},"primaryImageOfPage":{"@id":"https:\/\/shop.army-case.com\/es\/accesorios\/paquete-de-extension\/#primaryimage"},"image":{"@id":"https:\/\/shop.army-case.com\/es\/accesorios\/paquete-de-extension\/#primaryimage"},"thumbnailUrl":"https:\/\/shop.army-case.com\/wp-content\/uploads\/2024\/10\/Extension-Pack-scaled.jpg","datePublished":"2024-10-08T07:46:34+00:00","dateModified":"2026-01-28T10:12:53+00:00","breadcrumb":{"@id":"https:\/\/shop.army-case.com\/es\/accesorios\/paquete-de-extension\/#breadcrumb"},"inLanguage":"es","potentialAction":[{"@type":"ReadAction","target":["https:\/\/shop.army-case.com\/es\/accesorios\/paquete-de-extension\/"]}]},{"@type":"ImageObject","inLanguage":"es","@id":"https:\/\/shop.army-case.com\/es\/accesorios\/paquete-de-extension\/#primaryimage","url":"https:\/\/shop.army-case.com\/wp-content\/uploads\/2024\/10\/Extension-Pack-scaled.jpg","contentUrl":"https:\/\/shop.army-case.com\/wp-content\/uploads\/2024\/10\/Extension-Pack-scaled.jpg","width":1920,"height":2560},{"@type":"BreadcrumbList","@id":"https:\/\/shop.army-case.com\/es\/accesorios\/paquete-de-extension\/#breadcrumb","itemListElement":[{"@type":"ListItem","position":1,"name":"Home","item":"https:\/\/shop.army-case.com\/es\/tienda-army-case\/"},{"@type":"ListItem","position":2,"name":"Tienda","item":"https:\/\/shop.army-case.com\/es\/tienda\/"},{"@type":"ListItem","position":3,"name":"Paquete de extensi\u00f3n"}]},{"@type":"WebSite","@id":"https:\/\/shop.army-case.com\/es\/#website","url":"https:\/\/shop.army-case.com\/es\/","name":"A-Case","description":"","potentialAction":[{"@type":"SearchAction","target":{"@type":"EntryPoint","urlTemplate":"https:\/\/shop.army-case.com\/es\/?s={search_term_string}"},"query-input":{"@type":"PropertyValueSpecification","valueRequired":true,"valueName":"search_term_string"}}],"inLanguage":"es"}]}},"_links":{"self":[{"href":"https:\/\/shop.army-case.com\/es\/wp-json\/wp\/v2\/product\/25698","targetHints":{"allow":["GET"]}}],"collection":[{"href":"https:\/\/shop.army-case.com\/es\/wp-json\/wp\/v2\/product"}],"about":[{"href":"https:\/\/shop.army-case.com\/es\/wp-json\/wp\/v2\/types\/product"}],"version-history":[{"count":0,"href":"https:\/\/shop.army-case.com\/es\/wp-json\/wp\/v2\/product\/25698\/revisions"}],"wp:featuredmedia":[{"embeddable":true,"href":"https:\/\/shop.army-case.com\/es\/wp-json\/wp\/v2\/media\/22216"}],"wp:attachment":[{"href":"https:\/\/shop.army-case.com\/es\/wp-json\/wp\/v2\/media?parent=25698"}],"wp:term":[{"taxonomy":"product_brand","embeddable":true,"href":"https:\/\/shop.army-case.com\/es\/wp-json\/wp\/v2\/product_brand?post=25698"},{"taxonomy":"product_cat","embeddable":true,"href":"https:\/\/shop.army-case.com\/es\/wp-json\/wp\/v2\/product_cat?post=25698"},{"taxonomy":"product_tag","embeddable":true,"href":"https:\/\/shop.army-case.com\/es\/wp-json\/wp\/v2\/product_tag?post=25698"}],"curies":[{"name":"wp","href":"https:\/\/api.w.org\/{rel}","templated":true}]}}