{"id":25664,"date":"2026-01-28T09:20:25","date_gmt":"2026-01-28T09:20:25","guid":{"rendered":"https:\/\/shop.army-case.com\/maletin-de-transporte\/"},"modified":"2026-01-28T09:20:26","modified_gmt":"2026-01-28T09:20:26","slug":"maletin-de-transporte","status":"publish","type":"page","link":"https:\/\/shop.army-case.com\/es\/maletin-de-transporte\/","title":{"rendered":"Malet\u00edn de transporte"},"content":{"rendered":"\t\t<div data-elementor-type=\"wp-page\" data-elementor-id=\"25664\" class=\"elementor elementor-25664 elementor-3254\" data-elementor-post-type=\"page\">\n\t\t\t\t\t\t<section class=\"elementor-section elementor-top-section elementor-element elementor-element-442da3 elementor-section-full_width elementor-section-height-min-height elementor-section-height-default elementor-section-items-middle\" data-id=\"442da3\" data-element_type=\"section\" data-e-type=\"section\" data-settings=\"{&quot;background_background&quot;:&quot;gradient&quot;}\">\n\t\t\t\t\t\t\t<div class=\"elementor-background-overlay\"><\/div>\n\t\t\t\t\t\t\t<div class=\"elementor-container elementor-column-gap-wider\">\n\t\t\t\t\t<div class=\"elementor-column elementor-col-50 elementor-top-column elementor-element elementor-element-1880c5a1\" data-id=\"1880c5a1\" data-element_type=\"column\" data-e-type=\"column\">\n\t\t\t<div class=\"elementor-widget-wrap elementor-element-populated\">\n\t\t\t\t\t\t<section class=\"elementor-section elementor-inner-section elementor-element elementor-element-faba1c7 elementor-section-boxed elementor-section-height-default elementor-section-height-default\" data-id=\"faba1c7\" data-element_type=\"section\" data-e-type=\"section\">\n\t\t\t\t\t\t<div class=\"elementor-container elementor-column-gap-no\">\n\t\t\t\t\t<div class=\"elementor-column elementor-col-100 elementor-inner-column elementor-element elementor-element-3655f16\" data-id=\"3655f16\" data-element_type=\"column\" data-e-type=\"column\">\n\t\t\t<div class=\"elementor-widget-wrap elementor-element-populated\">\n\t\t\t\t\t\t<div class=\"elementor-element elementor-element-e781e67 animated-fast elementor-invisible elementor-widget elementor-widget-heading\" data-id=\"e781e67\" data-element_type=\"widget\" data-e-type=\"widget\" data-settings=\"{&quot;_animation&quot;:&quot;slideInUp&quot;,&quot;_animation_delay&quot;:0}\" data-widget_type=\"heading.default\">\n\t\t\t\t<div class=\"elementor-widget-container\">\n\t\t\t\t\t<div class=\"elementor-heading-title elementor-size-default\">Tienda Army-Case<\/div>\t\t\t\t<\/div>\n\t\t\t\t<\/div>\n\t\t\t\t\t<\/div>\n\t\t<\/div>\n\t\t\t\t\t<\/div>\n\t\t<\/section>\n\t\t\t\t<section class=\"elementor-section elementor-inner-section elementor-element elementor-element-1ef3fbee elementor-section-boxed elementor-section-height-default elementor-section-height-default\" data-id=\"1ef3fbee\" data-element_type=\"section\" data-e-type=\"section\">\n\t\t\t\t\t\t<div class=\"elementor-container elementor-column-gap-no\">\n\t\t\t\t\t<div class=\"elementor-column elementor-col-100 elementor-inner-column elementor-element elementor-element-6d1aaddd\" data-id=\"6d1aaddd\" data-element_type=\"column\" data-e-type=\"column\">\n\t\t\t<div class=\"elementor-widget-wrap elementor-element-populated\">\n\t\t\t\t\t\t<div class=\"elementor-element elementor-element-5adc2cf5 elementor-widget__width-initial elementor-invisible elementor-widget elementor-widget-heading\" data-id=\"5adc2cf5\" data-element_type=\"widget\" data-e-type=\"widget\" data-settings=\"{&quot;_animation&quot;:&quot;slideInUp&quot;,&quot;_animation_delay&quot;:300}\" data-widget_type=\"heading.default\">\n\t\t\t\t<div class=\"elementor-widget-container\">\n\t\t\t\t\t<h1 class=\"elementor-heading-title elementor-size-default\">Malet\u00edn de transporte<\/h1>\t\t\t\t<\/div>\n\t\t\t\t<\/div>\n\t\t\t\t<div class=\"elementor-element elementor-element-5543dcc8 elementor-widget elementor-widget-heading\" data-id=\"5543dcc8\" data-element_type=\"widget\" data-e-type=\"widget\" data-widget_type=\"heading.default\">\n\t\t\t\t<div class=\"elementor-widget-container\">\n\t\t\t\t\t<div class=\"elementor-heading-title elementor-size-default\">\u00bfQu\u00e9 modelos de juegos se ajustan a nuestras fundas A-Cases?<\/div>\t\t\t\t<\/div>\n\t\t\t\t<\/div>\n\t\t\t\t\t<\/div>\n\t\t<\/div>\n\t\t\t\t\t<\/div>\n\t\t<\/section>\n\t\t\t\t<div class=\"elementor-element elementor-element-210a4ecc elementor-widget-divider--view-line elementor-widget elementor-widget-divider\" data-id=\"210a4ecc\" data-element_type=\"widget\" data-e-type=\"widget\" data-widget_type=\"divider.default\">\n\t\t\t\t<div class=\"elementor-widget-container\">\n\t\t\t\t\t\t\t<div class=\"elementor-divider\">\n\t\t\t<span class=\"elementor-divider-separator\">\n\t\t\t\t\t\t<\/span>\n\t\t<\/div>\n\t\t\t\t\t\t<\/div>\n\t\t\t\t<\/div>\n\t\t\t\t\t<\/div>\n\t\t<\/div>\n\t\t\t\t<div class=\"elementor-column elementor-col-50 elementor-top-column elementor-element elementor-element-18643ead\" data-id=\"18643ead\" data-element_type=\"column\" data-e-type=\"column\">\n\t\t\t<div class=\"elementor-widget-wrap\">\n\t\t\t\t\t\t\t<\/div>\n\t\t<\/div>\n\t\t\t\t\t<\/div>\n\t\t<\/section>\n\t\t\t\t<section class=\"elementor-section elementor-top-section elementor-element elementor-element-51555596 elementor-section-full_width elementor-section-height-default elementor-section-height-default\" data-id=\"51555596\" data-element_type=\"section\" data-e-type=\"section\">\n\t\t\t\t\t\t<div class=\"elementor-container elementor-column-gap-wider\">\n\t\t\t\t\t<div class=\"elementor-column elementor-col-50 elementor-top-column elementor-element elementor-element-5347d0da\" data-id=\"5347d0da\" data-element_type=\"column\" data-e-type=\"column\" data-settings=\"{&quot;background_background&quot;:&quot;classic&quot;}\">\n\t\t\t<div class=\"elementor-widget-wrap elementor-element-populated\">\n\t\t\t\t\t<div class=\"elementor-background-overlay\"><\/div>\n\t\t\t\t\t\t<div class=\"elementor-element elementor-element-11f7d582 elementor-widget elementor-widget-text-editor\" data-id=\"11f7d582\" data-element_type=\"widget\" data-e-type=\"widget\" data-widget_type=\"text-editor.default\">\n\t\t\t\t<div class=\"elementor-widget-container\">\n\t\t\t\t\t\t\t\t\t<a href=\"https:\/\/shop.army-case.com\/carry-case\/warhammer-40k\/\">Malet\u00edn de transporte Warhammer 40k<\/a><br><a href=\"https:\/\/shop.army-case.com\/carry-case\/warhammer-underworlds\/\">Malet\u00edn de transporte para Warhammer Underworlds<\/a><br><a href=\"https:\/\/shop.army-case.com\/carry-case\/warhammer-quest-blackstone-fortress\/\">Malet\u00edn de transporte Warhammer Quest Fortaleza de Blackstone<\/a><br><a href=\"https:\/\/shop.army-case.com\/carry-case\/age-of-sigmar\/\">Malet\u00edn de transporte Age of Sigmar<\/a><br><a href=\"https:\/\/shop.army-case.com\/carry-case\/lego-dimensions\/\"> Malet\u00edn de transporte Lego Dimensions<\/a><br><a href=\"https:\/\/shop.army-case.com\/carry-case\/citadel-skirmish\/\">Malet\u00edn de transporte Citadel Skirmish<\/a><br><a href=\"https:\/\/shop.army-case.com\/carry-case\/subbuteo\/\">Malet\u00edn de transporte Subbuteo<\/a><br><a href=\"https:\/\/shop.army-case.com\/carry-case\/battletech\/\">Malet\u00edn de transporte Battletech<\/a><br><a href=\"https:\/\/shop.army-case.com\/carry-case\/necron\/\">Malet\u00edn de transporte Necron<\/a><br><a href=\"https:\/\/shop.army-case.com\/carry-case\/dungeons-and-dragons\/\">Malet\u00edn para Dungeons &amp; Dragons<\/a><br><a href=\"https:\/\/shop.army-case.com\/carry-case\/crusader\/\">Malet\u00edn de transporte Crusader<\/a><br><a href=\"https:\/\/shop.army-case.com\/carry-case\/flames-of-war\/\">Estuche para Flames of War<\/a><br><a href=\"https:\/\/shop.army-case.com\/carry-case\/privateer-press\/\">Malet\u00edn de transporte Privateer Press<\/a>\t\t\t\t\t\t\t\t<\/div>\n\t\t\t\t<\/div>\n\t\t\t\t\t<\/div>\n\t\t<\/div>\n\t\t\t\t<div class=\"elementor-column elementor-col-50 elementor-top-column elementor-element elementor-element-51dec985\" data-id=\"51dec985\" data-element_type=\"column\" data-e-type=\"column\" data-settings=\"{&quot;background_background&quot;:&quot;classic&quot;}\">\n\t\t\t<div class=\"elementor-widget-wrap elementor-element-populated\">\n\t\t\t\t\t<div class=\"elementor-background-overlay\"><\/div>\n\t\t\t\t\t\t<div class=\"elementor-element elementor-element-7e1dbaf4 elementor-widget elementor-widget-text-editor\" data-id=\"7e1dbaf4\" data-element_type=\"widget\" data-e-type=\"widget\" data-widget_type=\"text-editor.default\">\n\t\t\t\t<div class=\"elementor-widget-container\">\n\t\t\t\t\t\t\t\t\t<a href=\"https:\/\/shop.army-case.com\/carry-case\/privateer-press\/\">Malet\u00edn de transporte Privateer Press<\/a><br><a href=\"https:\/\/shop.army-case.com\/carry-case\/kill-team\/\">Malet\u00edn de transporte para equipo de asalto<\/a><br><a href=\"https:\/\/shop.army-case.com\/carry-case\/star-wars-armada\/\">Malet\u00edn de transporte Star Wars Armada<\/a><br><a href=\"https:\/\/shop.army-case.com\/carry-case\/zombicide\/\">Malet\u00edn de transporte Zombicide<\/a><br><a href=\"https:\/\/shop.army-case.com\/carry-case\/blood-bowl\/\">Malet\u00edn para Blood Bowl<\/a><br><a href=\"https:\/\/shop.army-case.com\/carry-case\/battletech\/\">Malet\u00edn de transporte Battletech<\/a><br><a href=\"https:\/\/shop.army-case.com\/carry-case\/hordes\/\">Malet\u00edn de transporte Hordes<\/a><br><a href=\"https:\/\/shop.army-case.com\/carry-case\/krosmaster\/\">Malet\u00edn de transporte Krosmaster<\/a><br><a href=\"https:\/\/shop.army-case.com\/carry-case\/mailfaux\/\">Malet\u00edn de transporte Mailfauxa<\/a><br><a href=\"https:\/\/shop.army-case.com\/carry-case\/monsterpocalypse\/\">Malet\u00edn de transporte Monsterpocalypse<\/a>\n<a href=\"https:\/\/shop.army-case.com\/carry-case\/necromunda\/\">Malet\u00edn de transporte Necromunda<\/a><br><a href=\"https:\/\/shop.army-case.com\/carry-case\/nightvault\/\">Malet\u00edn de transporte Nightvault<\/a><br><a href=\"https:\/\/shop.army-case.com\/carry-case\/warcry\/\">Estuche de transporte Warcry<\/a><br><a href=\"https:\/\/shop.army-case.com\/carry-case\/warmachine\/\">Malet\u00edn de transporte Warmachine<\/a>\t\t\t\t\t\t\t\t<\/div>\n\t\t\t\t<\/div>\n\t\t\t\t\t<\/div>\n\t\t<\/div>\n\t\t\t\t\t<\/div>\n\t\t<\/section>\n\t\t\t\t<section class=\"elementor-section elementor-top-section elementor-element elementor-element-60934be5 elementor-section-full_width elementor-section-height-default elementor-section-height-default\" data-id=\"60934be5\" data-element_type=\"section\" data-e-type=\"section\">\n\t\t\t\t\t\t<div class=\"elementor-container elementor-column-gap-no\">\n\t\t\t\t\t<div class=\"elementor-column elementor-col-100 elementor-top-column elementor-element elementor-element-7de5a95b\" data-id=\"7de5a95b\" data-element_type=\"column\" data-e-type=\"column\">\n\t\t\t<div class=\"elementor-widget-wrap elementor-element-populated\">\n\t\t\t\t\t\t<div class=\"elementor-element elementor-element-1b40de11 elementor-widget-divider--view-line_icon elementor-view-default elementor-widget-divider--element-align-center elementor-widget elementor-widget-divider\" data-id=\"1b40de11\" data-element_type=\"widget\" data-e-type=\"widget\" data-widget_type=\"divider.default\">\n\t\t\t\t<div class=\"elementor-widget-container\">\n\t\t\t\t\t\t\t<div class=\"elementor-divider\">\n\t\t\t<span class=\"elementor-divider-separator\">\n\t\t\t\t\t\t\t<div class=\"elementor-icon elementor-divider__element\">\n\t\t\t\t\t<i aria-hidden=\"true\" class=\"icon dticon-bicycle-outline\"><\/i><\/div>\n\t\t\t\t\t\t<\/span>\n\t\t<\/div>\n\t\t\t\t\t\t<\/div>\n\t\t\t\t<\/div>\n\t\t\t\t\t<\/div>\n\t\t<\/div>\n\t\t\t\t\t<\/div>\n\t\t<\/section>\n\t\t\t\t<\/div>\n\t\t","protected":false},"excerpt":{"rendered":"<p>Tienda Army-Case Malet\u00edn de transporte \u00bfQu\u00e9 modelos de juegos se ajustan a nuestras fundas A-Cases? Malet\u00edn de transporte Warhammer 40kMalet\u00edn de transporte para Warhammer UnderworldsMalet\u00edn de transporte Warhammer Quest Fortaleza de BlackstoneMalet\u00edn de transporte Age of Sigmar Malet\u00edn de transporte Lego DimensionsMalet\u00edn de transporte Citadel SkirmishMalet\u00edn de transporte SubbuteoMalet\u00edn de transporte BattletechMalet\u00edn de transporte NecronMalet\u00edn [&hellip;]<\/p>\n","protected":false},"author":765,"featured_media":0,"parent":0,"menu_order":0,"comment_status":"closed","ping_status":"closed","template":"","meta":{"footnotes":""},"class_list":["post-25664","page","type-page","status-publish","hentry"],"yoast_head":"<!-- This site is optimized with the Yoast SEO plugin v26.9 - https:\/\/yoast.com\/product\/yoast-seo-wordpress\/ -->\n<title>Malet\u00edn de transporte - \u00bfPara qu\u00e9 juegos son aptas las cajas A-Case? | \u00a1Consulte la lista!<\/title>\n<meta name=\"robots\" content=\"index, follow, max-snippet:-1, max-image-preview:large, max-video-preview:-1\" \/>\n<link rel=\"canonical\" href=\"https:\/\/shop.army-case.com\/es\/maletin-de-transporte\/\" \/>\n<meta property=\"og:locale\" content=\"es_ES\" \/>\n<meta property=\"og:type\" content=\"article\" \/>\n<meta property=\"og:title\" content=\"Malet\u00edn de transporte - \u00bfPara qu\u00e9 juegos son aptas las cajas A-Case? | \u00a1Consulte la lista!\" \/>\n<meta property=\"og:description\" content=\"Tienda Army-Case Malet\u00edn de transporte \u00bfQu\u00e9 modelos de juegos se ajustan a nuestras fundas A-Cases? Malet\u00edn de transporte Warhammer 40kMalet\u00edn de transporte para Warhammer UnderworldsMalet\u00edn de transporte Warhammer Quest Fortaleza de BlackstoneMalet\u00edn de transporte Age of Sigmar Malet\u00edn de transporte Lego DimensionsMalet\u00edn de transporte Citadel SkirmishMalet\u00edn de transporte SubbuteoMalet\u00edn de transporte BattletechMalet\u00edn de transporte NecronMalet\u00edn [&hellip;]\" \/>\n<meta property=\"og:url\" content=\"https:\/\/shop.army-case.com\/es\/maletin-de-transporte\/\" \/>\n<meta property=\"og:site_name\" content=\"A-Case\" \/>\n<meta property=\"article:publisher\" content=\"https:\/\/www.facebook.com\/armycase\/\" \/>\n<meta property=\"article:modified_time\" content=\"2026-01-28T09:20:26+00:00\" \/>\n<meta name=\"twitter:card\" content=\"summary_large_image\" \/>\n<meta name=\"twitter:label1\" content=\"Tiempo de lectura\" \/>\n\t<meta name=\"twitter:data1\" content=\"1 minuto\" \/>\n<script type=\"application\/ld+json\" class=\"yoast-schema-graph\">{\"@context\":\"https:\/\/schema.org\",\"@graph\":[{\"@type\":\"WebPage\",\"@id\":\"https:\/\/shop.army-case.com\/es\/maletin-de-transporte\/\",\"url\":\"https:\/\/shop.army-case.com\/es\/maletin-de-transporte\/\",\"name\":\"Malet\u00edn de transporte - \u00bfPara qu\u00e9 juegos son aptas las cajas A-Case? | \u00a1Consulte la lista!\",\"isPartOf\":{\"@id\":\"https:\/\/shop.army-case.com\/es\/#website\"},\"datePublished\":\"2026-01-28T09:20:25+00:00\",\"dateModified\":\"2026-01-28T09:20:26+00:00\",\"breadcrumb\":{\"@id\":\"https:\/\/shop.army-case.com\/es\/maletin-de-transporte\/#breadcrumb\"},\"inLanguage\":\"es\",\"potentialAction\":[{\"@type\":\"ReadAction\",\"target\":[\"https:\/\/shop.army-case.com\/es\/maletin-de-transporte\/\"]}]},{\"@type\":\"BreadcrumbList\",\"@id\":\"https:\/\/shop.army-case.com\/es\/maletin-de-transporte\/#breadcrumb\",\"itemListElement\":[{\"@type\":\"ListItem\",\"position\":1,\"name\":\"Home\",\"item\":\"https:\/\/shop.army-case.com\/es\/tienda-army-case\/\"},{\"@type\":\"ListItem\",\"position\":2,\"name\":\"Malet\u00edn de transporte\"}]},{\"@type\":\"WebSite\",\"@id\":\"https:\/\/shop.army-case.com\/es\/#website\",\"url\":\"https:\/\/shop.army-case.com\/es\/\",\"name\":\"A-Case\",\"description\":\"\",\"potentialAction\":[{\"@type\":\"SearchAction\",\"target\":{\"@type\":\"EntryPoint\",\"urlTemplate\":\"https:\/\/shop.army-case.com\/es\/?s={search_term_string}\"},\"query-input\":{\"@type\":\"PropertyValueSpecification\",\"valueRequired\":true,\"valueName\":\"search_term_string\"}}],\"inLanguage\":\"es\"}]}<\/script>\n<!-- \/ Yoast SEO plugin. -->","yoast_head_json":{"title":"Malet\u00edn de transporte - \u00bfPara qu\u00e9 juegos son aptas las cajas A-Case? | \u00a1Consulte la lista!","robots":{"index":"index","follow":"follow","max-snippet":"max-snippet:-1","max-image-preview":"max-image-preview:large","max-video-preview":"max-video-preview:-1"},"canonical":"https:\/\/shop.army-case.com\/es\/maletin-de-transporte\/","og_locale":"es_ES","og_type":"article","og_title":"Malet\u00edn de transporte - \u00bfPara qu\u00e9 juegos son aptas las cajas A-Case? | \u00a1Consulte la lista!","og_description":"Tienda Army-Case Malet\u00edn de transporte \u00bfQu\u00e9 modelos de juegos se ajustan a nuestras fundas A-Cases? Malet\u00edn de transporte Warhammer 40kMalet\u00edn de transporte para Warhammer UnderworldsMalet\u00edn de transporte Warhammer Quest Fortaleza de BlackstoneMalet\u00edn de transporte Age of Sigmar Malet\u00edn de transporte Lego DimensionsMalet\u00edn de transporte Citadel SkirmishMalet\u00edn de transporte SubbuteoMalet\u00edn de transporte BattletechMalet\u00edn de transporte NecronMalet\u00edn [&hellip;]","og_url":"https:\/\/shop.army-case.com\/es\/maletin-de-transporte\/","og_site_name":"A-Case","article_publisher":"https:\/\/www.facebook.com\/armycase\/","article_modified_time":"2026-01-28T09:20:26+00:00","twitter_card":"summary_large_image","twitter_misc":{"Tiempo de lectura":"1 minuto"},"schema":{"@context":"https:\/\/schema.org","@graph":[{"@type":"WebPage","@id":"https:\/\/shop.army-case.com\/es\/maletin-de-transporte\/","url":"https:\/\/shop.army-case.com\/es\/maletin-de-transporte\/","name":"Malet\u00edn de transporte - \u00bfPara qu\u00e9 juegos son aptas las cajas A-Case? | \u00a1Consulte la lista!","isPartOf":{"@id":"https:\/\/shop.army-case.com\/es\/#website"},"datePublished":"2026-01-28T09:20:25+00:00","dateModified":"2026-01-28T09:20:26+00:00","breadcrumb":{"@id":"https:\/\/shop.army-case.com\/es\/maletin-de-transporte\/#breadcrumb"},"inLanguage":"es","potentialAction":[{"@type":"ReadAction","target":["https:\/\/shop.army-case.com\/es\/maletin-de-transporte\/"]}]},{"@type":"BreadcrumbList","@id":"https:\/\/shop.army-case.com\/es\/maletin-de-transporte\/#breadcrumb","itemListElement":[{"@type":"ListItem","position":1,"name":"Home","item":"https:\/\/shop.army-case.com\/es\/tienda-army-case\/"},{"@type":"ListItem","position":2,"name":"Malet\u00edn de transporte"}]},{"@type":"WebSite","@id":"https:\/\/shop.army-case.com\/es\/#website","url":"https:\/\/shop.army-case.com\/es\/","name":"A-Case","description":"","potentialAction":[{"@type":"SearchAction","target":{"@type":"EntryPoint","urlTemplate":"https:\/\/shop.army-case.com\/es\/?s={search_term_string}"},"query-input":{"@type":"PropertyValueSpecification","valueRequired":true,"valueName":"search_term_string"}}],"inLanguage":"es"}]}},"_links":{"self":[{"href":"https:\/\/shop.army-case.com\/es\/wp-json\/wp\/v2\/pages\/25664","targetHints":{"allow":["GET"]}}],"collection":[{"href":"https:\/\/shop.army-case.com\/es\/wp-json\/wp\/v2\/pages"}],"about":[{"href":"https:\/\/shop.army-case.com\/es\/wp-json\/wp\/v2\/types\/page"}],"author":[{"embeddable":true,"href":"https:\/\/shop.army-case.com\/es\/wp-json\/wp\/v2\/users\/765"}],"replies":[{"embeddable":true,"href":"https:\/\/shop.army-case.com\/es\/wp-json\/wp\/v2\/comments?post=25664"}],"version-history":[{"count":1,"href":"https:\/\/shop.army-case.com\/es\/wp-json\/wp\/v2\/pages\/25664\/revisions"}],"predecessor-version":[{"id":25665,"href":"https:\/\/shop.army-case.com\/es\/wp-json\/wp\/v2\/pages\/25664\/revisions\/25665"}],"wp:attachment":[{"href":"https:\/\/shop.army-case.com\/es\/wp-json\/wp\/v2\/media?parent=25664"}],"curies":[{"name":"wp","href":"https:\/\/api.w.org\/{rel}","templated":true}]}}