{"id":6315,"date":"2020-01-22T12:43:11","date_gmt":"2020-01-22T12:43:11","guid":{"rendered":"https:\/\/shop.army-case.com\/unkategorisiert\/kane-trays\/"},"modified":"2024-05-24T11:14:36","modified_gmt":"2024-05-24T11:14:36","slug":"kane-trays","status":"publish","type":"product","link":"https:\/\/shop.army-case.com\/de\/fallschalen\/kane-trays\/","title":{"rendered":"Kane-Tabletts"},"content":{"rendered":"<p>Lasergeschnittene und pulverbeschichtete Stahlschalen f\u00fcr A-Case<br \/>\nDer Kane<\/p>\n<p>Im Set enthalten:<\/p>\n<ul>\n<li>3 x Regalb\u00f6den aus pulverbeschichtetem Eisen <strong>schwarz<\/strong><\/li>\n<li>6 x Verriegelungsstifte<\/li>\n<\/ul>\n","protected":false},"excerpt":{"rendered":"<p>Lasergeschnittene und pulverbeschichtete Stahlschalen f\u00fcr A-Case Der Kane Im Set enthalten: 3 x Regalb\u00f6den aus pulverbeschichtetem Eisen schwarz 6 x Verriegelungsstifte<\/p>\n","protected":false},"featured_media":19501,"template":"","meta":[],"product_brand":[],"product_cat":[169],"product_tag":[],"class_list":{"0":"post-6315","1":"product","2":"type-product","3":"status-publish","4":"has-post-thumbnail","6":"product_cat-fallschalen","7":"product_shipping_class-kostenloser-versand","9":"first","10":"instock","11":"shipping-taxable","12":"purchasable","13":"product-type-simple"},"bundled_by":[],"bundle_stock_status":"instock","bundle_stock_quantity":null,"bundle_virtual":false,"bundle_layout":"","bundle_add_to_cart_form_location":"","bundle_editable_in_cart":false,"bundle_sold_individually_context":"","bundle_item_grouping":"","bundle_min_size":"","bundle_max_size":"","bundle_price":[],"bundled_items":[],"bundle_sell_ids":[],"exclude_global_add_ons":false,"addons":[{"name":"Magnete!","type":"checkbox","position":0,"required":false,"title_format":"label","default":"","description_enable":true,"description":"Wenn Sie Magnete im Inneren ben\u00f6tigen, \u00fcberpr\u00fcfen Sie die folgenden Optionen. Abmessungen - 5x2mm","placeholder_enable":false,"placeholder":"","display":"select","restrictions_type":"any_text","adjust_price":false,"price":"","price_type":"flat_fee","restrictions":false,"min":"0","max":"0","options":[{"label":"50 Neodym-Magnete","price":"30.15","price_type":"percentage_based","image":0,"visibility":true},{"label":"100 Neodym-Magnete","price":"50.25","price_type":"percentage_based","image":0,"visibility":true},{"label":"150 Neodym-Magnete","price":"67.84","price_type":"percentage_based","image":0,"visibility":true},{"label":"200 Neodym-Magnete","price":"80.40","price_type":"percentage_based","image":0,"visibility":true},{"label":"250 Neodym-Magnete","price":"113.07","price_type":"percentage_based","image":0,"visibility":true}],"id":1716549276}],"yoast_head":"<!-- This site is optimized with the Yoast SEO plugin v27.3 - https:\/\/yoast.com\/product\/yoast-seo-wordpress\/ -->\n<title>Kane-Tabletts - Lasergeschnittene und pulverbeschichtete<\/title>\n<meta name=\"description\" content=\"Entdecken Sie unsere Kane-Tabletts - lasergeschnittene und pulverbeschichtete Stahlschalen f\u00fcr Ihre A-Case. Inklusive 3 Regalb\u00f6den und 6...\" \/>\n<meta name=\"robots\" content=\"index, follow, max-snippet:-1, max-image-preview:large, max-video-preview:-1\" \/>\n<link rel=\"canonical\" href=\"https:\/\/shop.army-case.com\/de\/fallschalen\/kane-trays\/\" \/>\n<meta property=\"og:locale\" content=\"de_DE\" \/>\n<meta property=\"og:type\" content=\"article\" \/>\n<meta property=\"og:title\" content=\"Kane-Tabletts - Lasergeschnittene und pulverbeschichtete\" \/>\n<meta property=\"og:description\" content=\"Entdecken Sie unsere Kane-Tabletts - lasergeschnittene und pulverbeschichtete Stahlschalen f\u00fcr Ihre A-Case. Inklusive 3 Regalb\u00f6den und 6...\" \/>\n<meta property=\"og:url\" content=\"https:\/\/shop.army-case.com\/de\/fallschalen\/kane-trays\/\" \/>\n<meta property=\"og:site_name\" content=\"A-Case\" \/>\n<meta property=\"article:publisher\" content=\"https:\/\/www.facebook.com\/armycase\/\" \/>\n<meta property=\"article:modified_time\" content=\"2024-05-24T11:14:36+00:00\" \/>\n<meta property=\"og:image\" content=\"https:\/\/shop.army-case.com\/wp-content\/uploads\/2024\/04\/magnetic-trays-for-miniatures-messenger-2.png\" \/>\n\t<meta property=\"og:image:width\" content=\"1386\" \/>\n\t<meta property=\"og:image:height\" content=\"924\" \/>\n\t<meta property=\"og:image:type\" content=\"image\/png\" \/>\n<meta name=\"twitter:card\" content=\"summary_large_image\" \/>\n<meta name=\"twitter:label1\" content=\"Gesch\u00e4tzte Lesezeit\" \/>\n\t<meta name=\"twitter:data1\" content=\"1\u00a0Minute\" \/>\n<script type=\"application\/ld+json\" class=\"yoast-schema-graph\">{\"@context\":\"https:\\\/\\\/schema.org\",\"@graph\":[{\"@type\":\"WebPage\",\"@id\":\"https:\\\/\\\/shop.army-case.com\\\/de\\\/fallschalen\\\/kane-trays\\\/\",\"url\":\"https:\\\/\\\/shop.army-case.com\\\/de\\\/fallschalen\\\/kane-trays\\\/\",\"name\":\"Kane-Tabletts - Lasergeschnittene und pulverbeschichtete\",\"isPartOf\":{\"@id\":\"https:\\\/\\\/shop.army-case.com\\\/de\\\/#website\"},\"primaryImageOfPage\":{\"@id\":\"https:\\\/\\\/shop.army-case.com\\\/de\\\/fallschalen\\\/kane-trays\\\/#primaryimage\"},\"image\":{\"@id\":\"https:\\\/\\\/shop.army-case.com\\\/de\\\/fallschalen\\\/kane-trays\\\/#primaryimage\"},\"thumbnailUrl\":\"https:\\\/\\\/shop.army-case.com\\\/wp-content\\\/uploads\\\/2024\\\/04\\\/magnetic-trays-for-miniatures-messenger-2.png\",\"datePublished\":\"2020-01-22T12:43:11+00:00\",\"dateModified\":\"2024-05-24T11:14:36+00:00\",\"description\":\"Entdecken Sie unsere Kane-Tabletts - lasergeschnittene und pulverbeschichtete Stahlschalen f\u00fcr Ihre A-Case. Inklusive 3 Regalb\u00f6den und 6...\",\"breadcrumb\":{\"@id\":\"https:\\\/\\\/shop.army-case.com\\\/de\\\/fallschalen\\\/kane-trays\\\/#breadcrumb\"},\"inLanguage\":\"de\",\"potentialAction\":[{\"@type\":\"ReadAction\",\"target\":[\"https:\\\/\\\/shop.army-case.com\\\/de\\\/fallschalen\\\/kane-trays\\\/\"]}]},{\"@type\":\"ImageObject\",\"inLanguage\":\"de\",\"@id\":\"https:\\\/\\\/shop.army-case.com\\\/de\\\/fallschalen\\\/kane-trays\\\/#primaryimage\",\"url\":\"https:\\\/\\\/shop.army-case.com\\\/wp-content\\\/uploads\\\/2024\\\/04\\\/magnetic-trays-for-miniatures-messenger-2.png\",\"contentUrl\":\"https:\\\/\\\/shop.army-case.com\\\/wp-content\\\/uploads\\\/2024\\\/04\\\/magnetic-trays-for-miniatures-messenger-2.png\",\"width\":1386,\"height\":924,\"caption\":\"magnetic trays for miniatures messenger\"},{\"@type\":\"BreadcrumbList\",\"@id\":\"https:\\\/\\\/shop.army-case.com\\\/de\\\/fallschalen\\\/kane-trays\\\/#breadcrumb\",\"itemListElement\":[{\"@type\":\"ListItem\",\"position\":1,\"name\":\"Home\",\"item\":\"https:\\\/\\\/shop.army-case.com\\\/de\\\/\"},{\"@type\":\"ListItem\",\"position\":2,\"name\":\"Shop\",\"item\":\"https:\\\/\\\/shop.army-case.com\\\/de\\\/shop\\\/\"},{\"@type\":\"ListItem\",\"position\":3,\"name\":\"Kane-Tabletts\"}]},{\"@type\":\"WebSite\",\"@id\":\"https:\\\/\\\/shop.army-case.com\\\/de\\\/#website\",\"url\":\"https:\\\/\\\/shop.army-case.com\\\/de\\\/\",\"name\":\"A-Case\",\"description\":\"A-Case for your miniatures\",\"potentialAction\":[{\"@type\":\"SearchAction\",\"target\":{\"@type\":\"EntryPoint\",\"urlTemplate\":\"https:\\\/\\\/shop.army-case.com\\\/de\\\/?s={search_term_string}\"},\"query-input\":{\"@type\":\"PropertyValueSpecification\",\"valueRequired\":true,\"valueName\":\"search_term_string\"}}],\"inLanguage\":\"de\"}]}<\/script>\n<!-- \/ Yoast SEO plugin. -->","yoast_head_json":{"title":"Kane-Tabletts - Lasergeschnittene und pulverbeschichtete","description":"Entdecken Sie unsere Kane-Tabletts - lasergeschnittene und pulverbeschichtete Stahlschalen f\u00fcr Ihre A-Case. Inklusive 3 Regalb\u00f6den und 6...","robots":{"index":"index","follow":"follow","max-snippet":"max-snippet:-1","max-image-preview":"max-image-preview:large","max-video-preview":"max-video-preview:-1"},"canonical":"https:\/\/shop.army-case.com\/de\/fallschalen\/kane-trays\/","og_locale":"de_DE","og_type":"article","og_title":"Kane-Tabletts - Lasergeschnittene und pulverbeschichtete","og_description":"Entdecken Sie unsere Kane-Tabletts - lasergeschnittene und pulverbeschichtete Stahlschalen f\u00fcr Ihre A-Case. Inklusive 3 Regalb\u00f6den und 6...","og_url":"https:\/\/shop.army-case.com\/de\/fallschalen\/kane-trays\/","og_site_name":"A-Case","article_publisher":"https:\/\/www.facebook.com\/armycase\/","article_modified_time":"2024-05-24T11:14:36+00:00","og_image":[{"width":1386,"height":924,"url":"https:\/\/shop.army-case.com\/wp-content\/uploads\/2024\/04\/magnetic-trays-for-miniatures-messenger-2.png","type":"image\/png"}],"twitter_card":"summary_large_image","twitter_misc":{"Gesch\u00e4tzte Lesezeit":"1\u00a0Minute"},"schema":{"@context":"https:\/\/schema.org","@graph":[{"@type":"WebPage","@id":"https:\/\/shop.army-case.com\/de\/fallschalen\/kane-trays\/","url":"https:\/\/shop.army-case.com\/de\/fallschalen\/kane-trays\/","name":"Kane-Tabletts - Lasergeschnittene und pulverbeschichtete","isPartOf":{"@id":"https:\/\/shop.army-case.com\/de\/#website"},"primaryImageOfPage":{"@id":"https:\/\/shop.army-case.com\/de\/fallschalen\/kane-trays\/#primaryimage"},"image":{"@id":"https:\/\/shop.army-case.com\/de\/fallschalen\/kane-trays\/#primaryimage"},"thumbnailUrl":"https:\/\/shop.army-case.com\/wp-content\/uploads\/2024\/04\/magnetic-trays-for-miniatures-messenger-2.png","datePublished":"2020-01-22T12:43:11+00:00","dateModified":"2024-05-24T11:14:36+00:00","description":"Entdecken Sie unsere Kane-Tabletts - lasergeschnittene und pulverbeschichtete Stahlschalen f\u00fcr Ihre A-Case. Inklusive 3 Regalb\u00f6den und 6...","breadcrumb":{"@id":"https:\/\/shop.army-case.com\/de\/fallschalen\/kane-trays\/#breadcrumb"},"inLanguage":"de","potentialAction":[{"@type":"ReadAction","target":["https:\/\/shop.army-case.com\/de\/fallschalen\/kane-trays\/"]}]},{"@type":"ImageObject","inLanguage":"de","@id":"https:\/\/shop.army-case.com\/de\/fallschalen\/kane-trays\/#primaryimage","url":"https:\/\/shop.army-case.com\/wp-content\/uploads\/2024\/04\/magnetic-trays-for-miniatures-messenger-2.png","contentUrl":"https:\/\/shop.army-case.com\/wp-content\/uploads\/2024\/04\/magnetic-trays-for-miniatures-messenger-2.png","width":1386,"height":924,"caption":"magnetic trays for miniatures messenger"},{"@type":"BreadcrumbList","@id":"https:\/\/shop.army-case.com\/de\/fallschalen\/kane-trays\/#breadcrumb","itemListElement":[{"@type":"ListItem","position":1,"name":"Home","item":"https:\/\/shop.army-case.com\/de\/"},{"@type":"ListItem","position":2,"name":"Shop","item":"https:\/\/shop.army-case.com\/de\/shop\/"},{"@type":"ListItem","position":3,"name":"Kane-Tabletts"}]},{"@type":"WebSite","@id":"https:\/\/shop.army-case.com\/de\/#website","url":"https:\/\/shop.army-case.com\/de\/","name":"A-Case","description":"A-Case for your miniatures","potentialAction":[{"@type":"SearchAction","target":{"@type":"EntryPoint","urlTemplate":"https:\/\/shop.army-case.com\/de\/?s={search_term_string}"},"query-input":{"@type":"PropertyValueSpecification","valueRequired":true,"valueName":"search_term_string"}}],"inLanguage":"de"}]}},"_links":{"self":[{"href":"https:\/\/shop.army-case.com\/de\/wp-json\/wp\/v2\/product\/6315","targetHints":{"allow":["GET"]}}],"collection":[{"href":"https:\/\/shop.army-case.com\/de\/wp-json\/wp\/v2\/product"}],"about":[{"href":"https:\/\/shop.army-case.com\/de\/wp-json\/wp\/v2\/types\/product"}],"version-history":[{"count":0,"href":"https:\/\/shop.army-case.com\/de\/wp-json\/wp\/v2\/product\/6315\/revisions"}],"wp:featuredmedia":[{"embeddable":true,"href":"https:\/\/shop.army-case.com\/de\/wp-json\/wp\/v2\/media\/19501"}],"wp:attachment":[{"href":"https:\/\/shop.army-case.com\/de\/wp-json\/wp\/v2\/media?parent=6315"}],"wp:term":[{"taxonomy":"product_brand","embeddable":true,"href":"https:\/\/shop.army-case.com\/de\/wp-json\/wp\/v2\/product_brand?post=6315"},{"taxonomy":"product_cat","embeddable":true,"href":"https:\/\/shop.army-case.com\/de\/wp-json\/wp\/v2\/product_cat?post=6315"},{"taxonomy":"product_tag","embeddable":true,"href":"https:\/\/shop.army-case.com\/de\/wp-json\/wp\/v2\/product_tag?post=6315"}],"curies":[{"name":"wp","href":"https:\/\/api.w.org\/{rel}","templated":true}]}}