{"id":5982,"date":"2019-12-20T09:44:32","date_gmt":"2019-12-20T09:44:32","guid":{"rendered":"https:\/\/shop.army-case.com\/unkategorisiert\/a-case-hybrid-the-kane\/"},"modified":"2026-04-10T17:08:34","modified_gmt":"2026-04-10T17:08:34","slug":"a-case-hybrid-the-kane","status":"publish","type":"product","link":"https:\/\/shop.army-case.com\/de\/miniaturkoffer\/a-case-hybrid-the-kane\/","title":{"rendered":"A-Case Hybrid The Kane (Rucksack)"},"content":{"rendered":"<p>Wahrscheinlich das gr\u00f6\u00dfte magnetische Miniaturgeh\u00e4use, das Sie je gesehen haben. Es ist buchst\u00e4blich RIESIG! Hergestellt aus leichten, hochwertigen Materialien, mit Stahlb\u00f6den, auf die Sie Magnetf\u00fc\u00dfe kleben k\u00f6nnen. Perfekt f\u00fcr alle Arten von Miniaturen. Je nach Spiel speichert bis zu ein paar tausend Punkte Armeen.<\/p>\n<p>Im A-Case Hybrid enthalten: Das Kane-Set:<\/p>\n<ul>\n<li>Leichter und langlebiger Rahmen aus <strong>pulverbeschichtetem Aluminium in Schwarz<\/strong><\/li>\n<li>3 x <strong>Regalb\u00f6den aus<\/strong> pulverbeschichtetem Stahl schwarz<\/li>\n<li>6 x Verriegelungsstifte<\/li>\n<li>Hochwertige Polyestertasche in gew\u00e4hlter Farbe mit Velcro Riemen f\u00fcr die Aufn\u00e4her<\/li>\n<li>Tragegurte (Rucksack)<\/li>\n<li>Taschen f\u00fcr Zubeh\u00f6r<\/li>\n<li>50 x leistungsstarke Neodym-Magnete (5&#215;2 mm)<\/li>\n<\/ul>\n<p>Au\u00dfenma\u00dfe:<\/p>\n<ul>\n<li>H\u00f6he: 56cm \/ 21&#8243;<\/li>\n<li>Breite: 39,5cm \/ 15&#8243;<\/li>\n<li>Tiefe: 24cm \/ 9,44&#8243;<\/li>\n<\/ul>\n<p>Au\u00dfenma\u00dfe des Geh\u00e4uses:<\/p>\n<ul>\n<li>H\u00f6he: 55cm<\/li>\n<li>Breite: 39cm<\/li>\n<li>Tiefe: 21,5cm<\/li>\n<\/ul>\n<p>Innenma\u00dfe des Geh\u00e4uses:<\/p>\n<ul>\n<li>H\u00f6he: 54,5cm (untere Ablage bis Oberseite des Geh\u00e4uses)<\/li>\n<li>Breite: 35cm<\/li>\n<li>Tiefe: 21,5cm<\/li>\n<\/ul>\n<p>Abmessungen des Tabletts:<\/p>\n<ul>\n<li>Breite: 36,8cm<\/li>\n<li>Tiefe: 20,9cm<\/li>\n<\/ul>\n<p>Bitte beachten Sie, dass diese Trays nur f\u00fcr A-CASE Hybrid Kane geeignet sind und nicht f\u00fcr andere A-Case-Modelle.<\/p>\n<p>Die oben genannten Ma\u00dfe sind Richtwerte.<\/p>\n<p><strong>Gewicht:<\/strong> 4,4 kg<\/p>\n<h6>ALLE GEZEIGTEN BILDER DIENEN NUR ZUR VERANSCHAULICHUNG. DAS TATS\u00c4CHLICHE PRODUKT KANN AUFGRUND VON PRODUKTVERBESSERUNGEN VARIIEREN.<\/h6>\n","protected":false},"excerpt":{"rendered":"<p>Wahrscheinlich das gr\u00f6\u00dfte magnetische Miniaturgeh\u00e4use, das Sie je gesehen haben. Es ist buchst\u00e4blich RIESIG! Hergestellt aus leichten, hochwertigen Materialien, mit Stahlb\u00f6den, auf die Sie Magnetf\u00fc\u00dfe kleben k\u00f6nnen. Perfekt f\u00fcr alle Arten von Miniaturen. Je nach Spiel speichert bis zu ein paar tausend Punkte Armeen.<\/p>\n<p><span style=\"color: #00bf56;\">KOSTENLOSER Versand inklusive &#8211; Weltweit!<\/span><\/p>\n<p><strong><a href=\"https:\/\/www.youtube.com\/watch?v=5uj6a4dgGA8\" rel=\"noreferrer noopener\">MONTAGEANLEITUNG<\/a><\/strong><\/p>\n<p><a href=\"https:\/\/www.facebook.com\/777101562375026\/videos\/1221465458061956\" rel=\"noreferrer noopener\"><strong>So befestigen Sie Pins an Tabletts<\/strong><\/a><\/p>\n","protected":false},"featured_media":19417,"template":"","meta":[],"product_brand":[],"product_cat":[141],"product_tag":[],"class_list":{"0":"post-5982","1":"product","2":"type-product","3":"status-publish","4":"has-post-thumbnail","6":"product_cat-miniaturkoffer","7":"product_shipping_class-kostenloser-versand","9":"first","10":"instock","11":"purchasable","12":"product-type-variable"},"bundled_by":[],"bundle_stock_status":"instock","bundle_stock_quantity":null,"bundle_virtual":false,"bundle_layout":"","bundle_add_to_cart_form_location":"","bundle_editable_in_cart":false,"bundle_sold_individually_context":"","bundle_item_grouping":"","bundle_min_size":"","bundle_max_size":"","bundle_price":[],"bundled_items":[],"bundle_sell_ids":[],"exclude_global_add_ons":false,"addons":[{"name":"Zus\u00e4tzliche Optionen","type":"checkbox","position":0,"required":false,"title_format":"label","default":"","description_enable":true,"description":"Kane wird mit drei Einlegeb\u00f6den geliefert und ist standardm\u00e4\u00dfig nicht zusammengebaut. Wenn Sie mehr Regale im Inneren ben\u00f6tigen, \u00fcberpr\u00fcfen Sie die folgenden Optionen.\r\n<b><span style=\"color:#F31C4D\">Im Ernst, wir empfehlen dringend, zus\u00e4tzliche Tabletts mitzunehmen, um die wahre Kraft von Kane zu nutzen!<\/span><\/b>","placeholder_enable":false,"placeholder":"","display":"select","restrictions_type":"any_text","adjust_price":false,"price":"","price_type":"flat_fee","restrictions":false,"min":"0","max":"0","options":[{"label":"+3 zus\u00e4tzliche Einlegeb\u00f6den","price":"11.36","price_type":"percentage_based","image":0,"visibility":true}],"id":1716544813},{"name":"Magnete!","type":"checkbox","position":1,"required":false,"title_format":"label","default":"","description_enable":true,"description":"Wenn Sie Magnete im Inneren ben\u00f6tigen, \u00fcberpr\u00fcfen Sie die folgenden Optionen. Abmessungen - 5x2mm","placeholder_enable":false,"placeholder":"","display":"select","restrictions_type":"any_text","adjust_price":false,"price":"","price_type":"flat_fee","restrictions":false,"min":"0","max":"0","options":[{"label":"50 Neodym-Magnete","price":"4.4","price_type":"percentage_based","image":0,"visibility":true},{"label":"100 Neodym-Magnete","price":"7.3","price_type":"percentage_based","image":0,"visibility":true},{"label":"150 Neodym-Magnete","price":"10","price_type":"percentage_based","image":0,"visibility":true},{"label":"200 Neodym-Magnete","price":"12","price_type":"percentage_based","image":0,"visibility":true},{"label":"250 Neodym-Magnete","price":"16.4","price_type":"percentage_based","image":0,"visibility":true}],"id":1716544814}],"yoast_head":"<!-- This site is optimized with the Yoast SEO plugin v27.3 - https:\/\/yoast.com\/product\/yoast-seo-wordpress\/ -->\n<title>A-Case Hybrid The Kane (Rucksack) &#8211; Buchst\u00e4blich RIESIGER Fall<\/title>\n<meta name=\"description\" content=\"Haben Sie schon einmal einen Miniaturkoffer gesehen, der bis zu Tausenden von Minis aufnehmen kann? Nein? Dann schau dir The Kane an. Es ist riesig, leicht - du brauchst es, wenn deine Armee riesig ist!\" \/>\n<meta name=\"robots\" content=\"index, follow, max-snippet:-1, max-image-preview:large, max-video-preview:-1\" \/>\n<link rel=\"canonical\" href=\"https:\/\/shop.army-case.com\/de\/miniaturkoffer\/a-case-hybrid-the-kane\/\" \/>\n<meta property=\"og:locale\" content=\"de_DE\" \/>\n<meta property=\"og:type\" content=\"article\" \/>\n<meta property=\"og:title\" content=\"A-Case Hybrid The Kane (Rucksack) &#8211; Buchst\u00e4blich RIESIGER Fall\" \/>\n<meta property=\"og:description\" content=\"Haben Sie schon einmal einen Miniaturkoffer gesehen, der bis zu Tausenden von Minis aufnehmen kann? Nein? Dann schau dir The Kane an. Es ist riesig, leicht - du brauchst es, wenn deine Armee riesig ist!\" \/>\n<meta property=\"og:url\" content=\"https:\/\/shop.army-case.com\/de\/miniaturkoffer\/a-case-hybrid-the-kane\/\" \/>\n<meta property=\"og:site_name\" content=\"A-Case\" \/>\n<meta property=\"article:publisher\" content=\"https:\/\/www.facebook.com\/armycase\/\" \/>\n<meta property=\"article:modified_time\" content=\"2026-04-10T17:08:34+00:00\" \/>\n<meta property=\"og:image\" content=\"https:\/\/shop.army-case.com\/wp-content\/uploads\/2024\/04\/magnetic-miniature-case-a-case-hybrid-the-kane-backpack.jpeg\" \/>\n\t<meta property=\"og:image:width\" content=\"1200\" \/>\n\t<meta property=\"og:image:height\" content=\"801\" \/>\n\t<meta property=\"og:image:type\" content=\"image\/jpeg\" \/>\n<meta name=\"twitter:card\" content=\"summary_large_image\" \/>\n<meta name=\"twitter:label1\" content=\"Gesch\u00e4tzte Lesezeit\" \/>\n\t<meta name=\"twitter:data1\" content=\"1\u00a0Minute\" \/>\n<script type=\"application\/ld+json\" class=\"yoast-schema-graph\">{\"@context\":\"https:\\\/\\\/schema.org\",\"@graph\":[{\"@type\":\"WebPage\",\"@id\":\"https:\\\/\\\/shop.army-case.com\\\/de\\\/miniaturkoffer\\\/a-case-hybrid-the-kane\\\/\",\"url\":\"https:\\\/\\\/shop.army-case.com\\\/de\\\/miniaturkoffer\\\/a-case-hybrid-the-kane\\\/\",\"name\":\"A-Case Hybrid The Kane (Rucksack) &#8211; Buchst\u00e4blich RIESIGER Fall\",\"isPartOf\":{\"@id\":\"https:\\\/\\\/shop.army-case.com\\\/de\\\/#website\"},\"primaryImageOfPage\":{\"@id\":\"https:\\\/\\\/shop.army-case.com\\\/de\\\/miniaturkoffer\\\/a-case-hybrid-the-kane\\\/#primaryimage\"},\"image\":{\"@id\":\"https:\\\/\\\/shop.army-case.com\\\/de\\\/miniaturkoffer\\\/a-case-hybrid-the-kane\\\/#primaryimage\"},\"thumbnailUrl\":\"https:\\\/\\\/shop.army-case.com\\\/wp-content\\\/uploads\\\/2024\\\/04\\\/magnetic-miniature-case-a-case-hybrid-the-kane-backpack.jpeg\",\"datePublished\":\"2019-12-20T09:44:32+00:00\",\"dateModified\":\"2026-04-10T17:08:34+00:00\",\"description\":\"Haben Sie schon einmal einen Miniaturkoffer gesehen, der bis zu Tausenden von Minis aufnehmen kann? Nein? Dann schau dir The Kane an. Es ist riesig, leicht - du brauchst es, wenn deine Armee riesig ist!\",\"breadcrumb\":{\"@id\":\"https:\\\/\\\/shop.army-case.com\\\/de\\\/miniaturkoffer\\\/a-case-hybrid-the-kane\\\/#breadcrumb\"},\"inLanguage\":\"de\",\"potentialAction\":[{\"@type\":\"ReadAction\",\"target\":[\"https:\\\/\\\/shop.army-case.com\\\/de\\\/miniaturkoffer\\\/a-case-hybrid-the-kane\\\/\"]}]},{\"@type\":\"ImageObject\",\"inLanguage\":\"de\",\"@id\":\"https:\\\/\\\/shop.army-case.com\\\/de\\\/miniaturkoffer\\\/a-case-hybrid-the-kane\\\/#primaryimage\",\"url\":\"https:\\\/\\\/shop.army-case.com\\\/wp-content\\\/uploads\\\/2024\\\/04\\\/magnetic-miniature-case-a-case-hybrid-the-kane-backpack.jpeg\",\"contentUrl\":\"https:\\\/\\\/shop.army-case.com\\\/wp-content\\\/uploads\\\/2024\\\/04\\\/magnetic-miniature-case-a-case-hybrid-the-kane-backpack.jpeg\",\"width\":1200,\"height\":801,\"caption\":\"magnetic miniature case a case hybrid the kane backpack\"},{\"@type\":\"BreadcrumbList\",\"@id\":\"https:\\\/\\\/shop.army-case.com\\\/de\\\/miniaturkoffer\\\/a-case-hybrid-the-kane\\\/#breadcrumb\",\"itemListElement\":[{\"@type\":\"ListItem\",\"position\":1,\"name\":\"Home\",\"item\":\"https:\\\/\\\/shop.army-case.com\\\/de\\\/\"},{\"@type\":\"ListItem\",\"position\":2,\"name\":\"Shop\",\"item\":\"https:\\\/\\\/shop.army-case.com\\\/de\\\/shop\\\/\"},{\"@type\":\"ListItem\",\"position\":3,\"name\":\"A-Case Hybrid The Kane (Rucksack)\"}]},{\"@type\":\"WebSite\",\"@id\":\"https:\\\/\\\/shop.army-case.com\\\/de\\\/#website\",\"url\":\"https:\\\/\\\/shop.army-case.com\\\/de\\\/\",\"name\":\"A-Case\",\"description\":\"A-Case for your miniatures\",\"potentialAction\":[{\"@type\":\"SearchAction\",\"target\":{\"@type\":\"EntryPoint\",\"urlTemplate\":\"https:\\\/\\\/shop.army-case.com\\\/de\\\/?s={search_term_string}\"},\"query-input\":{\"@type\":\"PropertyValueSpecification\",\"valueRequired\":true,\"valueName\":\"search_term_string\"}}],\"inLanguage\":\"de\"}]}<\/script>\n<!-- \/ Yoast SEO plugin. -->","yoast_head_json":{"title":"A-Case Hybrid The Kane (Rucksack) &#8211; Buchst\u00e4blich RIESIGER Fall","description":"Haben Sie schon einmal einen Miniaturkoffer gesehen, der bis zu Tausenden von Minis aufnehmen kann? Nein? Dann schau dir The Kane an. Es ist riesig, leicht - du brauchst es, wenn deine Armee riesig ist!","robots":{"index":"index","follow":"follow","max-snippet":"max-snippet:-1","max-image-preview":"max-image-preview:large","max-video-preview":"max-video-preview:-1"},"canonical":"https:\/\/shop.army-case.com\/de\/miniaturkoffer\/a-case-hybrid-the-kane\/","og_locale":"de_DE","og_type":"article","og_title":"A-Case Hybrid The Kane (Rucksack) &#8211; Buchst\u00e4blich RIESIGER Fall","og_description":"Haben Sie schon einmal einen Miniaturkoffer gesehen, der bis zu Tausenden von Minis aufnehmen kann? Nein? Dann schau dir The Kane an. Es ist riesig, leicht - du brauchst es, wenn deine Armee riesig ist!","og_url":"https:\/\/shop.army-case.com\/de\/miniaturkoffer\/a-case-hybrid-the-kane\/","og_site_name":"A-Case","article_publisher":"https:\/\/www.facebook.com\/armycase\/","article_modified_time":"2026-04-10T17:08:34+00:00","og_image":[{"width":1200,"height":801,"url":"https:\/\/shop.army-case.com\/wp-content\/uploads\/2024\/04\/magnetic-miniature-case-a-case-hybrid-the-kane-backpack.jpeg","type":"image\/jpeg"}],"twitter_card":"summary_large_image","twitter_misc":{"Gesch\u00e4tzte Lesezeit":"1\u00a0Minute"},"schema":{"@context":"https:\/\/schema.org","@graph":[{"@type":"WebPage","@id":"https:\/\/shop.army-case.com\/de\/miniaturkoffer\/a-case-hybrid-the-kane\/","url":"https:\/\/shop.army-case.com\/de\/miniaturkoffer\/a-case-hybrid-the-kane\/","name":"A-Case Hybrid The Kane (Rucksack) &#8211; Buchst\u00e4blich RIESIGER Fall","isPartOf":{"@id":"https:\/\/shop.army-case.com\/de\/#website"},"primaryImageOfPage":{"@id":"https:\/\/shop.army-case.com\/de\/miniaturkoffer\/a-case-hybrid-the-kane\/#primaryimage"},"image":{"@id":"https:\/\/shop.army-case.com\/de\/miniaturkoffer\/a-case-hybrid-the-kane\/#primaryimage"},"thumbnailUrl":"https:\/\/shop.army-case.com\/wp-content\/uploads\/2024\/04\/magnetic-miniature-case-a-case-hybrid-the-kane-backpack.jpeg","datePublished":"2019-12-20T09:44:32+00:00","dateModified":"2026-04-10T17:08:34+00:00","description":"Haben Sie schon einmal einen Miniaturkoffer gesehen, der bis zu Tausenden von Minis aufnehmen kann? Nein? Dann schau dir The Kane an. Es ist riesig, leicht - du brauchst es, wenn deine Armee riesig ist!","breadcrumb":{"@id":"https:\/\/shop.army-case.com\/de\/miniaturkoffer\/a-case-hybrid-the-kane\/#breadcrumb"},"inLanguage":"de","potentialAction":[{"@type":"ReadAction","target":["https:\/\/shop.army-case.com\/de\/miniaturkoffer\/a-case-hybrid-the-kane\/"]}]},{"@type":"ImageObject","inLanguage":"de","@id":"https:\/\/shop.army-case.com\/de\/miniaturkoffer\/a-case-hybrid-the-kane\/#primaryimage","url":"https:\/\/shop.army-case.com\/wp-content\/uploads\/2024\/04\/magnetic-miniature-case-a-case-hybrid-the-kane-backpack.jpeg","contentUrl":"https:\/\/shop.army-case.com\/wp-content\/uploads\/2024\/04\/magnetic-miniature-case-a-case-hybrid-the-kane-backpack.jpeg","width":1200,"height":801,"caption":"magnetic miniature case a case hybrid the kane backpack"},{"@type":"BreadcrumbList","@id":"https:\/\/shop.army-case.com\/de\/miniaturkoffer\/a-case-hybrid-the-kane\/#breadcrumb","itemListElement":[{"@type":"ListItem","position":1,"name":"Home","item":"https:\/\/shop.army-case.com\/de\/"},{"@type":"ListItem","position":2,"name":"Shop","item":"https:\/\/shop.army-case.com\/de\/shop\/"},{"@type":"ListItem","position":3,"name":"A-Case Hybrid The Kane (Rucksack)"}]},{"@type":"WebSite","@id":"https:\/\/shop.army-case.com\/de\/#website","url":"https:\/\/shop.army-case.com\/de\/","name":"A-Case","description":"A-Case for your miniatures","potentialAction":[{"@type":"SearchAction","target":{"@type":"EntryPoint","urlTemplate":"https:\/\/shop.army-case.com\/de\/?s={search_term_string}"},"query-input":{"@type":"PropertyValueSpecification","valueRequired":true,"valueName":"search_term_string"}}],"inLanguage":"de"}]}},"_links":{"self":[{"href":"https:\/\/shop.army-case.com\/de\/wp-json\/wp\/v2\/product\/5982","targetHints":{"allow":["GET"]}}],"collection":[{"href":"https:\/\/shop.army-case.com\/de\/wp-json\/wp\/v2\/product"}],"about":[{"href":"https:\/\/shop.army-case.com\/de\/wp-json\/wp\/v2\/types\/product"}],"version-history":[{"count":0,"href":"https:\/\/shop.army-case.com\/de\/wp-json\/wp\/v2\/product\/5982\/revisions"}],"wp:featuredmedia":[{"embeddable":true,"href":"https:\/\/shop.army-case.com\/de\/wp-json\/wp\/v2\/media\/19417"}],"wp:attachment":[{"href":"https:\/\/shop.army-case.com\/de\/wp-json\/wp\/v2\/media?parent=5982"}],"wp:term":[{"taxonomy":"product_brand","embeddable":true,"href":"https:\/\/shop.army-case.com\/de\/wp-json\/wp\/v2\/product_brand?post=5982"},{"taxonomy":"product_cat","embeddable":true,"href":"https:\/\/shop.army-case.com\/de\/wp-json\/wp\/v2\/product_cat?post=5982"},{"taxonomy":"product_tag","embeddable":true,"href":"https:\/\/shop.army-case.com\/de\/wp-json\/wp\/v2\/product_tag?post=5982"}],"curies":[{"name":"wp","href":"https:\/\/api.w.org\/{rel}","templated":true}]}}