{"id":5974,"date":"2019-12-20T09:40:19","date_gmt":"2019-12-20T09:40:19","guid":{"rendered":"https:\/\/shop.army-case.com\/unkategorisiert\/a-case-hybrid-messenger\/"},"modified":"2026-03-01T14:42:47","modified_gmt":"2026-03-01T14:42:47","slug":"a-case-hybrid-messenger","status":"publish","type":"product","link":"https:\/\/shop.army-case.com\/de\/miniaturkoffer\/a-case-hybrid-messenger\/","title":{"rendered":"A-Case Hybrid-Messenger"},"content":{"rendered":"<p>Flugzeug Handgep\u00e4ck gro\u00dfer Miniaturkoffer f\u00fcr den Transport. Hergestellt aus leichten, hochwertigen Materialien, mit Stahlb\u00f6den, auf die Sie Magnetf\u00fc\u00dfe kleben k\u00f6nnen. Perfekt f\u00fcr alle Arten von Miniaturen. Je nach Spielspeicher bis zu ein paar tausend Punkte Armeen.<\/p>\n<p>Im A-Case Hybrid Messenger Set enthalten:<\/p>\n<ul>\n<li>Leichter und langlebiger Rahmen aus <strong>pulverbeschichtetem Aluminium in Schwarz<\/strong><\/li>\n<li>3 x <strong>Regalb\u00f6den aus<\/strong> pulverbeschichtetem Stahl schwarz<\/li>\n<li>6 x Verriegelungsstifte<\/li>\n<li>Hochwertige Polyestertasche mit Velcro Riemen f\u00fcr die Patches<\/li>\n<li>Tragriemen<\/li>\n<li>Tasche f\u00fcr Zubeh\u00f6r<\/li>\n<li>50 x leistungsstarke Neodym-Magnete (5&#215;2 mm)<\/li>\n<\/ul>\n<p>Au\u00dfenma\u00dfe:<\/p>\n<ul>\n<li>H\u00f6he: 31,5cm \/ 12,4&#8243;<\/li>\n<li>Breite: 40cm \/ 15,74&#8243;<\/li>\n<li>Tiefe: 21cm \/ 8,26&#8243;<\/li>\n<\/ul>\n<p>Au\u00dfenma\u00dfe des Geh\u00e4uses:<\/p>\n<ul>\n<li>H\u00f6he: 30,4cm<\/li>\n<li>Breite: 40cm<\/li>\n<li>Tiefe: 19,7cm<\/li>\n<\/ul>\n<p>Innenma\u00dfe des Geh\u00e4uses:<\/p>\n<ul>\n<li>H\u00f6he: 26,4cm (untere Ablage bis obere Geh\u00e4useseite)<\/li>\n<li>Breite: 35,5cm<\/li>\n<li>Tiefe: 19,2cm<\/li>\n<\/ul>\n<p>Abmessungen des Tabletts:<\/p>\n<ul>\n<li>Breite: 37,cm<\/li>\n<li>Tiefe: 18,9cm<\/li>\n<\/ul>\n<p>Die oben genannten Ma\u00dfe sind Richtwerte.<\/p>\n<p><strong>Gewicht:<\/strong> 2,45 kg<\/p>\n<p>Dieses Produkt wird unmontiert geliefert.<\/p>\n<h6>ALLE GEZEIGTEN BILDER DIENEN NUR ZUR VERANSCHAULICHUNG. DAS TATS\u00c4CHLICHE PRODUKT KANN AUFGRUND VON PRODUKTVERBESSERUNGEN VARIIEREN.<\/h6>\n","protected":false},"excerpt":{"rendered":"<p>Flugzeug Handgep\u00e4ck gro\u00dfer Miniaturkoffer f\u00fcr den Transport. Hergestellt aus leichten, hochwertigen Materialien, mit Stahlb\u00f6den, auf die Sie Magnetf\u00fc\u00dfe kleben k\u00f6nnen. Perfekt f\u00fcr alle Arten von Miniaturen. Je nach Spielspeicher bis zu ein paar tausend Punkte Armeen.<\/p>\n<p><span style=\"color: #00bf56;\">KOSTENLOSER Versand inklusive &#8211; Weltweit!<\/span><\/p>\n<p><strong><a href=\"https:\/\/www.youtube.com\/watch?v=5uj6a4dgGA8\">MONTAGEANLEITUNG<\/a><\/strong><\/p>\n<p><a href=\"https:\/\/www.facebook.com\/777101562375026\/videos\/1221465458061956\"><strong>So befestigen Sie Pins an Tabletts<\/strong><\/a><\/p>\n","protected":false},"featured_media":19452,"template":"","meta":[],"product_brand":[],"product_cat":[141],"product_tag":[],"class_list":{"0":"post-5974","1":"product","2":"type-product","3":"status-publish","4":"has-post-thumbnail","6":"product_cat-miniaturkoffer","7":"product_shipping_class-kostenloser-versand","9":"first","10":"instock","11":"purchasable","12":"product-type-variable"},"bundled_by":["15226"],"bundle_stock_status":"instock","bundle_stock_quantity":null,"bundle_virtual":false,"bundle_layout":"","bundle_add_to_cart_form_location":"","bundle_editable_in_cart":false,"bundle_sold_individually_context":"","bundle_item_grouping":"","bundle_min_size":"","bundle_max_size":"","bundle_price":[],"bundled_items":[],"bundle_sell_ids":[],"exclude_global_add_ons":false,"addons":[{"name":"Zus\u00e4tzliche Optionen","type":"checkbox","position":0,"required":false,"title_format":"label","default":"","description_enable":true,"description":"Der Messenger wird mit drei Einlegeb\u00f6den geliefert und ist standardm\u00e4\u00dfig nicht zusammengebaut. Wenn Sie mehr Regale im Inneren ben\u00f6tigen, \u00fcberpr\u00fcfen Sie die folgenden Optionen.","placeholder_enable":false,"placeholder":"","display":"select","restrictions_type":"any_text","adjust_price":false,"price":"","price_type":"flat_fee","restrictions":false,"min":"0","max":"0","options":[{"label":"+3 zus\u00e4tzliche Einlegeb\u00f6den","price":"11.36","price_type":"percentage_based","image":0,"visibility":true}],"id":1712299789},{"name":"Magnete!","type":"checkbox","position":1,"required":false,"title_format":"label","default":"","description_enable":true,"description":"Wenn Sie Magnete im Inneren ben\u00f6tigen, \u00fcberpr\u00fcfen Sie die folgenden Optionen. Abmessungen - 5x2mm","placeholder_enable":false,"placeholder":"","display":"select","restrictions_type":"any_text","adjust_price":false,"price":"","price_type":"flat_fee","restrictions":false,"min":"0","max":"0","options":[{"label":"50 Neodym-Magnete","price":"6","price_type":"percentage_based","image":0,"visibility":true},{"label":"100 Neodym-Magnete","price":"10","price_type":"percentage_based","image":0,"visibility":true},{"label":"150 Neodym-Magnete","price":"13.8","price_type":"percentage_based","image":0,"visibility":true},{"label":"200 Neodym-Magnete","price":"16","price_type":"percentage_based","image":0,"visibility":true},{"label":"250 Neodym-Magnete","price":"22.9","price_type":"percentage_based","image":0,"visibility":true}],"id":1712299790}],"yoast_head":"<!-- This site is optimized with the Yoast SEO plugin v27.3 - https:\/\/yoast.com\/product\/yoast-seo-wordpress\/ -->\n<title>A-Case Hybrid Messenger | Etui f\u00fcr deine Miniaturen | A-Koffer<\/title>\n<meta name=\"description\" content=\"Haben Sie schon einmal ein magnetisches Miniaturgeh\u00e4use gesehen? Schauen Sie sich unsere A-Case-Produkte an! Warten Sie nicht, kaufen Sie jetzt einen. Schauen Sie sich an, wie gro\u00dfartig der Messenger ist!\" \/>\n<meta name=\"robots\" content=\"index, follow, max-snippet:-1, max-image-preview:large, max-video-preview:-1\" \/>\n<link rel=\"canonical\" href=\"https:\/\/shop.army-case.com\/de\/miniaturkoffer\/a-case-hybrid-messenger\/\" \/>\n<meta property=\"og:locale\" content=\"de_DE\" \/>\n<meta property=\"og:type\" content=\"article\" \/>\n<meta property=\"og:title\" content=\"A-Case Hybrid Messenger | Etui f\u00fcr deine Miniaturen | A-Koffer\" \/>\n<meta property=\"og:description\" content=\"Haben Sie schon einmal ein magnetisches Miniaturgeh\u00e4use gesehen? Schauen Sie sich unsere A-Case-Produkte an! Warten Sie nicht, kaufen Sie jetzt einen. Schauen Sie sich an, wie gro\u00dfartig der Messenger ist!\" \/>\n<meta property=\"og:url\" content=\"https:\/\/shop.army-case.com\/de\/miniaturkoffer\/a-case-hybrid-messenger\/\" \/>\n<meta property=\"og:site_name\" content=\"A-Case\" \/>\n<meta property=\"article:publisher\" content=\"https:\/\/www.facebook.com\/armycase\/\" \/>\n<meta property=\"article:modified_time\" content=\"2026-03-01T14:42:47+00:00\" \/>\n<meta property=\"og:image\" content=\"https:\/\/shop.army-case.com\/wp-content\/uploads\/2024\/04\/magnetic-carrying-case-for-miniatures-a-case-hybrid-messenger.jpeg\" \/>\n\t<meta property=\"og:image:width\" content=\"1200\" \/>\n\t<meta property=\"og:image:height\" content=\"801\" \/>\n\t<meta property=\"og:image:type\" content=\"image\/jpeg\" \/>\n<meta name=\"twitter:card\" content=\"summary_large_image\" \/>\n<meta name=\"twitter:label1\" content=\"Gesch\u00e4tzte Lesezeit\" \/>\n\t<meta name=\"twitter:data1\" content=\"1\u00a0Minute\" \/>\n<script type=\"application\/ld+json\" class=\"yoast-schema-graph\">{\"@context\":\"https:\\\/\\\/schema.org\",\"@graph\":[{\"@type\":\"WebPage\",\"@id\":\"https:\\\/\\\/shop.army-case.com\\\/de\\\/miniaturkoffer\\\/a-case-hybrid-messenger\\\/\",\"url\":\"https:\\\/\\\/shop.army-case.com\\\/de\\\/miniaturkoffer\\\/a-case-hybrid-messenger\\\/\",\"name\":\"A-Case Hybrid Messenger | Etui f\u00fcr deine Miniaturen | A-Koffer\",\"isPartOf\":{\"@id\":\"https:\\\/\\\/shop.army-case.com\\\/de\\\/#website\"},\"primaryImageOfPage\":{\"@id\":\"https:\\\/\\\/shop.army-case.com\\\/de\\\/miniaturkoffer\\\/a-case-hybrid-messenger\\\/#primaryimage\"},\"image\":{\"@id\":\"https:\\\/\\\/shop.army-case.com\\\/de\\\/miniaturkoffer\\\/a-case-hybrid-messenger\\\/#primaryimage\"},\"thumbnailUrl\":\"https:\\\/\\\/shop.army-case.com\\\/wp-content\\\/uploads\\\/2024\\\/04\\\/magnetic-carrying-case-for-miniatures-a-case-hybrid-messenger.jpeg\",\"datePublished\":\"2019-12-20T09:40:19+00:00\",\"dateModified\":\"2026-03-01T14:42:47+00:00\",\"description\":\"Haben Sie schon einmal ein magnetisches Miniaturgeh\u00e4use gesehen? Schauen Sie sich unsere A-Case-Produkte an! Warten Sie nicht, kaufen Sie jetzt einen. Schauen Sie sich an, wie gro\u00dfartig der Messenger ist!\",\"breadcrumb\":{\"@id\":\"https:\\\/\\\/shop.army-case.com\\\/de\\\/miniaturkoffer\\\/a-case-hybrid-messenger\\\/#breadcrumb\"},\"inLanguage\":\"de\",\"potentialAction\":[{\"@type\":\"ReadAction\",\"target\":[\"https:\\\/\\\/shop.army-case.com\\\/de\\\/miniaturkoffer\\\/a-case-hybrid-messenger\\\/\"]}]},{\"@type\":\"ImageObject\",\"inLanguage\":\"de\",\"@id\":\"https:\\\/\\\/shop.army-case.com\\\/de\\\/miniaturkoffer\\\/a-case-hybrid-messenger\\\/#primaryimage\",\"url\":\"https:\\\/\\\/shop.army-case.com\\\/wp-content\\\/uploads\\\/2024\\\/04\\\/magnetic-carrying-case-for-miniatures-a-case-hybrid-messenger.jpeg\",\"contentUrl\":\"https:\\\/\\\/shop.army-case.com\\\/wp-content\\\/uploads\\\/2024\\\/04\\\/magnetic-carrying-case-for-miniatures-a-case-hybrid-messenger.jpeg\",\"width\":1200,\"height\":801,\"caption\":\"magnetic carrying case for miniatures a case hybrid messenger\"},{\"@type\":\"BreadcrumbList\",\"@id\":\"https:\\\/\\\/shop.army-case.com\\\/de\\\/miniaturkoffer\\\/a-case-hybrid-messenger\\\/#breadcrumb\",\"itemListElement\":[{\"@type\":\"ListItem\",\"position\":1,\"name\":\"Home\",\"item\":\"https:\\\/\\\/shop.army-case.com\\\/de\\\/\"},{\"@type\":\"ListItem\",\"position\":2,\"name\":\"Shop\",\"item\":\"https:\\\/\\\/shop.army-case.com\\\/de\\\/shop\\\/\"},{\"@type\":\"ListItem\",\"position\":3,\"name\":\"A-Case Hybrid-Messenger\"}]},{\"@type\":\"WebSite\",\"@id\":\"https:\\\/\\\/shop.army-case.com\\\/de\\\/#website\",\"url\":\"https:\\\/\\\/shop.army-case.com\\\/de\\\/\",\"name\":\"A-Case\",\"description\":\"A-Case for your miniatures\",\"potentialAction\":[{\"@type\":\"SearchAction\",\"target\":{\"@type\":\"EntryPoint\",\"urlTemplate\":\"https:\\\/\\\/shop.army-case.com\\\/de\\\/?s={search_term_string}\"},\"query-input\":{\"@type\":\"PropertyValueSpecification\",\"valueRequired\":true,\"valueName\":\"search_term_string\"}}],\"inLanguage\":\"de\"}]}<\/script>\n<!-- \/ Yoast SEO plugin. -->","yoast_head_json":{"title":"A-Case Hybrid Messenger | Etui f\u00fcr deine Miniaturen | A-Koffer","description":"Haben Sie schon einmal ein magnetisches Miniaturgeh\u00e4use gesehen? Schauen Sie sich unsere A-Case-Produkte an! Warten Sie nicht, kaufen Sie jetzt einen. Schauen Sie sich an, wie gro\u00dfartig der Messenger ist!","robots":{"index":"index","follow":"follow","max-snippet":"max-snippet:-1","max-image-preview":"max-image-preview:large","max-video-preview":"max-video-preview:-1"},"canonical":"https:\/\/shop.army-case.com\/de\/miniaturkoffer\/a-case-hybrid-messenger\/","og_locale":"de_DE","og_type":"article","og_title":"A-Case Hybrid Messenger | Etui f\u00fcr deine Miniaturen | A-Koffer","og_description":"Haben Sie schon einmal ein magnetisches Miniaturgeh\u00e4use gesehen? Schauen Sie sich unsere A-Case-Produkte an! Warten Sie nicht, kaufen Sie jetzt einen. Schauen Sie sich an, wie gro\u00dfartig der Messenger ist!","og_url":"https:\/\/shop.army-case.com\/de\/miniaturkoffer\/a-case-hybrid-messenger\/","og_site_name":"A-Case","article_publisher":"https:\/\/www.facebook.com\/armycase\/","article_modified_time":"2026-03-01T14:42:47+00:00","og_image":[{"width":1200,"height":801,"url":"https:\/\/shop.army-case.com\/wp-content\/uploads\/2024\/04\/magnetic-carrying-case-for-miniatures-a-case-hybrid-messenger.jpeg","type":"image\/jpeg"}],"twitter_card":"summary_large_image","twitter_misc":{"Gesch\u00e4tzte Lesezeit":"1\u00a0Minute"},"schema":{"@context":"https:\/\/schema.org","@graph":[{"@type":"WebPage","@id":"https:\/\/shop.army-case.com\/de\/miniaturkoffer\/a-case-hybrid-messenger\/","url":"https:\/\/shop.army-case.com\/de\/miniaturkoffer\/a-case-hybrid-messenger\/","name":"A-Case Hybrid Messenger | Etui f\u00fcr deine Miniaturen | A-Koffer","isPartOf":{"@id":"https:\/\/shop.army-case.com\/de\/#website"},"primaryImageOfPage":{"@id":"https:\/\/shop.army-case.com\/de\/miniaturkoffer\/a-case-hybrid-messenger\/#primaryimage"},"image":{"@id":"https:\/\/shop.army-case.com\/de\/miniaturkoffer\/a-case-hybrid-messenger\/#primaryimage"},"thumbnailUrl":"https:\/\/shop.army-case.com\/wp-content\/uploads\/2024\/04\/magnetic-carrying-case-for-miniatures-a-case-hybrid-messenger.jpeg","datePublished":"2019-12-20T09:40:19+00:00","dateModified":"2026-03-01T14:42:47+00:00","description":"Haben Sie schon einmal ein magnetisches Miniaturgeh\u00e4use gesehen? Schauen Sie sich unsere A-Case-Produkte an! Warten Sie nicht, kaufen Sie jetzt einen. Schauen Sie sich an, wie gro\u00dfartig der Messenger ist!","breadcrumb":{"@id":"https:\/\/shop.army-case.com\/de\/miniaturkoffer\/a-case-hybrid-messenger\/#breadcrumb"},"inLanguage":"de","potentialAction":[{"@type":"ReadAction","target":["https:\/\/shop.army-case.com\/de\/miniaturkoffer\/a-case-hybrid-messenger\/"]}]},{"@type":"ImageObject","inLanguage":"de","@id":"https:\/\/shop.army-case.com\/de\/miniaturkoffer\/a-case-hybrid-messenger\/#primaryimage","url":"https:\/\/shop.army-case.com\/wp-content\/uploads\/2024\/04\/magnetic-carrying-case-for-miniatures-a-case-hybrid-messenger.jpeg","contentUrl":"https:\/\/shop.army-case.com\/wp-content\/uploads\/2024\/04\/magnetic-carrying-case-for-miniatures-a-case-hybrid-messenger.jpeg","width":1200,"height":801,"caption":"magnetic carrying case for miniatures a case hybrid messenger"},{"@type":"BreadcrumbList","@id":"https:\/\/shop.army-case.com\/de\/miniaturkoffer\/a-case-hybrid-messenger\/#breadcrumb","itemListElement":[{"@type":"ListItem","position":1,"name":"Home","item":"https:\/\/shop.army-case.com\/de\/"},{"@type":"ListItem","position":2,"name":"Shop","item":"https:\/\/shop.army-case.com\/de\/shop\/"},{"@type":"ListItem","position":3,"name":"A-Case Hybrid-Messenger"}]},{"@type":"WebSite","@id":"https:\/\/shop.army-case.com\/de\/#website","url":"https:\/\/shop.army-case.com\/de\/","name":"A-Case","description":"A-Case for your miniatures","potentialAction":[{"@type":"SearchAction","target":{"@type":"EntryPoint","urlTemplate":"https:\/\/shop.army-case.com\/de\/?s={search_term_string}"},"query-input":{"@type":"PropertyValueSpecification","valueRequired":true,"valueName":"search_term_string"}}],"inLanguage":"de"}]}},"_links":{"self":[{"href":"https:\/\/shop.army-case.com\/de\/wp-json\/wp\/v2\/product\/5974","targetHints":{"allow":["GET"]}}],"collection":[{"href":"https:\/\/shop.army-case.com\/de\/wp-json\/wp\/v2\/product"}],"about":[{"href":"https:\/\/shop.army-case.com\/de\/wp-json\/wp\/v2\/types\/product"}],"version-history":[{"count":0,"href":"https:\/\/shop.army-case.com\/de\/wp-json\/wp\/v2\/product\/5974\/revisions"}],"wp:featuredmedia":[{"embeddable":true,"href":"https:\/\/shop.army-case.com\/de\/wp-json\/wp\/v2\/media\/19452"}],"wp:attachment":[{"href":"https:\/\/shop.army-case.com\/de\/wp-json\/wp\/v2\/media?parent=5974"}],"wp:term":[{"taxonomy":"product_brand","embeddable":true,"href":"https:\/\/shop.army-case.com\/de\/wp-json\/wp\/v2\/product_brand?post=5974"},{"taxonomy":"product_cat","embeddable":true,"href":"https:\/\/shop.army-case.com\/de\/wp-json\/wp\/v2\/product_cat?post=5974"},{"taxonomy":"product_tag","embeddable":true,"href":"https:\/\/shop.army-case.com\/de\/wp-json\/wp\/v2\/product_tag?post=5974"}],"curies":[{"name":"wp","href":"https:\/\/api.w.org\/{rel}","templated":true}]}}