{"id":5967,"date":"2020-01-22T11:51:11","date_gmt":"2020-01-22T11:51:11","guid":{"rendered":"https:\/\/shop.army-case.com\/unkategorisiert\/a-case-victory-2-0\/"},"modified":"2026-04-06T18:00:43","modified_gmt":"2026-04-06T18:00:43","slug":"a-case-victory-2-0","status":"publish","type":"product","link":"https:\/\/shop.army-case.com\/de\/miniaturkoffer\/a-case-victory-2-0\/","title":{"rendered":"A-Case Victory 2.0"},"content":{"rendered":"<p>Kompakter Miniaturkoffer f\u00fcr den Transport. Hergestellt aus leichten, hochwertigen Materialien, mit Stahlb\u00f6den, auf die Sie Magnetf\u00fc\u00dfe kleben k\u00f6nnen. Perfekt f\u00fcr alle Arten von Miniaturen. Bewahren Sie \u00fcber 100 25-mm-Sockel auf.<\/p>\n<p>Im A-Case Victory 2.0 Set enthalten:<\/p>\n<ul>\n<li>Leichter und langlebiger Rahmen aus <strong>pulverbeschichtetem Aluminium schwarz<\/strong><\/li>\n<li>3 x Regalb\u00f6den aus pulverbeschichtetem Eisen <strong>schwarz<\/strong><\/li>\n<li>6 x Verriegelungsstifte<\/li>\n<li>Hochwertige Polyestertasche in gew\u00e4hlter Farbe mit Velcro Riemen f\u00fcr die Aufn\u00e4her<\/li>\n<li>Tragriemen<\/li>\n<li>Tasche f\u00fcr Zubeh\u00f6r<\/li>\n<li>50 x leistungsstarke Neodym-Magnete (5&#215;2 mm)<\/li>\n<\/ul>\n<p>Au\u00dfenma\u00dfe:<\/p>\n<ul>\n<li>H\u00f6he: 26,8cm \/ 10,55&#8243;<\/li>\n<li>Breite: 28cm \/ 11&#8243;<\/li>\n<li>Tiefe: 16,5cm \/ 6,49&#8243;<\/li>\n<\/ul>\n<p>Au\u00dfenma\u00dfe des Geh\u00e4uses:<\/p>\n<ul>\n<li>H\u00f6he: 26cm<\/li>\n<li>Breite: 27,5cm<\/li>\n<li>Tiefe: 14,5cm<\/li>\n<\/ul>\n<p>Innenma\u00dfe des Geh\u00e4uses:<\/p>\n<ul>\n<li>H\u00f6he: 22cm (untere Ablage bis oben Geh\u00e4use)<\/li>\n<li>Breite: 23,2cm<\/li>\n<li>Tiefe: 14cm<\/li>\n<\/ul>\n<p>Abmessungen des Tabletts:<\/p>\n<ul>\n<li>Breite: 25cm<\/li>\n<li>Tiefe: 13,8cm<\/li>\n<\/ul>\n<p>Die oben genannten Ma\u00dfe sind Richtwerte.<\/p>\n<p><strong>Gewicht:<\/strong> 1,8 kg<\/p>\n<p>Dieses Produkt wird unmontiert geliefert. <a href=\"https:\/\/www.youtube.com\/watch?v=jdjFOjEGRJE\" target=\"_blank\" rel=\"noopener noreferrer\">MONTAGEANLEITUNG VIDEO<\/a><\/p>\n<h6>ALLE GEZEIGTEN BILDER DIENEN NUR ZUR VERANSCHAULICHUNG. DAS TATS\u00c4CHLICHE PRODUKT KANN AUFGRUND VON PRODUKTVERBESSERUNGEN VARIIEREN.<\/h6>\n","protected":false},"excerpt":{"rendered":"<p>Kompakter Miniaturkoffer f\u00fcr den Transport. Hergestellt aus leichten, hochwertigen Materialien, mit Stahlb\u00f6den, auf die Sie Magnetf\u00fc\u00dfe kleben k\u00f6nnen. Perfekt f\u00fcr alle Arten von Miniaturen. Bewahren Sie \u00fcber 100 25-mm-Sockel auf.<\/p>\n<p>Mehrere Farboptionen f\u00fcr eine Abdecktasche (<strong>immer mit schwarzem Rahmen<\/strong>)<\/p>\n<p><span style=\"color: #00bf56;\">KOSTENLOSER Versand inklusive &#8211; Weltweit!<\/span><\/p>\n<p><strong><a href=\"https:\/\/www.youtube.com\/watch?v=jdjFOjEGRJE\">MONTAGEANLEITUNG<\/a><\/strong><\/p>\n<p><a href=\"https:\/\/www.facebook.com\/777101562375026\/videos\/1221465458061956\"><strong>So befestigen Sie Pins an Tabletts<\/strong><\/a><\/p>\n<p><strong>A-Case Tragetaschen gibt es in einer Vielzahl von Farben. W\u00e4hlen Sie Ihre bevorzugte Farbe im Feld unten:<\/strong><\/p>\n","protected":false},"featured_media":19479,"template":"","meta":[],"product_brand":[],"product_cat":[141],"product_tag":[],"class_list":{"0":"post-5967","1":"product","2":"type-product","3":"status-publish","4":"has-post-thumbnail","6":"product_cat-miniaturkoffer","7":"product_shipping_class-kostenloser-versand","9":"first","10":"instock","11":"purchasable","12":"product-type-variable","13":"has-default-attributes"},"bundled_by":["20175"],"bundle_stock_status":"instock","bundle_stock_quantity":80,"bundle_virtual":false,"bundle_layout":"","bundle_add_to_cart_form_location":"","bundle_editable_in_cart":false,"bundle_sold_individually_context":"","bundle_item_grouping":"","bundle_min_size":"","bundle_max_size":"","bundle_price":[],"bundled_items":[],"bundle_sell_ids":[],"exclude_global_add_ons":false,"addons":[{"name":"Zus\u00e4tzliche Optionen","type":"checkbox","position":0,"required":false,"title_format":"label","default":"","description_enable":true,"description":"Das A-Case Victory 2.0 wird mit drei Einlegeb\u00f6den geliefert und ist standardm\u00e4\u00dfig unmontiert. Wenn Sie mehr Regale im Inneren ben\u00f6tigen, \u00fcberpr\u00fcfen Sie bitte die folgenden Optionen.","placeholder_enable":false,"placeholder":"","display":"select","restrictions_type":"any_text","adjust_price":false,"price":"","price_type":"flat_fee","restrictions":false,"min":"0","max":"0","options":[{"label":"+3 zus\u00e4tzliche Einlegeb\u00f6den","price":"15","price_type":"percentage_based","image":0,"visibility":true}],"id":1712299602},{"name":"Magnete!","type":"checkbox","position":1,"required":false,"title_format":"label","default":"","description_enable":true,"description":"Wenn Sie Magnete im Inneren ben\u00f6tigen, \u00fcberpr\u00fcfen Sie die folgenden Optionen. Abmessungen - 5x2mm","placeholder_enable":false,"placeholder":"","display":"select","restrictions_type":"any_text","adjust_price":false,"price":"","price_type":"flat_fee","restrictions":false,"min":"0","max":"0","options":[{"label":"50 Neodym-Magnete","price":"7.8","price_type":"percentage_based","image":0,"visibility":true},{"label":"100 Neodym-Magnete","price":"13","price_type":"percentage_based","image":0,"visibility":true},{"label":"150 Neodym-Magnete","price":"17.9","price_type":"percentage_based","image":0,"visibility":true},{"label":"200 Neodym-Magnete","price":"20.8","price_type":"percentage_based","image":0,"visibility":true},{"label":"250 Neodym-Magnete","price":"29","price_type":"percentage_based","image":0,"visibility":true}],"id":1712299603}],"yoast_head":"<!-- This site is optimized with the Yoast SEO plugin v27.3 - https:\/\/yoast.com\/product\/yoast-seo-wordpress\/ -->\n<title>A-Case Victory - Kompakter Miniaturkoffer f\u00fcr den Transport<\/title>\n<meta name=\"description\" content=\"Kompakter Miniaturkoffer f\u00fcr den Transport. Hergestellt aus leichten, hochwertigen Materialien, mit Stahlregalen, auf die Sie Magnetf\u00fc\u00dfe kleben k\u00f6nnen.\" \/>\n<meta name=\"robots\" content=\"index, follow, max-snippet:-1, max-image-preview:large, max-video-preview:-1\" \/>\n<link rel=\"canonical\" href=\"https:\/\/shop.army-case.com\/de\/miniaturkoffer\/a-case-victory-2-0\/\" \/>\n<meta property=\"og:locale\" content=\"de_DE\" \/>\n<meta property=\"og:type\" content=\"article\" \/>\n<meta property=\"og:title\" content=\"A-Case Victory - Kompakter Miniaturkoffer f\u00fcr den Transport\" \/>\n<meta property=\"og:description\" content=\"Kompakter Miniaturkoffer f\u00fcr den Transport. Hergestellt aus leichten, hochwertigen Materialien, mit Stahlregalen, auf die Sie Magnetf\u00fc\u00dfe kleben k\u00f6nnen.\" \/>\n<meta property=\"og:url\" content=\"https:\/\/shop.army-case.com\/de\/miniaturkoffer\/a-case-victory-2-0\/\" \/>\n<meta property=\"og:site_name\" content=\"A-Case\" \/>\n<meta property=\"article:publisher\" content=\"https:\/\/www.facebook.com\/armycase\/\" \/>\n<meta property=\"article:modified_time\" content=\"2026-04-06T18:00:43+00:00\" \/>\n<meta property=\"og:image\" content=\"https:\/\/shop.army-case.com\/wp-content\/uploads\/2024\/04\/magnetic-miniature-storage-a-case-victory-2-0-front-2.jpg\" \/>\n\t<meta property=\"og:image:width\" content=\"1000\" \/>\n\t<meta property=\"og:image:height\" content=\"667\" \/>\n\t<meta property=\"og:image:type\" content=\"image\/jpeg\" \/>\n<meta name=\"twitter:card\" content=\"summary_large_image\" \/>\n<meta name=\"twitter:label1\" content=\"Gesch\u00e4tzte Lesezeit\" \/>\n\t<meta name=\"twitter:data1\" content=\"1\u00a0Minute\" \/>\n<script type=\"application\/ld+json\" class=\"yoast-schema-graph\">{\"@context\":\"https:\\\/\\\/schema.org\",\"@graph\":[{\"@type\":\"WebPage\",\"@id\":\"https:\\\/\\\/shop.army-case.com\\\/de\\\/miniaturkoffer\\\/a-case-victory-2-0\\\/\",\"url\":\"https:\\\/\\\/shop.army-case.com\\\/de\\\/miniaturkoffer\\\/a-case-victory-2-0\\\/\",\"name\":\"A-Case Victory - Kompakter Miniaturkoffer f\u00fcr den Transport\",\"isPartOf\":{\"@id\":\"https:\\\/\\\/shop.army-case.com\\\/de\\\/#website\"},\"primaryImageOfPage\":{\"@id\":\"https:\\\/\\\/shop.army-case.com\\\/de\\\/miniaturkoffer\\\/a-case-victory-2-0\\\/#primaryimage\"},\"image\":{\"@id\":\"https:\\\/\\\/shop.army-case.com\\\/de\\\/miniaturkoffer\\\/a-case-victory-2-0\\\/#primaryimage\"},\"thumbnailUrl\":\"https:\\\/\\\/shop.army-case.com\\\/wp-content\\\/uploads\\\/2024\\\/04\\\/magnetic-miniature-storage-a-case-victory-2-0-front-2.jpg\",\"datePublished\":\"2020-01-22T11:51:11+00:00\",\"dateModified\":\"2026-04-06T18:00:43+00:00\",\"description\":\"Kompakter Miniaturkoffer f\u00fcr den Transport. Hergestellt aus leichten, hochwertigen Materialien, mit Stahlregalen, auf die Sie Magnetf\u00fc\u00dfe kleben k\u00f6nnen.\",\"breadcrumb\":{\"@id\":\"https:\\\/\\\/shop.army-case.com\\\/de\\\/miniaturkoffer\\\/a-case-victory-2-0\\\/#breadcrumb\"},\"inLanguage\":\"de\",\"potentialAction\":[{\"@type\":\"ReadAction\",\"target\":[\"https:\\\/\\\/shop.army-case.com\\\/de\\\/miniaturkoffer\\\/a-case-victory-2-0\\\/\"]}]},{\"@type\":\"ImageObject\",\"inLanguage\":\"de\",\"@id\":\"https:\\\/\\\/shop.army-case.com\\\/de\\\/miniaturkoffer\\\/a-case-victory-2-0\\\/#primaryimage\",\"url\":\"https:\\\/\\\/shop.army-case.com\\\/wp-content\\\/uploads\\\/2024\\\/04\\\/magnetic-miniature-storage-a-case-victory-2-0-front-2.jpg\",\"contentUrl\":\"https:\\\/\\\/shop.army-case.com\\\/wp-content\\\/uploads\\\/2024\\\/04\\\/magnetic-miniature-storage-a-case-victory-2-0-front-2.jpg\",\"width\":1000,\"height\":667,\"caption\":\"magnetic miniature storage a case victory 2.0\"},{\"@type\":\"BreadcrumbList\",\"@id\":\"https:\\\/\\\/shop.army-case.com\\\/de\\\/miniaturkoffer\\\/a-case-victory-2-0\\\/#breadcrumb\",\"itemListElement\":[{\"@type\":\"ListItem\",\"position\":1,\"name\":\"Home\",\"item\":\"https:\\\/\\\/shop.army-case.com\\\/de\\\/\"},{\"@type\":\"ListItem\",\"position\":2,\"name\":\"Shop\",\"item\":\"https:\\\/\\\/shop.army-case.com\\\/de\\\/shop\\\/\"},{\"@type\":\"ListItem\",\"position\":3,\"name\":\"A-Case Victory 2.0\"}]},{\"@type\":\"WebSite\",\"@id\":\"https:\\\/\\\/shop.army-case.com\\\/de\\\/#website\",\"url\":\"https:\\\/\\\/shop.army-case.com\\\/de\\\/\",\"name\":\"A-Case\",\"description\":\"A-Case for your miniatures\",\"potentialAction\":[{\"@type\":\"SearchAction\",\"target\":{\"@type\":\"EntryPoint\",\"urlTemplate\":\"https:\\\/\\\/shop.army-case.com\\\/de\\\/?s={search_term_string}\"},\"query-input\":{\"@type\":\"PropertyValueSpecification\",\"valueRequired\":true,\"valueName\":\"search_term_string\"}}],\"inLanguage\":\"de\"}]}<\/script>\n<!-- \/ Yoast SEO plugin. -->","yoast_head_json":{"title":"A-Case Victory - Kompakter Miniaturkoffer f\u00fcr den Transport","description":"Kompakter Miniaturkoffer f\u00fcr den Transport. Hergestellt aus leichten, hochwertigen Materialien, mit Stahlregalen, auf die Sie Magnetf\u00fc\u00dfe kleben k\u00f6nnen.","robots":{"index":"index","follow":"follow","max-snippet":"max-snippet:-1","max-image-preview":"max-image-preview:large","max-video-preview":"max-video-preview:-1"},"canonical":"https:\/\/shop.army-case.com\/de\/miniaturkoffer\/a-case-victory-2-0\/","og_locale":"de_DE","og_type":"article","og_title":"A-Case Victory - Kompakter Miniaturkoffer f\u00fcr den Transport","og_description":"Kompakter Miniaturkoffer f\u00fcr den Transport. Hergestellt aus leichten, hochwertigen Materialien, mit Stahlregalen, auf die Sie Magnetf\u00fc\u00dfe kleben k\u00f6nnen.","og_url":"https:\/\/shop.army-case.com\/de\/miniaturkoffer\/a-case-victory-2-0\/","og_site_name":"A-Case","article_publisher":"https:\/\/www.facebook.com\/armycase\/","article_modified_time":"2026-04-06T18:00:43+00:00","og_image":[{"width":1000,"height":667,"url":"https:\/\/shop.army-case.com\/wp-content\/uploads\/2024\/04\/magnetic-miniature-storage-a-case-victory-2-0-front-2.jpg","type":"image\/jpeg"}],"twitter_card":"summary_large_image","twitter_misc":{"Gesch\u00e4tzte Lesezeit":"1\u00a0Minute"},"schema":{"@context":"https:\/\/schema.org","@graph":[{"@type":"WebPage","@id":"https:\/\/shop.army-case.com\/de\/miniaturkoffer\/a-case-victory-2-0\/","url":"https:\/\/shop.army-case.com\/de\/miniaturkoffer\/a-case-victory-2-0\/","name":"A-Case Victory - Kompakter Miniaturkoffer f\u00fcr den Transport","isPartOf":{"@id":"https:\/\/shop.army-case.com\/de\/#website"},"primaryImageOfPage":{"@id":"https:\/\/shop.army-case.com\/de\/miniaturkoffer\/a-case-victory-2-0\/#primaryimage"},"image":{"@id":"https:\/\/shop.army-case.com\/de\/miniaturkoffer\/a-case-victory-2-0\/#primaryimage"},"thumbnailUrl":"https:\/\/shop.army-case.com\/wp-content\/uploads\/2024\/04\/magnetic-miniature-storage-a-case-victory-2-0-front-2.jpg","datePublished":"2020-01-22T11:51:11+00:00","dateModified":"2026-04-06T18:00:43+00:00","description":"Kompakter Miniaturkoffer f\u00fcr den Transport. Hergestellt aus leichten, hochwertigen Materialien, mit Stahlregalen, auf die Sie Magnetf\u00fc\u00dfe kleben k\u00f6nnen.","breadcrumb":{"@id":"https:\/\/shop.army-case.com\/de\/miniaturkoffer\/a-case-victory-2-0\/#breadcrumb"},"inLanguage":"de","potentialAction":[{"@type":"ReadAction","target":["https:\/\/shop.army-case.com\/de\/miniaturkoffer\/a-case-victory-2-0\/"]}]},{"@type":"ImageObject","inLanguage":"de","@id":"https:\/\/shop.army-case.com\/de\/miniaturkoffer\/a-case-victory-2-0\/#primaryimage","url":"https:\/\/shop.army-case.com\/wp-content\/uploads\/2024\/04\/magnetic-miniature-storage-a-case-victory-2-0-front-2.jpg","contentUrl":"https:\/\/shop.army-case.com\/wp-content\/uploads\/2024\/04\/magnetic-miniature-storage-a-case-victory-2-0-front-2.jpg","width":1000,"height":667,"caption":"magnetic miniature storage a case victory 2.0"},{"@type":"BreadcrumbList","@id":"https:\/\/shop.army-case.com\/de\/miniaturkoffer\/a-case-victory-2-0\/#breadcrumb","itemListElement":[{"@type":"ListItem","position":1,"name":"Home","item":"https:\/\/shop.army-case.com\/de\/"},{"@type":"ListItem","position":2,"name":"Shop","item":"https:\/\/shop.army-case.com\/de\/shop\/"},{"@type":"ListItem","position":3,"name":"A-Case Victory 2.0"}]},{"@type":"WebSite","@id":"https:\/\/shop.army-case.com\/de\/#website","url":"https:\/\/shop.army-case.com\/de\/","name":"A-Case","description":"A-Case for your miniatures","potentialAction":[{"@type":"SearchAction","target":{"@type":"EntryPoint","urlTemplate":"https:\/\/shop.army-case.com\/de\/?s={search_term_string}"},"query-input":{"@type":"PropertyValueSpecification","valueRequired":true,"valueName":"search_term_string"}}],"inLanguage":"de"}]}},"_links":{"self":[{"href":"https:\/\/shop.army-case.com\/de\/wp-json\/wp\/v2\/product\/5967","targetHints":{"allow":["GET"]}}],"collection":[{"href":"https:\/\/shop.army-case.com\/de\/wp-json\/wp\/v2\/product"}],"about":[{"href":"https:\/\/shop.army-case.com\/de\/wp-json\/wp\/v2\/types\/product"}],"version-history":[{"count":0,"href":"https:\/\/shop.army-case.com\/de\/wp-json\/wp\/v2\/product\/5967\/revisions"}],"wp:featuredmedia":[{"embeddable":true,"href":"https:\/\/shop.army-case.com\/de\/wp-json\/wp\/v2\/media\/19479"}],"wp:attachment":[{"href":"https:\/\/shop.army-case.com\/de\/wp-json\/wp\/v2\/media?parent=5967"}],"wp:term":[{"taxonomy":"product_brand","embeddable":true,"href":"https:\/\/shop.army-case.com\/de\/wp-json\/wp\/v2\/product_brand?post=5967"},{"taxonomy":"product_cat","embeddable":true,"href":"https:\/\/shop.army-case.com\/de\/wp-json\/wp\/v2\/product_cat?post=5967"},{"taxonomy":"product_tag","embeddable":true,"href":"https:\/\/shop.army-case.com\/de\/wp-json\/wp\/v2\/product_tag?post=5967"}],"curies":[{"name":"wp","href":"https:\/\/api.w.org\/{rel}","templated":true}]}}