{"id":5945,"date":"2016-08-17T09:50:06","date_gmt":"2016-08-17T09:50:06","guid":{"rendered":"https:\/\/shop.army-case.com\/unkategorisiert\/a-case-victory\/"},"modified":"2023-02-22T14:29:46","modified_gmt":"2023-02-22T14:29:46","slug":"a-case-victory","status":"publish","type":"product","link":"https:\/\/shop.army-case.com\/de\/miniaturkoffer\/a-case-victory\/","title":{"rendered":"A-Case <b>Victory<\/b>"},"content":{"rendered":"<p><span lang=\"de-DE\">Kompakter Miniaturkoffer f\u00fcr den Transport. Hergestellt aus leichten Premium-Materialien, mit Stahleinlegeb\u00f6den, auf denen Sie Magnethalterungen anbringen k\u00f6nnen. Perfekt f\u00fcr alle Arten von Miniaturen. Es k\u00f6nnen bis zu 360 Miniaturen untergebracht werden\u00a0(20mm base).<\/span><\/p>\n<p>Im https:\/\/shop.army-case.com\/wp-content\/uploads\/2018\/01\/brush-case-1.jpg Victory-Set enthalten:<\/p>\n<ul>\n<li>Leichter und langlebiger pulverbeschichteter <strong>schwarzer<\/strong> Aluminiumrahmen<\/li>\n<li>3 x pulverbeschichtete <strong>schwarze<\/strong> Regale aus Eisen<\/li>\n<li>6 x Verriegelungsstifte<\/li>\n<li>Hochwertige Polyestertasche in ausgew\u00e4hlter Farbe mit Klettverschluss f\u00fcr die Patches<\/li>\n<li>Tragegurt<\/li>\n<li>Zubeh\u00f6rtasche<\/li>\n<li>50 x starke Neodym-Magnete (6 \u00d7 2 mm)<\/li>\n<\/ul>\n<p>Dieses Produkt wird unmontiert geliefert. <a href=\"https:\/\/www.youtube.com\/watch?v=pWi6rAP_SIo\" target=\"_blank\" rel=\"noopener noreferrer\">VIDEO ZUR MONTAGEANLEITUNG<\/a><\/p>\n<h6>ALLE GEZEIGTEN BILDER DIENEN NUR DER VERANSCHAULICHUNG. DAS TATS\u00c4CHLICHE PRODUKT KANN AUFGRUND VON PRODUKTVERBESSERUNGEN VARIIEREN.<\/h6>\n","protected":false},"excerpt":{"rendered":"<h3>A-CASE <strong>VICTORY<\/strong> ist <span style =\"color:#f31c4d;\">Wird nicht mehr hergestellt<\/span><\/h3>\n<p>Sie k\u00f6nnen immer noch unsere fantastischen Produkte im Bereich <a href=\"#related\">\u00c4hnliche Produkte<\/a> \u00fcberpr\u00fcfen!<\/p>\n","protected":false},"featured_media":19357,"template":"","meta":[],"product_brand":[],"product_cat":[141],"product_tag":[],"class_list":{"0":"post-5945","1":"product","2":"type-product","3":"status-publish","4":"has-post-thumbnail","6":"product_cat-miniaturkoffer","7":"product_shipping_class-kostenloser-versand","9":"first","10":"outofstock","11":"purchasable","12":"product-type-variable","13":"has-default-attributes"},"bundled_by":[],"bundle_stock_status":"outofstock","bundle_stock_quantity":-7,"bundle_virtual":false,"bundle_layout":"","bundle_add_to_cart_form_location":"","bundle_editable_in_cart":false,"bundle_sold_individually_context":"","bundle_item_grouping":"","bundle_min_size":"","bundle_max_size":"","bundle_price":[],"bundled_items":[],"bundle_sell_ids":[],"exclude_global_add_ons":false,"addons":[{"name":"Magnete!","type":"checkbox","position":0,"required":false,"title_format":"heading","default":"","description_enable":true,"description":"Wenn Sie Magnete f\u00fcr den Innenraum ben\u00f6tigen, \u00fcberpr\u00fcfen Sie die folgenden Optionen. Ma\u00dfe \u2013 6x2 mm","placeholder_enable":false,"placeholder":"","display":"select","restrictions_type":"any_text","adjust_price":false,"price":"","price_type":"flat_fee","restrictions":false,"min":"0","max":"0","options":[{"label":"50 Neodym-Magnete","price":"6.75","price_type":"percentage_based","image":0,"visibility":true},{"label":"100 Neodym-Magnete","price":"8.5","price_type":"percentage_based","image":0,"visibility":true},{"label":"150 Neodym-Magnete","price":"12","price_type":"percentage_based","image":0,"visibility":true},{"label":"200 Neodym-Magnete","price":"15.5","price_type":"percentage_based","image":0,"visibility":true},{"label":"250 Neodym-Magnete","price":"19","price_type":"percentage_based","image":0,"visibility":true}]}],"yoast_head":"<!-- This site is optimized with the Yoast SEO plugin v26.9 - https:\/\/yoast.com\/product\/yoast-seo-wordpress\/ -->\n<title>A-Case Victory - Miniatur Koffer f\u00fcr den Transport | Mini tasche<\/title>\n<meta name=\"description\" content=\"Sichern Sie Ihre Miniaturen mit dem A-Case Victory Miniaturkoffer. Leicht, langlebig und platz f\u00fcr bis zu 360 Miniaturen. Inklusive Zubeh\u00f6r und...\" \/>\n<meta name=\"robots\" content=\"index, follow, max-snippet:-1, max-image-preview:large, max-video-preview:-1\" \/>\n<link rel=\"canonical\" href=\"https:\/\/shop.army-case.com\/de\/miniaturkoffer\/a-case-victory\/\" \/>\n<meta property=\"og:locale\" content=\"de_DE\" \/>\n<meta property=\"og:type\" content=\"article\" \/>\n<meta property=\"og:title\" content=\"A-Case Victory - Miniatur Koffer f\u00fcr den Transport | Mini tasche\" \/>\n<meta property=\"og:description\" content=\"Sichern Sie Ihre Miniaturen mit dem A-Case Victory Miniaturkoffer. Leicht, langlebig und platz f\u00fcr bis zu 360 Miniaturen. Inklusive Zubeh\u00f6r und...\" \/>\n<meta property=\"og:url\" content=\"https:\/\/shop.army-case.com\/de\/miniaturkoffer\/a-case-victory\/\" \/>\n<meta property=\"og:site_name\" content=\"A-Case\" \/>\n<meta property=\"article:publisher\" content=\"https:\/\/www.facebook.com\/armycase\/\" \/>\n<meta property=\"article:modified_time\" content=\"2023-02-22T14:29:46+00:00\" \/>\n<meta property=\"og:image\" content=\"https:\/\/shop.army-case.com\/wp-content\/uploads\/2024\/04\/Victory-dimensions-2.png\" \/>\n\t<meta property=\"og:image:width\" content=\"940\" \/>\n\t<meta property=\"og:image:height\" content=\"788\" \/>\n\t<meta property=\"og:image:type\" content=\"image\/png\" \/>\n<meta name=\"twitter:card\" content=\"summary_large_image\" \/>\n<meta name=\"twitter:label1\" content=\"Gesch\u00e4tzte Lesezeit\" \/>\n\t<meta name=\"twitter:data1\" content=\"1\u00a0Minute\" \/>\n<script type=\"application\/ld+json\" class=\"yoast-schema-graph\">{\"@context\":\"https:\/\/schema.org\",\"@graph\":[{\"@type\":\"WebPage\",\"@id\":\"https:\/\/shop.army-case.com\/de\/miniaturkoffer\/a-case-victory\/\",\"url\":\"https:\/\/shop.army-case.com\/de\/miniaturkoffer\/a-case-victory\/\",\"name\":\"A-Case Victory - Miniatur Koffer f\u00fcr den Transport | Mini tasche\",\"isPartOf\":{\"@id\":\"https:\/\/shop.army-case.com\/de\/#website\"},\"primaryImageOfPage\":{\"@id\":\"https:\/\/shop.army-case.com\/de\/miniaturkoffer\/a-case-victory\/#primaryimage\"},\"image\":{\"@id\":\"https:\/\/shop.army-case.com\/de\/miniaturkoffer\/a-case-victory\/#primaryimage\"},\"thumbnailUrl\":\"https:\/\/shop.army-case.com\/wp-content\/uploads\/2024\/04\/Victory-dimensions-2.png\",\"datePublished\":\"2016-08-17T09:50:06+00:00\",\"dateModified\":\"2023-02-22T14:29:46+00:00\",\"description\":\"Sichern Sie Ihre Miniaturen mit dem A-Case Victory Miniaturkoffer. Leicht, langlebig und platz f\u00fcr bis zu 360 Miniaturen. Inklusive Zubeh\u00f6r und...\",\"breadcrumb\":{\"@id\":\"https:\/\/shop.army-case.com\/de\/miniaturkoffer\/a-case-victory\/#breadcrumb\"},\"inLanguage\":\"de\",\"potentialAction\":[{\"@type\":\"ReadAction\",\"target\":[\"https:\/\/shop.army-case.com\/de\/miniaturkoffer\/a-case-victory\/\"]}]},{\"@type\":\"ImageObject\",\"inLanguage\":\"de\",\"@id\":\"https:\/\/shop.army-case.com\/de\/miniaturkoffer\/a-case-victory\/#primaryimage\",\"url\":\"https:\/\/shop.army-case.com\/wp-content\/uploads\/2024\/04\/Victory-dimensions-2.png\",\"contentUrl\":\"https:\/\/shop.army-case.com\/wp-content\/uploads\/2024\/04\/Victory-dimensions-2.png\",\"width\":940,\"height\":788},{\"@type\":\"BreadcrumbList\",\"@id\":\"https:\/\/shop.army-case.com\/de\/miniaturkoffer\/a-case-victory\/#breadcrumb\",\"itemListElement\":[{\"@type\":\"ListItem\",\"position\":1,\"name\":\"Home\",\"item\":\"https:\/\/shop.army-case.com\/de\/\"},{\"@type\":\"ListItem\",\"position\":2,\"name\":\"Shop\",\"item\":\"https:\/\/shop.army-case.com\/de\/shop\/\"},{\"@type\":\"ListItem\",\"position\":3,\"name\":\"A-Case Victory\"}]},{\"@type\":\"WebSite\",\"@id\":\"https:\/\/shop.army-case.com\/de\/#website\",\"url\":\"https:\/\/shop.army-case.com\/de\/\",\"name\":\"A-Case\",\"description\":\"A-Case for your miniatures\",\"potentialAction\":[{\"@type\":\"SearchAction\",\"target\":{\"@type\":\"EntryPoint\",\"urlTemplate\":\"https:\/\/shop.army-case.com\/de\/?s={search_term_string}\"},\"query-input\":{\"@type\":\"PropertyValueSpecification\",\"valueRequired\":true,\"valueName\":\"search_term_string\"}}],\"inLanguage\":\"de\"}]}<\/script>\n<!-- \/ Yoast SEO plugin. -->","yoast_head_json":{"title":"A-Case Victory - Miniatur Koffer f\u00fcr den Transport | Mini tasche","description":"Sichern Sie Ihre Miniaturen mit dem A-Case Victory Miniaturkoffer. Leicht, langlebig und platz f\u00fcr bis zu 360 Miniaturen. Inklusive Zubeh\u00f6r und...","robots":{"index":"index","follow":"follow","max-snippet":"max-snippet:-1","max-image-preview":"max-image-preview:large","max-video-preview":"max-video-preview:-1"},"canonical":"https:\/\/shop.army-case.com\/de\/miniaturkoffer\/a-case-victory\/","og_locale":"de_DE","og_type":"article","og_title":"A-Case Victory - Miniatur Koffer f\u00fcr den Transport | Mini tasche","og_description":"Sichern Sie Ihre Miniaturen mit dem A-Case Victory Miniaturkoffer. Leicht, langlebig und platz f\u00fcr bis zu 360 Miniaturen. Inklusive Zubeh\u00f6r und...","og_url":"https:\/\/shop.army-case.com\/de\/miniaturkoffer\/a-case-victory\/","og_site_name":"A-Case","article_publisher":"https:\/\/www.facebook.com\/armycase\/","article_modified_time":"2023-02-22T14:29:46+00:00","og_image":[{"width":940,"height":788,"url":"https:\/\/shop.army-case.com\/wp-content\/uploads\/2024\/04\/Victory-dimensions-2.png","type":"image\/png"}],"twitter_card":"summary_large_image","twitter_misc":{"Gesch\u00e4tzte Lesezeit":"1\u00a0Minute"},"schema":{"@context":"https:\/\/schema.org","@graph":[{"@type":"WebPage","@id":"https:\/\/shop.army-case.com\/de\/miniaturkoffer\/a-case-victory\/","url":"https:\/\/shop.army-case.com\/de\/miniaturkoffer\/a-case-victory\/","name":"A-Case Victory - Miniatur Koffer f\u00fcr den Transport | Mini tasche","isPartOf":{"@id":"https:\/\/shop.army-case.com\/de\/#website"},"primaryImageOfPage":{"@id":"https:\/\/shop.army-case.com\/de\/miniaturkoffer\/a-case-victory\/#primaryimage"},"image":{"@id":"https:\/\/shop.army-case.com\/de\/miniaturkoffer\/a-case-victory\/#primaryimage"},"thumbnailUrl":"https:\/\/shop.army-case.com\/wp-content\/uploads\/2024\/04\/Victory-dimensions-2.png","datePublished":"2016-08-17T09:50:06+00:00","dateModified":"2023-02-22T14:29:46+00:00","description":"Sichern Sie Ihre Miniaturen mit dem A-Case Victory Miniaturkoffer. Leicht, langlebig und platz f\u00fcr bis zu 360 Miniaturen. Inklusive Zubeh\u00f6r und...","breadcrumb":{"@id":"https:\/\/shop.army-case.com\/de\/miniaturkoffer\/a-case-victory\/#breadcrumb"},"inLanguage":"de","potentialAction":[{"@type":"ReadAction","target":["https:\/\/shop.army-case.com\/de\/miniaturkoffer\/a-case-victory\/"]}]},{"@type":"ImageObject","inLanguage":"de","@id":"https:\/\/shop.army-case.com\/de\/miniaturkoffer\/a-case-victory\/#primaryimage","url":"https:\/\/shop.army-case.com\/wp-content\/uploads\/2024\/04\/Victory-dimensions-2.png","contentUrl":"https:\/\/shop.army-case.com\/wp-content\/uploads\/2024\/04\/Victory-dimensions-2.png","width":940,"height":788},{"@type":"BreadcrumbList","@id":"https:\/\/shop.army-case.com\/de\/miniaturkoffer\/a-case-victory\/#breadcrumb","itemListElement":[{"@type":"ListItem","position":1,"name":"Home","item":"https:\/\/shop.army-case.com\/de\/"},{"@type":"ListItem","position":2,"name":"Shop","item":"https:\/\/shop.army-case.com\/de\/shop\/"},{"@type":"ListItem","position":3,"name":"A-Case Victory"}]},{"@type":"WebSite","@id":"https:\/\/shop.army-case.com\/de\/#website","url":"https:\/\/shop.army-case.com\/de\/","name":"A-Case","description":"A-Case for your miniatures","potentialAction":[{"@type":"SearchAction","target":{"@type":"EntryPoint","urlTemplate":"https:\/\/shop.army-case.com\/de\/?s={search_term_string}"},"query-input":{"@type":"PropertyValueSpecification","valueRequired":true,"valueName":"search_term_string"}}],"inLanguage":"de"}]}},"_links":{"self":[{"href":"https:\/\/shop.army-case.com\/de\/wp-json\/wp\/v2\/product\/5945","targetHints":{"allow":["GET"]}}],"collection":[{"href":"https:\/\/shop.army-case.com\/de\/wp-json\/wp\/v2\/product"}],"about":[{"href":"https:\/\/shop.army-case.com\/de\/wp-json\/wp\/v2\/types\/product"}],"version-history":[{"count":0,"href":"https:\/\/shop.army-case.com\/de\/wp-json\/wp\/v2\/product\/5945\/revisions"}],"wp:featuredmedia":[{"embeddable":true,"href":"https:\/\/shop.army-case.com\/de\/wp-json\/wp\/v2\/media\/19357"}],"wp:attachment":[{"href":"https:\/\/shop.army-case.com\/de\/wp-json\/wp\/v2\/media?parent=5945"}],"wp:term":[{"taxonomy":"product_brand","embeddable":true,"href":"https:\/\/shop.army-case.com\/de\/wp-json\/wp\/v2\/product_brand?post=5945"},{"taxonomy":"product_cat","embeddable":true,"href":"https:\/\/shop.army-case.com\/de\/wp-json\/wp\/v2\/product_cat?post=5945"},{"taxonomy":"product_tag","embeddable":true,"href":"https:\/\/shop.army-case.com\/de\/wp-json\/wp\/v2\/product_tag?post=5945"}],"curies":[{"name":"wp","href":"https:\/\/api.w.org\/{rel}","templated":true}]}}