{"id":21911,"date":"2024-12-19T10:07:10","date_gmt":"2024-12-19T10:07:10","guid":{"rendered":"https:\/\/shop.army-case.com\/?post_type=product&#038;p=21911"},"modified":"2025-01-17T13:15:52","modified_gmt":"2025-01-17T13:15:52","slug":"kleber-hobby-pack","status":"publish","type":"product","link":"https:\/\/shop.army-case.com\/de\/gadgets-de\/kleber-hobby-pack\/","title":{"rendered":"Kleber hobby pack"},"content":{"rendered":"<p>Das Glue Hobby Pack enth\u00e4lt f\u00fcnf Flaschen (je 20.g) unseres hervorragenden ca. Klebers. <\/p>\n","protected":false},"excerpt":{"rendered":"<p>Mittlerer Cyanacrylat-Klebstoff VERBINDUNGEN: Metall, Holz, Keramik, Leder, Papier, Gummi, einige Kunststoffe<\/p>\n<p>Anwendung: Den Kleber auf eine trockene und saubere Oberfl\u00e4che auftragen. Die Teile 10-40 Sekunden lang zusammendr\u00fccken. Bildet innerhalb von 24 Stunden eine starke Bindung.  <\/p>\n<p>WARNUNG! Kann Hautreizungen, schwere Augenreizungen und Atemwegssch\u00e4den verursachen. Vermeiden Sie das Einatmen von Nebeln, D\u00e4mpfen, Sprays und D\u00e4mpfen, die dieses Produkt enthalten. In gut bel\u00fcfteten R\u00e4umen verwenden. BEI BER\u00dcHRUNG MIT DER HAUT: Mit viel Wasser waschen! WENN IN VORABENDEN: Einige Minuten lang vorsichtig mit Wasser sp\u00fclen. BEI EINATMEN: Bringen Sie die Person an die frische Luft und atmen Sie bequem. Im Falle eines Unfalls oder wenn Sie sich unwohl f\u00fchlen, suchen Sie \u00e4rztlichen Rat ein. NICHT: Trinken oder es ist der Inhalt der Flasche. Verwenden Sie es NICHT an irgendeinem Teil Ihres K\u00f6rpers!   <\/p>\n","protected":false},"featured_media":22062,"template":"","meta":[],"product_brand":[],"product_cat":[174],"product_tag":[],"class_list":{"0":"post-21911","1":"product","2":"type-product","3":"status-publish","4":"has-post-thumbnail","6":"product_cat-gadgets-de","7":"product_shipping_class-kostenloser-versand","9":"first","10":"instock","11":"shipping-taxable","12":"purchasable","13":"product-type-simple"},"bundled_by":[],"bundle_stock_status":"instock","bundle_stock_quantity":null,"bundle_virtual":false,"bundle_layout":"","bundle_add_to_cart_form_location":"","bundle_editable_in_cart":false,"bundle_sold_individually_context":"","bundle_item_grouping":"","bundle_min_size":"","bundle_max_size":"","bundle_price":[],"bundled_items":[],"bundle_sell_ids":[],"exclude_global_add_ons":false,"addons":[{"name":"Magnete!","type":"checkbox","position":0,"required":false,"title_format":"heading","default":"","description_enable":true,"description":"Wenn Sie Magnete im Inneren ben\u00f6tigen, \u00fcberpr\u00fcfen Sie die folgenden Optionen. Abmessungen - 5x2mm","placeholder_enable":false,"placeholder":"","display":"select","restrictions_type":"any_text","adjust_price":false,"price":"","price_type":"flat_fee","restrictions":false,"min":"0","max":"0","options":[{"label":"50 Neodym-Magnete","price":"58.82","price_type":"percentage_based","image":0,"visibility":true},{"label":"100 Neodym-Magnete","price":"98.04","price_type":"percentage_based","image":0,"visibility":true},{"label":"150 Neodym-Magnete","price":"132.35","price_type":"percentage_based","image":0,"visibility":true},{"label":"200 Neodym-Magnete","price":"156.86","price_type":"percentage_based","image":0,"visibility":true},{"label":"250 Neodym-Magnete","price":"220.59","price_type":"percentage_based","image":0,"visibility":true}],"id":1737119753}],"yoast_head":"<!-- This site is optimized with the Yoast SEO plugin v27.3 - https:\/\/yoast.com\/product\/yoast-seo-wordpress\/ -->\n<title>Kleber hobby pack &#8211; A-Case<\/title>\n<meta name=\"robots\" content=\"noindex, follow\" \/>\n<meta property=\"og:locale\" content=\"de_DE\" \/>\n<meta property=\"og:type\" content=\"article\" \/>\n<meta property=\"og:title\" content=\"Kleber hobby pack &#8211; A-Case\" \/>\n<meta property=\"og:description\" content=\"Mittlerer Cyanacrylat-Klebstoff VERBINDUNGEN: Metall, Holz, Keramik, Leder, Papier, Gummi, einige Kunststoffe      Anwendung: Den Kleber auf eine trockene und saubere Oberfl\u00e4che auftragen. Die Teile 10-40 Sekunden lang zusammendr\u00fccken. Bildet innerhalb von 24 Stunden eine starke Bindung.     WARNUNG! Kann Hautreizungen, schwere Augenreizungen und Atemwegssch\u00e4den verursachen. Vermeiden Sie das Einatmen von Nebeln, D\u00e4mpfen, Sprays und D\u00e4mpfen, die dieses Produkt enthalten. In gut bel\u00fcfteten R\u00e4umen verwenden. BEI BER\u00dcHRUNG MIT DER HAUT: Mit viel Wasser waschen! WENN IN VORABENDEN: Einige Minuten lang vorsichtig mit Wasser sp\u00fclen. BEI EINATMEN: Bringen Sie die Person an die frische Luft und atmen Sie bequem. Im Falle eines Unfalls oder wenn Sie sich unwohl f\u00fchlen, suchen Sie \u00e4rztlichen Rat ein. NICHT: Trinken oder es ist der Inhalt der Flasche. Verwenden Sie es NICHT an irgendeinem Teil Ihres K\u00f6rpers!\" \/>\n<meta property=\"og:url\" content=\"https:\/\/shop.army-case.com\/de\/gadgets-de\/kleber-hobby-pack\/\" \/>\n<meta property=\"og:site_name\" content=\"A-Case\" \/>\n<meta property=\"article:publisher\" content=\"https:\/\/www.facebook.com\/armycase\/\" \/>\n<meta property=\"article:modified_time\" content=\"2025-01-17T13:15:52+00:00\" \/>\n<meta property=\"og:image\" content=\"https:\/\/shop.army-case.com\/wp-content\/uploads\/2024\/12\/glue-1024x777.png\" \/>\n\t<meta property=\"og:image:width\" content=\"1024\" \/>\n\t<meta property=\"og:image:height\" content=\"777\" \/>\n\t<meta property=\"og:image:type\" content=\"image\/png\" \/>\n<meta name=\"twitter:card\" content=\"summary_large_image\" \/>\n<meta name=\"twitter:label1\" content=\"Gesch\u00e4tzte Lesezeit\" \/>\n\t<meta name=\"twitter:data1\" content=\"1\u00a0Minute\" \/>\n<script type=\"application\/ld+json\" class=\"yoast-schema-graph\">{\"@context\":\"https:\\\/\\\/schema.org\",\"@graph\":[{\"@type\":\"WebPage\",\"@id\":\"https:\\\/\\\/shop.army-case.com\\\/de\\\/gadgets-de\\\/kleber-hobby-pack\\\/\",\"url\":\"https:\\\/\\\/shop.army-case.com\\\/de\\\/gadgets-de\\\/kleber-hobby-pack\\\/\",\"name\":\"Kleber hobby pack &#8211; A-Case\",\"isPartOf\":{\"@id\":\"https:\\\/\\\/shop.army-case.com\\\/de\\\/#website\"},\"primaryImageOfPage\":{\"@id\":\"https:\\\/\\\/shop.army-case.com\\\/de\\\/gadgets-de\\\/kleber-hobby-pack\\\/#primaryimage\"},\"image\":{\"@id\":\"https:\\\/\\\/shop.army-case.com\\\/de\\\/gadgets-de\\\/kleber-hobby-pack\\\/#primaryimage\"},\"thumbnailUrl\":\"https:\\\/\\\/shop.army-case.com\\\/wp-content\\\/uploads\\\/2024\\\/12\\\/glue.png\",\"datePublished\":\"2024-12-19T10:07:10+00:00\",\"dateModified\":\"2025-01-17T13:15:52+00:00\",\"breadcrumb\":{\"@id\":\"https:\\\/\\\/shop.army-case.com\\\/de\\\/gadgets-de\\\/kleber-hobby-pack\\\/#breadcrumb\"},\"inLanguage\":\"de\",\"potentialAction\":[{\"@type\":\"ReadAction\",\"target\":[\"https:\\\/\\\/shop.army-case.com\\\/de\\\/gadgets-de\\\/kleber-hobby-pack\\\/\"]}]},{\"@type\":\"ImageObject\",\"inLanguage\":\"de\",\"@id\":\"https:\\\/\\\/shop.army-case.com\\\/de\\\/gadgets-de\\\/kleber-hobby-pack\\\/#primaryimage\",\"url\":\"https:\\\/\\\/shop.army-case.com\\\/wp-content\\\/uploads\\\/2024\\\/12\\\/glue.png\",\"contentUrl\":\"https:\\\/\\\/shop.army-case.com\\\/wp-content\\\/uploads\\\/2024\\\/12\\\/glue.png\",\"width\":1717,\"height\":1303},{\"@type\":\"BreadcrumbList\",\"@id\":\"https:\\\/\\\/shop.army-case.com\\\/de\\\/gadgets-de\\\/kleber-hobby-pack\\\/#breadcrumb\",\"itemListElement\":[{\"@type\":\"ListItem\",\"position\":1,\"name\":\"Home\",\"item\":\"https:\\\/\\\/shop.army-case.com\\\/de\\\/\"},{\"@type\":\"ListItem\",\"position\":2,\"name\":\"Shop\",\"item\":\"https:\\\/\\\/shop.army-case.com\\\/de\\\/shop\\\/\"},{\"@type\":\"ListItem\",\"position\":3,\"name\":\"Kleber hobby pack\"}]},{\"@type\":\"WebSite\",\"@id\":\"https:\\\/\\\/shop.army-case.com\\\/de\\\/#website\",\"url\":\"https:\\\/\\\/shop.army-case.com\\\/de\\\/\",\"name\":\"A-Case\",\"description\":\"A-Case for your miniatures\",\"potentialAction\":[{\"@type\":\"SearchAction\",\"target\":{\"@type\":\"EntryPoint\",\"urlTemplate\":\"https:\\\/\\\/shop.army-case.com\\\/de\\\/?s={search_term_string}\"},\"query-input\":{\"@type\":\"PropertyValueSpecification\",\"valueRequired\":true,\"valueName\":\"search_term_string\"}}],\"inLanguage\":\"de\"}]}<\/script>\n<!-- \/ Yoast SEO plugin. -->","yoast_head_json":{"title":"Kleber hobby pack &#8211; A-Case","robots":{"index":"noindex","follow":"follow"},"og_locale":"de_DE","og_type":"article","og_title":"Kleber hobby pack &#8211; A-Case","og_description":"Mittlerer Cyanacrylat-Klebstoff VERBINDUNGEN: Metall, Holz, Keramik, Leder, Papier, Gummi, einige Kunststoffe      Anwendung: Den Kleber auf eine trockene und saubere Oberfl\u00e4che auftragen. Die Teile 10-40 Sekunden lang zusammendr\u00fccken. Bildet innerhalb von 24 Stunden eine starke Bindung.     WARNUNG! Kann Hautreizungen, schwere Augenreizungen und Atemwegssch\u00e4den verursachen. Vermeiden Sie das Einatmen von Nebeln, D\u00e4mpfen, Sprays und D\u00e4mpfen, die dieses Produkt enthalten. In gut bel\u00fcfteten R\u00e4umen verwenden. BEI BER\u00dcHRUNG MIT DER HAUT: Mit viel Wasser waschen! WENN IN VORABENDEN: Einige Minuten lang vorsichtig mit Wasser sp\u00fclen. BEI EINATMEN: Bringen Sie die Person an die frische Luft und atmen Sie bequem. Im Falle eines Unfalls oder wenn Sie sich unwohl f\u00fchlen, suchen Sie \u00e4rztlichen Rat ein. NICHT: Trinken oder es ist der Inhalt der Flasche. Verwenden Sie es NICHT an irgendeinem Teil Ihres K\u00f6rpers!","og_url":"https:\/\/shop.army-case.com\/de\/gadgets-de\/kleber-hobby-pack\/","og_site_name":"A-Case","article_publisher":"https:\/\/www.facebook.com\/armycase\/","article_modified_time":"2025-01-17T13:15:52+00:00","og_image":[{"width":1024,"height":777,"url":"https:\/\/shop.army-case.com\/wp-content\/uploads\/2024\/12\/glue-1024x777.png","type":"image\/png"}],"twitter_card":"summary_large_image","twitter_misc":{"Gesch\u00e4tzte Lesezeit":"1\u00a0Minute"},"schema":{"@context":"https:\/\/schema.org","@graph":[{"@type":"WebPage","@id":"https:\/\/shop.army-case.com\/de\/gadgets-de\/kleber-hobby-pack\/","url":"https:\/\/shop.army-case.com\/de\/gadgets-de\/kleber-hobby-pack\/","name":"Kleber hobby pack &#8211; A-Case","isPartOf":{"@id":"https:\/\/shop.army-case.com\/de\/#website"},"primaryImageOfPage":{"@id":"https:\/\/shop.army-case.com\/de\/gadgets-de\/kleber-hobby-pack\/#primaryimage"},"image":{"@id":"https:\/\/shop.army-case.com\/de\/gadgets-de\/kleber-hobby-pack\/#primaryimage"},"thumbnailUrl":"https:\/\/shop.army-case.com\/wp-content\/uploads\/2024\/12\/glue.png","datePublished":"2024-12-19T10:07:10+00:00","dateModified":"2025-01-17T13:15:52+00:00","breadcrumb":{"@id":"https:\/\/shop.army-case.com\/de\/gadgets-de\/kleber-hobby-pack\/#breadcrumb"},"inLanguage":"de","potentialAction":[{"@type":"ReadAction","target":["https:\/\/shop.army-case.com\/de\/gadgets-de\/kleber-hobby-pack\/"]}]},{"@type":"ImageObject","inLanguage":"de","@id":"https:\/\/shop.army-case.com\/de\/gadgets-de\/kleber-hobby-pack\/#primaryimage","url":"https:\/\/shop.army-case.com\/wp-content\/uploads\/2024\/12\/glue.png","contentUrl":"https:\/\/shop.army-case.com\/wp-content\/uploads\/2024\/12\/glue.png","width":1717,"height":1303},{"@type":"BreadcrumbList","@id":"https:\/\/shop.army-case.com\/de\/gadgets-de\/kleber-hobby-pack\/#breadcrumb","itemListElement":[{"@type":"ListItem","position":1,"name":"Home","item":"https:\/\/shop.army-case.com\/de\/"},{"@type":"ListItem","position":2,"name":"Shop","item":"https:\/\/shop.army-case.com\/de\/shop\/"},{"@type":"ListItem","position":3,"name":"Kleber hobby pack"}]},{"@type":"WebSite","@id":"https:\/\/shop.army-case.com\/de\/#website","url":"https:\/\/shop.army-case.com\/de\/","name":"A-Case","description":"A-Case for your miniatures","potentialAction":[{"@type":"SearchAction","target":{"@type":"EntryPoint","urlTemplate":"https:\/\/shop.army-case.com\/de\/?s={search_term_string}"},"query-input":{"@type":"PropertyValueSpecification","valueRequired":true,"valueName":"search_term_string"}}],"inLanguage":"de"}]}},"_links":{"self":[{"href":"https:\/\/shop.army-case.com\/de\/wp-json\/wp\/v2\/product\/21911","targetHints":{"allow":["GET"]}}],"collection":[{"href":"https:\/\/shop.army-case.com\/de\/wp-json\/wp\/v2\/product"}],"about":[{"href":"https:\/\/shop.army-case.com\/de\/wp-json\/wp\/v2\/types\/product"}],"version-history":[{"count":0,"href":"https:\/\/shop.army-case.com\/de\/wp-json\/wp\/v2\/product\/21911\/revisions"}],"wp:featuredmedia":[{"embeddable":true,"href":"https:\/\/shop.army-case.com\/de\/wp-json\/wp\/v2\/media\/22062"}],"wp:attachment":[{"href":"https:\/\/shop.army-case.com\/de\/wp-json\/wp\/v2\/media?parent=21911"}],"wp:term":[{"taxonomy":"product_brand","embeddable":true,"href":"https:\/\/shop.army-case.com\/de\/wp-json\/wp\/v2\/product_brand?post=21911"},{"taxonomy":"product_cat","embeddable":true,"href":"https:\/\/shop.army-case.com\/de\/wp-json\/wp\/v2\/product_cat?post=21911"},{"taxonomy":"product_tag","embeddable":true,"href":"https:\/\/shop.army-case.com\/de\/wp-json\/wp\/v2\/product_tag?post=21911"}],"curies":[{"name":"wp","href":"https:\/\/api.w.org\/{rel}","templated":true}]}}