{"id":20175,"date":"2024-04-26T11:57:14","date_gmt":"2024-04-26T11:57:15","guid":{"rendered":"https:\/\/shop.army-case.com\/?post_type=product&#038;p=20175"},"modified":"2024-05-24T10:46:19","modified_gmt":"2024-05-24T10:46:19","slug":"tragbare-lackierstation","status":"publish","type":"product","link":"https:\/\/shop.army-case.com\/de\/gadgets-de\/tragbare-lackierstation\/","title":{"rendered":"Tragbare Lackierstation"},"content":{"rendered":"<p><span style=\"font-weight: 400;\">Neben dem voll ausgestatteten <\/span><a href=\"https:\/\/shop.army-case.com\/miniature-carrying-case\/a-case-victory-2-0\/\"><span style=\"font-weight: 400;\">Victory 2.0<\/span><\/a><span style=\"font-weight: 400;\"> Koffer kommt das Set mit:<\/span><\/p>\n<ul>\n<li><span style=\"font-weight: 400;\">Zwei abnehmbare LED-Oberlichter mit entsprechenden Click-In-Halterungen.<\/span><\/li>\n<li><span style=\"font-weight: 400;\">Zwei abnehmbare LED-Frontleuchten mit magnetischen Halterungen.<\/span><\/li>\n<li><span style=\"font-weight: 400;\">Fotohintergrund mit abnehmbaren, magnetischen Halterungen.<\/span><\/li>\n<li><span style=\"font-weight: 400;\">Fotohintergrund au\u00dfen Velcro Basis Halter.<\/span><\/li>\n<li><span style=\"font-weight: 400;\">Magnetischer Wasserbecher.<\/span><\/li>\n<li><span style=\"font-weight: 400;\">Transportbox f\u00fcr magnetisches Zubeh\u00f6r \/ Farben.<\/span><\/li>\n<li><span style=\"font-weight: 400;\">Shelf-to-Tray-Erweiterung.<\/span><\/li>\n<\/ul>\n","protected":false},"excerpt":{"rendered":"<p><span style=\"font-weight: 400;\">Die Portable Painting Station ist eine Reihe von Erweiterungen f\u00fcr das<\/span><a href=\"https:\/\/shop.army-case.com\/miniature-carrying-case\/a-case-victory-2-0\/\"><span style=\"font-weight: 400;\">A-Case Victory 2.0<\/span><\/a><span style=\"font-weight: 400;\">, die diesen kompakten Miniatur-Transportkoffer in eine mobile Hobbywerkstatt verwandeln.<\/span><\/p>\n","protected":false},"featured_media":20194,"template":"","meta":[],"product_brand":[],"product_cat":[174],"product_tag":[],"class_list":{"0":"post-20175","1":"product","2":"type-product","3":"status-publish","4":"has-post-thumbnail","6":"product_cat-gadgets-de","7":"product_shipping_class-kostenloser-versand","9":"first","10":"instock","11":"shipping-taxable","12":"purchasable","13":"product-type-bundle"},"bundled_by":[],"bundle_stock_status":"instock","bundle_stock_quantity":26,"bundle_virtual":false,"bundle_layout":"default","bundle_add_to_cart_form_location":"default","bundle_editable_in_cart":false,"bundle_sold_individually_context":"product","bundle_item_grouping":"noindent","bundle_min_size":"","bundle_max_size":"","bundle_price":{"price":{"min":{"incl_tax":"990","excl_tax":"990"},"max":{"incl_tax":"990","excl_tax":"990"}},"regular_price":{"min":{"incl_tax":"990","excl_tax":"990"},"max":{"incl_tax":"990","excl_tax":"990"}}},"bundled_items":[{"bundled_item_id":15,"product_id":5967,"menu_order":0,"quantity_min":1,"quantity_max":1,"quantity_default":1,"priced_individually":false,"shipped_individually":false,"override_title":false,"title":"A-Case Victory 2.0","override_description":true,"description":"A-Case Victory 2.0","optional":false,"hide_thumbnail":true,"discount":"","override_variations":false,"allowed_variations":[""],"override_default_variation_attributes":false,"default_variation_attributes":[],"single_product_visibility":"visible","cart_visibility":"visible","order_visibility":"visible","single_product_price_visibility":"visible","cart_price_visibility":"visible","order_price_visibility":"visible","stock_status":"in_stock"}],"bundle_sell_ids":[],"exclude_global_add_ons":false,"addons":[{"name":"CA-Kleber","type":"checkbox","position":0,"required":false,"title_format":"label","default":"","description_enable":false,"description":"","placeholder_enable":false,"placeholder":"","display":"select","restrictions_type":"any_text","adjust_price":false,"price":"","price_type":"flat_fee","restrictions":false,"min":"0","max":"0","options":[{"label":"1x 20 g CA-Kleber","price":"2.02","price_type":"percentage_based","image":0,"visibility":true}],"id":1716547580},{"name":"Magnete!","type":"checkbox","position":1,"required":false,"title_format":"label","default":"","description_enable":true,"description":"Wenn Sie Magnete im Inneren ben\u00f6tigen, \u00fcberpr\u00fcfen Sie die folgenden Optionen. Abmessungen - 5x2mm","placeholder_enable":false,"placeholder":"","display":"select","restrictions_type":"any_text","adjust_price":false,"price":"","price_type":"flat_fee","restrictions":false,"min":"0","max":"0","options":[{"label":"50 Neodym-Magnete","price":"6.10","price_type":"percentage_based","image":0,"visibility":true},{"label":"100 Neodym-Magnete","price":"10.10","price_type":"percentage_based","image":0,"visibility":true},{"label":"150 Neodym-Magnete","price":"13.64","price_type":"percentage_based","image":0,"visibility":true},{"label":"200 Neodym-Magnete","price":"16.16","price_type":"percentage_based","image":0,"visibility":true},{"label":"250 Neodym-Magnete","price":"22.73","price_type":"percentage_based","image":0,"visibility":true}],"id":1716547581}],"yoast_head":"<!-- This site is optimized with the Yoast SEO plugin v27.3 - https:\/\/yoast.com\/product\/yoast-seo-wordpress\/ -->\n<title>Tragbare Lackierstation | Farben-Transportbox | A-Case<\/title>\n<meta name=\"description\" content=\"Die Portable Painting Station ist eine Reihe von Erweiterungen f\u00fcr den A-Case Victory, die diesen kompakten Miniatur-Transportkoffer in eine mobile Hobbywerkstatt verwandeln.\" \/>\n<meta name=\"robots\" content=\"index, follow, max-snippet:-1, max-image-preview:large, max-video-preview:-1\" \/>\n<link rel=\"canonical\" href=\"https:\/\/shop.army-case.com\/de\/gadgets-de\/tragbare-lackierstation\/\" \/>\n<meta property=\"og:locale\" content=\"de_DE\" \/>\n<meta property=\"og:type\" content=\"article\" \/>\n<meta property=\"og:title\" content=\"Tragbare Lackierstation | Farben-Transportbox | A-Case\" \/>\n<meta property=\"og:description\" content=\"Die Portable Painting Station ist eine Reihe von Erweiterungen f\u00fcr den A-Case Victory, die diesen kompakten Miniatur-Transportkoffer in eine mobile Hobbywerkstatt verwandeln.\" \/>\n<meta property=\"og:url\" content=\"https:\/\/shop.army-case.com\/de\/gadgets-de\/tragbare-lackierstation\/\" \/>\n<meta property=\"og:site_name\" content=\"A-Case\" \/>\n<meta property=\"article:publisher\" content=\"https:\/\/www.facebook.com\/armycase\/\" \/>\n<meta property=\"article:modified_time\" content=\"2024-05-24T10:46:19+00:00\" \/>\n<meta property=\"og:image\" content=\"https:\/\/shop.army-case.com\/wp-content\/uploads\/2024\/04\/Scarhandpainting-2403-A-Case-Portable-Painting-Station-3.jpg\" \/>\n\t<meta property=\"og:image:width\" content=\"1200\" \/>\n\t<meta property=\"og:image:height\" content=\"1200\" \/>\n\t<meta property=\"og:image:type\" content=\"image\/jpeg\" \/>\n<meta name=\"twitter:card\" content=\"summary_large_image\" \/>\n<meta name=\"twitter:label1\" content=\"Gesch\u00e4tzte Lesezeit\" \/>\n\t<meta name=\"twitter:data1\" content=\"1\u00a0Minute\" \/>\n<script type=\"application\/ld+json\" class=\"yoast-schema-graph\">{\"@context\":\"https:\\\/\\\/schema.org\",\"@graph\":[{\"@type\":\"WebPage\",\"@id\":\"https:\\\/\\\/shop.army-case.com\\\/de\\\/gadgets-de\\\/tragbare-lackierstation\\\/\",\"url\":\"https:\\\/\\\/shop.army-case.com\\\/de\\\/gadgets-de\\\/tragbare-lackierstation\\\/\",\"name\":\"Tragbare Lackierstation | Farben-Transportbox | A-Case\",\"isPartOf\":{\"@id\":\"https:\\\/\\\/shop.army-case.com\\\/de\\\/#website\"},\"primaryImageOfPage\":{\"@id\":\"https:\\\/\\\/shop.army-case.com\\\/de\\\/gadgets-de\\\/tragbare-lackierstation\\\/#primaryimage\"},\"image\":{\"@id\":\"https:\\\/\\\/shop.army-case.com\\\/de\\\/gadgets-de\\\/tragbare-lackierstation\\\/#primaryimage\"},\"thumbnailUrl\":\"https:\\\/\\\/shop.army-case.com\\\/wp-content\\\/uploads\\\/2024\\\/04\\\/Scarhandpainting-2403-A-Case-Portable-Painting-Station-3.jpg\",\"datePublished\":\"2024-04-26T11:57:15+00:00\",\"dateModified\":\"2024-05-24T10:46:19+00:00\",\"description\":\"Die Portable Painting Station ist eine Reihe von Erweiterungen f\u00fcr den A-Case Victory, die diesen kompakten Miniatur-Transportkoffer in eine mobile Hobbywerkstatt verwandeln.\",\"breadcrumb\":{\"@id\":\"https:\\\/\\\/shop.army-case.com\\\/de\\\/gadgets-de\\\/tragbare-lackierstation\\\/#breadcrumb\"},\"inLanguage\":\"de\",\"potentialAction\":[{\"@type\":\"ReadAction\",\"target\":[\"https:\\\/\\\/shop.army-case.com\\\/de\\\/gadgets-de\\\/tragbare-lackierstation\\\/\"]}]},{\"@type\":\"ImageObject\",\"inLanguage\":\"de\",\"@id\":\"https:\\\/\\\/shop.army-case.com\\\/de\\\/gadgets-de\\\/tragbare-lackierstation\\\/#primaryimage\",\"url\":\"https:\\\/\\\/shop.army-case.com\\\/wp-content\\\/uploads\\\/2024\\\/04\\\/Scarhandpainting-2403-A-Case-Portable-Painting-Station-3.jpg\",\"contentUrl\":\"https:\\\/\\\/shop.army-case.com\\\/wp-content\\\/uploads\\\/2024\\\/04\\\/Scarhandpainting-2403-A-Case-Portable-Painting-Station-3.jpg\",\"width\":1200,\"height\":1200,\"caption\":\"Portable Painting Station\"},{\"@type\":\"BreadcrumbList\",\"@id\":\"https:\\\/\\\/shop.army-case.com\\\/de\\\/gadgets-de\\\/tragbare-lackierstation\\\/#breadcrumb\",\"itemListElement\":[{\"@type\":\"ListItem\",\"position\":1,\"name\":\"Home\",\"item\":\"https:\\\/\\\/shop.army-case.com\\\/de\\\/\"},{\"@type\":\"ListItem\",\"position\":2,\"name\":\"Shop\",\"item\":\"https:\\\/\\\/shop.army-case.com\\\/de\\\/shop\\\/\"},{\"@type\":\"ListItem\",\"position\":3,\"name\":\"Tragbare Lackierstation\"}]},{\"@type\":\"WebSite\",\"@id\":\"https:\\\/\\\/shop.army-case.com\\\/de\\\/#website\",\"url\":\"https:\\\/\\\/shop.army-case.com\\\/de\\\/\",\"name\":\"A-Case\",\"description\":\"A-Case for your miniatures\",\"potentialAction\":[{\"@type\":\"SearchAction\",\"target\":{\"@type\":\"EntryPoint\",\"urlTemplate\":\"https:\\\/\\\/shop.army-case.com\\\/de\\\/?s={search_term_string}\"},\"query-input\":{\"@type\":\"PropertyValueSpecification\",\"valueRequired\":true,\"valueName\":\"search_term_string\"}}],\"inLanguage\":\"de\"}]}<\/script>\n<!-- \/ Yoast SEO plugin. -->","yoast_head_json":{"title":"Tragbare Lackierstation | Farben-Transportbox | A-Case","description":"Die Portable Painting Station ist eine Reihe von Erweiterungen f\u00fcr den A-Case Victory, die diesen kompakten Miniatur-Transportkoffer in eine mobile Hobbywerkstatt verwandeln.","robots":{"index":"index","follow":"follow","max-snippet":"max-snippet:-1","max-image-preview":"max-image-preview:large","max-video-preview":"max-video-preview:-1"},"canonical":"https:\/\/shop.army-case.com\/de\/gadgets-de\/tragbare-lackierstation\/","og_locale":"de_DE","og_type":"article","og_title":"Tragbare Lackierstation | Farben-Transportbox | A-Case","og_description":"Die Portable Painting Station ist eine Reihe von Erweiterungen f\u00fcr den A-Case Victory, die diesen kompakten Miniatur-Transportkoffer in eine mobile Hobbywerkstatt verwandeln.","og_url":"https:\/\/shop.army-case.com\/de\/gadgets-de\/tragbare-lackierstation\/","og_site_name":"A-Case","article_publisher":"https:\/\/www.facebook.com\/armycase\/","article_modified_time":"2024-05-24T10:46:19+00:00","og_image":[{"width":1200,"height":1200,"url":"https:\/\/shop.army-case.com\/wp-content\/uploads\/2024\/04\/Scarhandpainting-2403-A-Case-Portable-Painting-Station-3.jpg","type":"image\/jpeg"}],"twitter_card":"summary_large_image","twitter_misc":{"Gesch\u00e4tzte Lesezeit":"1\u00a0Minute"},"schema":{"@context":"https:\/\/schema.org","@graph":[{"@type":"WebPage","@id":"https:\/\/shop.army-case.com\/de\/gadgets-de\/tragbare-lackierstation\/","url":"https:\/\/shop.army-case.com\/de\/gadgets-de\/tragbare-lackierstation\/","name":"Tragbare Lackierstation | Farben-Transportbox | A-Case","isPartOf":{"@id":"https:\/\/shop.army-case.com\/de\/#website"},"primaryImageOfPage":{"@id":"https:\/\/shop.army-case.com\/de\/gadgets-de\/tragbare-lackierstation\/#primaryimage"},"image":{"@id":"https:\/\/shop.army-case.com\/de\/gadgets-de\/tragbare-lackierstation\/#primaryimage"},"thumbnailUrl":"https:\/\/shop.army-case.com\/wp-content\/uploads\/2024\/04\/Scarhandpainting-2403-A-Case-Portable-Painting-Station-3.jpg","datePublished":"2024-04-26T11:57:15+00:00","dateModified":"2024-05-24T10:46:19+00:00","description":"Die Portable Painting Station ist eine Reihe von Erweiterungen f\u00fcr den A-Case Victory, die diesen kompakten Miniatur-Transportkoffer in eine mobile Hobbywerkstatt verwandeln.","breadcrumb":{"@id":"https:\/\/shop.army-case.com\/de\/gadgets-de\/tragbare-lackierstation\/#breadcrumb"},"inLanguage":"de","potentialAction":[{"@type":"ReadAction","target":["https:\/\/shop.army-case.com\/de\/gadgets-de\/tragbare-lackierstation\/"]}]},{"@type":"ImageObject","inLanguage":"de","@id":"https:\/\/shop.army-case.com\/de\/gadgets-de\/tragbare-lackierstation\/#primaryimage","url":"https:\/\/shop.army-case.com\/wp-content\/uploads\/2024\/04\/Scarhandpainting-2403-A-Case-Portable-Painting-Station-3.jpg","contentUrl":"https:\/\/shop.army-case.com\/wp-content\/uploads\/2024\/04\/Scarhandpainting-2403-A-Case-Portable-Painting-Station-3.jpg","width":1200,"height":1200,"caption":"Portable Painting Station"},{"@type":"BreadcrumbList","@id":"https:\/\/shop.army-case.com\/de\/gadgets-de\/tragbare-lackierstation\/#breadcrumb","itemListElement":[{"@type":"ListItem","position":1,"name":"Home","item":"https:\/\/shop.army-case.com\/de\/"},{"@type":"ListItem","position":2,"name":"Shop","item":"https:\/\/shop.army-case.com\/de\/shop\/"},{"@type":"ListItem","position":3,"name":"Tragbare Lackierstation"}]},{"@type":"WebSite","@id":"https:\/\/shop.army-case.com\/de\/#website","url":"https:\/\/shop.army-case.com\/de\/","name":"A-Case","description":"A-Case for your miniatures","potentialAction":[{"@type":"SearchAction","target":{"@type":"EntryPoint","urlTemplate":"https:\/\/shop.army-case.com\/de\/?s={search_term_string}"},"query-input":{"@type":"PropertyValueSpecification","valueRequired":true,"valueName":"search_term_string"}}],"inLanguage":"de"}]}},"_links":{"self":[{"href":"https:\/\/shop.army-case.com\/de\/wp-json\/wp\/v2\/product\/20175","targetHints":{"allow":["GET"]}}],"collection":[{"href":"https:\/\/shop.army-case.com\/de\/wp-json\/wp\/v2\/product"}],"about":[{"href":"https:\/\/shop.army-case.com\/de\/wp-json\/wp\/v2\/types\/product"}],"version-history":[{"count":0,"href":"https:\/\/shop.army-case.com\/de\/wp-json\/wp\/v2\/product\/20175\/revisions"}],"wp:featuredmedia":[{"embeddable":true,"href":"https:\/\/shop.army-case.com\/de\/wp-json\/wp\/v2\/media\/20194"}],"wp:attachment":[{"href":"https:\/\/shop.army-case.com\/de\/wp-json\/wp\/v2\/media?parent=20175"}],"wp:term":[{"taxonomy":"product_brand","embeddable":true,"href":"https:\/\/shop.army-case.com\/de\/wp-json\/wp\/v2\/product_brand?post=20175"},{"taxonomy":"product_cat","embeddable":true,"href":"https:\/\/shop.army-case.com\/de\/wp-json\/wp\/v2\/product_cat?post=20175"},{"taxonomy":"product_tag","embeddable":true,"href":"https:\/\/shop.army-case.com\/de\/wp-json\/wp\/v2\/product_tag?post=20175"}],"curies":[{"name":"wp","href":"https:\/\/api.w.org\/{rel}","templated":true}]}}