{"id":17210,"date":"2023-11-22T12:06:05","date_gmt":"2023-11-22T12:06:17","guid":{"rendered":"https:\/\/shop.army-case.com\/?post_type=product&#038;p=17210"},"modified":"2025-02-28T13:30:08","modified_gmt":"2025-02-28T13:30:08","slug":"mpgmegapack","status":"publish","type":"product","link":"https:\/\/shop.army-case.com\/de\/gadgets-de\/mpgmegapack\/","title":{"rendered":"A-Case Magnetischer Malgriff Mega Pack"},"content":{"rendered":"<p>Der A-Case Magnetic Painting Grip ist ein benutzerfreundliches, hochgradig anpassbares und ergonomisch geformtes Hobbywerkzeug, das entwickelt wurde, um Ihren Miniaturen-Malprozess zu verbessern. Ein Satz integrierter Platten und Magnete erm\u00f6glicht es Ihnen, eine Miniatur auf einem abnehmbaren &#8222;oberen&#8220; Teil zu montieren* und sie dann horizontal zu drehen, w\u00e4hrend Sie einen festen Halt behalten, ohne die Miniatur selbst zu ber\u00fchren. Es verbessert nicht nur den Zugang zur Miniatur, sondern verhindert auch, dass die Farbe durch Ber\u00fchrung abgerieben wird.<\/p>\n<p>*Dieses praktische Werkzeug wurde entwickelt, um sowohl die magnetisierten B\u00f6den als auch klebrige Kitte wie Blu-Tack zu unterst\u00fctzen.<\/p>\n<p>Das erweiterte Set enth\u00e4lt:<br \/>\n 1 x Griff<br \/>\n5 x 32 mm Platte<br \/>\n1 x 25 mm Platte<br \/>\n1 x 50 mm Platte<br \/>\n1x 90 mm ovale Platte<br \/>\n1x Korkplatte<br \/>\n1 x Chargenlackierplatte<br \/>\n1 x Grundierungsplatte<\/p>\n<p>PROFESSIONELLE BEWERTUNGEN:<br \/>\n<a href=\"https:\/\/scarhandpainting.com\/review-a-case-magnetic-painting-grip\/\" rel=\"nofollow\"><span style=\"font-weight: 400;\">Testbericht: A-Case Magnetischer Lackiergriff von Scarhandpainting.com<\/span><\/a><br \/>\n<a href=\"https:\/\/tangibleday.com\/a-case-painting-handle-for-miniatures-and-modreview\/\" rel=\"nofollow\"><span style=\"font-weight: 400;\">Testbericht: A-Case Malgriff f\u00fcr Miniaturen und Modelle Von Andrew Tan<\/span><\/a><br \/>\n<a href=\"https:\/\/www.fauxhammer.com\/it\/reviews\/a-case-painting-handle-for-miniatures-review\/\" rel=\"nofollow\"><span style=\"font-weight: 400;\">Testbericht: A-Case Lackiergriff f\u00fcr Miniaturen von Fauxhammer<\/span><\/a><\/p>\n","protected":false},"excerpt":{"rendered":"<p>Der A-Case Magnetic Painting Grip ist ein benutzerfreundliches, hochgradig anpassbares und ergonomisch geformtes Hobbywerkzeug, das entwickelt wurde, um Ihren Miniaturen-Malprozess zu verbessern. Ein Satz integrierter Platten und Magnete erm\u00f6glicht es Ihnen, eine Miniatur auf einem abnehmbaren &#8222;oberen&#8220; Teil zu montieren* und sie dann horizontal zu drehen, w\u00e4hrend Sie einen festen Halt behalten, ohne die Miniatur selbst zu ber\u00fchren. Es verbessert nicht nur den Zugang zur Miniatur, sondern verhindert auch, dass die Farbe durch Ber\u00fchrung abgerieben wird.<\/p>\n","protected":false},"featured_media":12896,"template":"","meta":[],"product_brand":[],"product_cat":[174],"product_tag":[],"class_list":{"0":"post-17210","1":"product","2":"type-product","3":"status-publish","4":"has-post-thumbnail","6":"product_cat-gadgets-de","7":"product_shipping_class-kostenloser-versand","9":"first","10":"instock","11":"shipping-taxable","12":"purchasable","13":"product-type-variable"},"bundled_by":[],"bundle_stock_status":"instock","bundle_stock_quantity":null,"bundle_virtual":false,"bundle_layout":"","bundle_add_to_cart_form_location":"","bundle_editable_in_cart":false,"bundle_sold_individually_context":"","bundle_item_grouping":"","bundle_min_size":"","bundle_max_size":"","bundle_price":[],"bundled_items":[],"bundle_sell_ids":[],"exclude_global_add_ons":false,"addons":[{"name":"CA-Kleber","type":"checkbox","position":0,"required":false,"title_format":"heading","default":"","description_enable":false,"description":null,"placeholder_enable":false,"placeholder":"","display":"select","restrictions_type":"any_text","adjust_price":false,"price":"","price_type":"flat_fee","restrictions":false,"min":"0","max":"0","options":[{"label":"1x 20 g CA-Kleber","price":"13.9","price_type":"percentage_based","image":0,"visibility":true}],"id":1740749341},{"name":"Magnete!","type":"checkbox","position":1,"required":false,"title_format":"heading","default":"","description_enable":true,"description":"Wenn Sie Magnete im Inneren ben\u00f6tigen, \u00fcberpr\u00fcfen Sie die folgenden Optionen. Abmessungen - 5x2mm","placeholder_enable":false,"placeholder":"","display":"select","restrictions_type":"any_text","adjust_price":false,"price":"","price_type":"flat_fee","restrictions":false,"min":"0","max":"0","options":[{"label":"50 Neodym-Magnete","price":"43.17","price_type":"percentage_based","image":0,"visibility":true},{"label":"100 Neodym-Magnete","price":"71.94","price_type":"percentage_based","image":0,"visibility":true},{"label":"150 Neodym-Magnete","price":"97.12","price_type":"percentage_based","image":0,"visibility":true},{"label":"200 Neodym-Magnete","price":"115.11","price_type":"percentage_based","image":0,"visibility":true},{"label":"250 Neodym-Magnete","price":"161.87","price_type":"percentage_based","image":0,"visibility":true}],"id":1740749342}],"yoast_head":"<!-- This site is optimized with the Yoast SEO plugin v27.3 - https:\/\/yoast.com\/product\/yoast-seo-wordpress\/ -->\n<title>A-Case Magnetischer Malgriff Mega Pack<\/title>\n<meta name=\"description\" content=\"A-Case Magnetischer Malgriff Mega Pack - Ihr ultimatives Hobby! Verbesserte und umh\u00fcllte Version unseres Basis-Magnet-Malgriffs\" \/>\n<meta name=\"robots\" content=\"index, follow, max-snippet:-1, max-image-preview:large, max-video-preview:-1\" \/>\n<link rel=\"canonical\" href=\"https:\/\/shop.army-case.com\/de\/gadgets-de\/mpgmegapack\/\" \/>\n<meta property=\"og:locale\" content=\"de_DE\" \/>\n<meta property=\"og:type\" content=\"article\" \/>\n<meta property=\"og:title\" content=\"A-Case Magnetischer Malgriff Mega Pack\" \/>\n<meta property=\"og:description\" content=\"A-Case Magnetischer Malgriff Mega Pack - Ihr ultimatives Hobby! Verbesserte und umh\u00fcllte Version unseres Basis-Magnet-Malgriffs\" \/>\n<meta property=\"og:url\" content=\"https:\/\/shop.army-case.com\/de\/gadgets-de\/mpgmegapack\/\" \/>\n<meta property=\"og:site_name\" content=\"A-Case\" \/>\n<meta property=\"article:publisher\" content=\"https:\/\/www.facebook.com\/armycase\/\" \/>\n<meta property=\"article:modified_time\" content=\"2025-02-28T13:30:08+00:00\" \/>\n<meta property=\"og:image\" content=\"https:\/\/shop.army-case.com\/wp-content\/uploads\/2022\/09\/painting-handle-for-miniatures-grey-1-scaled.jpg\" \/>\n\t<meta property=\"og:image:width\" content=\"2560\" \/>\n\t<meta property=\"og:image:height\" content=\"1707\" \/>\n\t<meta property=\"og:image:type\" content=\"image\/jpeg\" \/>\n<meta name=\"twitter:card\" content=\"summary_large_image\" \/>\n<meta name=\"twitter:label1\" content=\"Gesch\u00e4tzte Lesezeit\" \/>\n\t<meta name=\"twitter:data1\" content=\"1\u00a0Minute\" \/>\n<script type=\"application\/ld+json\" class=\"yoast-schema-graph\">{\"@context\":\"https:\\\/\\\/schema.org\",\"@graph\":[{\"@type\":\"WebPage\",\"@id\":\"https:\\\/\\\/shop.army-case.com\\\/de\\\/gadgets-de\\\/mpgmegapack\\\/\",\"url\":\"https:\\\/\\\/shop.army-case.com\\\/de\\\/gadgets-de\\\/mpgmegapack\\\/\",\"name\":\"A-Case Magnetischer Malgriff Mega Pack\",\"isPartOf\":{\"@id\":\"https:\\\/\\\/shop.army-case.com\\\/de\\\/#website\"},\"primaryImageOfPage\":{\"@id\":\"https:\\\/\\\/shop.army-case.com\\\/de\\\/gadgets-de\\\/mpgmegapack\\\/#primaryimage\"},\"image\":{\"@id\":\"https:\\\/\\\/shop.army-case.com\\\/de\\\/gadgets-de\\\/mpgmegapack\\\/#primaryimage\"},\"thumbnailUrl\":\"https:\\\/\\\/shop.army-case.com\\\/wp-content\\\/uploads\\\/2022\\\/09\\\/painting-handle-for-miniatures-grey-1-scaled.jpg\",\"datePublished\":\"2023-11-22T12:06:17+00:00\",\"dateModified\":\"2025-02-28T13:30:08+00:00\",\"description\":\"A-Case Magnetischer Malgriff Mega Pack - Ihr ultimatives Hobby! Verbesserte und umh\u00fcllte Version unseres Basis-Magnet-Malgriffs\",\"breadcrumb\":{\"@id\":\"https:\\\/\\\/shop.army-case.com\\\/de\\\/gadgets-de\\\/mpgmegapack\\\/#breadcrumb\"},\"inLanguage\":\"de\",\"potentialAction\":[{\"@type\":\"ReadAction\",\"target\":[\"https:\\\/\\\/shop.army-case.com\\\/de\\\/gadgets-de\\\/mpgmegapack\\\/\"]}]},{\"@type\":\"ImageObject\",\"inLanguage\":\"de\",\"@id\":\"https:\\\/\\\/shop.army-case.com\\\/de\\\/gadgets-de\\\/mpgmegapack\\\/#primaryimage\",\"url\":\"https:\\\/\\\/shop.army-case.com\\\/wp-content\\\/uploads\\\/2022\\\/09\\\/painting-handle-for-miniatures-grey-1-scaled.jpg\",\"contentUrl\":\"https:\\\/\\\/shop.army-case.com\\\/wp-content\\\/uploads\\\/2022\\\/09\\\/painting-handle-for-miniatures-grey-1-scaled.jpg\",\"width\":2560,\"height\":1707,\"caption\":\"painting handle for miniatures\"},{\"@type\":\"BreadcrumbList\",\"@id\":\"https:\\\/\\\/shop.army-case.com\\\/de\\\/gadgets-de\\\/mpgmegapack\\\/#breadcrumb\",\"itemListElement\":[{\"@type\":\"ListItem\",\"position\":1,\"name\":\"Home\",\"item\":\"https:\\\/\\\/shop.army-case.com\\\/de\\\/\"},{\"@type\":\"ListItem\",\"position\":2,\"name\":\"Shop\",\"item\":\"https:\\\/\\\/shop.army-case.com\\\/de\\\/shop\\\/\"},{\"@type\":\"ListItem\",\"position\":3,\"name\":\"A-Case Magnetischer Malgriff Mega Pack\"}]},{\"@type\":\"WebSite\",\"@id\":\"https:\\\/\\\/shop.army-case.com\\\/de\\\/#website\",\"url\":\"https:\\\/\\\/shop.army-case.com\\\/de\\\/\",\"name\":\"A-Case\",\"description\":\"A-Case for your miniatures\",\"potentialAction\":[{\"@type\":\"SearchAction\",\"target\":{\"@type\":\"EntryPoint\",\"urlTemplate\":\"https:\\\/\\\/shop.army-case.com\\\/de\\\/?s={search_term_string}\"},\"query-input\":{\"@type\":\"PropertyValueSpecification\",\"valueRequired\":true,\"valueName\":\"search_term_string\"}}],\"inLanguage\":\"de\"}]}<\/script>\n<!-- \/ Yoast SEO plugin. -->","yoast_head_json":{"title":"A-Case Magnetischer Malgriff Mega Pack","description":"A-Case Magnetischer Malgriff Mega Pack - Ihr ultimatives Hobby! Verbesserte und umh\u00fcllte Version unseres Basis-Magnet-Malgriffs","robots":{"index":"index","follow":"follow","max-snippet":"max-snippet:-1","max-image-preview":"max-image-preview:large","max-video-preview":"max-video-preview:-1"},"canonical":"https:\/\/shop.army-case.com\/de\/gadgets-de\/mpgmegapack\/","og_locale":"de_DE","og_type":"article","og_title":"A-Case Magnetischer Malgriff Mega Pack","og_description":"A-Case Magnetischer Malgriff Mega Pack - Ihr ultimatives Hobby! Verbesserte und umh\u00fcllte Version unseres Basis-Magnet-Malgriffs","og_url":"https:\/\/shop.army-case.com\/de\/gadgets-de\/mpgmegapack\/","og_site_name":"A-Case","article_publisher":"https:\/\/www.facebook.com\/armycase\/","article_modified_time":"2025-02-28T13:30:08+00:00","og_image":[{"width":2560,"height":1707,"url":"https:\/\/shop.army-case.com\/wp-content\/uploads\/2022\/09\/painting-handle-for-miniatures-grey-1-scaled.jpg","type":"image\/jpeg"}],"twitter_card":"summary_large_image","twitter_misc":{"Gesch\u00e4tzte Lesezeit":"1\u00a0Minute"},"schema":{"@context":"https:\/\/schema.org","@graph":[{"@type":"WebPage","@id":"https:\/\/shop.army-case.com\/de\/gadgets-de\/mpgmegapack\/","url":"https:\/\/shop.army-case.com\/de\/gadgets-de\/mpgmegapack\/","name":"A-Case Magnetischer Malgriff Mega Pack","isPartOf":{"@id":"https:\/\/shop.army-case.com\/de\/#website"},"primaryImageOfPage":{"@id":"https:\/\/shop.army-case.com\/de\/gadgets-de\/mpgmegapack\/#primaryimage"},"image":{"@id":"https:\/\/shop.army-case.com\/de\/gadgets-de\/mpgmegapack\/#primaryimage"},"thumbnailUrl":"https:\/\/shop.army-case.com\/wp-content\/uploads\/2022\/09\/painting-handle-for-miniatures-grey-1-scaled.jpg","datePublished":"2023-11-22T12:06:17+00:00","dateModified":"2025-02-28T13:30:08+00:00","description":"A-Case Magnetischer Malgriff Mega Pack - Ihr ultimatives Hobby! Verbesserte und umh\u00fcllte Version unseres Basis-Magnet-Malgriffs","breadcrumb":{"@id":"https:\/\/shop.army-case.com\/de\/gadgets-de\/mpgmegapack\/#breadcrumb"},"inLanguage":"de","potentialAction":[{"@type":"ReadAction","target":["https:\/\/shop.army-case.com\/de\/gadgets-de\/mpgmegapack\/"]}]},{"@type":"ImageObject","inLanguage":"de","@id":"https:\/\/shop.army-case.com\/de\/gadgets-de\/mpgmegapack\/#primaryimage","url":"https:\/\/shop.army-case.com\/wp-content\/uploads\/2022\/09\/painting-handle-for-miniatures-grey-1-scaled.jpg","contentUrl":"https:\/\/shop.army-case.com\/wp-content\/uploads\/2022\/09\/painting-handle-for-miniatures-grey-1-scaled.jpg","width":2560,"height":1707,"caption":"painting handle for miniatures"},{"@type":"BreadcrumbList","@id":"https:\/\/shop.army-case.com\/de\/gadgets-de\/mpgmegapack\/#breadcrumb","itemListElement":[{"@type":"ListItem","position":1,"name":"Home","item":"https:\/\/shop.army-case.com\/de\/"},{"@type":"ListItem","position":2,"name":"Shop","item":"https:\/\/shop.army-case.com\/de\/shop\/"},{"@type":"ListItem","position":3,"name":"A-Case Magnetischer Malgriff Mega Pack"}]},{"@type":"WebSite","@id":"https:\/\/shop.army-case.com\/de\/#website","url":"https:\/\/shop.army-case.com\/de\/","name":"A-Case","description":"A-Case for your miniatures","potentialAction":[{"@type":"SearchAction","target":{"@type":"EntryPoint","urlTemplate":"https:\/\/shop.army-case.com\/de\/?s={search_term_string}"},"query-input":{"@type":"PropertyValueSpecification","valueRequired":true,"valueName":"search_term_string"}}],"inLanguage":"de"}]}},"_links":{"self":[{"href":"https:\/\/shop.army-case.com\/de\/wp-json\/wp\/v2\/product\/17210","targetHints":{"allow":["GET"]}}],"collection":[{"href":"https:\/\/shop.army-case.com\/de\/wp-json\/wp\/v2\/product"}],"about":[{"href":"https:\/\/shop.army-case.com\/de\/wp-json\/wp\/v2\/types\/product"}],"version-history":[{"count":0,"href":"https:\/\/shop.army-case.com\/de\/wp-json\/wp\/v2\/product\/17210\/revisions"}],"wp:featuredmedia":[{"embeddable":true,"href":"https:\/\/shop.army-case.com\/de\/wp-json\/wp\/v2\/media\/12896"}],"wp:attachment":[{"href":"https:\/\/shop.army-case.com\/de\/wp-json\/wp\/v2\/media?parent=17210"}],"wp:term":[{"taxonomy":"product_brand","embeddable":true,"href":"https:\/\/shop.army-case.com\/de\/wp-json\/wp\/v2\/product_brand?post=17210"},{"taxonomy":"product_cat","embeddable":true,"href":"https:\/\/shop.army-case.com\/de\/wp-json\/wp\/v2\/product_cat?post=17210"},{"taxonomy":"product_tag","embeddable":true,"href":"https:\/\/shop.army-case.com\/de\/wp-json\/wp\/v2\/product_tag?post=17210"}],"curies":[{"name":"wp","href":"https:\/\/api.w.org\/{rel}","templated":true}]}}