{"id":15769,"date":"2023-07-21T06:06:22","date_gmt":"2023-07-21T06:06:22","guid":{"rendered":"https:\/\/shop.army-case.com\/?post_type=product&#038;p=15769"},"modified":"2024-07-02T12:35:33","modified_gmt":"2024-07-02T12:35:33","slug":"a-case-carrier","status":"publish","type":"product","link":"https:\/\/shop.army-case.com\/de\/fallschalen\/a-case-carrier\/","title":{"rendered":"A-Case-Tr\u00e4ger-Trays"},"content":{"rendered":"<p>Lasergeschnittene und pulverbeschichtete Stahlschalen f\u00fcr Carrier<\/p>\n<p>Im Set enthalten:<\/p>\n<ul>\n<li>3 x Regalb\u00f6den aus pulverbeschichtetem Eisen <strong>schwarz<\/strong><\/li>\n<li>6 x Verriegelungsstifte<\/li>\n<\/ul>\n","protected":false},"excerpt":{"rendered":"<p>Lasergeschnittene und pulverbeschichtete Stahlschalen f\u00fcr A-Case Carrier<\/p>\n","protected":false},"featured_media":16907,"template":"","meta":[],"product_brand":[],"product_cat":[169],"product_tag":[],"class_list":{"0":"post-15769","1":"product","2":"type-product","3":"status-publish","4":"has-post-thumbnail","6":"product_cat-fallschalen","7":"product_shipping_class-kostenloser-versand","9":"first","10":"instock","11":"shipping-taxable","12":"purchasable","13":"product-type-simple"},"bundled_by":[],"bundle_stock_status":"instock","bundle_stock_quantity":8,"bundle_virtual":false,"bundle_layout":"","bundle_add_to_cart_form_location":"","bundle_editable_in_cart":false,"bundle_sold_individually_context":"","bundle_item_grouping":"","bundle_min_size":"","bundle_max_size":"","bundle_price":[],"bundled_items":[],"bundle_sell_ids":[],"exclude_global_add_ons":false,"addons":[{"name":"Magnete!","type":"checkbox","position":0,"required":false,"title_format":"heading","default":"","description_enable":true,"description":"Wenn Sie Magnete im Inneren ben\u00f6tigen, \u00fcberpr\u00fcfen Sie die folgenden Optionen. Abmessungen - 5x2mm","placeholder_enable":false,"placeholder":"","display":"select","restrictions_type":"any_text","adjust_price":false,"price":"","price_type":"flat_fee","restrictions":false,"min":"0","max":"0","options":[{"label":"50 Neodym-Magnete","price":"46.51","price_type":"percentage_based","image":0,"visibility":true},{"label":"100 Neodym-Magnete","price":"77.52","price_type":"percentage_based","image":0,"visibility":true},{"label":"150 Neodym-Magnete","price":"104.65","price_type":"percentage_based","image":0,"visibility":true},{"label":"200 Neodym-Magnete","price":"124.03","price_type":"percentage_based","image":0,"visibility":true},{"label":"250 Neodym-Magnete","price":"174.42","price_type":"percentage_based","image":0,"visibility":true}],"id":1719923734}],"yoast_head":"<!-- This site is optimized with the Yoast SEO plugin v27.3 - https:\/\/yoast.com\/product\/yoast-seo-wordpress\/ -->\n<title>A-Case Tr\u00e4gerschalen - Lasergeschnittene Stahlschalen<\/title>\n<meta name=\"description\" content=\"Entdecken Sie unsere lasergeschnittenen A-Case Tr\u00e4gerschalen. Set mit 3 pulverbeschichteten Regalb\u00f6den und 6 Verriegelungsstiften. Ideal f\u00fcr...\" \/>\n<meta name=\"robots\" content=\"index, follow, max-snippet:-1, max-image-preview:large, max-video-preview:-1\" \/>\n<link rel=\"canonical\" href=\"https:\/\/shop.army-case.com\/de\/fallschalen\/a-case-carrier\/\" \/>\n<meta property=\"og:locale\" content=\"de_DE\" \/>\n<meta property=\"og:type\" content=\"article\" \/>\n<meta property=\"og:title\" content=\"A-Case Tr\u00e4gerschalen - Lasergeschnittene Stahlschalen\" \/>\n<meta property=\"og:description\" content=\"Entdecken Sie unsere lasergeschnittenen A-Case Tr\u00e4gerschalen. Set mit 3 pulverbeschichteten Regalb\u00f6den und 6 Verriegelungsstiften. Ideal f\u00fcr...\" \/>\n<meta property=\"og:url\" content=\"https:\/\/shop.army-case.com\/de\/fallschalen\/a-case-carrier\/\" \/>\n<meta property=\"og:site_name\" content=\"A-Case\" \/>\n<meta property=\"article:publisher\" content=\"https:\/\/www.facebook.com\/armycase\/\" \/>\n<meta property=\"article:modified_time\" content=\"2024-07-02T12:35:33+00:00\" \/>\n<meta property=\"og:image\" content=\"https:\/\/shop.army-case.com\/wp-content\/uploads\/2023\/07\/a-case-carrier-trays-1.png\" \/>\n\t<meta property=\"og:image:width\" content=\"1386\" \/>\n\t<meta property=\"og:image:height\" content=\"924\" \/>\n\t<meta property=\"og:image:type\" content=\"image\/png\" \/>\n<meta name=\"twitter:card\" content=\"summary_large_image\" \/>\n<meta name=\"twitter:label1\" content=\"Gesch\u00e4tzte Lesezeit\" \/>\n\t<meta name=\"twitter:data1\" content=\"1\u00a0Minute\" \/>\n<script type=\"application\/ld+json\" class=\"yoast-schema-graph\">{\"@context\":\"https:\\\/\\\/schema.org\",\"@graph\":[{\"@type\":\"WebPage\",\"@id\":\"https:\\\/\\\/shop.army-case.com\\\/de\\\/fallschalen\\\/a-case-carrier\\\/\",\"url\":\"https:\\\/\\\/shop.army-case.com\\\/de\\\/fallschalen\\\/a-case-carrier\\\/\",\"name\":\"A-Case Tr\u00e4gerschalen - Lasergeschnittene Stahlschalen\",\"isPartOf\":{\"@id\":\"https:\\\/\\\/shop.army-case.com\\\/de\\\/#website\"},\"primaryImageOfPage\":{\"@id\":\"https:\\\/\\\/shop.army-case.com\\\/de\\\/fallschalen\\\/a-case-carrier\\\/#primaryimage\"},\"image\":{\"@id\":\"https:\\\/\\\/shop.army-case.com\\\/de\\\/fallschalen\\\/a-case-carrier\\\/#primaryimage\"},\"thumbnailUrl\":\"https:\\\/\\\/shop.army-case.com\\\/wp-content\\\/uploads\\\/2023\\\/07\\\/a-case-carrier-trays-1.png\",\"datePublished\":\"2023-07-21T06:06:22+00:00\",\"dateModified\":\"2024-07-02T12:35:33+00:00\",\"description\":\"Entdecken Sie unsere lasergeschnittenen A-Case Tr\u00e4gerschalen. Set mit 3 pulverbeschichteten Regalb\u00f6den und 6 Verriegelungsstiften. Ideal f\u00fcr...\",\"breadcrumb\":{\"@id\":\"https:\\\/\\\/shop.army-case.com\\\/de\\\/fallschalen\\\/a-case-carrier\\\/#breadcrumb\"},\"inLanguage\":\"de\",\"potentialAction\":[{\"@type\":\"ReadAction\",\"target\":[\"https:\\\/\\\/shop.army-case.com\\\/de\\\/fallschalen\\\/a-case-carrier\\\/\"]}]},{\"@type\":\"ImageObject\",\"inLanguage\":\"de\",\"@id\":\"https:\\\/\\\/shop.army-case.com\\\/de\\\/fallschalen\\\/a-case-carrier\\\/#primaryimage\",\"url\":\"https:\\\/\\\/shop.army-case.com\\\/wp-content\\\/uploads\\\/2023\\\/07\\\/a-case-carrier-trays-1.png\",\"contentUrl\":\"https:\\\/\\\/shop.army-case.com\\\/wp-content\\\/uploads\\\/2023\\\/07\\\/a-case-carrier-trays-1.png\",\"width\":1386,\"height\":924,\"caption\":\"a case carrier trays\"},{\"@type\":\"BreadcrumbList\",\"@id\":\"https:\\\/\\\/shop.army-case.com\\\/de\\\/fallschalen\\\/a-case-carrier\\\/#breadcrumb\",\"itemListElement\":[{\"@type\":\"ListItem\",\"position\":1,\"name\":\"Home\",\"item\":\"https:\\\/\\\/shop.army-case.com\\\/de\\\/\"},{\"@type\":\"ListItem\",\"position\":2,\"name\":\"Shop\",\"item\":\"https:\\\/\\\/shop.army-case.com\\\/de\\\/shop\\\/\"},{\"@type\":\"ListItem\",\"position\":3,\"name\":\"A-Case-Tr\u00e4ger-Trays\"}]},{\"@type\":\"WebSite\",\"@id\":\"https:\\\/\\\/shop.army-case.com\\\/de\\\/#website\",\"url\":\"https:\\\/\\\/shop.army-case.com\\\/de\\\/\",\"name\":\"A-Case\",\"description\":\"A-Case for your miniatures\",\"potentialAction\":[{\"@type\":\"SearchAction\",\"target\":{\"@type\":\"EntryPoint\",\"urlTemplate\":\"https:\\\/\\\/shop.army-case.com\\\/de\\\/?s={search_term_string}\"},\"query-input\":{\"@type\":\"PropertyValueSpecification\",\"valueRequired\":true,\"valueName\":\"search_term_string\"}}],\"inLanguage\":\"de\"}]}<\/script>\n<!-- \/ Yoast SEO plugin. -->","yoast_head_json":{"title":"A-Case Tr\u00e4gerschalen - Lasergeschnittene Stahlschalen","description":"Entdecken Sie unsere lasergeschnittenen A-Case Tr\u00e4gerschalen. Set mit 3 pulverbeschichteten Regalb\u00f6den und 6 Verriegelungsstiften. Ideal f\u00fcr...","robots":{"index":"index","follow":"follow","max-snippet":"max-snippet:-1","max-image-preview":"max-image-preview:large","max-video-preview":"max-video-preview:-1"},"canonical":"https:\/\/shop.army-case.com\/de\/fallschalen\/a-case-carrier\/","og_locale":"de_DE","og_type":"article","og_title":"A-Case Tr\u00e4gerschalen - Lasergeschnittene Stahlschalen","og_description":"Entdecken Sie unsere lasergeschnittenen A-Case Tr\u00e4gerschalen. Set mit 3 pulverbeschichteten Regalb\u00f6den und 6 Verriegelungsstiften. Ideal f\u00fcr...","og_url":"https:\/\/shop.army-case.com\/de\/fallschalen\/a-case-carrier\/","og_site_name":"A-Case","article_publisher":"https:\/\/www.facebook.com\/armycase\/","article_modified_time":"2024-07-02T12:35:33+00:00","og_image":[{"width":1386,"height":924,"url":"https:\/\/shop.army-case.com\/wp-content\/uploads\/2023\/07\/a-case-carrier-trays-1.png","type":"image\/png"}],"twitter_card":"summary_large_image","twitter_misc":{"Gesch\u00e4tzte Lesezeit":"1\u00a0Minute"},"schema":{"@context":"https:\/\/schema.org","@graph":[{"@type":"WebPage","@id":"https:\/\/shop.army-case.com\/de\/fallschalen\/a-case-carrier\/","url":"https:\/\/shop.army-case.com\/de\/fallschalen\/a-case-carrier\/","name":"A-Case Tr\u00e4gerschalen - Lasergeschnittene Stahlschalen","isPartOf":{"@id":"https:\/\/shop.army-case.com\/de\/#website"},"primaryImageOfPage":{"@id":"https:\/\/shop.army-case.com\/de\/fallschalen\/a-case-carrier\/#primaryimage"},"image":{"@id":"https:\/\/shop.army-case.com\/de\/fallschalen\/a-case-carrier\/#primaryimage"},"thumbnailUrl":"https:\/\/shop.army-case.com\/wp-content\/uploads\/2023\/07\/a-case-carrier-trays-1.png","datePublished":"2023-07-21T06:06:22+00:00","dateModified":"2024-07-02T12:35:33+00:00","description":"Entdecken Sie unsere lasergeschnittenen A-Case Tr\u00e4gerschalen. Set mit 3 pulverbeschichteten Regalb\u00f6den und 6 Verriegelungsstiften. Ideal f\u00fcr...","breadcrumb":{"@id":"https:\/\/shop.army-case.com\/de\/fallschalen\/a-case-carrier\/#breadcrumb"},"inLanguage":"de","potentialAction":[{"@type":"ReadAction","target":["https:\/\/shop.army-case.com\/de\/fallschalen\/a-case-carrier\/"]}]},{"@type":"ImageObject","inLanguage":"de","@id":"https:\/\/shop.army-case.com\/de\/fallschalen\/a-case-carrier\/#primaryimage","url":"https:\/\/shop.army-case.com\/wp-content\/uploads\/2023\/07\/a-case-carrier-trays-1.png","contentUrl":"https:\/\/shop.army-case.com\/wp-content\/uploads\/2023\/07\/a-case-carrier-trays-1.png","width":1386,"height":924,"caption":"a case carrier trays"},{"@type":"BreadcrumbList","@id":"https:\/\/shop.army-case.com\/de\/fallschalen\/a-case-carrier\/#breadcrumb","itemListElement":[{"@type":"ListItem","position":1,"name":"Home","item":"https:\/\/shop.army-case.com\/de\/"},{"@type":"ListItem","position":2,"name":"Shop","item":"https:\/\/shop.army-case.com\/de\/shop\/"},{"@type":"ListItem","position":3,"name":"A-Case-Tr\u00e4ger-Trays"}]},{"@type":"WebSite","@id":"https:\/\/shop.army-case.com\/de\/#website","url":"https:\/\/shop.army-case.com\/de\/","name":"A-Case","description":"A-Case for your miniatures","potentialAction":[{"@type":"SearchAction","target":{"@type":"EntryPoint","urlTemplate":"https:\/\/shop.army-case.com\/de\/?s={search_term_string}"},"query-input":{"@type":"PropertyValueSpecification","valueRequired":true,"valueName":"search_term_string"}}],"inLanguage":"de"}]}},"_links":{"self":[{"href":"https:\/\/shop.army-case.com\/de\/wp-json\/wp\/v2\/product\/15769","targetHints":{"allow":["GET"]}}],"collection":[{"href":"https:\/\/shop.army-case.com\/de\/wp-json\/wp\/v2\/product"}],"about":[{"href":"https:\/\/shop.army-case.com\/de\/wp-json\/wp\/v2\/types\/product"}],"version-history":[{"count":0,"href":"https:\/\/shop.army-case.com\/de\/wp-json\/wp\/v2\/product\/15769\/revisions"}],"wp:featuredmedia":[{"embeddable":true,"href":"https:\/\/shop.army-case.com\/de\/wp-json\/wp\/v2\/media\/16907"}],"wp:attachment":[{"href":"https:\/\/shop.army-case.com\/de\/wp-json\/wp\/v2\/media?parent=15769"}],"wp:term":[{"taxonomy":"product_brand","embeddable":true,"href":"https:\/\/shop.army-case.com\/de\/wp-json\/wp\/v2\/product_brand?post=15769"},{"taxonomy":"product_cat","embeddable":true,"href":"https:\/\/shop.army-case.com\/de\/wp-json\/wp\/v2\/product_cat?post=15769"},{"taxonomy":"product_tag","embeddable":true,"href":"https:\/\/shop.army-case.com\/de\/wp-json\/wp\/v2\/product_tag?post=15769"}],"curies":[{"name":"wp","href":"https:\/\/api.w.org\/{rel}","templated":true}]}}