{"id":15226,"date":"2023-05-11T12:28:35","date_gmt":"2023-05-11T12:28:35","guid":{"rendered":"https:\/\/shop.army-case.com\/unkategorisiert\/duopack-der-ultimative-flugzeugreisende\/"},"modified":"2024-04-05T07:33:22","modified_gmt":"2024-04-05T07:33:22","slug":"duopack-der-ultimative-flugzeugreisende","status":"publish","type":"product","link":"https:\/\/shop.army-case.com\/de\/miniaturkoffer\/duopack-der-ultimative-flugzeugreisende\/","title":{"rendered":"DuoPack &#8211; Ultimativer Flugreisender"},"content":{"rendered":"<p><img fetchpriority=\"high\" decoding=\"async\" class=\"size-full wp-image-18917\" src=\"https:\/\/shop.army-case.com\/wp-content\/uploads\/2018\/01\/brush-case-1.jpg\" alt=\"B\u00fcrsten-Etui\" width=\"1551\" height=\"924\" srcset=\"https:\/\/shop.army-case.com\/wp-content\/uploads\/2018\/01\/brush-case-1.jpg 1551w, https:\/\/shop.army-case.com\/wp-content\/uploads\/2018\/01\/brush-case-1-300x179.jpg 300w, https:\/\/shop.army-case.com\/wp-content\/uploads\/2018\/01\/brush-case-1-1024x610.jpg 1024w, https:\/\/shop.army-case.com\/wp-content\/uploads\/2018\/01\/brush-case-1-768x458.jpg 768w, https:\/\/shop.army-case.com\/wp-content\/uploads\/2018\/01\/brush-case-1-1536x915.jpg 1536w, https:\/\/shop.army-case.com\/wp-content\/uploads\/2018\/01\/brush-case-1-1320x786.jpg 1320w, https:\/\/shop.army-case.com\/wp-content\/uploads\/2018\/01\/brush-case-1-600x357.jpg 600w\" sizes=\"(max-width: 1551px) 100vw, 1551px\" \/><\/p>\n<p>DuoPack &#8211; ein Bundle, das speziell f\u00fcr Flugreisen entwickelt wurde. Das B\u00fcndel aus Handgep\u00e4ckkoffer und einem Rucksack in der Gr\u00f6\u00dfe eines pers\u00f6nlichen Gegenstands bietet Ihnen die perfekte Erg\u00e4nzung f\u00fcr jede Flugreise.<br \/>\nDas Set enth\u00e4lt eine Messenger-H\u00fclle und einen Tragerucksack.<br \/>\nDie perfekte Mischung aus unseren beiden Produkten vereint in einem Set.  <\/p>\n<p>Im DuoPack-Set enthalten:<\/p>\n<p><strong>Spediteur<\/strong> :<\/p>\n<ul>\n<li>Leichter und langlebiger Rahmen aus <strong>pulverbeschichtetem Aluminium in Schwarz<\/strong><\/li>\n<li>3 x <strong>Regalb\u00f6den aus<\/strong> pulverbeschichtetem Stahl schwarz<\/li>\n<li>6 x Verriegelungsstifte<\/li>\n<li>Hochwertiger gepolsterter Rucksack aus Polyester in der Wunschfarbe mit Velcro Gurt f\u00fcr die Patches<\/li>\n<li>3x Zubeh\u00f6rtaschen<\/li>\n<li>50 x leistungsstarke Neodym-Magnete (5&#215;2 mm)<\/li>\n<\/ul>\n<p>Au\u00dfenma\u00dfe:<\/p>\n<ul>\n<li>H\u00f6he: 44 cm \/ ~17 \u00b2\u00b9\/\u2086\u2084 inch<\/li>\n<li>Breite: 27cm \/ ~10 \u2075\/\u2088 inch (ohne Taschen)<\/li>\n<li>Tiefe: 17cm \/ ~ 6 \u00b9\u00b9\/\u2081\u2086 Zoll (ohne Tasche)<\/li>\n<\/ul>\n<p>Au\u00dfenma\u00dfe des Geh\u00e4uses:<\/p>\n<ul>\n<li>H\u00f6he: 42 cm \/ ~ 16 \u00b9\u2077\/\u2083\u2082 inch<\/li>\n<li>Breite: 23,9 cm \/ ~ 9 \u00b9\u00b3\/\u2083\u2082 inch<\/li>\n<li>Tiefe: 15 cm \/ 5 \u00b2\u2079\/\u2083\u2082 inch<\/li>\n<\/ul>\n<p>Innenma\u00dfe des Geh\u00e4uses:<\/p>\n<ul>\n<li>H\u00f6he: (untere Ablage bis Oberseite des Geh\u00e4uses) 35,3 cm \/ ~ 13 \u2075\u2077\/\u2086\u2084 inch<\/li>\n<li>Breite: 19,2 cm \/ ~ 7 \u2079\/\u2081\u2086 inch<\/li>\n<li>Tiefe: 14,6 cm \/ ~ 5 \u00b3\/\u2084 inch<\/li>\n<\/ul>\n<p>Abmessungen des Tabletts:<\/p>\n<ul>\n<li>Breite: 21,2 cm \/ ~ 8 \u00b9\u00b9\/\u2083\u2082 inch<\/li>\n<li>Tiefe: 14,8 cm \/ ~5 \u2075\u00b3\/\u2086\u2084 inch<\/li>\n<\/ul>\n<p>Bitte beachten Sie, dass die mitgelieferten Trays nur auf den A-CASE Hybridtr\u00e4ger passen und nicht mit anderen Modellen kompatibel sind.<\/p>\n<p>Die oben genannten Ma\u00dfe sind Richtwerte.<\/p>\n<p><strong>Gewicht:<\/strong> 2,45 kg (inkl. 3 Tabletts)<\/p>\n<p>Dieses Produkt muss zusammengebaut werden.<\/p>\n<p><strong>Bote <\/strong>:<\/p>\n<ul>\n<li>Leichter und langlebiger Rahmen aus <strong>pulverbeschichtetem Aluminium in Schwarz<\/strong><\/li>\n<li>3 x <strong>Regalb\u00f6den aus<\/strong> pulverbeschichtetem Stahl schwarz<\/li>\n<li>6 x Verriegelungsstifte<\/li>\n<li>Hochwertige Polyestertasche mit Velcro Riemen f\u00fcr die Patches<\/li>\n<li>Tragriemen<\/li>\n<li>Tasche f\u00fcr Zubeh\u00f6r<\/li>\n<li>50 x leistungsstarke Neodym-Magnete (5&#215;2 mm)<\/li>\n<\/ul>\n<p>Au\u00dfenma\u00dfe:<\/p>\n<ul>\n<li>H\u00f6he: 31,5cm \/ 12,4&#8243;<\/li>\n<li>Breite: 40cm \/ 15,74&#8243;<\/li>\n<li>Tiefe: 21cm \/ 8,26&#8243;<\/li>\n<\/ul>\n<p>Au\u00dfenma\u00dfe des Geh\u00e4uses:<\/p>\n<ul>\n<li>H\u00f6he: 30,4cm<\/li>\n<li>Breite: 40cm<\/li>\n<li>Tiefe: 19,7cm<\/li>\n<\/ul>\n<p>Innenma\u00dfe des Geh\u00e4uses:<\/p>\n<ul>\n<li>H\u00f6he: 26,4cm (untere Ablage bis obere Geh\u00e4useseite)<\/li>\n<li>Breite: 35,5cm<\/li>\n<li>Tiefe: 19,2cm<\/li>\n<\/ul>\n<p>Abmessungen des Tabletts:<\/p>\n<ul>\n<li>Breite: 37,cm<\/li>\n<li>Tiefe: 18,9cm<\/li>\n<\/ul>\n<p>Die oben genannten Ma\u00dfe sind Richtwerte.<\/p>\n<p><strong>Gewicht:<\/strong> 2,45 kg<\/p>\n<p>Dieses Produkt muss zusammengebaut werden.<\/p>\n<h6>ALLE GEZEIGTEN BILDER DIENEN NUR ZUR VERANSCHAULICHUNG. DAS TATS\u00c4CHLICHE PRODUKT KANN AUFGRUND VON PRODUKTVERBESSERUNGEN VARIIEREN.<\/h6>\n","protected":false},"excerpt":{"rendered":"<p>Reisen Sie wie ein Profi mit A-Case Duo!<br \/>\nDas A-Case DuoPack wurde entwickelt, um das Reisen mit dem Flugzeug einfach und komfortabel zu gestalten.<br \/>\nEs erm\u00f6glicht Ihnen, mehr Stauraum f\u00fcr Ihre Miniaturen zu haben und sie an Bord zu haben.<\/p>\n","protected":false},"featured_media":15185,"template":"","meta":[],"product_brand":[],"product_cat":[141],"product_tag":[255],"class_list":{"0":"post-15226","1":"product","2":"type-product","3":"status-publish","4":"has-post-thumbnail","6":"product_cat-miniaturkoffer","7":"product_tag-bester-preis","8":"product_shipping_class-kostenloser-versand","10":"first","11":"instock","12":"shipping-taxable","13":"purchasable","14":"product-type-bundle"},"bundled_by":[],"bundle_stock_status":"instock","bundle_stock_quantity":43,"bundle_virtual":false,"bundle_layout":"default","bundle_add_to_cart_form_location":"default","bundle_editable_in_cart":false,"bundle_sold_individually_context":"product","bundle_item_grouping":"noindent","bundle_min_size":"","bundle_max_size":"","bundle_price":{"price":{"min":{"incl_tax":"1990","excl_tax":"1990"},"max":{"incl_tax":"1990","excl_tax":"1990"}},"regular_price":{"min":{"incl_tax":"1990","excl_tax":"1990"},"max":{"incl_tax":"1990","excl_tax":"1990"}}},"bundled_items":[{"bundled_item_id":5,"product_id":13566,"menu_order":0,"quantity_min":1,"quantity_max":1,"quantity_default":1,"priced_individually":false,"shipped_individually":false,"override_title":false,"title":"A-Koffer-Tr\u00e4ger  [Backpack]","override_description":true,"description":"","optional":false,"hide_thumbnail":true,"discount":"","override_variations":false,"allowed_variations":[""],"override_default_variation_attributes":false,"default_variation_attributes":[],"single_product_visibility":"visible","cart_visibility":"visible","order_visibility":"visible","single_product_price_visibility":"visible","cart_price_visibility":"visible","order_price_visibility":"visible","stock_status":"in_stock"},{"bundled_item_id":6,"product_id":5974,"menu_order":1,"quantity_min":1,"quantity_max":1,"quantity_default":1,"priced_individually":false,"shipped_individually":false,"override_title":false,"title":"A-Case Hybrid-Messenger","override_description":true,"description":"","optional":false,"hide_thumbnail":true,"discount":"","override_variations":false,"allowed_variations":[""],"override_default_variation_attributes":false,"default_variation_attributes":[],"single_product_visibility":"visible","cart_visibility":"visible","order_visibility":"visible","single_product_price_visibility":"visible","cart_price_visibility":"visible","order_price_visibility":"visible","stock_status":"in_stock"}],"bundle_sell_ids":[],"exclude_global_add_ons":false,"addons":[{"name":"Einlegeb\u00f6den","type":"checkbox","position":0,"required":false,"title_format":"heading","default":"","description_enable":true,"description":"Messenger und Carrier werden mit drei Einlegeb\u00f6den (3 Tabletts f\u00fcr jeden Koffer) geliefert und sind standardm\u00e4\u00dfig nicht zusammengebaut. Wenn Sie mehr Regale im Inneren ben\u00f6tigen, \u00fcberpr\u00fcfen Sie die folgenden Optionen.","placeholder_enable":false,"placeholder":"","display":"select","restrictions_type":"any_text","adjust_price":false,"price":"","price_type":"flat_fee","restrictions":false,"min":"0","max":"0","options":[{"label":"+6 zus\u00e4tzliche Einlegeb\u00f6den","price":"10.80","price_type":"percentage_based","image":0,"visibility":true}],"id":1712302362},{"name":"Magnete!","type":"checkbox","position":1,"required":false,"title_format":"heading","default":"","description_enable":true,"description":"Wenn Sie Magnete im Inneren ben\u00f6tigen, \u00fcberpr\u00fcfen Sie die folgenden Optionen. Abmessungen - 5x2mm","placeholder_enable":false,"placeholder":"","display":"select","restrictions_type":"any_text","adjust_price":false,"price":"","price_type":"flat_fee","restrictions":false,"min":"0","max":"0","options":[{"label":"100 Neodym-Magnete","price":"6.0300","price_type":"percentage_based","image":0,"visibility":true},{"label":"200 Neodym-Magnete","price":"10.0500","price_type":"percentage_based","image":0,"visibility":true},{"label":"300 Neodym-Magnete","price":"13.5700","price_type":"percentage_based","image":0,"visibility":true},{"label":"400 Neodym-Magnete","price":"16.0804","price_type":"percentage_based","image":0,"visibility":true},{"label":"500 Neodym-Magnete","price":"22.6130","price_type":"percentage_based","image":0,"visibility":true}],"id":1712302363},{"name":"CA-Kleber","type":"checkbox","position":2,"required":false,"title_format":"heading","default":"","description_enable":false,"description":null,"placeholder_enable":false,"placeholder":"","display":"select","restrictions_type":"any_text","adjust_price":false,"price":"","price_type":"flat_fee","restrictions":false,"min":"0","max":"0","options":[{"label":"1x 20 g CA-Kleber","price":"2.0100","price_type":"percentage_based","image":0,"visibility":true}],"id":1712302364}],"yoast_head":"<!-- This site is optimized with the Yoast SEO plugin v27.3 - https:\/\/yoast.com\/product\/yoast-seo-wordpress\/ -->\n<title>DuoPack - Ultimativer Flugreisender &#8211; A-Case<\/title>\n<meta name=\"description\" content=\"Erleben Sie das ultimative Reiseerlebnis mit DuoPack, dem perfekten Begleiter f\u00fcr Flugreisen. Entdecken Sie jetzt unser speziell entwickeltes...\" \/>\n<meta name=\"robots\" content=\"index, follow, max-snippet:-1, max-image-preview:large, max-video-preview:-1\" \/>\n<link rel=\"canonical\" href=\"https:\/\/shop.army-case.com\/de\/miniaturkoffer\/duopack-der-ultimative-flugzeugreisende\/\" \/>\n<meta property=\"og:locale\" content=\"de_DE\" \/>\n<meta property=\"og:type\" content=\"article\" \/>\n<meta property=\"og:title\" content=\"DuoPack - Ultimativer Flugreisender &#8211; A-Case\" \/>\n<meta property=\"og:description\" content=\"Erleben Sie das ultimative Reiseerlebnis mit DuoPack, dem perfekten Begleiter f\u00fcr Flugreisen. Entdecken Sie jetzt unser speziell entwickeltes...\" \/>\n<meta property=\"og:url\" content=\"https:\/\/shop.army-case.com\/de\/miniaturkoffer\/duopack-der-ultimative-flugzeugreisende\/\" \/>\n<meta property=\"og:site_name\" content=\"A-Case\" \/>\n<meta property=\"article:publisher\" content=\"https:\/\/www.facebook.com\/armycase\/\" \/>\n<meta property=\"article:modified_time\" content=\"2024-04-05T07:33:22+00:00\" \/>\n<meta property=\"og:image\" content=\"https:\/\/shop.army-case.com\/wp-content\/uploads\/2023\/05\/miniature-storage-cases-duopack-a-case.png\" \/>\n\t<meta property=\"og:image:width\" content=\"1080\" \/>\n\t<meta property=\"og:image:height\" content=\"1080\" \/>\n\t<meta property=\"og:image:type\" content=\"image\/png\" \/>\n<meta name=\"twitter:card\" content=\"summary_large_image\" \/>\n<meta name=\"twitter:label1\" content=\"Gesch\u00e4tzte Lesezeit\" \/>\n\t<meta name=\"twitter:data1\" content=\"2\u00a0Minuten\" \/>\n<script type=\"application\/ld+json\" class=\"yoast-schema-graph\">{\"@context\":\"https:\\\/\\\/schema.org\",\"@graph\":[{\"@type\":\"WebPage\",\"@id\":\"https:\\\/\\\/shop.army-case.com\\\/de\\\/miniaturkoffer\\\/duopack-der-ultimative-flugzeugreisende\\\/\",\"url\":\"https:\\\/\\\/shop.army-case.com\\\/de\\\/miniaturkoffer\\\/duopack-der-ultimative-flugzeugreisende\\\/\",\"name\":\"DuoPack - Ultimativer Flugreisender &#8211; A-Case\",\"isPartOf\":{\"@id\":\"https:\\\/\\\/shop.army-case.com\\\/de\\\/#website\"},\"primaryImageOfPage\":{\"@id\":\"https:\\\/\\\/shop.army-case.com\\\/de\\\/miniaturkoffer\\\/duopack-der-ultimative-flugzeugreisende\\\/#primaryimage\"},\"image\":{\"@id\":\"https:\\\/\\\/shop.army-case.com\\\/de\\\/miniaturkoffer\\\/duopack-der-ultimative-flugzeugreisende\\\/#primaryimage\"},\"thumbnailUrl\":\"https:\\\/\\\/shop.army-case.com\\\/wp-content\\\/uploads\\\/2023\\\/05\\\/miniature-storage-cases-duopack-a-case.png\",\"datePublished\":\"2023-05-11T12:28:35+00:00\",\"dateModified\":\"2024-04-05T07:33:22+00:00\",\"description\":\"Erleben Sie das ultimative Reiseerlebnis mit DuoPack, dem perfekten Begleiter f\u00fcr Flugreisen. Entdecken Sie jetzt unser speziell entwickeltes...\",\"breadcrumb\":{\"@id\":\"https:\\\/\\\/shop.army-case.com\\\/de\\\/miniaturkoffer\\\/duopack-der-ultimative-flugzeugreisende\\\/#breadcrumb\"},\"inLanguage\":\"de\",\"potentialAction\":[{\"@type\":\"ReadAction\",\"target\":[\"https:\\\/\\\/shop.army-case.com\\\/de\\\/miniaturkoffer\\\/duopack-der-ultimative-flugzeugreisende\\\/\"]}]},{\"@type\":\"ImageObject\",\"inLanguage\":\"de\",\"@id\":\"https:\\\/\\\/shop.army-case.com\\\/de\\\/miniaturkoffer\\\/duopack-der-ultimative-flugzeugreisende\\\/#primaryimage\",\"url\":\"https:\\\/\\\/shop.army-case.com\\\/wp-content\\\/uploads\\\/2023\\\/05\\\/miniature-storage-cases-duopack-a-case.png\",\"contentUrl\":\"https:\\\/\\\/shop.army-case.com\\\/wp-content\\\/uploads\\\/2023\\\/05\\\/miniature-storage-cases-duopack-a-case.png\",\"width\":1080,\"height\":1080,\"caption\":\"miniature storage cases duopack a case\"},{\"@type\":\"BreadcrumbList\",\"@id\":\"https:\\\/\\\/shop.army-case.com\\\/de\\\/miniaturkoffer\\\/duopack-der-ultimative-flugzeugreisende\\\/#breadcrumb\",\"itemListElement\":[{\"@type\":\"ListItem\",\"position\":1,\"name\":\"Home\",\"item\":\"https:\\\/\\\/shop.army-case.com\\\/de\\\/\"},{\"@type\":\"ListItem\",\"position\":2,\"name\":\"Shop\",\"item\":\"https:\\\/\\\/shop.army-case.com\\\/de\\\/shop\\\/\"},{\"@type\":\"ListItem\",\"position\":3,\"name\":\"DuoPack &#8211; Ultimativer Flugreisender\"}]},{\"@type\":\"WebSite\",\"@id\":\"https:\\\/\\\/shop.army-case.com\\\/de\\\/#website\",\"url\":\"https:\\\/\\\/shop.army-case.com\\\/de\\\/\",\"name\":\"A-Case\",\"description\":\"A-Case for your miniatures\",\"potentialAction\":[{\"@type\":\"SearchAction\",\"target\":{\"@type\":\"EntryPoint\",\"urlTemplate\":\"https:\\\/\\\/shop.army-case.com\\\/de\\\/?s={search_term_string}\"},\"query-input\":{\"@type\":\"PropertyValueSpecification\",\"valueRequired\":true,\"valueName\":\"search_term_string\"}}],\"inLanguage\":\"de\"}]}<\/script>\n<!-- \/ Yoast SEO plugin. -->","yoast_head_json":{"title":"DuoPack - Ultimativer Flugreisender &#8211; A-Case","description":"Erleben Sie das ultimative Reiseerlebnis mit DuoPack, dem perfekten Begleiter f\u00fcr Flugreisen. Entdecken Sie jetzt unser speziell entwickeltes...","robots":{"index":"index","follow":"follow","max-snippet":"max-snippet:-1","max-image-preview":"max-image-preview:large","max-video-preview":"max-video-preview:-1"},"canonical":"https:\/\/shop.army-case.com\/de\/miniaturkoffer\/duopack-der-ultimative-flugzeugreisende\/","og_locale":"de_DE","og_type":"article","og_title":"DuoPack - Ultimativer Flugreisender &#8211; A-Case","og_description":"Erleben Sie das ultimative Reiseerlebnis mit DuoPack, dem perfekten Begleiter f\u00fcr Flugreisen. Entdecken Sie jetzt unser speziell entwickeltes...","og_url":"https:\/\/shop.army-case.com\/de\/miniaturkoffer\/duopack-der-ultimative-flugzeugreisende\/","og_site_name":"A-Case","article_publisher":"https:\/\/www.facebook.com\/armycase\/","article_modified_time":"2024-04-05T07:33:22+00:00","og_image":[{"width":1080,"height":1080,"url":"https:\/\/shop.army-case.com\/wp-content\/uploads\/2023\/05\/miniature-storage-cases-duopack-a-case.png","type":"image\/png"}],"twitter_card":"summary_large_image","twitter_misc":{"Gesch\u00e4tzte Lesezeit":"2\u00a0Minuten"},"schema":{"@context":"https:\/\/schema.org","@graph":[{"@type":"WebPage","@id":"https:\/\/shop.army-case.com\/de\/miniaturkoffer\/duopack-der-ultimative-flugzeugreisende\/","url":"https:\/\/shop.army-case.com\/de\/miniaturkoffer\/duopack-der-ultimative-flugzeugreisende\/","name":"DuoPack - Ultimativer Flugreisender &#8211; A-Case","isPartOf":{"@id":"https:\/\/shop.army-case.com\/de\/#website"},"primaryImageOfPage":{"@id":"https:\/\/shop.army-case.com\/de\/miniaturkoffer\/duopack-der-ultimative-flugzeugreisende\/#primaryimage"},"image":{"@id":"https:\/\/shop.army-case.com\/de\/miniaturkoffer\/duopack-der-ultimative-flugzeugreisende\/#primaryimage"},"thumbnailUrl":"https:\/\/shop.army-case.com\/wp-content\/uploads\/2023\/05\/miniature-storage-cases-duopack-a-case.png","datePublished":"2023-05-11T12:28:35+00:00","dateModified":"2024-04-05T07:33:22+00:00","description":"Erleben Sie das ultimative Reiseerlebnis mit DuoPack, dem perfekten Begleiter f\u00fcr Flugreisen. Entdecken Sie jetzt unser speziell entwickeltes...","breadcrumb":{"@id":"https:\/\/shop.army-case.com\/de\/miniaturkoffer\/duopack-der-ultimative-flugzeugreisende\/#breadcrumb"},"inLanguage":"de","potentialAction":[{"@type":"ReadAction","target":["https:\/\/shop.army-case.com\/de\/miniaturkoffer\/duopack-der-ultimative-flugzeugreisende\/"]}]},{"@type":"ImageObject","inLanguage":"de","@id":"https:\/\/shop.army-case.com\/de\/miniaturkoffer\/duopack-der-ultimative-flugzeugreisende\/#primaryimage","url":"https:\/\/shop.army-case.com\/wp-content\/uploads\/2023\/05\/miniature-storage-cases-duopack-a-case.png","contentUrl":"https:\/\/shop.army-case.com\/wp-content\/uploads\/2023\/05\/miniature-storage-cases-duopack-a-case.png","width":1080,"height":1080,"caption":"miniature storage cases duopack a case"},{"@type":"BreadcrumbList","@id":"https:\/\/shop.army-case.com\/de\/miniaturkoffer\/duopack-der-ultimative-flugzeugreisende\/#breadcrumb","itemListElement":[{"@type":"ListItem","position":1,"name":"Home","item":"https:\/\/shop.army-case.com\/de\/"},{"@type":"ListItem","position":2,"name":"Shop","item":"https:\/\/shop.army-case.com\/de\/shop\/"},{"@type":"ListItem","position":3,"name":"DuoPack &#8211; Ultimativer Flugreisender"}]},{"@type":"WebSite","@id":"https:\/\/shop.army-case.com\/de\/#website","url":"https:\/\/shop.army-case.com\/de\/","name":"A-Case","description":"A-Case for your miniatures","potentialAction":[{"@type":"SearchAction","target":{"@type":"EntryPoint","urlTemplate":"https:\/\/shop.army-case.com\/de\/?s={search_term_string}"},"query-input":{"@type":"PropertyValueSpecification","valueRequired":true,"valueName":"search_term_string"}}],"inLanguage":"de"}]}},"_links":{"self":[{"href":"https:\/\/shop.army-case.com\/de\/wp-json\/wp\/v2\/product\/15226","targetHints":{"allow":["GET"]}}],"collection":[{"href":"https:\/\/shop.army-case.com\/de\/wp-json\/wp\/v2\/product"}],"about":[{"href":"https:\/\/shop.army-case.com\/de\/wp-json\/wp\/v2\/types\/product"}],"version-history":[{"count":0,"href":"https:\/\/shop.army-case.com\/de\/wp-json\/wp\/v2\/product\/15226\/revisions"}],"wp:featuredmedia":[{"embeddable":true,"href":"https:\/\/shop.army-case.com\/de\/wp-json\/wp\/v2\/media\/15185"}],"wp:attachment":[{"href":"https:\/\/shop.army-case.com\/de\/wp-json\/wp\/v2\/media?parent=15226"}],"wp:term":[{"taxonomy":"product_brand","embeddable":true,"href":"https:\/\/shop.army-case.com\/de\/wp-json\/wp\/v2\/product_brand?post=15226"},{"taxonomy":"product_cat","embeddable":true,"href":"https:\/\/shop.army-case.com\/de\/wp-json\/wp\/v2\/product_cat?post=15226"},{"taxonomy":"product_tag","embeddable":true,"href":"https:\/\/shop.army-case.com\/de\/wp-json\/wp\/v2\/product_tag?post=15226"}],"curies":[{"name":"wp","href":"https:\/\/api.w.org\/{rel}","templated":true}]}}