{"id":15034,"date":"2023-04-20T07:05:26","date_gmt":"2023-04-20T07:05:26","guid":{"rendered":"https:\/\/shop.army-case.com\/unkategorisiert\/velcropouch\/"},"modified":"2026-04-15T13:26:13","modified_gmt":"2026-04-15T13:26:13","slug":"velcropouch","status":"publish","type":"product","link":"https:\/\/shop.army-case.com\/de\/gadgets-de\/velcropouch\/","title":{"rendered":"Klettverschluss"},"content":{"rendered":"<p>Velcro Pouch &#8211; zus\u00e4tzlicher Stau- und Transportraum f\u00fcr Token, W\u00fcrfel oder andere Hobby-Peripherieger\u00e4te wie magnetische Tokenbox oder magnetischer Malgriff. Hergestellt aus hochwertigem, wasserabweisendem Material mit seitlichem Rei\u00dfverschluss. Es ist vollst\u00e4ndig kompatibel mit allen unseren magnetischen H\u00fcllen und erm\u00f6glicht es, ihren Platz zu erweitern.<\/p>\n<p>Au\u00dfenma\u00dfe:<\/p>\n<ul>\n<li>H\u00f6he: 230 mm \/ 9<sup>1<\/sup>\u2044<sub>16<\/sub>in<\/li>\n<li>Breite: 135 mm \/ 5<sup>5<\/sup>\u2044<sub>16<\/sub>in<\/li>\n<li>Tiefe: 40 mm \/ 1<sup>37<\/sup>\u2044<sub>64<\/sub>in<\/li>\n<\/ul>\n<p>Die oben genannten Ma\u00dfe sind Richtwerte.<\/p>\n<p><strong>Gewicht:<\/strong> 0,10 kg<\/p>\n<h6>ALLE GEZEIGTEN BILDER DIENEN NUR ZUR VERANSCHAULICHUNG. DAS TATS\u00c4CHLICHE PRODUKT KANN AUFGRUND VON PRODUKTVERBESSERUNGEN VARIIEREN.<\/h6>\n","protected":false},"excerpt":{"rendered":"<p>Velcro Pouch &#8211; zus\u00e4tzlicher Stau- und Transportraum f\u00fcr Token, W\u00fcrfel oder andere Hobby-Peripherieger\u00e4te wie magnetische Tokenbox oder magnetischer Malgriff. Hergestellt aus hochwertigem, wasserabweisendem Material mit seitlichem Rei\u00dfverschluss. Es ist vollst\u00e4ndig kompatibel mit allen unseren magnetischen H\u00fcllen und erm\u00f6glicht es, ihren Platz zu erweitern. Au\u00dfenma\u00dfe: H\u00f6he: 230 mm \/ 91\u204416in Breite: 135 mm \/ 55\u204416in Tiefe: [&hellip;]<\/p>\n","protected":false},"featured_media":15027,"template":"","meta":[],"product_brand":[],"product_cat":[174],"product_tag":[],"class_list":{"0":"post-15034","1":"product","2":"type-product","3":"status-publish","4":"has-post-thumbnail","6":"product_cat-gadgets-de","7":"product_shipping_class-kostenloser-versand","9":"first","10":"outofstock","11":"shipping-taxable","12":"purchasable","13":"product-type-variable"},"bundled_by":[],"bundle_stock_status":"outofstock","bundle_stock_quantity":0,"bundle_virtual":false,"bundle_layout":"","bundle_add_to_cart_form_location":"","bundle_editable_in_cart":false,"bundle_sold_individually_context":"","bundle_item_grouping":"","bundle_min_size":"","bundle_max_size":"","bundle_price":[],"bundled_items":[],"bundle_sell_ids":[],"exclude_global_add_ons":false,"addons":[{"name":"CA-Kleber","type":"checkbox","position":0,"required":false,"title_format":"heading","default":"","description_enable":false,"description":"","placeholder_enable":false,"placeholder":"","display":"select","restrictions_type":"any_text","adjust_price":false,"price":"","price_type":"flat_fee","restrictions":false,"min":"0","max":"0","options":[{"label":"1x 20 g Sekundenkleber","price":"28.99","price_type":"percentage_based","image":0,"visibility":true}],"id":1716549170},{"name":"Magnete!","type":"checkbox","position":1,"required":false,"title_format":"heading","default":"","description_enable":true,"description":"Wenn Sie Magnete im Inneren ben\u00f6tigen, \u00fcberpr\u00fcfen Sie die folgenden Optionen. Abmessungen \u2013 5 x 2 mm","placeholder_enable":false,"placeholder":"","display":"select","restrictions_type":"any_text","adjust_price":false,"price":"","price_type":"flat_fee","restrictions":false,"min":"0","max":"0","options":[{"label":"50 Neodym-Magnete","price":"46.51","price_type":"percentage_based","image":0,"visibility":true},{"label":"100 Neodym-Magnete","price":"77.52","price_type":"percentage_based","image":0,"visibility":true},{"label":"150 Neodym-Magnete","price":"104.65","price_type":"percentage_based","image":0,"visibility":true},{"label":"200 Neodym-Magnete","price":"124.03","price_type":"percentage_based","image":0,"visibility":true},{"label":"250 Neodym-Magnete","price":"174.42","price_type":"percentage_based","image":0,"visibility":true}],"id":1716549171}],"yoast_head":"<!-- This site is optimized with the Yoast SEO plugin v27.3 - https:\/\/yoast.com\/product\/yoast-seo-wordpress\/ -->\n<title>Klettverschluss - Stau- und Transportraum f\u00fcr Token, W\u00fcrfel<\/title>\n<meta name=\"description\" content=\"Entdecken Sie unseren Klettverschluss - den perfekten Stau- und Transportraum f\u00fcr Token und W\u00fcrfel. Hochwertig, wasserabweisend und kompatibel...\" \/>\n<meta name=\"robots\" content=\"index, follow, max-snippet:-1, max-image-preview:large, max-video-preview:-1\" \/>\n<link rel=\"canonical\" href=\"https:\/\/shop.army-case.com\/de\/gadgets-de\/velcropouch\/\" \/>\n<meta property=\"og:locale\" content=\"de_DE\" \/>\n<meta property=\"og:type\" content=\"article\" \/>\n<meta property=\"og:title\" content=\"Klettverschluss - Stau- und Transportraum f\u00fcr Token, W\u00fcrfel\" \/>\n<meta property=\"og:description\" content=\"Entdecken Sie unseren Klettverschluss - den perfekten Stau- und Transportraum f\u00fcr Token und W\u00fcrfel. Hochwertig, wasserabweisend und kompatibel...\" \/>\n<meta property=\"og:url\" content=\"https:\/\/shop.army-case.com\/de\/gadgets-de\/velcropouch\/\" \/>\n<meta property=\"og:site_name\" content=\"A-Case\" \/>\n<meta property=\"article:publisher\" content=\"https:\/\/www.facebook.com\/armycase\/\" \/>\n<meta property=\"article:modified_time\" content=\"2026-04-15T13:26:13+00:00\" \/>\n<meta property=\"og:image\" content=\"https:\/\/shop.army-case.com\/wp-content\/uploads\/2023\/04\/velcropouch-1.png\" \/>\n\t<meta property=\"og:image:width\" content=\"1024\" \/>\n\t<meta property=\"og:image:height\" content=\"1024\" \/>\n\t<meta property=\"og:image:type\" content=\"image\/png\" \/>\n<meta name=\"twitter:card\" content=\"summary_large_image\" \/>\n<meta name=\"twitter:label1\" content=\"Gesch\u00e4tzte Lesezeit\" \/>\n\t<meta name=\"twitter:data1\" content=\"1\u00a0Minute\" \/>\n<script type=\"application\/ld+json\" class=\"yoast-schema-graph\">{\"@context\":\"https:\\\/\\\/schema.org\",\"@graph\":[{\"@type\":\"WebPage\",\"@id\":\"https:\\\/\\\/shop.army-case.com\\\/de\\\/gadgets-de\\\/velcropouch\\\/\",\"url\":\"https:\\\/\\\/shop.army-case.com\\\/de\\\/gadgets-de\\\/velcropouch\\\/\",\"name\":\"Klettverschluss - Stau- und Transportraum f\u00fcr Token, W\u00fcrfel\",\"isPartOf\":{\"@id\":\"https:\\\/\\\/shop.army-case.com\\\/de\\\/#website\"},\"primaryImageOfPage\":{\"@id\":\"https:\\\/\\\/shop.army-case.com\\\/de\\\/gadgets-de\\\/velcropouch\\\/#primaryimage\"},\"image\":{\"@id\":\"https:\\\/\\\/shop.army-case.com\\\/de\\\/gadgets-de\\\/velcropouch\\\/#primaryimage\"},\"thumbnailUrl\":\"https:\\\/\\\/shop.army-case.com\\\/wp-content\\\/uploads\\\/2023\\\/04\\\/velcropouch-1.png\",\"datePublished\":\"2023-04-20T07:05:26+00:00\",\"dateModified\":\"2026-04-15T13:26:13+00:00\",\"description\":\"Entdecken Sie unseren Klettverschluss - den perfekten Stau- und Transportraum f\u00fcr Token und W\u00fcrfel. Hochwertig, wasserabweisend und kompatibel...\",\"breadcrumb\":{\"@id\":\"https:\\\/\\\/shop.army-case.com\\\/de\\\/gadgets-de\\\/velcropouch\\\/#breadcrumb\"},\"inLanguage\":\"de\",\"potentialAction\":[{\"@type\":\"ReadAction\",\"target\":[\"https:\\\/\\\/shop.army-case.com\\\/de\\\/gadgets-de\\\/velcropouch\\\/\"]}]},{\"@type\":\"ImageObject\",\"inLanguage\":\"de\",\"@id\":\"https:\\\/\\\/shop.army-case.com\\\/de\\\/gadgets-de\\\/velcropouch\\\/#primaryimage\",\"url\":\"https:\\\/\\\/shop.army-case.com\\\/wp-content\\\/uploads\\\/2023\\\/04\\\/velcropouch-1.png\",\"contentUrl\":\"https:\\\/\\\/shop.army-case.com\\\/wp-content\\\/uploads\\\/2023\\\/04\\\/velcropouch-1.png\",\"width\":1024,\"height\":1024,\"caption\":\"Velcropouch\"},{\"@type\":\"BreadcrumbList\",\"@id\":\"https:\\\/\\\/shop.army-case.com\\\/de\\\/gadgets-de\\\/velcropouch\\\/#breadcrumb\",\"itemListElement\":[{\"@type\":\"ListItem\",\"position\":1,\"name\":\"Home\",\"item\":\"https:\\\/\\\/shop.army-case.com\\\/de\\\/\"},{\"@type\":\"ListItem\",\"position\":2,\"name\":\"Shop\",\"item\":\"https:\\\/\\\/shop.army-case.com\\\/de\\\/shop\\\/\"},{\"@type\":\"ListItem\",\"position\":3,\"name\":\"Klettverschluss\"}]},{\"@type\":\"WebSite\",\"@id\":\"https:\\\/\\\/shop.army-case.com\\\/de\\\/#website\",\"url\":\"https:\\\/\\\/shop.army-case.com\\\/de\\\/\",\"name\":\"A-Case\",\"description\":\"A-Case for your miniatures\",\"potentialAction\":[{\"@type\":\"SearchAction\",\"target\":{\"@type\":\"EntryPoint\",\"urlTemplate\":\"https:\\\/\\\/shop.army-case.com\\\/de\\\/?s={search_term_string}\"},\"query-input\":{\"@type\":\"PropertyValueSpecification\",\"valueRequired\":true,\"valueName\":\"search_term_string\"}}],\"inLanguage\":\"de\"}]}<\/script>\n<!-- \/ Yoast SEO plugin. -->","yoast_head_json":{"title":"Klettverschluss - Stau- und Transportraum f\u00fcr Token, W\u00fcrfel","description":"Entdecken Sie unseren Klettverschluss - den perfekten Stau- und Transportraum f\u00fcr Token und W\u00fcrfel. Hochwertig, wasserabweisend und kompatibel...","robots":{"index":"index","follow":"follow","max-snippet":"max-snippet:-1","max-image-preview":"max-image-preview:large","max-video-preview":"max-video-preview:-1"},"canonical":"https:\/\/shop.army-case.com\/de\/gadgets-de\/velcropouch\/","og_locale":"de_DE","og_type":"article","og_title":"Klettverschluss - Stau- und Transportraum f\u00fcr Token, W\u00fcrfel","og_description":"Entdecken Sie unseren Klettverschluss - den perfekten Stau- und Transportraum f\u00fcr Token und W\u00fcrfel. Hochwertig, wasserabweisend und kompatibel...","og_url":"https:\/\/shop.army-case.com\/de\/gadgets-de\/velcropouch\/","og_site_name":"A-Case","article_publisher":"https:\/\/www.facebook.com\/armycase\/","article_modified_time":"2026-04-15T13:26:13+00:00","og_image":[{"width":1024,"height":1024,"url":"https:\/\/shop.army-case.com\/wp-content\/uploads\/2023\/04\/velcropouch-1.png","type":"image\/png"}],"twitter_card":"summary_large_image","twitter_misc":{"Gesch\u00e4tzte Lesezeit":"1\u00a0Minute"},"schema":{"@context":"https:\/\/schema.org","@graph":[{"@type":"WebPage","@id":"https:\/\/shop.army-case.com\/de\/gadgets-de\/velcropouch\/","url":"https:\/\/shop.army-case.com\/de\/gadgets-de\/velcropouch\/","name":"Klettverschluss - Stau- und Transportraum f\u00fcr Token, W\u00fcrfel","isPartOf":{"@id":"https:\/\/shop.army-case.com\/de\/#website"},"primaryImageOfPage":{"@id":"https:\/\/shop.army-case.com\/de\/gadgets-de\/velcropouch\/#primaryimage"},"image":{"@id":"https:\/\/shop.army-case.com\/de\/gadgets-de\/velcropouch\/#primaryimage"},"thumbnailUrl":"https:\/\/shop.army-case.com\/wp-content\/uploads\/2023\/04\/velcropouch-1.png","datePublished":"2023-04-20T07:05:26+00:00","dateModified":"2026-04-15T13:26:13+00:00","description":"Entdecken Sie unseren Klettverschluss - den perfekten Stau- und Transportraum f\u00fcr Token und W\u00fcrfel. Hochwertig, wasserabweisend und kompatibel...","breadcrumb":{"@id":"https:\/\/shop.army-case.com\/de\/gadgets-de\/velcropouch\/#breadcrumb"},"inLanguage":"de","potentialAction":[{"@type":"ReadAction","target":["https:\/\/shop.army-case.com\/de\/gadgets-de\/velcropouch\/"]}]},{"@type":"ImageObject","inLanguage":"de","@id":"https:\/\/shop.army-case.com\/de\/gadgets-de\/velcropouch\/#primaryimage","url":"https:\/\/shop.army-case.com\/wp-content\/uploads\/2023\/04\/velcropouch-1.png","contentUrl":"https:\/\/shop.army-case.com\/wp-content\/uploads\/2023\/04\/velcropouch-1.png","width":1024,"height":1024,"caption":"Velcropouch"},{"@type":"BreadcrumbList","@id":"https:\/\/shop.army-case.com\/de\/gadgets-de\/velcropouch\/#breadcrumb","itemListElement":[{"@type":"ListItem","position":1,"name":"Home","item":"https:\/\/shop.army-case.com\/de\/"},{"@type":"ListItem","position":2,"name":"Shop","item":"https:\/\/shop.army-case.com\/de\/shop\/"},{"@type":"ListItem","position":3,"name":"Klettverschluss"}]},{"@type":"WebSite","@id":"https:\/\/shop.army-case.com\/de\/#website","url":"https:\/\/shop.army-case.com\/de\/","name":"A-Case","description":"A-Case for your miniatures","potentialAction":[{"@type":"SearchAction","target":{"@type":"EntryPoint","urlTemplate":"https:\/\/shop.army-case.com\/de\/?s={search_term_string}"},"query-input":{"@type":"PropertyValueSpecification","valueRequired":true,"valueName":"search_term_string"}}],"inLanguage":"de"}]}},"_links":{"self":[{"href":"https:\/\/shop.army-case.com\/de\/wp-json\/wp\/v2\/product\/15034","targetHints":{"allow":["GET"]}}],"collection":[{"href":"https:\/\/shop.army-case.com\/de\/wp-json\/wp\/v2\/product"}],"about":[{"href":"https:\/\/shop.army-case.com\/de\/wp-json\/wp\/v2\/types\/product"}],"version-history":[{"count":0,"href":"https:\/\/shop.army-case.com\/de\/wp-json\/wp\/v2\/product\/15034\/revisions"}],"wp:featuredmedia":[{"embeddable":true,"href":"https:\/\/shop.army-case.com\/de\/wp-json\/wp\/v2\/media\/15027"}],"wp:attachment":[{"href":"https:\/\/shop.army-case.com\/de\/wp-json\/wp\/v2\/media?parent=15034"}],"wp:term":[{"taxonomy":"product_brand","embeddable":true,"href":"https:\/\/shop.army-case.com\/de\/wp-json\/wp\/v2\/product_brand?post=15034"},{"taxonomy":"product_cat","embeddable":true,"href":"https:\/\/shop.army-case.com\/de\/wp-json\/wp\/v2\/product_cat?post=15034"},{"taxonomy":"product_tag","embeddable":true,"href":"https:\/\/shop.army-case.com\/de\/wp-json\/wp\/v2\/product_tag?post=15034"}],"curies":[{"name":"wp","href":"https:\/\/api.w.org\/{rel}","templated":true}]}}