{"id":14658,"date":"2023-03-29T09:05:37","date_gmt":"2023-03-29T09:08:03","guid":{"rendered":"https:\/\/shop.army-case.com\/?post_type=product&#038;p=14658"},"modified":"2026-04-15T13:26:46","modified_gmt":"2026-04-15T13:26:46","slug":"magnetic-token-box","status":"publish","type":"product","link":"https:\/\/shop.army-case.com\/de\/gadgets-de\/magnetic-token-box\/","title":{"rendered":"Magnetische Token-Box"},"content":{"rendered":"<p>Magnetische Token-Box f\u00fcr Spielsteine, Marker und W\u00fcrfel. Hergestellt aus leichten Premium-Materialien (PLA), mit pulverbeschichtetem Deckel, Boden und Abstandshaltern. Perfekt f\u00fcr eine bessere Organisation, Aufbewahrung und den Transport von Tischzubeh\u00f6r.<\/p>\n<p>Im Magnetic Token Box Set enthalten:<\/p>\n<ul>\n<li>1 x 3D-gedruckter K\u00f6rper mit integriertem pulverbeschichtetem Boden aus Stahl und Magneten<\/li>\n<li>1 x pulverbeschichteter Stahl-Schiebedeckel<\/li>\n<li>2 x langer pulverbeschichteter Stahl-Abstandshalter (&#8222;K\u00e4mme&#8220;)<\/li>\n<li>3 x kurzer pulverbeschichteter Stahl-Abstandshalter (&#8222;K\u00e4mme&#8220;)<\/li>\n<\/ul>\n<p>Innenma\u00dfe:<\/p>\n<ul>\n<li>H\u00f6he: 25mm \/ 0<sup>63<\/sup>\u2044<sub>64<\/sub>in<\/li>\n<li>Breite: 106mm \/ 4<sup>11<\/sup>\u2044<sub>64<\/sub>in<\/li>\n<li>L\u00e4nge: 166 mm \/ 6<sup>17<\/sup>\u2044<sub>32<\/sub>in<\/li>\n<\/ul>\n<p>Die oben genannten Ma\u00dfe sind Richtwerte.<\/p>\n<p><strong>Gewicht:<\/strong> 0,25 kg<\/p>\n<p>Dieses Produkt wird unmontiert geliefert.<\/p>\n<h6>ALLE GEZEIGTEN BILDER DIENEN NUR ZUR VERANSCHAULICHUNG. DAS TATS\u00c4CHLICHE PRODUKT KANN AUFGRUND VON PRODUKTVERBESSERUNGEN VARIIEREN.<\/h6>\n","protected":false},"excerpt":{"rendered":"<p>Magnetische Token-Box f\u00fcr Spielsteine, Marker und W\u00fcrfel. Hergestellt aus leichten Premium-Materialien (PLA), mit pulverbeschichtetem Deckel, Boden und Abstandshaltern. Perfekt f\u00fcr eine bessere Organisation, Aufbewahrung und den Transport von Tischzubeh\u00f6r. Im Magnetic Token Box Set enthalten: 1 x 3D-gedruckter K\u00f6rper mit integriertem pulverbeschichtetem Boden aus Stahl und Magneten 1 x pulverbeschichteter Stahl-Schiebedeckel 2 x langer pulverbeschichteter [&hellip;]<\/p>\n","protected":false},"featured_media":22816,"template":"","meta":[],"product_brand":[],"product_cat":[174],"product_tag":[],"class_list":{"0":"post-14658","1":"product","2":"type-product","3":"status-publish","4":"has-post-thumbnail","6":"product_cat-gadgets-de","7":"product_shipping_class-kostenloser-versand","9":"first","10":"instock","11":"shipping-taxable","12":"purchasable","13":"product-type-variable"},"bundled_by":[],"bundle_stock_status":"instock","bundle_stock_quantity":null,"bundle_virtual":false,"bundle_layout":"","bundle_add_to_cart_form_location":"","bundle_editable_in_cart":false,"bundle_sold_individually_context":"","bundle_item_grouping":"","bundle_min_size":"","bundle_max_size":"","bundle_price":[],"bundled_items":[],"bundle_sell_ids":[],"exclude_global_add_ons":false,"addons":[{"name":"CA-Kleber","type":"checkbox","position":0,"required":false,"title_format":"label","default":"","description_enable":false,"description":null,"placeholder_enable":false,"placeholder":"","display":"select","restrictions_type":"any_text","adjust_price":false,"price":"","price_type":"flat_fee","restrictions":false,"min":"0","max":"0","options":[{"label":"1x 20 g CA-Kleber","price":"13.42","price_type":"percentage_based","image":0,"visibility":true}],"id":1740749368},{"name":"Magnete!","type":"checkbox","position":1,"required":false,"title_format":"label","default":"","description_enable":true,"description":"Wenn Sie Magnete im Inneren ben\u00f6tigen, \u00fcberpr\u00fcfen Sie die folgenden Optionen. Abmessungen - 5x2mm","placeholder_enable":false,"placeholder":"","display":"select","restrictions_type":"any_text","adjust_price":false,"price":"","price_type":"flat_fee","restrictions":false,"min":"0","max":"0","options":[{"label":"50 Neodym-Magnete","price":"40.28","price_type":"percentage_based","image":0,"visibility":true},{"label":"100 Neodym-Magnete","price":"67.12","price_type":"percentage_based","image":0,"visibility":true},{"label":"150 Neodym-Magnete","price":"90.62","price_type":"percentage_based","image":0,"visibility":true},{"label":"200 Neodym-Magnete","price":"107.39","price_type":"percentage_based","image":0,"visibility":true},{"label":"250 Neodym-Magnete","price":"151.1","price_type":"percentage_based","image":0,"visibility":true}],"id":1740749369}],"yoast_head":"<!-- This site is optimized with the Yoast SEO plugin v27.3 - https:\/\/yoast.com\/product\/yoast-seo-wordpress\/ -->\n<title>Magnetische Token-Box (MTB) - Army Case<\/title>\n<meta name=\"description\" content=\"Entdecken Sie die Magnetische Token-Box (MTB) - Army Case, perfekt f\u00fcr die Organisation Ihrer Spielsteine, Marker und W\u00fcrfel. Leicht und...\" \/>\n<meta name=\"robots\" content=\"index, follow, max-snippet:-1, max-image-preview:large, max-video-preview:-1\" \/>\n<link rel=\"canonical\" href=\"https:\/\/shop.army-case.com\/de\/gadgets-de\/magnetic-token-box\/\" \/>\n<meta property=\"og:locale\" content=\"de_DE\" \/>\n<meta property=\"og:type\" content=\"article\" \/>\n<meta property=\"og:title\" content=\"Magnetische Token-Box (MTB) - Army Case\" \/>\n<meta property=\"og:description\" content=\"Entdecken Sie die Magnetische Token-Box (MTB) - Army Case, perfekt f\u00fcr die Organisation Ihrer Spielsteine, Marker und W\u00fcrfel. Leicht und...\" \/>\n<meta property=\"og:url\" content=\"https:\/\/shop.army-case.com\/de\/gadgets-de\/magnetic-token-box\/\" \/>\n<meta property=\"og:site_name\" content=\"A-Case\" \/>\n<meta property=\"article:publisher\" content=\"https:\/\/www.facebook.com\/armycase\/\" \/>\n<meta property=\"article:modified_time\" content=\"2026-04-15T13:26:46+00:00\" \/>\n<meta property=\"og:image\" content=\"https:\/\/shop.army-case.com\/wp-content\/uploads\/2023\/03\/magnetic-token-box-black-004.webp\" \/>\n\t<meta property=\"og:image:width\" content=\"800\" \/>\n\t<meta property=\"og:image:height\" content=\"1092\" \/>\n\t<meta property=\"og:image:type\" content=\"image\/webp\" \/>\n<meta name=\"twitter:card\" content=\"summary_large_image\" \/>\n<meta name=\"twitter:label1\" content=\"Gesch\u00e4tzte Lesezeit\" \/>\n\t<meta name=\"twitter:data1\" content=\"1\u00a0Minute\" \/>\n<script type=\"application\/ld+json\" class=\"yoast-schema-graph\">{\"@context\":\"https:\\\/\\\/schema.org\",\"@graph\":[{\"@type\":\"WebPage\",\"@id\":\"https:\\\/\\\/shop.army-case.com\\\/de\\\/gadgets-de\\\/magnetic-token-box\\\/\",\"url\":\"https:\\\/\\\/shop.army-case.com\\\/de\\\/gadgets-de\\\/magnetic-token-box\\\/\",\"name\":\"Magnetische Token-Box (MTB) - Army Case\",\"isPartOf\":{\"@id\":\"https:\\\/\\\/shop.army-case.com\\\/de\\\/#website\"},\"primaryImageOfPage\":{\"@id\":\"https:\\\/\\\/shop.army-case.com\\\/de\\\/gadgets-de\\\/magnetic-token-box\\\/#primaryimage\"},\"image\":{\"@id\":\"https:\\\/\\\/shop.army-case.com\\\/de\\\/gadgets-de\\\/magnetic-token-box\\\/#primaryimage\"},\"thumbnailUrl\":\"https:\\\/\\\/shop.army-case.com\\\/wp-content\\\/uploads\\\/2023\\\/03\\\/magnetic-token-box-black-004.webp\",\"datePublished\":\"2023-03-29T09:08:03+00:00\",\"dateModified\":\"2026-04-15T13:26:46+00:00\",\"description\":\"Entdecken Sie die Magnetische Token-Box (MTB) - Army Case, perfekt f\u00fcr die Organisation Ihrer Spielsteine, Marker und W\u00fcrfel. Leicht und...\",\"breadcrumb\":{\"@id\":\"https:\\\/\\\/shop.army-case.com\\\/de\\\/gadgets-de\\\/magnetic-token-box\\\/#breadcrumb\"},\"inLanguage\":\"de\",\"potentialAction\":[{\"@type\":\"ReadAction\",\"target\":[\"https:\\\/\\\/shop.army-case.com\\\/de\\\/gadgets-de\\\/magnetic-token-box\\\/\"]}]},{\"@type\":\"ImageObject\",\"inLanguage\":\"de\",\"@id\":\"https:\\\/\\\/shop.army-case.com\\\/de\\\/gadgets-de\\\/magnetic-token-box\\\/#primaryimage\",\"url\":\"https:\\\/\\\/shop.army-case.com\\\/wp-content\\\/uploads\\\/2023\\\/03\\\/magnetic-token-box-black-004.webp\",\"contentUrl\":\"https:\\\/\\\/shop.army-case.com\\\/wp-content\\\/uploads\\\/2023\\\/03\\\/magnetic-token-box-black-004.webp\",\"width\":800,\"height\":1092},{\"@type\":\"BreadcrumbList\",\"@id\":\"https:\\\/\\\/shop.army-case.com\\\/de\\\/gadgets-de\\\/magnetic-token-box\\\/#breadcrumb\",\"itemListElement\":[{\"@type\":\"ListItem\",\"position\":1,\"name\":\"Home\",\"item\":\"https:\\\/\\\/shop.army-case.com\\\/de\\\/\"},{\"@type\":\"ListItem\",\"position\":2,\"name\":\"Shop\",\"item\":\"https:\\\/\\\/shop.army-case.com\\\/de\\\/shop\\\/\"},{\"@type\":\"ListItem\",\"position\":3,\"name\":\"Magnetische Token-Box\"}]},{\"@type\":\"WebSite\",\"@id\":\"https:\\\/\\\/shop.army-case.com\\\/de\\\/#website\",\"url\":\"https:\\\/\\\/shop.army-case.com\\\/de\\\/\",\"name\":\"A-Case\",\"description\":\"A-Case for your miniatures\",\"potentialAction\":[{\"@type\":\"SearchAction\",\"target\":{\"@type\":\"EntryPoint\",\"urlTemplate\":\"https:\\\/\\\/shop.army-case.com\\\/de\\\/?s={search_term_string}\"},\"query-input\":{\"@type\":\"PropertyValueSpecification\",\"valueRequired\":true,\"valueName\":\"search_term_string\"}}],\"inLanguage\":\"de\"}]}<\/script>\n<!-- \/ Yoast SEO plugin. -->","yoast_head_json":{"title":"Magnetische Token-Box (MTB) - Army Case","description":"Entdecken Sie die Magnetische Token-Box (MTB) - Army Case, perfekt f\u00fcr die Organisation Ihrer Spielsteine, Marker und W\u00fcrfel. Leicht und...","robots":{"index":"index","follow":"follow","max-snippet":"max-snippet:-1","max-image-preview":"max-image-preview:large","max-video-preview":"max-video-preview:-1"},"canonical":"https:\/\/shop.army-case.com\/de\/gadgets-de\/magnetic-token-box\/","og_locale":"de_DE","og_type":"article","og_title":"Magnetische Token-Box (MTB) - Army Case","og_description":"Entdecken Sie die Magnetische Token-Box (MTB) - Army Case, perfekt f\u00fcr die Organisation Ihrer Spielsteine, Marker und W\u00fcrfel. Leicht und...","og_url":"https:\/\/shop.army-case.com\/de\/gadgets-de\/magnetic-token-box\/","og_site_name":"A-Case","article_publisher":"https:\/\/www.facebook.com\/armycase\/","article_modified_time":"2026-04-15T13:26:46+00:00","og_image":[{"width":800,"height":1092,"url":"https:\/\/shop.army-case.com\/wp-content\/uploads\/2023\/03\/magnetic-token-box-black-004.webp","type":"image\/webp"}],"twitter_card":"summary_large_image","twitter_misc":{"Gesch\u00e4tzte Lesezeit":"1\u00a0Minute"},"schema":{"@context":"https:\/\/schema.org","@graph":[{"@type":"WebPage","@id":"https:\/\/shop.army-case.com\/de\/gadgets-de\/magnetic-token-box\/","url":"https:\/\/shop.army-case.com\/de\/gadgets-de\/magnetic-token-box\/","name":"Magnetische Token-Box (MTB) - Army Case","isPartOf":{"@id":"https:\/\/shop.army-case.com\/de\/#website"},"primaryImageOfPage":{"@id":"https:\/\/shop.army-case.com\/de\/gadgets-de\/magnetic-token-box\/#primaryimage"},"image":{"@id":"https:\/\/shop.army-case.com\/de\/gadgets-de\/magnetic-token-box\/#primaryimage"},"thumbnailUrl":"https:\/\/shop.army-case.com\/wp-content\/uploads\/2023\/03\/magnetic-token-box-black-004.webp","datePublished":"2023-03-29T09:08:03+00:00","dateModified":"2026-04-15T13:26:46+00:00","description":"Entdecken Sie die Magnetische Token-Box (MTB) - Army Case, perfekt f\u00fcr die Organisation Ihrer Spielsteine, Marker und W\u00fcrfel. Leicht und...","breadcrumb":{"@id":"https:\/\/shop.army-case.com\/de\/gadgets-de\/magnetic-token-box\/#breadcrumb"},"inLanguage":"de","potentialAction":[{"@type":"ReadAction","target":["https:\/\/shop.army-case.com\/de\/gadgets-de\/magnetic-token-box\/"]}]},{"@type":"ImageObject","inLanguage":"de","@id":"https:\/\/shop.army-case.com\/de\/gadgets-de\/magnetic-token-box\/#primaryimage","url":"https:\/\/shop.army-case.com\/wp-content\/uploads\/2023\/03\/magnetic-token-box-black-004.webp","contentUrl":"https:\/\/shop.army-case.com\/wp-content\/uploads\/2023\/03\/magnetic-token-box-black-004.webp","width":800,"height":1092},{"@type":"BreadcrumbList","@id":"https:\/\/shop.army-case.com\/de\/gadgets-de\/magnetic-token-box\/#breadcrumb","itemListElement":[{"@type":"ListItem","position":1,"name":"Home","item":"https:\/\/shop.army-case.com\/de\/"},{"@type":"ListItem","position":2,"name":"Shop","item":"https:\/\/shop.army-case.com\/de\/shop\/"},{"@type":"ListItem","position":3,"name":"Magnetische Token-Box"}]},{"@type":"WebSite","@id":"https:\/\/shop.army-case.com\/de\/#website","url":"https:\/\/shop.army-case.com\/de\/","name":"A-Case","description":"A-Case for your miniatures","potentialAction":[{"@type":"SearchAction","target":{"@type":"EntryPoint","urlTemplate":"https:\/\/shop.army-case.com\/de\/?s={search_term_string}"},"query-input":{"@type":"PropertyValueSpecification","valueRequired":true,"valueName":"search_term_string"}}],"inLanguage":"de"}]}},"_links":{"self":[{"href":"https:\/\/shop.army-case.com\/de\/wp-json\/wp\/v2\/product\/14658","targetHints":{"allow":["GET"]}}],"collection":[{"href":"https:\/\/shop.army-case.com\/de\/wp-json\/wp\/v2\/product"}],"about":[{"href":"https:\/\/shop.army-case.com\/de\/wp-json\/wp\/v2\/types\/product"}],"version-history":[{"count":0,"href":"https:\/\/shop.army-case.com\/de\/wp-json\/wp\/v2\/product\/14658\/revisions"}],"wp:featuredmedia":[{"embeddable":true,"href":"https:\/\/shop.army-case.com\/de\/wp-json\/wp\/v2\/media\/22816"}],"wp:attachment":[{"href":"https:\/\/shop.army-case.com\/de\/wp-json\/wp\/v2\/media?parent=14658"}],"wp:term":[{"taxonomy":"product_brand","embeddable":true,"href":"https:\/\/shop.army-case.com\/de\/wp-json\/wp\/v2\/product_brand?post=14658"},{"taxonomy":"product_cat","embeddable":true,"href":"https:\/\/shop.army-case.com\/de\/wp-json\/wp\/v2\/product_cat?post=14658"},{"taxonomy":"product_tag","embeddable":true,"href":"https:\/\/shop.army-case.com\/de\/wp-json\/wp\/v2\/product_tag?post=14658"}],"curies":[{"name":"wp","href":"https:\/\/api.w.org\/{rel}","templated":true}]}}