{"id":13566,"date":"2023-01-08T21:51:21","date_gmt":"2023-01-08T21:51:21","guid":{"rendered":"https:\/\/shop.army-case.com\/unkategorisiert\/a-case-carrier-backpack\/"},"modified":"2026-01-31T10:05:43","modified_gmt":"2026-01-31T10:05:43","slug":"a-case-carrier-backpack","status":"publish","type":"product","link":"https:\/\/shop.army-case.com\/de\/miniaturkoffer\/a-case-carrier-backpack\/","title":{"rendered":"A-Koffer-Tr\u00e4ger  [Backpack]"},"content":{"rendered":"<p>A-Case Carrier &#8211; Ihr neuer bester pers\u00f6nlicher Hobbyrucksack. Hergestellt aus leichten, hochwertigen Materialien. Der Aluminiumrahmen mit Stahlschalen erm\u00f6glicht Ihnen eine sichere und bequeme Aufbewahrung und den Transport Ihrer Miniaturen. Perfekt f\u00fcr alle Arten von Miniaturen. Speichert je nach Spiel bis zu ein paar tausend Punktearmeen.<\/p>\n<p>Im Gep\u00e4cktr\u00e4ger-Set enthalten:<\/p>\n<ul>\n<li>Leichter und langlebiger Rahmen aus <strong>pulverbeschichtetem Aluminium in Schwarz<\/strong><\/li>\n<li>3 x <strong>Regalb\u00f6den aus<\/strong> pulverbeschichtetem Stahl schwarz<\/li>\n<li>6 x Verriegelungsstifte<\/li>\n<li>Hochwertiger gepolsterter Rucksack aus Polyester in der Wunschfarbe mit Velcro Gurt f\u00fcr die Patches<\/li>\n<li>3x Zubeh\u00f6rtaschen<\/li>\n<li>50 x leistungsstarke Neodym-Magnete (5&#215;2 mm)<\/li>\n<\/ul>\n<p>Au\u00dfenma\u00dfe:<\/p>\n<ul>\n<li>H\u00f6he: 44 cm \/ ~17 \u00b2\u00b9\/\u2086\u2084 inch<\/li>\n<li>Breite: 27cm \/ ~10 \u2075\/\u2088 inch (ohne Taschen)<\/li>\n<li>Tiefe: 17cm \/ ~ 6 \u00b9\u00b9\/\u2081\u2086 Zoll (ohne Tasche)<\/li>\n<\/ul>\n<p>Au\u00dfenma\u00dfe des Geh\u00e4uses:<\/p>\n<ul>\n<li>H\u00f6he: 42 cm \/ ~ 16 \u00b9\u2077\/\u2083\u2082 inch<\/li>\n<li>Breite: 23,9 cm \/ ~ 9 \u00b9\u00b3\/\u2083\u2082 inch<\/li>\n<li>Tiefe: 15 cm \/ 5 \u00b2\u2079\/\u2083\u2082 inch<\/li>\n<\/ul>\n<p>Innenma\u00dfe des Geh\u00e4uses:<\/p>\n<ul>\n<li>H\u00f6he: (untere Ablage bis Oberseite des Geh\u00e4uses) 35,3 cm \/ ~ 13 \u2075\u2077\/\u2086\u2084 inch<\/li>\n<li>Breite: 19,2 cm \/ ~ 7 \u2079\/\u2081\u2086 inch<\/li>\n<li>Tiefe: 14,6 cm \/ ~ 5 \u00b3\/\u2084 inch<\/li>\n<\/ul>\n<p>Abmessungen des Tabletts:<\/p>\n<ul>\n<li>Breite: 21,2 cm \/ ~ 8 \u00b9\u00b9\/\u2083\u2082 inch<\/li>\n<li>Tiefe: 14,8 cm \/ ~5 \u2075\u00b3\/\u2086\u2084 inch<\/li>\n<\/ul>\n<p>Bitte beachten Sie, dass die mitgelieferten Trays nur auf den A-CASE Hybridtr\u00e4ger passen und nicht mit anderen Modellen kompatibel sind.<\/p>\n<p>Die oben genannten Ma\u00dfe sind Richtwerte.<\/p>\n<p><strong>Gewicht:<\/strong> 2,45 kg (inkl. 3 Tabletts)<\/p>\n<h6>ALLE GEZEIGTEN BILDER DIENEN NUR ZUR VERANSCHAULICHUNG. DAS TATS\u00c4CHLICHE PRODUKT KANN AUFGRUND VON PRODUKTVERBESSERUNGEN VARIIEREN.<\/h6>\n","protected":false},"excerpt":{"rendered":"<p>ES KANN SCHWIERIG SEIN, IHRE MINIATUREN ZU VERANSTALTUNGEN MITZUNEHMEN. DIES GILT INSBESONDERE F\u00dcR FLUGREISEN. DER A-CASE CARRIER IST UNSERE L\u00d6SUNG &#8211; EIN RUCKSACK IN DER GR\u00d6SSE EINES PERS\u00d6NLICHEN GEGENSTANDS, DER SICH PERFEKT F\u00dcR GR\u00d6SSERE UND KLEINERE REISEN EIGNET. EGAL, OB SIE AN EINER INTERNATIONALEN ODER LOKALEN VERANSTALTUNG TEILNEHMEN, DIESER RUCKSACK IST F\u00dcR SIE DA! ES IST KOMPAKT, LEICHT, GUT GESTALTET UND AUS HOCHWERTIGEN MATERIALIEN GEFERTIGT.<\/p>\n","protected":false},"featured_media":13135,"template":"","meta":[],"product_brand":[],"product_cat":[141],"product_tag":[],"class_list":{"0":"post-13566","1":"product","2":"type-product","3":"status-publish","4":"has-post-thumbnail","6":"product_cat-miniaturkoffer","7":"product_shipping_class-kostenloser-versand","9":"first","10":"instock","11":"shipping-taxable","12":"purchasable","13":"product-type-variable"},"bundled_by":["15226"],"bundle_stock_status":"instock","bundle_stock_quantity":null,"bundle_virtual":false,"bundle_layout":"","bundle_add_to_cart_form_location":"","bundle_editable_in_cart":false,"bundle_sold_individually_context":"","bundle_item_grouping":"","bundle_min_size":"","bundle_max_size":"","bundle_price":[],"bundled_items":[],"bundle_sell_ids":[],"exclude_global_add_ons":false,"addons":[{"name":"Zus\u00e4tzliche Optionen","type":"checkbox","position":0,"required":false,"title_format":"heading","default":"","description_enable":true,"description":"Carrier wird mit drei Regalen geliefert und ist standardm\u00e4\u00dfig unmontiert. Wenn Sie mehr Regale im Inneren ben\u00f6tigen oder m\u00f6chten, dass wir sie f\u00fcr Sie zusammenbauen, \u00fcberpr\u00fcfen Sie die folgenden Optionen.","placeholder_enable":false,"placeholder":"","display":"select","restrictions_type":"any_text","adjust_price":false,"price":"","price_type":"flat_fee","restrictions":false,"min":"0","max":"0","options":[{"label":"+3 zus\u00e4tzliche Einlegeb\u00f6den","price":"8.4","price_type":"percentage_based","image":0,"visibility":true}],"id":1715970755},{"name":"Magnete!","type":"checkbox","position":1,"required":false,"title_format":"heading","default":"","description_enable":true,"description":"Wenn Sie Magnete im Inneren ben\u00f6tigen, \u00fcberpr\u00fcfen Sie die folgenden Optionen. Abmessungen - 5x2mm","placeholder_enable":false,"placeholder":"","display":"select","restrictions_type":"any_text","adjust_price":false,"price":"","price_type":"flat_fee","restrictions":false,"min":"0","max":"0","options":[{"label":"50 Neodym-Magnete","price":"5.09","price_type":"percentage_based","image":0,"visibility":true},{"label":"100 Neodym-Magnete","price":"8.48","price_type":"percentage_based","image":0,"visibility":true},{"label":"150 Neodym-Magnete","price":"11.45","price_type":"percentage_based","image":0,"visibility":true},{"label":"200 Neodym-Magnete","price":"13.57","price_type":"percentage_based","image":0,"visibility":true},{"label":"250 Neodym-Magnete","price":"19.08","price_type":"percentage_based","image":0,"visibility":true}],"id":1715970756}],"yoast_head":"<!-- This site is optimized with the Yoast SEO plugin v27.3 - https:\/\/yoast.com\/product\/yoast-seo-wordpress\/ -->\n<title>A-Koffer-Tr\u00e4ger [Backpack] &#8211; A-Case<\/title>\n<meta name=\"description\" content=\"Entdecken Sie A-Koffer-Tr\u00e4ger, Ihren neuen Hobbyrucksack. Leicht, langlebig und sicher f\u00fcr den Transport von Miniaturen. Mit hochwertigen...\" \/>\n<meta name=\"robots\" content=\"index, follow, max-snippet:-1, max-image-preview:large, max-video-preview:-1\" \/>\n<link rel=\"canonical\" href=\"https:\/\/shop.army-case.com\/de\/miniaturkoffer\/a-case-carrier-backpack\/\" \/>\n<meta property=\"og:locale\" content=\"de_DE\" \/>\n<meta property=\"og:type\" content=\"article\" \/>\n<meta property=\"og:title\" content=\"A-Koffer-Tr\u00e4ger [Backpack] &#8211; A-Case\" \/>\n<meta property=\"og:description\" content=\"Entdecken Sie A-Koffer-Tr\u00e4ger, Ihren neuen Hobbyrucksack. Leicht, langlebig und sicher f\u00fcr den Transport von Miniaturen. Mit hochwertigen...\" \/>\n<meta property=\"og:url\" content=\"https:\/\/shop.army-case.com\/de\/miniaturkoffer\/a-case-carrier-backpack\/\" \/>\n<meta property=\"og:site_name\" content=\"A-Case\" \/>\n<meta property=\"article:publisher\" content=\"https:\/\/www.facebook.com\/armycase\/\" \/>\n<meta property=\"article:modified_time\" content=\"2026-01-31T10:05:43+00:00\" \/>\n<meta property=\"og:image\" content=\"https:\/\/shop.army-case.com\/wp-content\/uploads\/2022\/11\/miniature-carrying-case-a-case-carrier-backpack-black-9.jpg\" \/>\n\t<meta property=\"og:image:width\" content=\"2560\" \/>\n\t<meta property=\"og:image:height\" content=\"1707\" \/>\n\t<meta property=\"og:image:type\" content=\"image\/jpeg\" \/>\n<meta name=\"twitter:card\" content=\"summary_large_image\" \/>\n<meta name=\"twitter:label1\" content=\"Gesch\u00e4tzte Lesezeit\" \/>\n\t<meta name=\"twitter:data1\" content=\"2\u00a0Minuten\" \/>\n<script type=\"application\/ld+json\" class=\"yoast-schema-graph\">{\"@context\":\"https:\\\/\\\/schema.org\",\"@graph\":[{\"@type\":\"WebPage\",\"@id\":\"https:\\\/\\\/shop.army-case.com\\\/de\\\/miniaturkoffer\\\/a-case-carrier-backpack\\\/\",\"url\":\"https:\\\/\\\/shop.army-case.com\\\/de\\\/miniaturkoffer\\\/a-case-carrier-backpack\\\/\",\"name\":\"A-Koffer-Tr\u00e4ger [Backpack] &#8211; A-Case\",\"isPartOf\":{\"@id\":\"https:\\\/\\\/shop.army-case.com\\\/de\\\/#website\"},\"primaryImageOfPage\":{\"@id\":\"https:\\\/\\\/shop.army-case.com\\\/de\\\/miniaturkoffer\\\/a-case-carrier-backpack\\\/#primaryimage\"},\"image\":{\"@id\":\"https:\\\/\\\/shop.army-case.com\\\/de\\\/miniaturkoffer\\\/a-case-carrier-backpack\\\/#primaryimage\"},\"thumbnailUrl\":\"https:\\\/\\\/shop.army-case.com\\\/wp-content\\\/uploads\\\/2022\\\/11\\\/miniature-carrying-case-a-case-carrier-backpack-black-9.jpg\",\"datePublished\":\"2023-01-08T21:51:21+00:00\",\"dateModified\":\"2026-01-31T10:05:43+00:00\",\"description\":\"Entdecken Sie A-Koffer-Tr\u00e4ger, Ihren neuen Hobbyrucksack. Leicht, langlebig und sicher f\u00fcr den Transport von Miniaturen. Mit hochwertigen...\",\"breadcrumb\":{\"@id\":\"https:\\\/\\\/shop.army-case.com\\\/de\\\/miniaturkoffer\\\/a-case-carrier-backpack\\\/#breadcrumb\"},\"inLanguage\":\"de\",\"potentialAction\":[{\"@type\":\"ReadAction\",\"target\":[\"https:\\\/\\\/shop.army-case.com\\\/de\\\/miniaturkoffer\\\/a-case-carrier-backpack\\\/\"]}]},{\"@type\":\"ImageObject\",\"inLanguage\":\"de\",\"@id\":\"https:\\\/\\\/shop.army-case.com\\\/de\\\/miniaturkoffer\\\/a-case-carrier-backpack\\\/#primaryimage\",\"url\":\"https:\\\/\\\/shop.army-case.com\\\/wp-content\\\/uploads\\\/2022\\\/11\\\/miniature-carrying-case-a-case-carrier-backpack-black-9.jpg\",\"contentUrl\":\"https:\\\/\\\/shop.army-case.com\\\/wp-content\\\/uploads\\\/2022\\\/11\\\/miniature-carrying-case-a-case-carrier-backpack-black-9.jpg\",\"width\":2560,\"height\":1707,\"caption\":\"miniature carrying case a case carrier backpack\"},{\"@type\":\"BreadcrumbList\",\"@id\":\"https:\\\/\\\/shop.army-case.com\\\/de\\\/miniaturkoffer\\\/a-case-carrier-backpack\\\/#breadcrumb\",\"itemListElement\":[{\"@type\":\"ListItem\",\"position\":1,\"name\":\"Home\",\"item\":\"https:\\\/\\\/shop.army-case.com\\\/de\\\/\"},{\"@type\":\"ListItem\",\"position\":2,\"name\":\"Shop\",\"item\":\"https:\\\/\\\/shop.army-case.com\\\/de\\\/shop\\\/\"},{\"@type\":\"ListItem\",\"position\":3,\"name\":\"A-Koffer-Tr\u00e4ger [Backpack]\"}]},{\"@type\":\"WebSite\",\"@id\":\"https:\\\/\\\/shop.army-case.com\\\/de\\\/#website\",\"url\":\"https:\\\/\\\/shop.army-case.com\\\/de\\\/\",\"name\":\"A-Case\",\"description\":\"A-Case for your miniatures\",\"potentialAction\":[{\"@type\":\"SearchAction\",\"target\":{\"@type\":\"EntryPoint\",\"urlTemplate\":\"https:\\\/\\\/shop.army-case.com\\\/de\\\/?s={search_term_string}\"},\"query-input\":{\"@type\":\"PropertyValueSpecification\",\"valueRequired\":true,\"valueName\":\"search_term_string\"}}],\"inLanguage\":\"de\"}]}<\/script>\n<!-- \/ Yoast SEO plugin. -->","yoast_head_json":{"title":"A-Koffer-Tr\u00e4ger [Backpack] &#8211; A-Case","description":"Entdecken Sie A-Koffer-Tr\u00e4ger, Ihren neuen Hobbyrucksack. Leicht, langlebig und sicher f\u00fcr den Transport von Miniaturen. Mit hochwertigen...","robots":{"index":"index","follow":"follow","max-snippet":"max-snippet:-1","max-image-preview":"max-image-preview:large","max-video-preview":"max-video-preview:-1"},"canonical":"https:\/\/shop.army-case.com\/de\/miniaturkoffer\/a-case-carrier-backpack\/","og_locale":"de_DE","og_type":"article","og_title":"A-Koffer-Tr\u00e4ger [Backpack] &#8211; A-Case","og_description":"Entdecken Sie A-Koffer-Tr\u00e4ger, Ihren neuen Hobbyrucksack. Leicht, langlebig und sicher f\u00fcr den Transport von Miniaturen. Mit hochwertigen...","og_url":"https:\/\/shop.army-case.com\/de\/miniaturkoffer\/a-case-carrier-backpack\/","og_site_name":"A-Case","article_publisher":"https:\/\/www.facebook.com\/armycase\/","article_modified_time":"2026-01-31T10:05:43+00:00","og_image":[{"width":2560,"height":1707,"url":"https:\/\/shop.army-case.com\/wp-content\/uploads\/2022\/11\/miniature-carrying-case-a-case-carrier-backpack-black-9.jpg","type":"image\/jpeg"}],"twitter_card":"summary_large_image","twitter_misc":{"Gesch\u00e4tzte Lesezeit":"2\u00a0Minuten"},"schema":{"@context":"https:\/\/schema.org","@graph":[{"@type":"WebPage","@id":"https:\/\/shop.army-case.com\/de\/miniaturkoffer\/a-case-carrier-backpack\/","url":"https:\/\/shop.army-case.com\/de\/miniaturkoffer\/a-case-carrier-backpack\/","name":"A-Koffer-Tr\u00e4ger [Backpack] &#8211; A-Case","isPartOf":{"@id":"https:\/\/shop.army-case.com\/de\/#website"},"primaryImageOfPage":{"@id":"https:\/\/shop.army-case.com\/de\/miniaturkoffer\/a-case-carrier-backpack\/#primaryimage"},"image":{"@id":"https:\/\/shop.army-case.com\/de\/miniaturkoffer\/a-case-carrier-backpack\/#primaryimage"},"thumbnailUrl":"https:\/\/shop.army-case.com\/wp-content\/uploads\/2022\/11\/miniature-carrying-case-a-case-carrier-backpack-black-9.jpg","datePublished":"2023-01-08T21:51:21+00:00","dateModified":"2026-01-31T10:05:43+00:00","description":"Entdecken Sie A-Koffer-Tr\u00e4ger, Ihren neuen Hobbyrucksack. Leicht, langlebig und sicher f\u00fcr den Transport von Miniaturen. Mit hochwertigen...","breadcrumb":{"@id":"https:\/\/shop.army-case.com\/de\/miniaturkoffer\/a-case-carrier-backpack\/#breadcrumb"},"inLanguage":"de","potentialAction":[{"@type":"ReadAction","target":["https:\/\/shop.army-case.com\/de\/miniaturkoffer\/a-case-carrier-backpack\/"]}]},{"@type":"ImageObject","inLanguage":"de","@id":"https:\/\/shop.army-case.com\/de\/miniaturkoffer\/a-case-carrier-backpack\/#primaryimage","url":"https:\/\/shop.army-case.com\/wp-content\/uploads\/2022\/11\/miniature-carrying-case-a-case-carrier-backpack-black-9.jpg","contentUrl":"https:\/\/shop.army-case.com\/wp-content\/uploads\/2022\/11\/miniature-carrying-case-a-case-carrier-backpack-black-9.jpg","width":2560,"height":1707,"caption":"miniature carrying case a case carrier backpack"},{"@type":"BreadcrumbList","@id":"https:\/\/shop.army-case.com\/de\/miniaturkoffer\/a-case-carrier-backpack\/#breadcrumb","itemListElement":[{"@type":"ListItem","position":1,"name":"Home","item":"https:\/\/shop.army-case.com\/de\/"},{"@type":"ListItem","position":2,"name":"Shop","item":"https:\/\/shop.army-case.com\/de\/shop\/"},{"@type":"ListItem","position":3,"name":"A-Koffer-Tr\u00e4ger [Backpack]"}]},{"@type":"WebSite","@id":"https:\/\/shop.army-case.com\/de\/#website","url":"https:\/\/shop.army-case.com\/de\/","name":"A-Case","description":"A-Case for your miniatures","potentialAction":[{"@type":"SearchAction","target":{"@type":"EntryPoint","urlTemplate":"https:\/\/shop.army-case.com\/de\/?s={search_term_string}"},"query-input":{"@type":"PropertyValueSpecification","valueRequired":true,"valueName":"search_term_string"}}],"inLanguage":"de"}]}},"_links":{"self":[{"href":"https:\/\/shop.army-case.com\/de\/wp-json\/wp\/v2\/product\/13566","targetHints":{"allow":["GET"]}}],"collection":[{"href":"https:\/\/shop.army-case.com\/de\/wp-json\/wp\/v2\/product"}],"about":[{"href":"https:\/\/shop.army-case.com\/de\/wp-json\/wp\/v2\/types\/product"}],"version-history":[{"count":0,"href":"https:\/\/shop.army-case.com\/de\/wp-json\/wp\/v2\/product\/13566\/revisions"}],"wp:featuredmedia":[{"embeddable":true,"href":"https:\/\/shop.army-case.com\/de\/wp-json\/wp\/v2\/media\/13135"}],"wp:attachment":[{"href":"https:\/\/shop.army-case.com\/de\/wp-json\/wp\/v2\/media?parent=13566"}],"wp:term":[{"taxonomy":"product_brand","embeddable":true,"href":"https:\/\/shop.army-case.com\/de\/wp-json\/wp\/v2\/product_brand?post=13566"},{"taxonomy":"product_cat","embeddable":true,"href":"https:\/\/shop.army-case.com\/de\/wp-json\/wp\/v2\/product_cat?post=13566"},{"taxonomy":"product_tag","embeddable":true,"href":"https:\/\/shop.army-case.com\/de\/wp-json\/wp\/v2\/product_tag?post=13566"}],"curies":[{"name":"wp","href":"https:\/\/api.w.org\/{rel}","templated":true}]}}