{"id":12420,"date":"2022-02-24T10:29:22","date_gmt":"2022-02-24T10:29:22","guid":{"rendered":"https:\/\/shop.army-case.com\/unkategorisiert\/magnetic-painting-grip-mpg\/"},"modified":"2026-02-18T11:29:42","modified_gmt":"2026-02-18T11:29:42","slug":"magnetic-painting-grip-mpg","status":"publish","type":"product","link":"https:\/\/shop.army-case.com\/de\/gadgets-de\/magnetic-painting-grip-mpg\/","title":{"rendered":"Malgriff f\u00fcr Miniaturen"},"content":{"rendered":"<p><span style=\"font-weight: 400;\">Der A-Case Magnetic Painting Grip ist ein benutzerfreundliches, hochgradig anpassbares und ergonomisch geformtes Hobbywerkzeug, das entwickelt wurde, um Ihren Miniaturen-Malprozess zu verbessern. Ein Satz integrierter Platten und Magnete erm\u00f6glicht es Ihnen, eine Miniatur auf einem abnehmbaren &#8222;oberen&#8220; Teil zu montieren* und sie dann horizontal zu drehen, w\u00e4hrend Sie einen festen Halt behalten, ohne die Miniatur selbst zu ber\u00fchren. Es verbessert nicht nur den Zugang zur Miniatur, sondern verhindert auch, dass die Farbe durch Ber\u00fchrung abgerieben wird.  <\/span><span style=\"font-weight: 400;\"><br \/>\n<\/span><span style=\"font-weight: 400;\"><br \/>\n<\/span><span style=\"font-weight: 400;\">*Dieses praktische Werkzeug wurde entwickelt, um sowohl die magnetisierten B\u00f6den als auch klebrige Kitte wie Blu-Tack zu unterst\u00fctzen.<\/span><span style=\"font-weight: 400;\"><br \/>\n<\/span><span style=\"font-weight: 400;\"><br \/>\n<\/span><span style=\"font-weight: 400;\">Dieses Set enth\u00e4lt:<\/span><\/p>\n<p><span style=\"font-weight: 400;\">1 x Griff<\/span><span style=\"font-weight: 400;\"><br \/>\n<\/span><span style=\"font-weight: 400;\">5 x 32mm Oberseite<\/span><\/p>\n<p>PROFESSIONELLE BEWERTUNGEN:<br \/>\n<a href=\"https:\/\/scarhandpainting.com\/review-a-case-magnetic-painting-grip\/\" rel=\"nofollow\">Testbericht: A-Case Magnetischer Lackiergriff von Scarhandpainting.com<\/a><br \/>\n<a href=\"https:\/\/tangibleday.com\/a-case-painting-handle-for-miniatures-and-modreview\/\" rel=\"nofollow\">Testbericht: A-Case Malgriff f\u00fcr Miniaturen und Modelle Von Andrew Tan<\/a><br \/>\n<a href=\"https:\/\/www.fauxhammer.com\/it\/reviews\/a-case-painting-handle-for-miniatures-review\/\" rel=\"nofollow\">Testbericht: A-Case Lackiergriff f\u00fcr Miniaturen von Fauxhammer<\/a><\/p>\n","protected":false},"excerpt":{"rendered":"<p>Der A-Case Magnetic Painting Grip ist ein benutzerfreundliches, hochgradig anpassbares und ergonomisch geformtes Hobbywerkzeug, das entwickelt wurde, um Ihren Miniaturen-Malprozess zu verbessern. Ein Satz integrierter Platten und Magnete erm\u00f6glicht es Ihnen, eine Miniatur auf einem abnehmbaren &#8222;oberen&#8220; Teil zu montieren* und sie dann horizontal zu drehen, w\u00e4hrend Sie einen festen Halt behalten, ohne die Miniatur selbst zu ber\u00fchren. Es verbessert nicht nur den Zugang zur Miniatur, sondern verhindert auch, dass die Farbe durch Ber\u00fchrung abgerieben wird.<\/p>\n","protected":false},"featured_media":19556,"template":"","meta":[],"product_brand":[],"product_cat":[174],"product_tag":[],"class_list":{"0":"post-12420","1":"product","2":"type-product","3":"status-publish","4":"has-post-thumbnail","6":"product_cat-gadgets-de","7":"product_shipping_class-kostenloser-versand","9":"first","10":"instock","11":"shipping-taxable","12":"purchasable","13":"product-type-variable"},"bundled_by":[],"bundle_stock_status":"instock","bundle_stock_quantity":null,"bundle_virtual":false,"bundle_layout":"","bundle_add_to_cart_form_location":"","bundle_editable_in_cart":false,"bundle_sold_individually_context":"","bundle_item_grouping":"","bundle_min_size":"","bundle_max_size":"","bundle_price":[],"bundled_items":[],"bundle_sell_ids":[],"exclude_global_add_ons":false,"addons":[{"name":"Zus\u00e4tzliche Optionen","type":"checkbox","position":0,"required":false,"title_format":"label","default":"","description_enable":false,"description":null,"placeholder_enable":false,"placeholder":"","display":"select","restrictions_type":"any_text","adjust_price":false,"price":"","price_type":"flat_fee","restrictions":false,"min":"0","max":"0","options":[{"label":"1x zus\u00e4tzliche Platte\/Kopf - 50mm in der gleichen Farbe wie MPG","price":"13.67","price_type":"percentage_based","image":0,"visibility":true}],"id":1740749078},{"name":"Magnetischer Kork","type":"checkbox","position":1,"required":false,"title_format":"label","default":"","description_enable":false,"description":null,"placeholder_enable":false,"placeholder":"","display":"select","restrictions_type":"any_text","adjust_price":false,"price":"","price_type":"flat_fee","restrictions":false,"min":"0","max":"0","options":[{"label":"1 x zus\u00e4tzlicher Top\/Head - Kork in der gleichen Farbe wie MPG","price":"8.63","price_type":"percentage_based","image":0,"visibility":true}],"id":1740749079},{"name":"CA-Kleber","type":"checkbox","position":2,"required":false,"title_format":"label","default":"","description_enable":false,"description":null,"placeholder_enable":false,"placeholder":"","display":"select","restrictions_type":"any_text","adjust_price":false,"price":"","price_type":"flat_fee","restrictions":false,"min":"0","max":"0","options":[{"label":"1x 20 g CA-Kleber","price":"13.9","price_type":"percentage_based","image":0,"visibility":true}],"id":1740749080},{"name":"Magnete!","type":"checkbox","position":3,"required":false,"title_format":"label","default":"","description_enable":true,"description":"Wenn Sie Magnete im Inneren ben\u00f6tigen, \u00fcberpr\u00fcfen Sie die folgenden Optionen. Abmessungen - 5x2mm","placeholder_enable":false,"placeholder":"","display":"select","restrictions_type":"any_text","adjust_price":false,"price":"","price_type":"flat_fee","restrictions":false,"min":"0","max":"0","options":[{"label":"50 Neodym-Magnete","price":"43.17","price_type":"percentage_based","image":0,"visibility":true},{"label":"100 Neodym-Magnete","price":"71.94","price_type":"percentage_based","image":0,"visibility":true},{"label":"150 Neodym-Magnete","price":"97.12","price_type":"percentage_based","image":0,"visibility":true},{"label":"200 Neodym-Magnete","price":"115.11","price_type":"percentage_based","image":0,"visibility":true},{"label":"250 Neodym-Magnete","price":"161.87","price_type":"percentage_based","image":0,"visibility":true}],"id":1740749081}],"yoast_head":"<!-- This site is optimized with the Yoast SEO plugin v27.3 - https:\/\/yoast.com\/product\/yoast-seo-wordpress\/ -->\n<title>Malgriff f\u00fcr Miniaturen | Miniaturhalter zum Bemalen<\/title>\n<meta name=\"description\" content=\"Haben Sie sich schon einmal gefragt, wie es m\u00f6glich ist, dass die Figuren so pr\u00e4zise gemalt sind? Schauen Sie sich jetzt unseren Malgriff f\u00fcr Miniaturen an!\" \/>\n<meta name=\"robots\" content=\"index, follow, max-snippet:-1, max-image-preview:large, max-video-preview:-1\" \/>\n<link rel=\"canonical\" href=\"https:\/\/shop.army-case.com\/de\/gadgets-de\/magnetic-painting-grip-mpg\/\" \/>\n<meta property=\"og:locale\" content=\"de_DE\" \/>\n<meta property=\"og:type\" content=\"article\" \/>\n<meta property=\"og:title\" content=\"Malgriff f\u00fcr Miniaturen | Miniaturhalter zum Bemalen\" \/>\n<meta property=\"og:description\" content=\"Haben Sie sich schon einmal gefragt, wie es m\u00f6glich ist, dass die Figuren so pr\u00e4zise gemalt sind? Schauen Sie sich jetzt unseren Malgriff f\u00fcr Miniaturen an!\" \/>\n<meta property=\"og:url\" content=\"https:\/\/shop.army-case.com\/de\/gadgets-de\/magnetic-painting-grip-mpg\/\" \/>\n<meta property=\"og:site_name\" content=\"A-Case\" \/>\n<meta property=\"article:publisher\" content=\"https:\/\/www.facebook.com\/armycase\/\" \/>\n<meta property=\"article:modified_time\" content=\"2026-02-18T11:29:42+00:00\" \/>\n<meta property=\"og:image\" content=\"https:\/\/shop.army-case.com\/wp-content\/uploads\/2024\/04\/painting-handle-for-miniatures-grey-1-scaled-1.jpg\" \/>\n\t<meta property=\"og:image:width\" content=\"2560\" \/>\n\t<meta property=\"og:image:height\" content=\"1707\" \/>\n\t<meta property=\"og:image:type\" content=\"image\/jpeg\" \/>\n<meta name=\"twitter:card\" content=\"summary_large_image\" \/>\n<meta name=\"twitter:label1\" content=\"Gesch\u00e4tzte Lesezeit\" \/>\n\t<meta name=\"twitter:data1\" content=\"9\u00a0Minuten\" \/>\n<script type=\"application\/ld+json\" class=\"yoast-schema-graph\">{\"@context\":\"https:\\\/\\\/schema.org\",\"@graph\":[{\"@type\":\"WebPage\",\"@id\":\"https:\\\/\\\/shop.army-case.com\\\/de\\\/gadgets-de\\\/magnetic-painting-grip-mpg\\\/\",\"url\":\"https:\\\/\\\/shop.army-case.com\\\/de\\\/gadgets-de\\\/magnetic-painting-grip-mpg\\\/\",\"name\":\"Malgriff f\u00fcr Miniaturen | Miniaturhalter zum Bemalen\",\"isPartOf\":{\"@id\":\"https:\\\/\\\/shop.army-case.com\\\/de\\\/#website\"},\"primaryImageOfPage\":{\"@id\":\"https:\\\/\\\/shop.army-case.com\\\/de\\\/gadgets-de\\\/magnetic-painting-grip-mpg\\\/#primaryimage\"},\"image\":{\"@id\":\"https:\\\/\\\/shop.army-case.com\\\/de\\\/gadgets-de\\\/magnetic-painting-grip-mpg\\\/#primaryimage\"},\"thumbnailUrl\":\"https:\\\/\\\/shop.army-case.com\\\/wp-content\\\/uploads\\\/2024\\\/04\\\/painting-handle-for-miniatures-grey-1-scaled-1.jpg\",\"datePublished\":\"2022-02-24T10:29:22+00:00\",\"dateModified\":\"2026-02-18T11:29:42+00:00\",\"description\":\"Haben Sie sich schon einmal gefragt, wie es m\u00f6glich ist, dass die Figuren so pr\u00e4zise gemalt sind? Schauen Sie sich jetzt unseren Malgriff f\u00fcr Miniaturen an!\",\"breadcrumb\":{\"@id\":\"https:\\\/\\\/shop.army-case.com\\\/de\\\/gadgets-de\\\/magnetic-painting-grip-mpg\\\/#breadcrumb\"},\"inLanguage\":\"de\",\"potentialAction\":[{\"@type\":\"ReadAction\",\"target\":[\"https:\\\/\\\/shop.army-case.com\\\/de\\\/gadgets-de\\\/magnetic-painting-grip-mpg\\\/\"]}]},{\"@type\":\"ImageObject\",\"inLanguage\":\"de\",\"@id\":\"https:\\\/\\\/shop.army-case.com\\\/de\\\/gadgets-de\\\/magnetic-painting-grip-mpg\\\/#primaryimage\",\"url\":\"https:\\\/\\\/shop.army-case.com\\\/wp-content\\\/uploads\\\/2024\\\/04\\\/painting-handle-for-miniatures-grey-1-scaled-1.jpg\",\"contentUrl\":\"https:\\\/\\\/shop.army-case.com\\\/wp-content\\\/uploads\\\/2024\\\/04\\\/painting-handle-for-miniatures-grey-1-scaled-1.jpg\",\"width\":2560,\"height\":1707,\"caption\":\"painting handle for miniatures\"},{\"@type\":\"BreadcrumbList\",\"@id\":\"https:\\\/\\\/shop.army-case.com\\\/de\\\/gadgets-de\\\/magnetic-painting-grip-mpg\\\/#breadcrumb\",\"itemListElement\":[{\"@type\":\"ListItem\",\"position\":1,\"name\":\"Home\",\"item\":\"https:\\\/\\\/shop.army-case.com\\\/de\\\/\"},{\"@type\":\"ListItem\",\"position\":2,\"name\":\"Shop\",\"item\":\"https:\\\/\\\/shop.army-case.com\\\/de\\\/shop\\\/\"},{\"@type\":\"ListItem\",\"position\":3,\"name\":\"Malgriff f\u00fcr Miniaturen\"}]},{\"@type\":\"WebSite\",\"@id\":\"https:\\\/\\\/shop.army-case.com\\\/de\\\/#website\",\"url\":\"https:\\\/\\\/shop.army-case.com\\\/de\\\/\",\"name\":\"A-Case\",\"description\":\"A-Case for your miniatures\",\"potentialAction\":[{\"@type\":\"SearchAction\",\"target\":{\"@type\":\"EntryPoint\",\"urlTemplate\":\"https:\\\/\\\/shop.army-case.com\\\/de\\\/?s={search_term_string}\"},\"query-input\":{\"@type\":\"PropertyValueSpecification\",\"valueRequired\":true,\"valueName\":\"search_term_string\"}}],\"inLanguage\":\"de\"}]}<\/script>\n<!-- \/ Yoast SEO plugin. -->","yoast_head_json":{"title":"Malgriff f\u00fcr Miniaturen | Miniaturhalter zum Bemalen","description":"Haben Sie sich schon einmal gefragt, wie es m\u00f6glich ist, dass die Figuren so pr\u00e4zise gemalt sind? Schauen Sie sich jetzt unseren Malgriff f\u00fcr Miniaturen an!","robots":{"index":"index","follow":"follow","max-snippet":"max-snippet:-1","max-image-preview":"max-image-preview:large","max-video-preview":"max-video-preview:-1"},"canonical":"https:\/\/shop.army-case.com\/de\/gadgets-de\/magnetic-painting-grip-mpg\/","og_locale":"de_DE","og_type":"article","og_title":"Malgriff f\u00fcr Miniaturen | Miniaturhalter zum Bemalen","og_description":"Haben Sie sich schon einmal gefragt, wie es m\u00f6glich ist, dass die Figuren so pr\u00e4zise gemalt sind? Schauen Sie sich jetzt unseren Malgriff f\u00fcr Miniaturen an!","og_url":"https:\/\/shop.army-case.com\/de\/gadgets-de\/magnetic-painting-grip-mpg\/","og_site_name":"A-Case","article_publisher":"https:\/\/www.facebook.com\/armycase\/","article_modified_time":"2026-02-18T11:29:42+00:00","og_image":[{"width":2560,"height":1707,"url":"https:\/\/shop.army-case.com\/wp-content\/uploads\/2024\/04\/painting-handle-for-miniatures-grey-1-scaled-1.jpg","type":"image\/jpeg"}],"twitter_card":"summary_large_image","twitter_misc":{"Gesch\u00e4tzte Lesezeit":"9\u00a0Minuten"},"schema":{"@context":"https:\/\/schema.org","@graph":[{"@type":"WebPage","@id":"https:\/\/shop.army-case.com\/de\/gadgets-de\/magnetic-painting-grip-mpg\/","url":"https:\/\/shop.army-case.com\/de\/gadgets-de\/magnetic-painting-grip-mpg\/","name":"Malgriff f\u00fcr Miniaturen | Miniaturhalter zum Bemalen","isPartOf":{"@id":"https:\/\/shop.army-case.com\/de\/#website"},"primaryImageOfPage":{"@id":"https:\/\/shop.army-case.com\/de\/gadgets-de\/magnetic-painting-grip-mpg\/#primaryimage"},"image":{"@id":"https:\/\/shop.army-case.com\/de\/gadgets-de\/magnetic-painting-grip-mpg\/#primaryimage"},"thumbnailUrl":"https:\/\/shop.army-case.com\/wp-content\/uploads\/2024\/04\/painting-handle-for-miniatures-grey-1-scaled-1.jpg","datePublished":"2022-02-24T10:29:22+00:00","dateModified":"2026-02-18T11:29:42+00:00","description":"Haben Sie sich schon einmal gefragt, wie es m\u00f6glich ist, dass die Figuren so pr\u00e4zise gemalt sind? Schauen Sie sich jetzt unseren Malgriff f\u00fcr Miniaturen an!","breadcrumb":{"@id":"https:\/\/shop.army-case.com\/de\/gadgets-de\/magnetic-painting-grip-mpg\/#breadcrumb"},"inLanguage":"de","potentialAction":[{"@type":"ReadAction","target":["https:\/\/shop.army-case.com\/de\/gadgets-de\/magnetic-painting-grip-mpg\/"]}]},{"@type":"ImageObject","inLanguage":"de","@id":"https:\/\/shop.army-case.com\/de\/gadgets-de\/magnetic-painting-grip-mpg\/#primaryimage","url":"https:\/\/shop.army-case.com\/wp-content\/uploads\/2024\/04\/painting-handle-for-miniatures-grey-1-scaled-1.jpg","contentUrl":"https:\/\/shop.army-case.com\/wp-content\/uploads\/2024\/04\/painting-handle-for-miniatures-grey-1-scaled-1.jpg","width":2560,"height":1707,"caption":"painting handle for miniatures"},{"@type":"BreadcrumbList","@id":"https:\/\/shop.army-case.com\/de\/gadgets-de\/magnetic-painting-grip-mpg\/#breadcrumb","itemListElement":[{"@type":"ListItem","position":1,"name":"Home","item":"https:\/\/shop.army-case.com\/de\/"},{"@type":"ListItem","position":2,"name":"Shop","item":"https:\/\/shop.army-case.com\/de\/shop\/"},{"@type":"ListItem","position":3,"name":"Malgriff f\u00fcr Miniaturen"}]},{"@type":"WebSite","@id":"https:\/\/shop.army-case.com\/de\/#website","url":"https:\/\/shop.army-case.com\/de\/","name":"A-Case","description":"A-Case for your miniatures","potentialAction":[{"@type":"SearchAction","target":{"@type":"EntryPoint","urlTemplate":"https:\/\/shop.army-case.com\/de\/?s={search_term_string}"},"query-input":{"@type":"PropertyValueSpecification","valueRequired":true,"valueName":"search_term_string"}}],"inLanguage":"de"}]}},"_links":{"self":[{"href":"https:\/\/shop.army-case.com\/de\/wp-json\/wp\/v2\/product\/12420","targetHints":{"allow":["GET"]}}],"collection":[{"href":"https:\/\/shop.army-case.com\/de\/wp-json\/wp\/v2\/product"}],"about":[{"href":"https:\/\/shop.army-case.com\/de\/wp-json\/wp\/v2\/types\/product"}],"version-history":[{"count":0,"href":"https:\/\/shop.army-case.com\/de\/wp-json\/wp\/v2\/product\/12420\/revisions"}],"wp:featuredmedia":[{"embeddable":true,"href":"https:\/\/shop.army-case.com\/de\/wp-json\/wp\/v2\/media\/19556"}],"wp:attachment":[{"href":"https:\/\/shop.army-case.com\/de\/wp-json\/wp\/v2\/media?parent=12420"}],"wp:term":[{"taxonomy":"product_brand","embeddable":true,"href":"https:\/\/shop.army-case.com\/de\/wp-json\/wp\/v2\/product_brand?post=12420"},{"taxonomy":"product_cat","embeddable":true,"href":"https:\/\/shop.army-case.com\/de\/wp-json\/wp\/v2\/product_cat?post=12420"},{"taxonomy":"product_tag","embeddable":true,"href":"https:\/\/shop.army-case.com\/de\/wp-json\/wp\/v2\/product_tag?post=12420"}],"curies":[{"name":"wp","href":"https:\/\/api.w.org\/{rel}","templated":true}]}}