{"id":5938,"date":"2020-09-09T08:50:14","date_gmt":"2020-09-09T08:50:14","guid":{"rendered":"https:\/\/shop.army-case.com\/?page_id=5938"},"modified":"2025-08-12T08:28:02","modified_gmt":"2025-08-12T08:28:02","slug":"kontaktiere-uns","status":"publish","type":"page","link":"https:\/\/shop.army-case.com\/de\/kontaktiere-uns\/","title":{"rendered":"Kontaktiere uns"},"content":{"rendered":"\t\t<div data-elementor-type=\"wp-page\" data-elementor-id=\"5938\" class=\"elementor elementor-5938 elementor-113\" data-elementor-post-type=\"page\">\n\t\t\t\t\t\t<section class=\"elementor-section elementor-top-section elementor-element elementor-element-7c59d6b9 elementor-section-full_width elementor-section-height-min-height elementor-section-height-default elementor-section-items-middle\" data-id=\"7c59d6b9\" data-element_type=\"section\" data-e-type=\"section\" data-settings=\"{&quot;background_background&quot;:&quot;gradient&quot;}\">\n\t\t\t\t\t\t\t<div class=\"elementor-background-overlay\"><\/div>\n\t\t\t\t\t\t\t<div class=\"elementor-container elementor-column-gap-wider\">\n\t\t\t\t\t<div class=\"elementor-column elementor-col-50 elementor-top-column elementor-element elementor-element-38d1e7e8\" data-id=\"38d1e7e8\" data-element_type=\"column\" data-e-type=\"column\">\n\t\t\t<div class=\"elementor-widget-wrap elementor-element-populated\">\n\t\t\t\t\t\t<div class=\"elementor-element elementor-element-245da8ac elementor-widget elementor-widget-heading\" data-id=\"245da8ac\" data-element_type=\"widget\" data-e-type=\"widget\" data-widget_type=\"heading.default\">\n\t\t\t\t<div class=\"elementor-widget-container\">\n\t\t\t\t\t<h1 class=\"elementor-heading-title elementor-size-default\">Kontaktiere uns<\/h1>\t\t\t\t<\/div>\n\t\t\t\t<\/div>\n\t\t\t\t<div class=\"elementor-element elementor-element-65d09968 elementor-widget-divider--view-line elementor-widget elementor-widget-divider\" data-id=\"65d09968\" data-element_type=\"widget\" data-e-type=\"widget\" data-widget_type=\"divider.default\">\n\t\t\t\t<div class=\"elementor-widget-container\">\n\t\t\t\t\t\t\t<div class=\"elementor-divider\">\n\t\t\t<span class=\"elementor-divider-separator\">\n\t\t\t\t\t\t<\/span>\n\t\t<\/div>\n\t\t\t\t\t\t<\/div>\n\t\t\t\t<\/div>\n\t\t\t\t<section class=\"elementor-section elementor-inner-section elementor-element elementor-element-4fd0d4c8 elementor-section-boxed elementor-section-height-default elementor-section-height-default\" data-id=\"4fd0d4c8\" data-element_type=\"section\" data-e-type=\"section\">\n\t\t\t\t\t\t<div class=\"elementor-container elementor-column-gap-no\">\n\t\t\t\t\t<div class=\"elementor-column elementor-col-100 elementor-inner-column elementor-element elementor-element-67f5c16e\" data-id=\"67f5c16e\" data-element_type=\"column\" data-e-type=\"column\">\n\t\t\t<div class=\"elementor-widget-wrap elementor-element-populated\">\n\t\t\t\t\t\t<div class=\"elementor-element elementor-element-46b6ab0f elementor-widget elementor-widget-text-editor\" data-id=\"46b6ab0f\" data-element_type=\"widget\" data-e-type=\"widget\" data-widget_type=\"text-editor.default\">\n\t\t\t\t<div class=\"elementor-widget-container\">\n\t\t\t\t\t\t\t\t\t<p>Wir versuchen st\u00e4ndig, unsere Produkte zu verbessern, wenn Sie also Einblicke haben, z\u00f6gern Sie bitte nicht, uns zu kontaktieren! Wir freuen uns sehr \u00fcber jedes Feedback, das wir erhalten. Sie k\u00f6nnen uns eine E-Mail an support@army-case.com senden oder das Kontaktformular verwenden.  <\/p>\t\t\t\t\t\t\t\t<\/div>\n\t\t\t\t<\/div>\n\t\t\t\t\t<\/div>\n\t\t<\/div>\n\t\t\t\t\t<\/div>\n\t\t<\/section>\n\t\t\t\t<div class=\"elementor-element elementor-element-722d80f2 elementor-widget-divider--view-line elementor-widget elementor-widget-divider\" data-id=\"722d80f2\" data-element_type=\"widget\" data-e-type=\"widget\" data-widget_type=\"divider.default\">\n\t\t\t\t<div class=\"elementor-widget-container\">\n\t\t\t\t\t\t\t<div class=\"elementor-divider\">\n\t\t\t<span class=\"elementor-divider-separator\">\n\t\t\t\t\t\t<\/span>\n\t\t<\/div>\n\t\t\t\t\t\t<\/div>\n\t\t\t\t<\/div>\n\t\t\t\t\t<\/div>\n\t\t<\/div>\n\t\t\t\t<div class=\"elementor-column elementor-col-50 elementor-top-column elementor-element elementor-element-70c5c231\" data-id=\"70c5c231\" data-element_type=\"column\" data-e-type=\"column\" data-settings=\"{&quot;background_background&quot;:&quot;classic&quot;}\">\n\t\t\t<div class=\"elementor-widget-wrap elementor-element-populated\">\n\t\t\t\t\t\t<section class=\"elementor-section elementor-inner-section elementor-element elementor-element-2b56307 elementor-section-boxed elementor-section-height-default elementor-section-height-default\" data-id=\"2b56307\" data-element_type=\"section\" data-e-type=\"section\">\n\t\t\t\t\t\t<div class=\"elementor-container elementor-column-gap-no\">\n\t\t\t\t\t<div class=\"elementor-column elementor-col-100 elementor-inner-column elementor-element elementor-element-364245de\" data-id=\"364245de\" data-element_type=\"column\" data-e-type=\"column\">\n\t\t\t<div class=\"elementor-widget-wrap elementor-element-populated\">\n\t\t\t\t\t\t<div class=\"elementor-element elementor-element-f987820 elementor-button-align-stretch elementor-widget elementor-widget-form\" data-id=\"f987820\" data-element_type=\"widget\" data-e-type=\"widget\" data-settings=\"{&quot;step_next_label&quot;:&quot;N\\u00e4chste&quot;,&quot;step_previous_label&quot;:&quot;Vorherige&quot;,&quot;button_width&quot;:&quot;100&quot;,&quot;step_type&quot;:&quot;number_text&quot;,&quot;step_icon_shape&quot;:&quot;circle&quot;}\" data-widget_type=\"form.default\">\n\t\t\t\t<div class=\"elementor-widget-container\">\n\t\t\t\t\t\t\t<form class=\"elementor-form\" method=\"post\" name=\"Neue Form\" aria-label=\"Neue Form\">\n\t\t\t<input type=\"hidden\" name=\"post_id\" value=\"5938\"\/>\n\t\t\t<input type=\"hidden\" name=\"form_id\" value=\"f987820\"\/>\n\t\t\t<input type=\"hidden\" name=\"referer_title\" value=\"Kontaktiere uns Wir sind f\u00fcr Sie da und warten auf Sie! | Army-Case\" \/>\n\n\t\t\t\t\t\t\t<input type=\"hidden\" name=\"queried_id\" value=\"5938\"\/>\n\t\t\t\n\t\t\t<div class=\"elementor-form-fields-wrapper elementor-labels-above\">\n\t\t\t\t\t\t\t\t<div class=\"elementor-field-type-text elementor-field-group elementor-column elementor-field-group-name elementor-col-100\">\n\t\t\t\t\t\t\t\t\t\t\t\t<label for=\"form-field-name\" class=\"elementor-field-label\">\n\t\t\t\t\t\t\t\tName\t\t\t\t\t\t\t<\/label>\n\t\t\t\t\t\t\t\t\t\t\t\t\t\t<input size=\"1\" type=\"text\" name=\"form_fields[name]\" id=\"form-field-name\" class=\"elementor-field elementor-size-sm  elementor-field-textual\">\n\t\t\t\t\t\t\t\t\t\t\t<\/div>\n\t\t\t\t\t\t\t\t<div class=\"elementor-field-type-email elementor-field-group elementor-column elementor-field-group-email elementor-col-100 elementor-field-required\">\n\t\t\t\t\t\t\t\t\t\t\t\t<label for=\"form-field-email\" class=\"elementor-field-label\">\n\t\t\t\t\t\t\t\tE-Mail\t\t\t\t\t\t\t<\/label>\n\t\t\t\t\t\t\t\t\t\t\t\t\t\t<input size=\"1\" type=\"email\" name=\"form_fields[email]\" id=\"form-field-email\" class=\"elementor-field elementor-size-sm  elementor-field-textual\" required=\"required\">\n\t\t\t\t\t\t\t\t\t\t\t<\/div>\n\t\t\t\t\t\t\t\t<div class=\"elementor-field-type-textarea elementor-field-group elementor-column elementor-field-group-message elementor-col-100\">\n\t\t\t\t\t\t\t\t\t\t\t\t<label for=\"form-field-message\" class=\"elementor-field-label\">\n\t\t\t\t\t\t\t\tNachricht\t\t\t\t\t\t\t<\/label>\n\t\t\t\t\t\t<textarea class=\"elementor-field-textual elementor-field  elementor-size-sm\" name=\"form_fields[message]\" id=\"form-field-message\" rows=\"4\"><\/textarea>\t\t\t\t<\/div>\n\t\t\t\t\t\t\t\t<div class=\"elementor-field-type-number elementor-field-group elementor-column elementor-field-group-field_30aa0d8 elementor-col-100 elementor-field-required\">\n\t\t\t\t\t\t\t\t\t\t\t\t<label for=\"form-field-field_30aa0d8\" class=\"elementor-field-label\">\n\t\t\t\t\t\t\t\t4 * 3 = ?\t\t\t\t\t\t\t<\/label>\n\t\t\t\t\t\t\t\t\t<input type=\"number\" name=\"form_fields[field_30aa0d8]\" id=\"form-field-field_30aa0d8\" class=\"elementor-field elementor-size-sm  elementor-field-textual\" required=\"required\" min=\"12\" max=\"12\" >\n\t\t\t\t\t\t<\/div>\n\t\t\t\t\t\t\t\t<div class=\"elementor-field-type-recaptcha elementor-field-group elementor-column elementor-field-group-field_e29267d elementor-col-100\">\n\t\t\t\t\t<div class=\"elementor-field\" id=\"form-field-field_e29267d\"><div class=\"elementor-g-recaptcha\" data-sitekey=\"6Le5t0MrAAAAAAHehL97zzv6SEE9SRWEXjd5bqlm\" data-type=\"v2_checkbox\" data-theme=\"light\" data-size=\"normal\"><\/div><\/div>\t\t\t\t<\/div>\n\t\t\t\t\t\t\t\t<div class=\"elementor-field-type-acceptance elementor-field-group elementor-column elementor-field-group-field_6e5e0f6 elementor-col-100 elementor-field-required\">\n\t\t\t\t\t\t\t<div class=\"elementor-field-subgroup\">\n\t\t\t<span class=\"elementor-field-option\">\n\t\t\t\t<input type=\"checkbox\" name=\"form_fields[field_6e5e0f6]\" id=\"form-field-field_6e5e0f6\" class=\"elementor-field elementor-size-sm  elementor-acceptance-field\" required=\"required\">\n\t\t\t\t<label for=\"form-field-field_6e5e0f6\">Ich willige in die Verarbeitung meiner personenbezogenen Daten ein, um Marketinginhalte an meine oben im Kontaktformular angegebene E-Mail-Adresse oder Telefonnummer zu senden.<\/label>\t\t\t<\/span>\n\t\t<\/div>\n\t\t\t\t\t\t<\/div>\n\t\t\t\t\t\t\t\t<div class=\"elementor-field-group elementor-column elementor-field-type-submit elementor-col-100 e-form__buttons\">\n\t\t\t\t\t<button class=\"elementor-button elementor-size-sm\" type=\"submit\">\n\t\t\t\t\t\t<span class=\"elementor-button-content-wrapper\">\n\t\t\t\t\t\t\t\t\t\t\t\t\t\t\t\t\t\t\t\t\t\t<span class=\"elementor-button-text\">Send<\/span>\n\t\t\t\t\t\t\t\t\t\t\t\t\t<\/span>\n\t\t\t\t\t<\/button>\n\t\t\t\t<\/div>\n\t\t\t<\/div>\n\t\t<\/form>\n\t\t\t\t\t\t<\/div>\n\t\t\t\t<\/div>\n\t\t\t\t\t<\/div>\n\t\t<\/div>\n\t\t\t\t\t<\/div>\n\t\t<\/section>\n\t\t\t\t\t<\/div>\n\t\t<\/div>\n\t\t\t\t\t<\/div>\n\t\t<\/section>\n\t\t\t\t<section class=\"elementor-section elementor-top-section elementor-element elementor-element-5e5e4005 elementor-section-full_width elementor-section-height-default elementor-section-height-default\" data-id=\"5e5e4005\" data-element_type=\"section\" data-e-type=\"section\">\n\t\t\t\t\t\t<div class=\"elementor-container elementor-column-gap-no\">\n\t\t\t\t\t<div class=\"elementor-column elementor-col-100 elementor-top-column elementor-element elementor-element-11571ee2\" data-id=\"11571ee2\" data-element_type=\"column\" data-e-type=\"column\">\n\t\t\t<div class=\"elementor-widget-wrap elementor-element-populated\">\n\t\t\t\t\t\t<div class=\"elementor-element elementor-element-351ccc3f elementor-widget-divider--view-line_icon elementor-view-default elementor-widget-divider--element-align-center elementor-widget elementor-widget-divider\" data-id=\"351ccc3f\" data-element_type=\"widget\" data-e-type=\"widget\" data-widget_type=\"divider.default\">\n\t\t\t\t<div class=\"elementor-widget-container\">\n\t\t\t\t\t\t\t<div class=\"elementor-divider\">\n\t\t\t<span class=\"elementor-divider-separator\">\n\t\t\t\t\t\t\t<div class=\"elementor-icon elementor-divider__element\">\n\t\t\t\t\t<i aria-hidden=\"true\" class=\"icon dticon-bicycle-outline\"><\/i><\/div>\n\t\t\t\t\t\t<\/span>\n\t\t<\/div>\n\t\t\t\t\t\t<\/div>\n\t\t\t\t<\/div>\n\t\t\t\t\t<\/div>\n\t\t<\/div>\n\t\t\t\t\t<\/div>\n\t\t<\/section>\n\t\t\t\t<\/div>\n\t\t","protected":false},"excerpt":{"rendered":"<p>Kontaktiere uns Wir versuchen st\u00e4ndig, unsere Produkte zu verbessern, wenn Sie also Einblicke haben, z\u00f6gern Sie bitte nicht, uns zu kontaktieren! Wir freuen uns sehr \u00fcber jedes Feedback, das wir erhalten. Sie k\u00f6nnen uns eine E-Mail an support@army-case.com senden oder das Kontaktformular verwenden.<\/p>\n","protected":false},"author":1,"featured_media":0,"parent":0,"menu_order":0,"comment_status":"closed","ping_status":"closed","template":"","meta":{"footnotes":""},"class_list":["post-5938","page","type-page","status-publish","hentry"],"yoast_head":"<!-- This site is optimized with the Yoast SEO plugin v27.3 - https:\/\/yoast.com\/product\/yoast-seo-wordpress\/ -->\n<title>Kontaktiere uns Wir sind f\u00fcr Sie da und warten auf Sie! | Army-Case<\/title>\n<meta name=\"description\" content=\"M\u00f6chten Sie mehr \u00fcber unsere Marke oder unsere Produkte erfahren? Kontaktieren Sie uns so schnell wie m\u00f6glich, wir werden Ihnen sicher antworten! Senden Sie uns ein Kontaktformular oder eine E-Mail!\" \/>\n<meta name=\"robots\" content=\"index, follow, max-snippet:-1, max-image-preview:large, max-video-preview:-1\" \/>\n<link rel=\"canonical\" href=\"https:\/\/shop.army-case.com\/de\/kontaktiere-uns\/\" \/>\n<meta property=\"og:locale\" content=\"de_DE\" \/>\n<meta property=\"og:type\" content=\"article\" \/>\n<meta property=\"og:title\" content=\"Kontaktiere uns Wir sind f\u00fcr Sie da und warten auf Sie! | Army-Case\" \/>\n<meta property=\"og:description\" content=\"M\u00f6chten Sie mehr \u00fcber unsere Marke oder unsere Produkte erfahren? Kontaktieren Sie uns so schnell wie m\u00f6glich, wir werden Ihnen sicher antworten! Senden Sie uns ein Kontaktformular oder eine E-Mail!\" \/>\n<meta property=\"og:url\" content=\"https:\/\/shop.army-case.com\/de\/kontaktiere-uns\/\" \/>\n<meta property=\"og:site_name\" content=\"A-Case\" \/>\n<meta property=\"article:publisher\" content=\"https:\/\/www.facebook.com\/armycase\/\" \/>\n<meta property=\"article:modified_time\" content=\"2025-08-12T08:28:02+00:00\" \/>\n<meta name=\"twitter:card\" content=\"summary_large_image\" \/>\n<meta name=\"twitter:label1\" content=\"Gesch\u00e4tzte Lesezeit\" \/>\n\t<meta name=\"twitter:data1\" content=\"1\u00a0Minute\" \/>\n<script type=\"application\/ld+json\" class=\"yoast-schema-graph\">{\"@context\":\"https:\\\/\\\/schema.org\",\"@graph\":[{\"@type\":\"WebPage\",\"@id\":\"https:\\\/\\\/shop.army-case.com\\\/de\\\/kontaktiere-uns\\\/\",\"url\":\"https:\\\/\\\/shop.army-case.com\\\/de\\\/kontaktiere-uns\\\/\",\"name\":\"Kontaktiere uns Wir sind f\u00fcr Sie da und warten auf Sie! | Army-Case\",\"isPartOf\":{\"@id\":\"https:\\\/\\\/shop.army-case.com\\\/de\\\/#website\"},\"datePublished\":\"2020-09-09T08:50:14+00:00\",\"dateModified\":\"2025-08-12T08:28:02+00:00\",\"description\":\"M\u00f6chten Sie mehr \u00fcber unsere Marke oder unsere Produkte erfahren? Kontaktieren Sie uns so schnell wie m\u00f6glich, wir werden Ihnen sicher antworten! Senden Sie uns ein Kontaktformular oder eine E-Mail!\",\"breadcrumb\":{\"@id\":\"https:\\\/\\\/shop.army-case.com\\\/de\\\/kontaktiere-uns\\\/#breadcrumb\"},\"inLanguage\":\"de\",\"potentialAction\":[{\"@type\":\"ReadAction\",\"target\":[\"https:\\\/\\\/shop.army-case.com\\\/de\\\/kontaktiere-uns\\\/\"]}]},{\"@type\":\"BreadcrumbList\",\"@id\":\"https:\\\/\\\/shop.army-case.com\\\/de\\\/kontaktiere-uns\\\/#breadcrumb\",\"itemListElement\":[{\"@type\":\"ListItem\",\"position\":1,\"name\":\"Home\",\"item\":\"https:\\\/\\\/shop.army-case.com\\\/de\\\/\"},{\"@type\":\"ListItem\",\"position\":2,\"name\":\"Kontaktiere uns\"}]},{\"@type\":\"WebSite\",\"@id\":\"https:\\\/\\\/shop.army-case.com\\\/de\\\/#website\",\"url\":\"https:\\\/\\\/shop.army-case.com\\\/de\\\/\",\"name\":\"A-Case\",\"description\":\"A-Case for your miniatures\",\"potentialAction\":[{\"@type\":\"SearchAction\",\"target\":{\"@type\":\"EntryPoint\",\"urlTemplate\":\"https:\\\/\\\/shop.army-case.com\\\/de\\\/?s={search_term_string}\"},\"query-input\":{\"@type\":\"PropertyValueSpecification\",\"valueRequired\":true,\"valueName\":\"search_term_string\"}}],\"inLanguage\":\"de\"}]}<\/script>\n<!-- \/ Yoast SEO plugin. -->","yoast_head_json":{"title":"Kontaktiere uns Wir sind f\u00fcr Sie da und warten auf Sie! | Army-Case","description":"M\u00f6chten Sie mehr \u00fcber unsere Marke oder unsere Produkte erfahren? Kontaktieren Sie uns so schnell wie m\u00f6glich, wir werden Ihnen sicher antworten! Senden Sie uns ein Kontaktformular oder eine E-Mail!","robots":{"index":"index","follow":"follow","max-snippet":"max-snippet:-1","max-image-preview":"max-image-preview:large","max-video-preview":"max-video-preview:-1"},"canonical":"https:\/\/shop.army-case.com\/de\/kontaktiere-uns\/","og_locale":"de_DE","og_type":"article","og_title":"Kontaktiere uns Wir sind f\u00fcr Sie da und warten auf Sie! | Army-Case","og_description":"M\u00f6chten Sie mehr \u00fcber unsere Marke oder unsere Produkte erfahren? Kontaktieren Sie uns so schnell wie m\u00f6glich, wir werden Ihnen sicher antworten! Senden Sie uns ein Kontaktformular oder eine E-Mail!","og_url":"https:\/\/shop.army-case.com\/de\/kontaktiere-uns\/","og_site_name":"A-Case","article_publisher":"https:\/\/www.facebook.com\/armycase\/","article_modified_time":"2025-08-12T08:28:02+00:00","twitter_card":"summary_large_image","twitter_misc":{"Gesch\u00e4tzte Lesezeit":"1\u00a0Minute"},"schema":{"@context":"https:\/\/schema.org","@graph":[{"@type":"WebPage","@id":"https:\/\/shop.army-case.com\/de\/kontaktiere-uns\/","url":"https:\/\/shop.army-case.com\/de\/kontaktiere-uns\/","name":"Kontaktiere uns Wir sind f\u00fcr Sie da und warten auf Sie! | Army-Case","isPartOf":{"@id":"https:\/\/shop.army-case.com\/de\/#website"},"datePublished":"2020-09-09T08:50:14+00:00","dateModified":"2025-08-12T08:28:02+00:00","description":"M\u00f6chten Sie mehr \u00fcber unsere Marke oder unsere Produkte erfahren? Kontaktieren Sie uns so schnell wie m\u00f6glich, wir werden Ihnen sicher antworten! Senden Sie uns ein Kontaktformular oder eine E-Mail!","breadcrumb":{"@id":"https:\/\/shop.army-case.com\/de\/kontaktiere-uns\/#breadcrumb"},"inLanguage":"de","potentialAction":[{"@type":"ReadAction","target":["https:\/\/shop.army-case.com\/de\/kontaktiere-uns\/"]}]},{"@type":"BreadcrumbList","@id":"https:\/\/shop.army-case.com\/de\/kontaktiere-uns\/#breadcrumb","itemListElement":[{"@type":"ListItem","position":1,"name":"Home","item":"https:\/\/shop.army-case.com\/de\/"},{"@type":"ListItem","position":2,"name":"Kontaktiere uns"}]},{"@type":"WebSite","@id":"https:\/\/shop.army-case.com\/de\/#website","url":"https:\/\/shop.army-case.com\/de\/","name":"A-Case","description":"A-Case for your miniatures","potentialAction":[{"@type":"SearchAction","target":{"@type":"EntryPoint","urlTemplate":"https:\/\/shop.army-case.com\/de\/?s={search_term_string}"},"query-input":{"@type":"PropertyValueSpecification","valueRequired":true,"valueName":"search_term_string"}}],"inLanguage":"de"}]}},"_links":{"self":[{"href":"https:\/\/shop.army-case.com\/de\/wp-json\/wp\/v2\/pages\/5938","targetHints":{"allow":["GET"]}}],"collection":[{"href":"https:\/\/shop.army-case.com\/de\/wp-json\/wp\/v2\/pages"}],"about":[{"href":"https:\/\/shop.army-case.com\/de\/wp-json\/wp\/v2\/types\/page"}],"author":[{"embeddable":true,"href":"https:\/\/shop.army-case.com\/de\/wp-json\/wp\/v2\/users\/1"}],"replies":[{"embeddable":true,"href":"https:\/\/shop.army-case.com\/de\/wp-json\/wp\/v2\/comments?post=5938"}],"version-history":[{"count":0,"href":"https:\/\/shop.army-case.com\/de\/wp-json\/wp\/v2\/pages\/5938\/revisions"}],"wp:attachment":[{"href":"https:\/\/shop.army-case.com\/de\/wp-json\/wp\/v2\/media?parent=5938"}],"curies":[{"name":"wp","href":"https:\/\/api.w.org\/{rel}","templated":true}]}}